{"id":1409,"date":"2023-10-13T23:06:07","date_gmt":"2023-10-13T21:06:07","guid":{"rendered":"http:\/\/xdiag.org\/?post_type=product&#038;p=1409"},"modified":"2025-09-28T11:10:11","modified_gmt":"2025-09-28T09:10:11","slug":"launch-x431-bst360-bluetooth-battery-tester","status":"publish","type":"product","link":"https:\/\/xdiag.org\/cs\/product\/launch-x431-bst360-bluetooth-battery-tester\/","title":{"rendered":"Bluetooth tester bateri\u00ed Launch X431 BST360 \u2013 kompatibiln\u00ed se v\u0161emi za\u0159\u00edzen\u00edmi Launch a Xdiag"},"content":{"rendered":"<h1 data-start=\"168\" data-end=\"227\">Xdiag BST360 \u2013 Profesion\u00e1ln\u00ed Bluetooth tester bateri\u00ed<\/h1>\n<p data-start=\"229\" data-end=\"571\">Xdiag BST360 je profesion\u00e1ln\u00ed n\u00e1stroj pro diagnostiku bateri\u00ed, navr\u017een\u00fd pro p\u0159esn\u00e9 testov\u00e1n\u00ed a anal\u00fdzu automobilov\u00fdch bateri\u00ed 6V a 12V. Je kompaktn\u00ed, bezdr\u00e1tov\u00fd a snadno pou\u017eiteln\u00fd, p\u0159ipojuje se p\u0159es Bluetooth k za\u0159\u00edzen\u00edm Android a iOS nebo p\u0159\u00edmo k tablet\u016fm Xdiag a poskytuje technik\u016fm rychl\u00fd a spolehliv\u00fd zp\u016fsob vyhodnocen\u00ed bateriov\u00fdch a nab\u00edjec\u00edch syst\u00e9m\u016f.<\/p>\n<h2 data-start=\"573\" data-end=\"603\">Testy baterie a syst\u00e9mu<\/h2>\n<p data-start=\"604\" data-end=\"1100\">\ud83d\udd34 Test stavu baterie \u2013 Kontrola studen\u00e9ho startovac\u00edho proudu (CCA), stavu zdrav\u00ed (SOH), stavu nabit\u00ed (SOC) a celkov\u00e9ho stavu baterie<br data-start=\"736\" data-end=\"739\" \/>\ud83d\udd34 Test inteligentn\u00edho startovac\u00edho syst\u00e9mu \u2013 Anal\u00fdza nap\u011bt\u00ed a proudu start\u00e9ru pro zaji\u0161t\u011bn\u00ed spolehliv\u00e9ho startu motoru<br data-start=\"842\" data-end=\"845\" \/>\ud83d\udd34 Test stavu nab\u00edjen\u00ed \u2013 Vyhodnocen\u00ed v\u00fdstupu altern\u00e1toru, stavu usm\u011br\u0148ovac\u00ed diody, nab\u00edjec\u00edho proudu a nap\u011bt\u00ed pro p\u0159esn\u00e9 posouzen\u00ed nab\u00edjec\u00edho syst\u00e9mu<br data-start=\"992\" data-end=\"995\" \/>\ud83d\udd34 Test vybit\u00fdch bateri\u00ed \u2013 Testov\u00e1n\u00ed slab\u00fdch nebo t\u00e9m\u011b\u0159 vybit\u00fdch bateri\u00ed bez nutnosti pln\u00e9ho dobit\u00ed<\/p>\n<h2 data-start=\"1102\" data-end=\"1122\">Kl\u00ed\u010dov\u00e9 vlastnosti<\/h2>\n<p data-start=\"1123\" data-end=\"1773\">\u2705 Bluetooth Connectivity \u2013 Automatic wireless connection with smartphones and Xdiag diagnostic tablets<br data-start=\"1225\" data-end=\"1228\" \/>\u2705 Multi-Battery Standards \u2013 Supports CCA, DIN, IEC, EN, SAE, GB, JIS, BCI and other global standards<br data-start=\"1328\" data-end=\"1331\" \/>\u2705 Universal Battery Types \u2013 Works with Flooded, AGM, GEL, EFP and other lead-acid batteries<br data-start=\"1422\" data-end=\"1425\" \/>\u2705 Fast &amp; Safe \u2013 Generates results in just 3 seconds with no heat, sparks or risk of damage<br data-start=\"1515\" data-end=\"1518\" \/>\u2705 Reverse Polarity Protection \u2013 Keeps both vehicle and tester safe from incorrect connections<br data-start=\"1611\" data-end=\"1614\" \/>\u2705 Detailed Reports \u2013 Automatic report generation with easy Bluetooth sharing<br data-start=\"1690\" data-end=\"1693\" \/>\u2705 Multi-Language Support \u2013 Perfect for international workshops and technicians<\/p>\n<h2 data-start=\"1775\" data-end=\"1807\">Technick\u00e9 specifikace<\/h2>\n<p data-start=\"1808\" data-end=\"2145\" class=\" translation-block\">Voltage Range: 6V\u201316V<br data-start=\"1829\" data-end=\"1832\">\nSupported Batteries: Olov\u011bn\u00e9 baterie 6V \/ 12V (klasick\u00e9, GEL, AGM, EFP)<br data-start=\"1896\" data-end=\"1899\">\nTest Functions: Test stavu, startovac\u00ed test, test nab\u00edjen\u00ed, detekce zvln\u011bn\u00ed, SOH, SOC<br data-start=\"1979\" data-end=\"1982\">\nConnectivity: Bluetooth (iOS \/ Android \/ tablety Xdiag)<br data-start=\"2037\" data-end=\"2040\">\nSafety: Ochrana proti obr\u00e1cen\u00e9 polarit\u011b, bez jisker, bez tepla<br data-start=\"2094\" data-end=\"2097\">\nSize: Kompaktn\u00ed ru\u010dn\u00ed proveden\u00ed pro p\u0159enosn\u00e9 pou\u017eit\u00ed<\/p>\n<h2 data-start=\"2147\" data-end=\"2173\">\ud83d\udce6 Obsah balen\u00ed<\/h2>\n<p data-start=\"2174\" data-end=\"2251\">\u2714\ufe0f BST360 Battery Tester<br data-start=\"2198\" data-end=\"2201\" \/>\u2714\ufe0f Quick start manual<br data-start=\"2222\" data-end=\"2225\" \/>\u2714\ufe0f Bluetooth setup guide<\/p>\n<p data-start=\"2253\" data-end=\"2478\">\u2705 Stru\u010dn\u011b \u0159e\u010deno, Xdiag BST360 je profesion\u00e1ln\u00ed Bluetooth tester bateri\u00ed, kter\u00fd poskytuje rychlou, bezpe\u010dnou a p\u0159esnou diagnostiku automobilov\u00fdch bateri\u00ed a nab\u00edjec\u00edch syst\u00e9m\u016f, co\u017e z n\u011bj \u010din\u00ed nezbytn\u00fd n\u00e1stroj pro ka\u017edou modern\u00ed d\u00edlnu.<\/p>\n<p>&nbsp;<\/p>\n<p>&nbsp;<\/p>","protected":false},"excerpt":{"rendered":"<p class=\" translation-block\">Launch X431 <strong>BST360 analyz\u00e1tor bateri\u00ed s kle\u0161t\u011bmi<\/strong> je spolehliv\u00fd n\u00e1stroj pro hodnocen\u00ed v\u00fdkonu 12V bateri\u00ed s hodnotou a\u017e 2000CCA. Je navr\u017een jak pro techniky, tak pro mobiln\u00ed u\u017eivatele a zaji\u0161\u0165uje bezpe\u010dn\u00e9 pou\u017eit\u00ed d\u00edky tepeln\u011b odoln\u00fdm vlastnostem a integrovan\u00fdm bezpe\u010dnostn\u00edm mechanism\u016fm, kter\u00e9 minimalizuj\u00ed riziko elektrick\u00fdch jisker p\u0159i diagnostice elektrick\u00fdch syst\u00e9m\u016f.<\/p>\n<p>&nbsp;<\/p>\n<p>&nbsp;<\/p>\n<p>&nbsp;<\/p>","protected":false},"featured_media":5156,"template":"","meta":{"_seopress_robots_primary_cat":"26","_seopress_titles_title":"Battery Performance with Launch X431 Battery Analyzer","_seopress_titles_desc":"The Launch X431 BST360 Battery Test Clip Analyzer offers reliable testing for 12V batteries up to 2000CCA. Built-in safety mechanisms.","_seopress_robots_index":"","_kad_blocks_custom_css":"","_kad_blocks_head_custom_js":"","_kad_blocks_body_custom_js":"","_kad_blocks_footer_custom_js":"","_kad_post_transparent":"default","_kad_post_title":"","_kad_post_layout":"default","_kad_post_sidebar_id":"","_kad_post_content_style":"default","_kad_post_vertical_padding":"default","_kad_post_feature":"","_kad_post_feature_position":"","_kad_post_header":false,"_kad_post_footer":false,"iawp_total_views":168},"product_cat":[26],"product_tag":[],"class_list":{"0":"post-1409","1":"product","2":"type-product","3":"status-publish","4":"has-post-thumbnail","6":"product_cat-xdiag","8":"first","9":"instock","10":"shipping-taxable","11":"purchasable","12":"product-type-simple","13":"entry","14":"content-bg","15":"loop-entry"},"exclude_global_add_ons":[],"addons":[],"taxonomy_info":{"product_cat":[{"value":26,"label":"xdiag"}]},"featured_image_src_large":["https:\/\/xdiag.org\/wp-content\/uploads\/2025\/09\/Xdiag_Launch_BST_360_1.jpg",600,600,false],"author_info":[],"comment_info":"","_links":{"self":[{"href":"https:\/\/xdiag.org\/cs\/wp-json\/wp\/v2\/product\/1409","targetHints":{"allow":["GET"]}}],"collection":[{"href":"https:\/\/xdiag.org\/cs\/wp-json\/wp\/v2\/product"}],"about":[{"href":"https:\/\/xdiag.org\/cs\/wp-json\/wp\/v2\/types\/product"}],"wp:featuredmedia":[{"embeddable":true,"href":"https:\/\/xdiag.org\/cs\/wp-json\/wp\/v2\/media\/5156"}],"wp:attachment":[{"href":"https:\/\/xdiag.org\/cs\/wp-json\/wp\/v2\/media?parent=1409"}],"wp:term":[{"taxonomy":"product_cat","embeddable":true,"href":"https:\/\/xdiag.org\/cs\/wp-json\/wp\/v2\/product_cat?post=1409"},{"taxonomy":"product_tag","embeddable":true,"href":"https:\/\/xdiag.org\/cs\/wp-json\/wp\/v2\/product_tag?post=1409"}],"curies":[{"name":"wp","href":"https:\/\/api.w.org\/{rel}","templated":true}]}}