{"id":3405,"date":"2025-05-07T09:08:34","date_gmt":"2025-05-07T07:08:34","guid":{"rendered":"https:\/\/xdiag.org\/?post_type=product&#038;p=3405"},"modified":"2026-01-09T15:44:48","modified_gmt":"2026-01-09T14:44:48","slug":"hayes-pro-1-year-subscription","status":"publish","type":"product","link":"https:\/\/xdiag.org\/cs\/product\/hayes-pro-1-year-subscription\/","title":{"rendered":"Ro\u010dn\u00ed online p\u0159edplatn\u00e9 Haynes Pro"},"content":{"rendered":"<p>Odemkn\u011bte profesion\u00e1ln\u00ed \u00farove\u0148 automobilov\u00fdch oprav a \u00fadr\u017eby s HaynesPro \u2013 komplexn\u00ed technickou datab\u00e1z\u00ed pro osobn\u00ed vozy, elektromobily, n\u00e1kladn\u00ed vozidla a p\u0159\u00edv\u011bsy. Za cenu 75 \u20ac tento v\u00fdkonn\u00fd n\u00e1stroj vybav\u00ed dom\u00e1c\u00ed kutily, mechaniky i spr\u00e1vce flotil v\u0161\u00edm pot\u0159ebn\u00fdm k efektivn\u00ed a p\u0159esn\u00e9 diagnostice, oprav\u00e1m a \u00fadr\u017eb\u011b vozidel.<\/p>\n<p>Pro\u010d si vybrat HaynesPro?<\/p>\n<p class=\" translation-block\">In-Depth Engine Data: Access detailed engine specifications, including performance metrics, diagnostic trouble codes (DTCs), and maintenance requirements, ensuring precise engine repairs and optimizations.<br>\r\nStep-by-Step Repair Instructions: Follow clear, manufacturer-approved repair guides with detailed procedures for everything from brake systems to tire replacements, making complex repairs manageable for all skill levels.<br>\r\nComprehensive Electrical Schematics: Troubleshoot and resolve electrical issues with ease using high-quality wiring diagrams for engine management, ABS, ESP, air conditioning, and more. Includes component-specific diagrams for rapid diagnostics.<br>\r\nInjector and Fuel System Details: Gain precise data on injector specifications, fuel system diagnostics, and maintenance procedures to keep your vehicle running smoothly.<br>\r\nOEM-Approved Information: Rely on up-to-date, manufacturer-sourced data covering a wide range of vehicle makes and models, including the latest hybrid and electric vehicle (EV) information.<br>\r\nAdditional Features: Benefit from service schedules, torque settings, technical drawings, and adjustment data (e.g., idle speed, NOx emissions). The cloud-based platform ensures accessibility on desktops, tablets, or smartphones, perfect for busy workshops or on-the-go repairs.<br>\r\nTrailer and Axle Information: Unique to HaynesPro, access specialized data for truck-trailer combinations, including axle maintenance and component identification, ensuring complete vehicle coverage.<br>\r\nWho Is It For?<\/p>\n<p>HaynesPro je ur\u010den pro automobilov\u00e9 profesion\u00e1ly, dom\u00e1c\u00ed mechaniky a provozovatele flotil, kte\u0159\u00ed po\u017eaduj\u00ed spolehliv\u00fd a okam\u017eit\u00fd p\u0159\u00edstup k technick\u00fdm \u00fadaj\u016fm. A\u0165 u\u017e prov\u00e1d\u00edte b\u011b\u017enou \u00fadr\u017ebu, diagnostikujete slo\u017eit\u00e9 elektrick\u00e9 z\u00e1vady nebo servisujete t\u011b\u017ek\u00e1 vozidla, HaynesPro cel\u00fd proces zjednodu\u0161uje, \u0161et\u0159\u00ed \u010das a sni\u017euje chybovost.<\/p>\n<p>Pro\u010d to stoj\u00ed za to<\/p>\n<p>D\u00edky pravideln\u00fdm aktualizac\u00edm a u\u017eivatelsky p\u0159\u00edv\u011btiv\u00e9mu rozhran\u00ed nab\u00edz\u00ed HaynesPro nep\u0159ekonatelnou hodnotu za 75 \u20ac. Jeho Vehicle Electronic Smart Assistant (VESA\u2122) zlep\u0161uje diagnostiku t\u00edm, \u017ee v\u00e1s nav\u00e1d\u00ed k p\u0159esn\u00fdm \u0159e\u0161en\u00edm probl\u00e9m\u016f elektronick\u00fdch syst\u00e9m\u016f. Od chybov\u00fdch k\u00f3d\u016f a\u017e po \u010dasy oprav \u2013 tato v\u0161e-v-jednom platforma v\u00e1m umo\u017en\u00ed zvl\u00e1dnout jak\u00fdkoliv \u00fakol s jistotou.<\/p>\n<p>Pozdvihn\u011bte svou \u00farove\u0148 oprav s HaynesPro \u2013 nejlep\u0161\u00edm zdrojem pro \u00fadr\u017ebu osobn\u00edch aut, elektrick\u00fdch vozidel, n\u00e1kladn\u00edch voz\u016f a p\u0159\u00edv\u011bs\u016f.<\/p>\n<p>&nbsp;<\/p>\n<p data-start=\"156\" data-end=\"179\">\u26a0\ufe0f <strong data-start=\"159\" data-end=\"179\">IMPORTANT NOTICE<\/strong><\/p>\n<p data-start=\"181\" data-end=\"354\">Each purchased license is strictly bound to a single device (hardware ID).<br data-start=\"255\" data-end=\"258\" \/>If multiple licenses are purchased, each license must be activated on its own individual device.<\/p>\n<p data-start=\"356\" data-end=\"464\">By completing your purchase, you confirm that you understand and agree to the one-license-per-device policy.<\/p>","protected":false},"excerpt":{"rendered":"<p>HaynesPro pro osobn\u00ed auta, n\u00e1kladn\u00ed vozidla a p\u0159\u00edv\u011bsy \u2013 komplexn\u00ed data pro opravy a \u00fadr\u017ebu.<\/p>\n<ul>\n<li>Specifikace a diagnostika motoru<\/li>\n<li>Postupn\u00e9 (krok za krokem) pokyny k oprav\u011b<\/li>\n<li>Podrobn\u00e9 elektrick\u00e9 sch\u00e9mata<\/li>\n<li>\u00dadaje o vst\u0159ikova\u010d\u00edch a pl\u00e1ny \u00fadr\u017eby<\/li>\n<li>Technick\u00e9 informace schv\u00e1len\u00e9 OEM<\/li>\n<\/ul>","protected":false},"featured_media":5220,"template":"","meta":{"_seopress_robots_primary_cat":"none","_seopress_titles_title":"HaynesPRO 1 year online subscription | XDIAG","_seopress_titles_desc":"HaynesPro: Automotive repair software for passenger cars, electrical cars, trucks, and trailers. Engine diagnostics, wiring diagrams, repair guides..","_seopress_robots_index":"","_kad_blocks_custom_css":"","_kad_blocks_head_custom_js":"","_kad_blocks_body_custom_js":"","_kad_blocks_footer_custom_js":"","_kad_post_transparent":"default","_kad_post_title":"","_kad_post_layout":"default","_kad_post_sidebar_id":"","_kad_post_content_style":"default","_kad_post_vertical_padding":"default","_kad_post_feature":"","_kad_post_feature_position":"","_kad_post_header":false,"_kad_post_footer":false,"iawp_total_views":9091},"product_cat":[22],"product_tag":[],"class_list":{"0":"post-3405","1":"product","2":"type-product","3":"status-publish","4":"has-post-thumbnail","6":"product_cat-subscriptions","8":"first","9":"instock","10":"featured","11":"sold-individually","12":"shipping-taxable","13":"purchasable","14":"product-type-variable","15":"has-default-attributes","16":"entry","17":"content-bg","18":"loop-entry"},"exclude_global_add_ons":[],"addons":[],"taxonomy_info":{"product_cat":[{"value":22,"label":"Xdiag subscriptions"}]},"featured_image_src_large":["https:\/\/xdiag.org\/wp-content\/uploads\/2025\/09\/Xdiag_haynes_1.jpeg",600,600,false],"author_info":[],"comment_info":"","_links":{"self":[{"href":"https:\/\/xdiag.org\/cs\/wp-json\/wp\/v2\/product\/3405","targetHints":{"allow":["GET"]}}],"collection":[{"href":"https:\/\/xdiag.org\/cs\/wp-json\/wp\/v2\/product"}],"about":[{"href":"https:\/\/xdiag.org\/cs\/wp-json\/wp\/v2\/types\/product"}],"wp:featuredmedia":[{"embeddable":true,"href":"https:\/\/xdiag.org\/cs\/wp-json\/wp\/v2\/media\/5220"}],"wp:attachment":[{"href":"https:\/\/xdiag.org\/cs\/wp-json\/wp\/v2\/media?parent=3405"}],"wp:term":[{"taxonomy":"product_cat","embeddable":true,"href":"https:\/\/xdiag.org\/cs\/wp-json\/wp\/v2\/product_cat?post=3405"},{"taxonomy":"product_tag","embeddable":true,"href":"https:\/\/xdiag.org\/cs\/wp-json\/wp\/v2\/product_tag?post=3405"}],"curies":[{"name":"wp","href":"https:\/\/api.w.org\/{rel}","templated":true}]}}