{"id":3682,"date":"2025-08-17T18:12:11","date_gmt":"2025-08-17T16:12:11","guid":{"rendered":"https:\/\/xdiag.org\/?post_type=product&#038;p=3682"},"modified":"2025-09-28T16:59:11","modified_gmt":"2025-09-28T14:59:11","slug":"professional-xdiag-probe-flashing-service","status":"publish","type":"product","link":"https:\/\/xdiag.org\/cs\/product\/professional-xdiag-probe-flashing-service\/","title":{"rendered":"Profesion\u00e1ln\u00ed slu\u017eba flashov\u00e1n\u00ed sondy XDIAG"},"content":{"rendered":"<p data-start=\"291\" data-end=\"546\" class=\" translation-block\">Na\u0161e profesion\u00e1ln\u00ed flashovac\u00ed slu\u017eba naprogramuje va\u0161i diagnostickou sondu (dongle) tak, aby fungovala <strong data-start=\"373\" data-end=\"399\">v\u00fdhradn\u011b s XDIAG<\/strong>. Tento proces zaji\u0161\u0165uje plnou kompatibilitu se syst\u00e9mem a aplikac\u00ed XDIAG a umo\u017e\u0148uje stabiln\u00ed provoz a dlouhodobou podporu.<\/p>\n<h3 data-start=\"548\" data-end=\"586\">Funkce flashov\u00e1n\u00ed a programov\u00e1n\u00ed<\/h3>\n<ul data-start=\"587\" data-end=\"996\">\n<li data-start=\"587\" data-end=\"698\">\n<p data-start=\"589\" data-end=\"698\" class=\" translation-block\"><strong data-start=\"589\" data-end=\"622\">Flash kompatibility XDIAG:<\/strong> P\u0159eprogramov\u00e1n\u00ed sondy pro p\u0159\u00edm\u00fd provoz s ofici\u00e1ln\u00ed platformou XDIAG.<\/p>\n<\/li>\n<li data-start=\"699\" data-end=\"786\">\n<p data-start=\"701\" data-end=\"786\" class=\" translation-block\"><strong data-start=\"701\" data-end=\"723\">Obnova firmwaru:<\/strong> Obnoven\u00ed po\u0161kozen\u00e9ho nebo nefunk\u010dn\u00edho firmwaru pro stabiln\u00ed pou\u017eit\u00ed.<\/p>\n<\/li>\n<li data-start=\"787\" data-end=\"874\">\n<p data-start=\"789\" data-end=\"874\" class=\" translation-block\"><strong data-start=\"789\" data-end=\"816\">Instalace boot souboru:<\/strong> Pou\u017eit\u00ed spr\u00e1vn\u00fdch boot soubor\u016f po\u017eadovan\u00fdch pro aktivaci XDIAG.<\/p>\n<\/li>\n<li data-start=\"875\" data-end=\"996\">\n<p data-start=\"877\" data-end=\"996\" class=\" translation-block\"><strong data-start=\"877\" data-end=\"894\">Odstra\u0148ov\u00e1n\u00ed chyb:<\/strong> \u0158e\u0161en\u00ed ne\u00fasp\u011b\u0161n\u00e9 aktivace, chyb p\u0159ipojen\u00ed nebo nestabiln\u00edho v\u00fdkonu zp\u016fsoben\u00e9ho nespr\u00e1vn\u00fdm firmwarem.<\/p>\n<\/li>\n<\/ul>\n<h3 data-start=\"998\" data-end=\"1027\">V\u00fdhody na\u0161\u00ed slu\u017eby<\/h3>\n<ul data-start=\"1028\" data-end=\"1466\">\n<li data-start=\"1028\" data-end=\"1124\">\n<p data-start=\"1030\" data-end=\"1124\" class=\" translation-block\"><strong data-start=\"1030\" data-end=\"1059\">Zaru\u010den\u00e1 podpora XDIAG:<\/strong> Po flashov\u00e1n\u00ed sonda bezprobl\u00e9mov\u011b funguje s aplikac\u00ed XDIAG.<\/p>\n<\/li>\n<li data-start=\"1125\" data-end=\"1202\">\n<p data-start=\"1127\" data-end=\"1202\" class=\" translation-block\"><strong data-start=\"1127\" data-end=\"1153\">Profesion\u00e1ln\u00ed proveden\u00ed:<\/strong> Bezpe\u010dn\u00e9 flashov\u00e1n\u00ed s ov\u011b\u0159en\u00fdmi n\u00e1stroji a soubory.<\/p>\n<\/li>\n<li data-start=\"1203\" data-end=\"1284\">\n<p data-start=\"1205\" data-end=\"1284\" class=\" translation-block\"><strong data-start=\"1205\" data-end=\"1232\">Nejnov\u011bj\u0161\u00ed stabiln\u00ed firmware:<\/strong> Aktualizov\u00e1no na nejnov\u011bj\u0161\u00ed verzi podporovanou syst\u00e9mem XDIAG.<\/p>\n<\/li>\n<li data-start=\"1285\" data-end=\"1372\">\n<p data-start=\"1287\" data-end=\"1372\" class=\" translation-block\"><strong data-start=\"1287\" data-end=\"1306\">Bezpe\u010dn\u00fd postup:<\/strong> N\u00edzkorizikov\u00fd proces s integrovanou ochranou proti po\u0161kozen\u00ed sondy.<\/p>\n<\/li>\n<li data-start=\"1373\" data-end=\"1466\">\n<p data-start=\"1375\" data-end=\"1466\" class=\" translation-block\"><strong data-start=\"1375\" data-end=\"1395\">Zpr\u00e1va o flashov\u00e1n\u00ed:<\/strong> Potvrzen\u00ed \u00fasp\u011b\u0161n\u00e9ho programov\u00e1n\u00ed a pou\u017eit\u00e9 verze firmwaru.<\/p>\n<\/li>\n<\/ul>\n<h3 data-start=\"1468\" data-end=\"1497\">Pro\u010d si vybrat na\u0161i slu\u017ebu?<\/h3>\n<ul data-start=\"1498\" data-end=\"1670\">\n<li data-start=\"1498\" data-end=\"1563\">\n<p data-start=\"1500\" data-end=\"1563\">Specializovan\u00e9 znalosti sond zalo\u017een\u00fdch na platform\u011b Launch a syst\u00e9mu XDIAG.<\/p>\n<\/li>\n<li data-start=\"1564\" data-end=\"1605\">\n<p data-start=\"1566\" data-end=\"1605\">Fast turnaround and reliable results.<\/p>\n<\/li>\n<li data-start=\"1606\" data-end=\"1670\">\n<p data-start=\"1608\" data-end=\"1670\">Dlouhodob\u00e1 stabilita a zaru\u010den\u00e1 kompatibilita s XDIAG.<\/p>\n<\/li>\n<\/ul>\n<p class=\" translation-block\"><strong data-start=\"164\" data-end=\"190\">D\u016fle\u017eit\u00e9 informace:<\/strong><br data-start=\"190\" data-end=\"193\">Po dokon\u010den\u00ed n\u00e1kupu automaticky obdr\u017e\u00edte e-mail s pokyny a adresou, na kterou je nutn\u00e9 zaslat va\u0161i OBD sondu\/dongle. Jakmile za\u0159\u00edzen\u00ed obdr\u017e\u00edme, provedeme flashov\u00e1n\u00ed tak, aby fungovalo <strong data-start=\"398\" data-end=\"424\">v\u00fdhradn\u011b s XDIAG<\/strong>, a neprodlen\u011b jej za\u0161leme zp\u011bt.<\/p>","protected":false},"excerpt":{"rendered":"<p class=\" translation-block\">Va\u0161i sondu\/dongle p\u0159eprogramujeme tak, aby fungoval <strong data-start=\"278\" data-end=\"304\">v\u00fdhradn\u011b s XDIAG<\/strong>. Slu\u017eba zahrnuje obnovu firmwaru, instalaci boot souboru a plnou kompatibilitu s ofici\u00e1ln\u00ed platformou XDIAG.<\/p>","protected":false},"featured_media":5217,"template":"","meta":{"_seopress_robots_primary_cat":"26","_seopress_titles_title":"Professional XDIAG probe flashing service \u2013 reprogram your dongle to work exclusively with XDIAG","_seopress_titles_desc":"Professional XDIAG probe flashing service \u2013 reprogram your dongle to work exclusively with XDIAG. Secure, reliable, and fully compatible.","_seopress_robots_index":"","_kad_blocks_custom_css":"","_kad_blocks_head_custom_js":"","_kad_blocks_body_custom_js":"","_kad_blocks_footer_custom_js":"","_kad_post_transparent":"default","_kad_post_title":"","_kad_post_layout":"default","_kad_post_sidebar_id":"","_kad_post_content_style":"default","_kad_post_vertical_padding":"default","_kad_post_feature":"","_kad_post_feature_position":"","_kad_post_header":false,"_kad_post_footer":false,"iawp_total_views":516},"product_cat":[26],"product_tag":[],"class_list":{"0":"post-3682","1":"product","2":"type-product","3":"status-publish","4":"has-post-thumbnail","6":"product_cat-xdiag","7":"product_shipping_class-shipping","9":"first","10":"instock","11":"shipping-taxable","12":"purchasable","13":"product-type-simple","14":"entry","15":"content-bg","16":"loop-entry"},"exclude_global_add_ons":[],"addons":[],"taxonomy_info":{"product_cat":[{"value":26,"label":"xdiag"}]},"featured_image_src_large":["https:\/\/xdiag.org\/wp-content\/uploads\/2025\/09\/Xdiag_flash_with_boots.jpeg",600,600,false],"author_info":[],"comment_info":"","_links":{"self":[{"href":"https:\/\/xdiag.org\/cs\/wp-json\/wp\/v2\/product\/3682","targetHints":{"allow":["GET"]}}],"collection":[{"href":"https:\/\/xdiag.org\/cs\/wp-json\/wp\/v2\/product"}],"about":[{"href":"https:\/\/xdiag.org\/cs\/wp-json\/wp\/v2\/types\/product"}],"wp:featuredmedia":[{"embeddable":true,"href":"https:\/\/xdiag.org\/cs\/wp-json\/wp\/v2\/media\/5217"}],"wp:attachment":[{"href":"https:\/\/xdiag.org\/cs\/wp-json\/wp\/v2\/media?parent=3682"}],"wp:term":[{"taxonomy":"product_cat","embeddable":true,"href":"https:\/\/xdiag.org\/cs\/wp-json\/wp\/v2\/product_cat?post=3682"},{"taxonomy":"product_tag","embeddable":true,"href":"https:\/\/xdiag.org\/cs\/wp-json\/wp\/v2\/product_tag?post=3682"}],"curies":[{"name":"wp","href":"https:\/\/api.w.org\/{rel}","templated":true}]}}