{"id":3793,"date":"2025-08-29T19:46:53","date_gmt":"2025-08-29T17:46:53","guid":{"rendered":"https:\/\/xdiag.org\/?post_type=product&#038;p=3793"},"modified":"2025-09-28T10:59:56","modified_gmt":"2025-09-28T08:59:56","slug":"launch-giii-x-prog-3-advanced-immobilizer-key-programmer","status":"publish","type":"product","link":"https:\/\/xdiag.org\/cs\/product\/launch-giii-x-prog-3-advanced-immobilizer-key-programmer\/","title":{"rendered":"Launch GIII X-PROG 3 \u2013 Pokro\u010dil\u00fd program\u00e1tor imobiliz\u00e9ru a kl\u00ed\u010d\u016f"},"content":{"rendered":"<h1 data-start=\"407\" data-end=\"479\">X-PROG 3 GIII \u2013 Pokro\u010dil\u00fd IMMO a program\u00e1tor kl\u00ed\u010d\u016f pro Xdiag &amp; Launch<\/h1>\n<p data-start=\"481\" data-end=\"923\" class=\" translation-block\"><strong data-start=\"485\" data-end=\"502\">X-PROG 3 GIII<\/strong> je nejnov\u011bj\u0161\u00ed a nejpokro\u010dilej\u0161\u00ed za\u0159\u00edzen\u00ed pro programov\u00e1n\u00ed imobiliz\u00e9r\u016f a kl\u00ed\u010d\u016f vyvinut\u00e9 spole\u010dnost\u00ed <strong data-start=\"587\" data-end=\"597\">Launch<\/strong>, pln\u011b kompatibiln\u00ed se <strong data-start=\"621\" data-end=\"639\">Xdiag software<\/strong> a <strong data-start=\"644\" data-end=\"672\">X-431 diagnostic tablets<\/strong> (PRO5, PAD V, PAD VII, V+, PRO3 APEX, PRO3S+ atd.).<br data-start=\"725\" data-end=\"728\">Poskytuje kompletn\u00ed \u0159e\u0161en\u00ed pro <strong data-start=\"764\" data-end=\"848\">u\u010den\u00ed kl\u00ed\u010d\u016f, proti-kr\u00e1de\u017en\u00ed operace, programov\u00e1n\u00ed EEPROM\/MCU a klonov\u00e1n\u00ed ECU\/TCU<\/strong>, co\u017e z n\u011bj \u010din\u00ed nezbytn\u00fd n\u00e1stroj pro ka\u017ed\u00fd profesion\u00e1ln\u00ed autoservis.<\/p>\n<h2 data-start=\"930\" data-end=\"972\">\ud83d\udea9 Co m\u016f\u017eete d\u011blat s X-PROG 3 GIII<\/h2>\n<p data-start=\"974\" data-end=\"1618\">\ud83d\udd34 <strong data-start=\"977\" data-end=\"996\">Programov\u00e1n\u00ed kl\u00ed\u010d\u016f<\/strong> \u2013 \u010cten\u00ed, z\u00e1pis a p\u00e1rov\u00e1n\u00ed \u010dipov\u00fdch kl\u00ed\u010d\u016f, chytr\u00fdch kl\u00ed\u010d\u016f, d\u00e1lkov\u00fdch kl\u00ed\u010d\u016f a infra\u010derven\u00fdch kl\u00ed\u010d\u016f (nap\u0159. Mercedes-Benz).<br data-start=\"1097\" data-end=\"1100\" \/>\ud83d\udd34 <strong data-start=\"1103\" data-end=\"1127\">Funkce proti kr\u00e1de\u017ei<\/strong> \u2013 Identifikace typu imobiliz\u00e9ru, \u010dten\u00ed PIN a bezpe\u010dnostn\u00edch k\u00f3d\u016f, resetov\u00e1n\u00ed a v\u00fdm\u011bna modul\u016f IMMO\/ECU.<br data-start=\"1219\" data-end=\"1222\" \/>\ud83d\udd34 <strong data-start=\"1225\" data-end=\"1247\">Operace ECU\/TCU<\/strong> \u2013 Klonov\u00e1n\u00ed nebo v\u00fdm\u011bna \u0159\u00eddic\u00edch jednotek motoru a p\u0159evodovky (VW\/Audi MQB, BMW ISN, Mercedes, Toyota atd.) bez demont\u00e1\u017ee.<br data-start=\"1367\" data-end=\"1370\" \/>\ud83d\udd34 <strong data-start=\"1373\" data-end=\"1397\">Podpora EEPROM a MCU<\/strong> \u2013 P\u0159\u00edm\u00e9 \u010dten\u00ed\/z\u00e1pis EEPROM a MCU \u010dip\u016f pro pokro\u010dil\u00e9 opravy a operace na \u00farovni \u010dip\u016f.<br data-start=\"1487\" data-end=\"1490\" \/>\ud83d\udd34 <strong data-start=\"1493\" data-end=\"1515\">\u0160irok\u00e1 kompatibilita<\/strong> \u2013 Pokr\u00fdv\u00e1 VW, Audi, \u0160koda, Seat, BMW, Mercedes-Benz, Toyota, Porsche, Renault, Nissan a mnoho dal\u0161\u00edch.<\/p>\n<h2 data-start=\"1625\" data-end=\"1647\">\ud83c\udf1f Kl\u00ed\u010dov\u00e9 vlastnosti<\/h2>\n<p data-start=\"1649\" data-end=\"2352\">\ud83d\udd34 <strong data-start=\"1652\" data-end=\"1671\">N\u00e1stroj v\u0161e v jednom<\/strong> \u2013 Kombinuje imobiliz\u00e9r, programov\u00e1n\u00ed kl\u00ed\u010d\u016f, klonov\u00e1n\u00ed ECU\/TCU a podporu EEPROM\/MCU v jednom za\u0159\u00edzen\u00ed.<br data-start=\"1767\" data-end=\"1770\" \/>\ud83d\udd34 <strong data-start=\"1773\" data-end=\"1788\">Plug &amp; Play<\/strong> \u2013 Funguje p\u0159\u00edmo s <strong data-start=\"1811\" data-end=\"1853\">Za\u0159\u00edzen\u00ed Xdiag a tablety Launch X-431<\/strong> prost\u0159ednictv\u00edm DBScar V nebo Smartlink.<br data-start=\"1880\" data-end=\"1883\" \/>\ud83d\udd34 <strong data-start=\"1886\" data-end=\"1909\">Rozhran\u00ed Red Arrow<\/strong> \u2013 P\u0159ehledn\u00e9, krok za krokem veden\u00e9 funkce pro jednodu\u0161\u0161\u00ed pracovn\u00ed postup.<br data-start=\"1968\" data-end=\"1971\" \/>\ud83d\udd34 <strong data-start=\"1974\" data-end=\"1995\">P\u0159\u00edstup na \u00farovni \u010dipu<\/strong> \u2013 \u010cten\u00ed a z\u00e1pis EEPROM\/MCU pro opravy na hlub\u0161\u00ed \u00farovni.<br data-start=\"2045\" data-end=\"2048\" \/>\ud83d\udd34 <strong data-start=\"2051\" data-end=\"2081\">Nedestruktivn\u00ed operace<\/strong> \u2013 Pr\u00e1ce s daty ECU\/TCU bez otev\u00edr\u00e1n\u00ed nebo po\u0161kozen\u00ed jednotek.<br data-start=\"2140\" data-end=\"2143\" \/>\ud83d\udd34 <strong data-start=\"2146\" data-end=\"2166\">Pravideln\u00e9 aktualizace<\/strong> \u2013 Pravideln\u00e9 aktualizace softwaru roz\u0161i\u0159uj\u00ed podporovan\u00e9 modely a bezpe\u010dnostn\u00ed syst\u00e9my.<br data-start=\"2239\" data-end=\"2242\" \/>\ud83d\udd34 <strong data-start=\"2245\" data-end=\"2264\">Optimalizov\u00e1no pro Xdiag<\/strong> \u2013 Pln\u011b nahran\u00fd a p\u0159edkonfigurovan\u00fd pro bezprobl\u00e9movou spolupr\u00e1ci s <strong data-start=\"2324\" data-end=\"2349\">Xdiag software &amp; apps<\/strong>.<\/p>\n<h2 data-start=\"2359\" data-end=\"2385\">\ud83d\udccb Funkce \ud83d\udccc Podrobnosti<\/h2>\n<div class=\"_tableContainer_1rjym_1\">\n<div class=\"group _tableWrapper_1rjym_13 flex w-fit flex-col-reverse\" tabindex=\"-1\">\n<table class=\"w-fit min-w-(--thread-content-width)\" data-start=\"2387\" data-end=\"3304\">\n<thead data-start=\"2387\" data-end=\"2427\">\n<tr data-start=\"2387\" data-end=\"2427\">\n<th data-start=\"2387\" data-end=\"2412\" data-col-size=\"sm\"><strong data-start=\"2389\" data-end=\"2400\">Funkce<\/strong><\/th>\n<th data-start=\"2412\" data-end=\"2427\" data-col-size=\"lg\"><strong data-start=\"2414\" data-end=\"2425\">Podrobnosti<\/strong><\/th>\n<\/tr>\n<\/thead>\n<tbody data-start=\"2470\" data-end=\"3304\">\n<tr data-start=\"2470\" data-end=\"2657\">\n<td data-start=\"2470\" data-end=\"2496\" data-col-size=\"sm\"><strong data-start=\"2472\" data-end=\"2495\">Podporovan\u00e9 funkce<\/strong><\/td>\n<td data-start=\"2496\" data-end=\"2657\" data-col-size=\"lg\">Programov\u00e1n\u00ed kl\u00ed\u010d\u016f, u\u010den\u00ed chytr\u00fdch kl\u00ed\u010d\u016f, p\u00e1rov\u00e1n\u00ed d\u00e1lkov\u00fdch ovlada\u010d\u016f, programov\u00e1n\u00ed infra\u010derven\u00fdch kl\u00ed\u010d\u016f, \u010dten\u00ed PIN\/proti-kr\u00e1de\u017en\u00edch k\u00f3d\u016f, klonov\u00e1n\u00ed ECU\/TCU, \u010dten\u00ed a z\u00e1pis EEPROM\/MCU<\/td>\n<\/tr>\n<tr data-start=\"2658\" data-end=\"2800\">\n<td data-start=\"2658\" data-end=\"2684\" data-col-size=\"sm\"><strong data-start=\"2660\" data-end=\"2679\">Podporovan\u00e9 \u010dipy<\/strong><\/td>\n<td data-start=\"2684\" data-end=\"2800\" data-col-size=\"lg\">EEPROM, MCU, ECU motoru\/p\u0159evodovky, IMMO \u010dipy (CAS4+, FEM\/BDC, platforma MQB, Mercedes IR keys, BMW ISN atd.)<\/td>\n<\/tr>\n<tr data-start=\"2801\" data-end=\"2856\">\n<td data-start=\"2801\" data-end=\"2827\" data-col-size=\"sm\"><strong data-start=\"2803\" data-end=\"2816\">Protokoly<\/strong><\/td>\n<td data-start=\"2827\" data-end=\"2856\" data-col-size=\"lg\">CAN, CAN FD, DOIP, K-Line<\/td>\n<\/tr>\n<tr data-start=\"2857\" data-end=\"3012\">\n<td data-start=\"2857\" data-end=\"2883\" data-col-size=\"sm\"><strong data-start=\"2859\" data-end=\"2873\">P\u0159ipojen\u00ed<\/strong><\/td>\n<td data-start=\"2883\" data-end=\"3012\" data-col-size=\"lg\" class=\" translation-block\">Funguje s <strong data-start=\"2896\" data-end=\"2914\">Xdiag software<\/strong> a <strong data-start=\"2917\" data-end=\"2941\">Launch X-431 tablets<\/strong> (PRO5, PAD V, PAD VII, V+, PRO3 APEX, PRO3S+) prost\u0159ednictv\u00edm DBScar V\/Smartlink<\/td>\n<\/tr>\n<tr data-start=\"3013\" data-end=\"3146\">\n<td data-start=\"3013\" data-end=\"3039\" data-col-size=\"sm\"><strong data-start=\"3015\" data-end=\"3035\">Pokryt\u00ed vozidel<\/strong><\/td>\n<td data-start=\"3039\" data-end=\"3146\" data-col-size=\"lg\">VW, Audi, \u0160koda, Seat, BMW, Mercedes-Benz, Toyota, Porsche, Renault, Nissan a mnoho dal\u0161\u00edch glob\u00e1ln\u00edch zna\u010dek<\/td>\n<\/tr>\n<tr data-start=\"3147\" data-end=\"3218\">\n<td data-start=\"3147\" data-end=\"3173\" data-col-size=\"sm\"><strong data-start=\"3149\" data-end=\"3165\">Nap\u00e1jen\u00ed<\/strong><\/td>\n<td data-start=\"3173\" data-end=\"3218\" data-col-size=\"lg\">DC 12V (prost\u0159ednictv\u00edm p\u0159ipojen\u00ed diagnostick\u00e9ho za\u0159\u00edzen\u00ed)<\/td>\n<\/tr>\n<tr data-start=\"3219\" data-end=\"3266\">\n<td data-start=\"3219\" data-end=\"3245\" data-col-size=\"sm\"><strong data-start=\"3221\" data-end=\"3235\">Rozm\u011bry<\/strong><\/td>\n<td data-start=\"3245\" data-end=\"3266\" data-col-size=\"lg\">200 \u00d7 160 \u00d7 55 mm<\/td>\n<\/tr>\n<tr data-start=\"3267\" data-end=\"3304\">\n<td data-start=\"3267\" data-end=\"3293\" data-col-size=\"sm\"><strong data-start=\"3269\" data-end=\"3279\">Hmotnost<\/strong><\/td>\n<td data-start=\"3293\" data-end=\"3304\" data-col-size=\"lg\">~1.2 kg<\/td>\n<\/tr>\n<\/tbody>\n<\/table>\n<\/div>\n<\/div>\n<h2 data-start=\"3311\" data-end=\"3353\">Pro\u010d si vybrat X-PROG 3 GIII pro Xdiag?<\/h2>\n<p data-start=\"3355\" data-end=\"3697\">\u2714\ufe0f Specifically <strong data-start=\"3371\" data-end=\"3406\">flashed for Xdiag compatibility<\/strong>.<br data-start=\"3407\" data-end=\"3410\" \/>\u2714\ufe0f Designed for both <strong data-start=\"3431\" data-end=\"3472\">independent workshops and dealerships<\/strong>.<br data-start=\"3473\" data-end=\"3476\" \/>\u2714\ufe0f Saves time and reduces costs by enabling <strong data-start=\"3520\" data-end=\"3552\">non-destructive ECU\/TCU work<\/strong>.<br data-start=\"3553\" data-end=\"3556\" \/>\u2714\ufe0f Offers <strong data-start=\"3566\" data-end=\"3595\">constant software updates<\/strong> for future-proof support.<br data-start=\"3621\" data-end=\"3624\" \/>\u2714\ufe0f Red-themed design and UI matches <strong data-start=\"3660\" data-end=\"3694\">Xdiag\u2019s professional ecosystem<\/strong>.<\/p>\n<p data-start=\"3704\" data-end=\"3890\">\ud83d\udc49 Ideal for locksmiths, ECU programmers, tuning specialists, and all diagnostic professionals who need <strong data-start=\"3808\" data-end=\"3887\">one device to handle IMMO, key programming, cloning, and chip-level repairs<\/strong>.<\/p>\n<p>&nbsp;<\/p>\n<p>&nbsp;<\/p>\n<p>&nbsp;<\/p>","protected":false},"excerpt":{"rendered":"<p class=\" translation-block\">Launch <strong>X-PROG 3<\/strong> je univerz\u00e1ln\u00ed n\u00e1stroj pro programov\u00e1n\u00ed kl\u00ed\u010d\u016f a klonov\u00e1n\u00ed ECU\/TCU, kompatibiln\u00ed s diagnostick\u00fdmi tablety <strong>X-diag<\/strong> \u2014 podporuje pokro\u010dil\u00e9 operace na \u00farovni \u010dip\u016f, funkce proti kr\u00e1de\u017ei a v\u00fdm\u011bnu kl\u00ed\u010d\u016f bez demont\u00e1\u017ee ECU.<\/p>\n<p>&nbsp;<\/p>\n<p>&nbsp;<\/p>\n<p>&nbsp;<\/p>","protected":false},"featured_media":5184,"template":"","meta":{"_seopress_robots_primary_cat":"26","_seopress_titles_title":"Launch GIII X-PROG 3 \u2013 Advanced Immobilizer & Key Programmer","_seopress_titles_desc":"The Launch GIII X\u2011PROG\u202f3 is an all\u2011in\u2011one key\u2011programming and ECU\/TCU cloning tool compatible with X\u2011431 diagnostic tablets","_seopress_robots_index":"","_kad_blocks_custom_css":"","_kad_blocks_head_custom_js":"","_kad_blocks_body_custom_js":"","_kad_blocks_footer_custom_js":"","_kad_post_transparent":"default","_kad_post_title":"","_kad_post_layout":"default","_kad_post_sidebar_id":"","_kad_post_content_style":"default","_kad_post_vertical_padding":"default","_kad_post_feature":"","_kad_post_feature_position":"","_kad_post_header":false,"_kad_post_footer":false,"iawp_total_views":326},"product_cat":[25,26],"product_tag":[],"class_list":{"0":"post-3793","1":"product","2":"type-product","3":"status-publish","4":"has-post-thumbnail","6":"product_cat-adapters","7":"product_cat-xdiag","9":"first","10":"instock","11":"shipping-taxable","12":"purchasable","13":"product-type-simple","14":"entry","15":"content-bg","16":"loop-entry"},"exclude_global_add_ons":[],"addons":[],"taxonomy_info":{"product_cat":[{"value":25,"label":"Adapters"},{"value":26,"label":"xdiag"}]},"featured_image_src_large":["https:\/\/xdiag.org\/wp-content\/uploads\/2025\/09\/Xdiag_XPROG-_3_1.jpg",600,600,false],"author_info":[],"comment_info":"","_links":{"self":[{"href":"https:\/\/xdiag.org\/cs\/wp-json\/wp\/v2\/product\/3793","targetHints":{"allow":["GET"]}}],"collection":[{"href":"https:\/\/xdiag.org\/cs\/wp-json\/wp\/v2\/product"}],"about":[{"href":"https:\/\/xdiag.org\/cs\/wp-json\/wp\/v2\/types\/product"}],"wp:featuredmedia":[{"embeddable":true,"href":"https:\/\/xdiag.org\/cs\/wp-json\/wp\/v2\/media\/5184"}],"wp:attachment":[{"href":"https:\/\/xdiag.org\/cs\/wp-json\/wp\/v2\/media?parent=3793"}],"wp:term":[{"taxonomy":"product_cat","embeddable":true,"href":"https:\/\/xdiag.org\/cs\/wp-json\/wp\/v2\/product_cat?post=3793"},{"taxonomy":"product_tag","embeddable":true,"href":"https:\/\/xdiag.org\/cs\/wp-json\/wp\/v2\/product_tag?post=3793"}],"curies":[{"name":"wp","href":"https:\/\/api.w.org\/{rel}","templated":true}]}}