{"id":3812,"date":"2025-08-30T10:25:38","date_gmt":"2025-08-30T08:25:38","guid":{"rendered":"https:\/\/xdiag.org\/?post_type=product&#038;p=3812"},"modified":"2025-09-28T16:56:05","modified_gmt":"2025-09-28T14:56:05","slug":"password-reset-account-recovery-software-xdiag-devices","status":"publish","type":"product","link":"https:\/\/xdiag.org\/cs\/product\/password-reset-account-recovery-software-xdiag-devices\/","title":{"rendered":"Software pro obnoven\u00ed hesla a obnovu \u00fa\u010dtu pro za\u0159\u00edzen\u00ed XDiag"},"content":{"rendered":"<p data-start=\"195\" data-end=\"323\" class=\" translation-block\"><strong data-start=\"195\" data-end=\"234\">Can\u2019t log in to your XDiag account?<\/strong><br data-start=\"234\" data-end=\"237\">A\u0165 u\u017e jste zapomn\u011bli heslo nebo ztratili p\u0159\u00edstup ke sv\u00e9mu st\u00e1vaj\u00edc\u00edmu p\u0159ihl\u00e1\u0161en\u00ed, m\u016f\u017eeme v\u00e1m pomoci.<\/p>\n<p data-start=\"325\" data-end=\"349\">\u2705 <strong data-start=\"327\" data-end=\"347\">Co je zahrnuto:<\/strong><\/p>\n<ul data-start=\"350\" data-end=\"531\">\n<li data-start=\"350\" data-end=\"414\">\n<p data-start=\"352\" data-end=\"414\">Ov\u011b\u0159en\u00ed s\u00e9riov\u00e9ho \u010d\u00edsla za\u0159\u00edzen\u00ed a stavu \u00fa\u010dtu<\/p>\n<\/li>\n<li data-start=\"415\" data-end=\"485\">\n<p data-start=\"417\" data-end=\"485\">Obnoven\u00ed hesla nebo obnova va\u0161eho st\u00e1vaj\u00edc\u00edho \u00fa\u010dtu (pokud je k dispozici)<\/p>\n<\/li>\n<li data-start=\"486\" data-end=\"531\">\n<p data-start=\"488\" data-end=\"531\">Pokyny krok za krokem pro op\u011btovn\u00e9 p\u0159ihl\u00e1\u0161en\u00ed<\/p>\n<\/li>\n<\/ul>\n<p data-start=\"533\" data-end=\"564\">\ud83d\udca1 <strong data-start=\"536\" data-end=\"562\">D\u016fle\u017eit\u00e9 informace:<\/strong><\/p>\n<ul data-start=\"565\" data-end=\"787\">\n<li data-start=\"565\" data-end=\"660\">\n<p data-start=\"567\" data-end=\"660\">Po n\u00e1kupu n\u00e1m pros\u00edm za\u0161lete s\u00e9riov\u00e9 \u010d\u00edslo za\u0159\u00edzen\u00ed a e-mail \/ p\u0159ihla\u0161ovac\u00ed jm\u00e9no k \u00fa\u010dtu (pokud je zn\u00e1mo).<\/p>\n<\/li>\n<li data-start=\"661\" data-end=\"712\">\n<p data-start=\"663\" data-end=\"712\">Slu\u017eba je obvykle dokon\u010dena b\u011bhem n\u011bkolika hodin.<\/p>\n<\/li>\n<li data-start=\"713\" data-end=\"787\">\n<p data-start=\"715\" data-end=\"787\">\ud83d\udce7 <strong data-start=\"718\" data-end=\"785\">Jedn\u00e1 se o digit\u00e1ln\u00ed slu\u017ebu \u2013 \u017e\u00e1dn\u00fd fyzick\u00fd produkt nebude odesl\u00e1n.<\/strong><\/p>\n<\/li>\n<\/ul>\n<p data-start=\"789\" data-end=\"919\">\u26a0\ufe0f <strong data-start=\"792\" data-end=\"801\">Pozn\u00e1mka:<\/strong> Tento produkt nezahrnuje prodlou\u017een\u00ed licence ani novou aktivaci. Slou\u017e\u00ed pouze k resetu hesla nebo obnov\u011b \u00fa\u010dtu.<\/p>","protected":false},"excerpt":{"rendered":"<p class=\" translation-block\">Zapomn\u011bli jste heslo nebo se nem\u016f\u017eete p\u0159ihl\u00e1sit ke sv\u00e9mu \u00fa\u010dtu XDiag?<br data-start=\"595\" data-end=\"598\">Objednejte tuto slu\u017ebu a my v\u00e1m resetujeme heslo nebo obnov\u00edme v\u00e1\u0161 st\u00e1vaj\u00edc\u00ed \u00fa\u010det.<\/p>","protected":false},"featured_media":5219,"template":"","meta":{"_seopress_robots_primary_cat":"none","_seopress_titles_title":"Password Reset & Account Recovery \u2013 Launch \/ XDiag","_seopress_titles_desc":"Forgot your password or can\u2019t access your Launch, XDiag account? Get our password reset and account recovery service \u2013 quick and reliable support.","_seopress_robots_index":"","_kad_blocks_custom_css":"","_kad_blocks_head_custom_js":"","_kad_blocks_body_custom_js":"","_kad_blocks_footer_custom_js":"","_kad_post_transparent":"default","_kad_post_title":"","_kad_post_layout":"default","_kad_post_sidebar_id":"","_kad_post_content_style":"default","_kad_post_vertical_padding":"default","_kad_post_feature":"","_kad_post_feature_position":"","_kad_post_header":false,"_kad_post_footer":false,"iawp_total_views":312},"product_cat":[32],"product_tag":[],"class_list":{"0":"post-3812","1":"product","2":"type-product","3":"status-publish","4":"has-post-thumbnail","6":"product_cat-digital-services","7":"product_shipping_class-shipping","9":"first","10":"instock","11":"virtual","12":"purchasable","13":"product-type-simple","14":"entry","15":"content-bg","16":"loop-entry"},"exclude_global_add_ons":false,"addons":[{"name":"S\u00e9riov\u00e9 \u010d\u00edslo za\u0159\u00edzen\u00ed","type":"custom_text","position":0,"required":true,"title_format":"label","default":"","description_enable":false,"description":"","placeholder_enable":false,"placeholder":"","display":"select","restrictions_type":"only_numbers","adjust_price":false,"price":"","price_type":"flat_fee","restrictions":true,"min":"12","max":"12","options":[],"id":1756552004}],"taxonomy_info":{"product_cat":[{"value":32,"label":"Digital Services"}]},"featured_image_src_large":["https:\/\/xdiag.org\/wp-content\/uploads\/2025\/09\/Xdiag_password_rest.jpeg",600,600,false],"author_info":[],"comment_info":"","_links":{"self":[{"href":"https:\/\/xdiag.org\/cs\/wp-json\/wp\/v2\/product\/3812","targetHints":{"allow":["GET"]}}],"collection":[{"href":"https:\/\/xdiag.org\/cs\/wp-json\/wp\/v2\/product"}],"about":[{"href":"https:\/\/xdiag.org\/cs\/wp-json\/wp\/v2\/types\/product"}],"wp:featuredmedia":[{"embeddable":true,"href":"https:\/\/xdiag.org\/cs\/wp-json\/wp\/v2\/media\/5219"}],"wp:attachment":[{"href":"https:\/\/xdiag.org\/cs\/wp-json\/wp\/v2\/media?parent=3812"}],"wp:term":[{"taxonomy":"product_cat","embeddable":true,"href":"https:\/\/xdiag.org\/cs\/wp-json\/wp\/v2\/product_cat?post=3812"},{"taxonomy":"product_tag","embeddable":true,"href":"https:\/\/xdiag.org\/cs\/wp-json\/wp\/v2\/product_tag?post=3812"}],"curies":[{"name":"wp","href":"https:\/\/api.w.org\/{rel}","templated":true}]}}