{"id":448,"date":"2023-10-03T08:29:24","date_gmt":"2023-10-03T06:29:24","guid":{"rendered":"http:\/\/xdiag.org\/?post_type=product&#038;p=448"},"modified":"2026-04-25T10:23:29","modified_gmt":"2026-04-25T08:23:29","slug":"thinkcar-thinkdiag-2-obd","status":"publish","type":"product","link":"https:\/\/xdiag.org\/cs\/product\/thinkcar-thinkdiag-2-obd\/","title":{"rendered":"THINKCAR ThinkDiag 2 CAN-FD obousm\u011brn\u00fd OBD2 diagnostick\u00fd skener"},"content":{"rendered":"<p data-start=\"182\" data-end=\"510\" class=\" translation-block\">The <strong data-start=\"186\" data-end=\"201\">ThinkDiag 2<\/strong> je kompaktn\u00ed, ale v\u00fdkonn\u00fd diagnostick\u00fd konektor OBD2 Bluetooth, navr\u017een\u00fd pro bezprobl\u00e9movou kompatibilitu se <strong data-start=\"306\" data-end=\"324\">softwarem Xdiag<\/strong>. D\u00edky podpo\u0159e modern\u00edch protokol\u016f, jako je <strong data-start=\"368\" data-end=\"378\">CAN-FD<\/strong>, stabiln\u00ed <strong data-start=\"387\" data-end=\"417\">Bluetooth 5.0 konektivit\u011b<\/strong> a odoln\u00e9 konstrukci zaji\u0161\u0165uje profesion\u00e1ln\u00ed diagnostiku v p\u0159enosn\u00e9m proveden\u00ed.<\/p>\n<p data-start=\"512\" data-end=\"1089\">\ud83d\udd34 <strong data-start=\"515\" data-end=\"539\">Kompatibilita CAN-FD<\/strong> \u2013 Umo\u017e\u0148uje efektivn\u00ed datovou komunikaci pro vozidla nov\u00e9 generace.<br data-start=\"607\" data-end=\"610\" \/>\ud83d\udd34 <strong data-start=\"613\" data-end=\"640\">Bluetooth 5.0 v du\u00e1ln\u00edm re\u017eimu<\/strong> \u2013 Zaji\u0161\u0165uje rychl\u00e9, stabiln\u00ed a spolehliv\u00e9 bezdr\u00e1tov\u00e9 p\u0159ipojen\u00ed.<br data-start=\"698\" data-end=\"701\" \/>\ud83d\udd34 <strong data-start=\"704\" data-end=\"729\">Dvojit\u00e9 indika\u010dn\u00ed kontrolky<\/strong> \u2013 Oboustrann\u00e9 indik\u00e1tory zaji\u0161\u0165uj\u00ed jasnou viditelnost stavu b\u011bhem provozu.<br data-start=\"805\" data-end=\"808\" \/>\ud83d\udd34 <strong data-start=\"811\" data-end=\"839\">OBD2 datov\u00fd kabel je sou\u010d\u00e1st\u00ed balen\u00ed<\/strong> \u2013 Kabel o d\u00e9lce 0,65 m umo\u017e\u0148uje flexibiln\u00ed a pohodln\u00e9 diagnostick\u00e9 pou\u017eit\u00ed.<br data-start=\"900\" data-end=\"903\" \/>\ud83d\udd34 <strong data-start=\"906\" data-end=\"932\">Exkluzivn\u011b pro server Xdiag<\/strong> \u2013 Pln\u011b optimalizov\u00e1no pro stabiln\u00ed provoz na platform\u011b Xdiag.<br data-start=\"994\" data-end=\"997\" \/>\ud83d\udd34 <strong data-start=\"1000\" data-end=\"1019\">Odoln\u00e9 pouzdro<\/strong> \u2013 Vyrobeno z materi\u00e1lu ABS+PC s gumov\u00fdm pouzdrem TPU pro dlouhodobou spolehlivost.<\/p>\n<h3 data-start=\"1096\" data-end=\"1126\">Technick\u00e9 specifikace<\/h3>\n<ul data-start=\"1128\" data-end=\"1517\">\n<li data-start=\"1128\" data-end=\"1207\">\n<p data-start=\"1130\" data-end=\"1207\" class=\" translation-block\"><strong data-start=\"1130\" data-end=\"1155\">Kompatibilita syst\u00e9mu:<\/strong> Za\u0159\u00edzen\u00ed Android (7\u201313, Android 14 pouze 32bitov\u00fd)<\/p>\n<\/li>\n<li data-start=\"1208\" data-end=\"1246\">\n<p data-start=\"1210\" data-end=\"1246\" class=\" translation-block\"><strong data-start=\"1210\" data-end=\"1224\">Bluetooth:<\/strong> 5.0 BLE a du\u00e1ln\u00ed re\u017eim<\/p>\n<\/li>\n<li data-start=\"1247\" data-end=\"1281\">\n<p data-start=\"1249\" data-end=\"1281\" class=\" translation-block\"><strong data-start=\"1249\" data-end=\"1274\">Diagnostick\u00e9 rozhran\u00ed:<\/strong> DB15<\/p>\n<\/li>\n<li data-start=\"1282\" data-end=\"1310\">\n<p data-start=\"1284\" data-end=\"1310\" class=\" translation-block\"><strong data-start=\"1284\" data-end=\"1304\">Provozn\u00ed nap\u011bt\u00ed:<\/strong> 12V<\/p>\n<\/li>\n<li data-start=\"1311\" data-end=\"1353\">\n<p data-start=\"1313\" data-end=\"1353\" class=\" translation-block\"><strong data-start=\"1313\" data-end=\"1339\">Provozn\u00ed teplota:<\/strong> -10 \u2103 a\u017e 50 \u2103<\/p>\n<\/li>\n<li data-start=\"1354\" data-end=\"1394\">\n<p data-start=\"1356\" data-end=\"1394\" class=\" translation-block\"><strong data-start=\"1356\" data-end=\"1380\">Skladovac\u00ed teplota:<\/strong> -20 \u2103 a\u017e 60 \u2103<\/p>\n<\/li>\n<li data-start=\"1395\" data-end=\"1433\">\n<p data-start=\"1397\" data-end=\"1433\" class=\" translation-block\"><strong data-start=\"1397\" data-end=\"1412\">Rozm\u011bry:<\/strong> 120,5 \u00d7 65 \u00d7 29 mm<\/p>\n<\/li>\n<li data-start=\"1434\" data-end=\"1468\">\n<p data-start=\"1436\" data-end=\"1468\" class=\" translation-block\"><strong data-start=\"1436\" data-end=\"1455\">Materi\u00e1l krytu:<\/strong> ABS+PC+TPU<\/p>\n<\/li>\n<li data-start=\"1469\" data-end=\"1517\">\n<p data-start=\"1471\" data-end=\"1517\" class=\" translation-block\"><strong data-start=\"1471\" data-end=\"1488\">D\u00e9lka kabelu:<\/strong> P\u0159ilo\u017een OBD2 kabel o d\u00e9lce 0,65 m<\/p>\n<\/li>\n<\/ul>\n<p data-start=\"1524\" data-end=\"1768\">\u2705 <strong data-start=\"1526\" data-end=\"1539\">In short:<\/strong> The <strong data-start=\"1544\" data-end=\"1559\">ThinkDiag 2<\/strong> is an advanced OBD2 Bluetooth connector for <strong data-start=\"1604\" data-end=\"1619\">Xdiag users<\/strong>, delivering professional diagnostics, CAN-FD protocol support, and durable design \u2013 making it a reliable tool for workshops and enthusiasts alike.<\/p>","protected":false},"excerpt":{"rendered":"<p class=\" translation-block\">The <strong data-start=\"95\" data-end=\"110\">ThinkDiag 2<\/strong> je profesion\u00e1ln\u00ed diagnostick\u00fd konektor OBD2 Bluetooth podporuj\u00edc\u00ed <strong data-start=\"181\" data-end=\"200\">protokol CAN-FD<\/strong> pro vozidla nov\u00e9 generace. D\u00edky <strong data-start=\"235\" data-end=\"252\" data-is-only-node=\"\">Bluetooth 5.0<\/strong>, oboustrann\u00fdm indika\u010dn\u00edm LED diod\u00e1m a p\u0159ilo\u017een\u00e9mu OBD2 datov\u00e9mu kabelu poskytuje stabiln\u00ed v\u00fdkon a funguje v\u00fdhradn\u011b na <strong data-start=\"379\" data-end=\"395\">serveru Xdiag<\/strong>.<\/p>","protected":false},"featured_media":5183,"template":"","meta":{"_seopress_robots_primary_cat":"21","_seopress_titles_title":"Elevate Your Diagnostic Capabilities - THINKDIAG2: CAN-FD","_seopress_titles_desc":"Elevate Your Diagnostic Experience with THINKDIAG 2, Featuring CAN-FD Protocol Support and Bluetooth 5.0, Exclusively Operating on the Xdiag Server.","_seopress_robots_index":"","_kad_blocks_custom_css":"","_kad_blocks_head_custom_js":"","_kad_blocks_body_custom_js":"","_kad_blocks_footer_custom_js":"","_kad_post_transparent":"default","_kad_post_title":"","_kad_post_layout":"default","_kad_post_sidebar_id":"","_kad_post_content_style":"default","_kad_post_vertical_padding":"default","_kad_post_feature":"","_kad_post_feature_position":"","_kad_post_header":false,"_kad_post_footer":false,"iawp_total_views":923},"product_cat":[21,26],"product_tag":[],"class_list":{"0":"post-448","1":"product","2":"type-product","3":"status-publish","4":"has-post-thumbnail","6":"product_cat-connectors","7":"product_cat-xdiag","8":"pa_pc-obd-connector-a","10":"first","11":"instock","12":"shipping-taxable","13":"purchasable","14":"product-type-simple","15":"entry","16":"content-bg","17":"loop-entry"},"exclude_global_add_ons":[],"addons":[],"taxonomy_info":{"product_cat":[{"value":21,"label":"Connectors"},{"value":26,"label":"xdiag"}],"pa_pc-obd-connector":[{"value":34,"label":"a"}]},"featured_image_src_large":["https:\/\/xdiag.org\/wp-content\/uploads\/2025\/09\/Xdiag_ThinkDiag_2_1.jpg",600,600,false],"author_info":[],"comment_info":"","_links":{"self":[{"href":"https:\/\/xdiag.org\/cs\/wp-json\/wp\/v2\/product\/448","targetHints":{"allow":["GET"]}}],"collection":[{"href":"https:\/\/xdiag.org\/cs\/wp-json\/wp\/v2\/product"}],"about":[{"href":"https:\/\/xdiag.org\/cs\/wp-json\/wp\/v2\/types\/product"}],"wp:featuredmedia":[{"embeddable":true,"href":"https:\/\/xdiag.org\/cs\/wp-json\/wp\/v2\/media\/5183"}],"wp:attachment":[{"href":"https:\/\/xdiag.org\/cs\/wp-json\/wp\/v2\/media?parent=448"}],"wp:term":[{"taxonomy":"product_cat","embeddable":true,"href":"https:\/\/xdiag.org\/cs\/wp-json\/wp\/v2\/product_cat?post=448"},{"taxonomy":"product_tag","embeddable":true,"href":"https:\/\/xdiag.org\/cs\/wp-json\/wp\/v2\/product_tag?post=448"}],"curies":[{"name":"wp","href":"https:\/\/api.w.org\/{rel}","templated":true}]}}