{"id":449,"date":"2023-10-03T08:30:03","date_gmt":"2023-10-03T06:30:03","guid":{"rendered":"http:\/\/xdiag.org\/?post_type=product&#038;p=449"},"modified":"2026-02-15T21:12:01","modified_gmt":"2026-02-15T20:12:01","slug":"kingbolen-ediag-plus-canfd-protocol-ecu-coding-and-diagnostic-tool","status":"publish","type":"product","link":"https:\/\/xdiag.org\/cs\/product\/kingbolen-ediag-plus-canfd-protocol-ecu-coding-and-diagnostic-tool\/","title":{"rendered":"KINGBOLEN Ediag Plus diagnostick\u00fd a ECU k\u00f3dovac\u00ed n\u00e1stroj s protokolem CANFD"},"content":{"rendered":"<h1 data-start=\"167\" data-end=\"239\">Kingbolen Ediag Plus \u2013 Kompaktn\u00ed Bluetooth OBD2 konektor pro Xdiag<\/h1>\n<p data-start=\"241\" data-end=\"619\" class=\" translation-block\"><strong data-start=\"245\" data-end=\"269\">Kingbolen Ediag Plus<\/strong> je profesion\u00e1ln\u00ed OBD2 Bluetooth diagnostick\u00fd konektor, vytvo\u0159en\u00fd jako spolehliv\u00e1 kopie ThinkDiag 2 a pln\u011b kompatibiln\u00ed s <strong data-start=\"401\" data-end=\"428\">Xdiag software platform<\/strong>. Nab\u00edz\u00ed pokro\u010dil\u00e9 funkce, jako je obousm\u011brn\u00e9 ovl\u00e1d\u00e1n\u00ed, k\u00f3dov\u00e1n\u00ed ECU, podpora protokolu CAN-FD a v\u00edce servisn\u00edch reset\u016f, co\u017e z n\u011bj \u010din\u00ed cenov\u011b v\u00fdhodn\u00e9, ale v\u00fdkonn\u00e9 diagnostick\u00e9 \u0159e\u0161en\u00ed.<\/p>\n<h2 data-start=\"626\" data-end=\"652\">\ud83c\udf1f Hlavn\u00ed p\u0159ednosti produktu<\/h2>\n<p data-start=\"653\" data-end=\"1500\">\u2705 <strong data-start=\"655\" data-end=\"694\">Profesion\u00e1ln\u00ed OBD2 Bluetooth adapt\u00e9r<\/strong> \u2013 Kompaktn\u00ed design, snadn\u00e9 pou\u017eit\u00ed v jak\u00e9mkoli servisu<br data-start=\"740\" data-end=\"743\" \/>\u2705 <strong data-start=\"745\" data-end=\"768\">Kompatibilita s Xdiag<\/strong> \u2013 Pln\u011b otestov\u00e1no a optimalizov\u00e1no pro pou\u017eit\u00ed se softwarem Xdiag<br data-start=\"825\" data-end=\"828\" \/>\u2705 <strong data-start=\"830\" data-end=\"851\">Stabiln\u00ed p\u0159ipojen\u00ed<\/strong> \u2013 Bluetooth 5.0\/5.1 v du\u00e1ln\u00edm re\u017eimu pro rychlou a spolehlivou komunikaci<br data-start=\"917\" data-end=\"920\" \/>\u2705 <strong data-start=\"922\" data-end=\"940\">Odoln\u00e9 pouzdro<\/strong> \u2013 Vyrobeno z ABS+PC+TPU pro vysokou odolnost, s indika\u010dn\u00edmi sv\u011btly<br data-start=\"1001\" data-end=\"1004\" \/>\u2705 <strong data-start=\"1006\" data-end=\"1024\">Pohodln\u00e9 pou\u017eit\u00ed<\/strong> \u2013 Obsahuje 0,65 m OBD2 kabel pro lep\u0161\u00ed flexibilitu<br data-start=\"1076\" data-end=\"1079\" \/>\u2705 <strong data-start=\"1081\" data-end=\"1099\">Podpora CAN-FD<\/strong> \u2013 Funguje s nejnov\u011bj\u0161\u00edmi vozidly GM (2020+) a platformami nov\u00e9 generace<br data-start=\"1161\" data-end=\"1164\" \/>\u2705 <strong data-start=\"1166\" data-end=\"1188\">Pokro\u010dil\u00e9 funkce<\/strong> \u2013 Reset oleje, regenerace DPF, k\u00f3dov\u00e1n\u00ed vst\u0159ikova\u010d\u016f, kalibrace baterie a dal\u0161\u00ed (v z\u00e1vislosti na modelu vozidla)<br data-start=\"1292\" data-end=\"1295\" \/>\u2705 <strong data-start=\"1297\" data-end=\"1336\">Obousm\u011brn\u00e9 ovl\u00e1d\u00e1n\u00ed a k\u00f3dov\u00e1n\u00ed ECU<\/strong> \u2013 Prov\u00e1d\u00ed aktivn\u00ed testy, adaptace a k\u00f3dov\u00e1n\u00ed modul\u016f<br data-start=\"1391\" data-end=\"1394\" \/>\u2705 <strong data-start=\"1396\" data-end=\"1413\">\u0160irok\u00e9 pokryt\u00ed<\/strong> \u2013 Podporuje osobn\u00ed vozy, elektromobily, hybridy a t\u011b\u017ek\u00e1 vozidla s bal\u00ed\u010dky Xdiag<\/p>\n<h2 data-start=\"1507\" data-end=\"1539\">Technick\u00e9 specifikace<\/h2>\n<ul data-start=\"1540\" data-end=\"1794\">\n<li data-start=\"1540\" data-end=\"1583\">\n<p data-start=\"1542\" data-end=\"1583\">P\u0159ipojen\u00ed: Bluetooth 5.0\/5.1 du\u00e1ln\u00ed re\u017eim<\/p>\n<\/li>\n<li data-start=\"1584\" data-end=\"1640\">\n<p data-start=\"1586\" data-end=\"1640\">Podporovan\u00e9 opera\u010dn\u00ed syst\u00e9my: Android 7\u201313, Android 14 (pouze 32bitov\u00fd)<\/p>\n<\/li>\n<li data-start=\"1641\" data-end=\"1712\">\n<p data-start=\"1643\" data-end=\"1712\">Protokoly: ISO9141, KWP2000, J1850 VPW, J1850 PWM, CAN, UDS, CAN-FD<\/p>\n<\/li>\n<li data-start=\"1713\" data-end=\"1769\">\n<p data-start=\"1715\" data-end=\"1769\">Materi\u00e1l pouzdra: ABS + PC + TPU s LED indik\u00e1tory<\/p>\n<\/li>\n<li data-start=\"1770\" data-end=\"1794\">\n<p data-start=\"1772\" data-end=\"1794\">D\u00e9lka kabelu: 0,65 m<\/p>\n<\/li>\n<\/ul>\n<h2 data-start=\"1801\" data-end=\"1825\">\u26a0\ufe0f D\u016fle\u017eit\u00e9 upozorn\u011bn\u00ed<\/h2>\n<p data-start=\"1826\" data-end=\"2000\">This connector does <strong data-start=\"1846\" data-end=\"1887\">not include Xdiag software or license<\/strong>.<br data-start=\"1888\" data-end=\"1891\" \/>\ud83d\udc49 You can choose and purchase your desired <strong data-start=\"1935\" data-end=\"1998\">Xdiag software package separately here: [<a href=\"https:\/\/xdiag.org\/xdiag-buy-subscription\/\">Buy Xdiag Package<\/a>]<\/strong><\/p>\n<h2 data-start=\"2007\" data-end=\"2031\">\ud83d\udce6 Obsah balen\u00ed<\/h2>\n<p data-start=\"2032\" data-end=\"2129\">\u2714\ufe0f 1x Kingbolen Ediag Plus OBD2 Bluetooth konektor<br data-start=\"2083\" data-end=\"2086\" \/>\u2714\ufe0f 1x OBD2 kabel (0,65 m)<br data-start=\"2111\" data-end=\"2114\" \/>\u2714\ufe0f U\u017eivatelsk\u00e1 p\u0159\u00edru\u010dka<\/p>\n<h2 data-start=\"2136\" data-end=\"2176\">\ud83d\udca1 Pro\u010d si vybrat Kingbolen Ediag Plus?<\/h2>\n<ul data-start=\"2177\" data-end=\"2493\">\n<li data-start=\"2177\" data-end=\"2249\">\n<p data-start=\"2179\" data-end=\"2249\">Klon ThinkDiag 2 \u2013 stejn\u00e1 funk\u010dnost za dostupn\u011bj\u0161\u00ed cenu<\/p>\n<\/li>\n<li data-start=\"2250\" data-end=\"2301\">\n<p data-start=\"2252\" data-end=\"2301\">100 % testov\u00e1no se softwarem Xdiag p\u0159ed odesl\u00e1n\u00edm<\/p>\n<\/li>\n<li data-start=\"2302\" data-end=\"2356\">\n<p data-start=\"2304\" data-end=\"2356\">Diagnostika profesion\u00e1ln\u00ed \u00farovn\u011b s podporou CAN-FD<\/p>\n<\/li>\n<li data-start=\"2357\" data-end=\"2439\">\n<p data-start=\"2359\" data-end=\"2439\">Kompatibiln\u00ed se softwarov\u00fdmi bal\u00ed\u010dky pro osobn\u00ed auta, elektromobily, hybridy a t\u011b\u017ek\u00e1 vozidla prost\u0159ednictv\u00edm Xdiag<\/p>\n<\/li>\n<li data-start=\"2440\" data-end=\"2493\">\n<p data-start=\"2442\" data-end=\"2493\">Kompaktn\u00ed, odoln\u00fd a p\u0159ipraven\u00fd pro ka\u017edodenn\u00ed pou\u017eit\u00ed v servisu<\/p>\n<\/li>\n<\/ul>\n<p data-start=\"2500\" data-end=\"2725\">\u2705 In short, the <strong data-start=\"2516\" data-end=\"2540\">Kingbolen Ediag Plus<\/strong> is a cost-effective alternative to the ThinkDiag 2, offering full <strong data-start=\"2607\" data-end=\"2630\">Xdiag compatibility<\/strong>, stable Bluetooth performance, and advanced diagnostic features in a compact OBD2 connector.<\/p>","protected":false},"excerpt":{"rendered":"<p class=\" translation-block\"><strong data-start=\"141\" data-end=\"165\">Kingbolen Ediag Plus<\/strong> je kompaktn\u00ed Bluetooth OBD2 diagnostick\u00fd konektor, kter\u00fd je pln\u011b kompatibiln\u00ed s <strong data-start=\"238\" data-end=\"256\">Xdiag software<\/strong>. Podporuje CAN-FD, obousm\u011brn\u00e9 ovl\u00e1d\u00e1n\u00ed, k\u00f3dov\u00e1n\u00ed ECU a v\u00edce servisn\u00edch reset\u016f, a poskytuje profesion\u00e1ln\u00ed diagnostiku za dostupnou cenu. Otestov\u00e1n s Xdiag pro stabilitu a spolehlivost, tento konektor je ide\u00e1ln\u00ed pro osobn\u00ed auta, elektromobily, hybridy i t\u011b\u017ek\u00e1 vozidla.<\/p>","protected":false},"featured_media":5150,"template":"","meta":{"_seopress_robots_primary_cat":"21","_seopress_titles_title":"KINGBOLEN Ediag Plus OBD2 Advanced Diagnostics Scanner","_seopress_titles_desc":"KINGBOLEN Ediag Plus: A Distinctive Automotive OBD2 Scanner Providing Exclusive CAN-FD Protocol Compatibility and Post-2020 GM Vehicle Support.","_seopress_robots_index":"","_kad_blocks_custom_css":"","_kad_blocks_head_custom_js":"","_kad_blocks_body_custom_js":"","_kad_blocks_footer_custom_js":"","_kad_post_transparent":"default","_kad_post_title":"","_kad_post_layout":"default","_kad_post_sidebar_id":"","_kad_post_content_style":"default","_kad_post_vertical_padding":"default","_kad_post_feature":"","_kad_post_feature_position":"","_kad_post_header":false,"_kad_post_footer":false,"iawp_total_views":954},"product_cat":[21,26],"product_tag":[],"class_list":{"0":"post-449","1":"product","2":"type-product","3":"status-publish","4":"has-post-thumbnail","6":"product_cat-connectors","7":"product_cat-xdiag","9":"first","10":"instock","11":"shipping-taxable","12":"purchasable","13":"product-type-simple","14":"entry","15":"content-bg","16":"loop-entry"},"exclude_global_add_ons":[],"addons":[],"taxonomy_info":{"product_cat":[{"value":21,"label":"Connectors"},{"value":26,"label":"xdiag"}]},"featured_image_src_large":["https:\/\/xdiag.org\/wp-content\/uploads\/2025\/09\/Xdiag_Ediag_Plus_1.jpg",600,600,false],"author_info":[],"comment_info":"","_links":{"self":[{"href":"https:\/\/xdiag.org\/cs\/wp-json\/wp\/v2\/product\/449","targetHints":{"allow":["GET"]}}],"collection":[{"href":"https:\/\/xdiag.org\/cs\/wp-json\/wp\/v2\/product"}],"about":[{"href":"https:\/\/xdiag.org\/cs\/wp-json\/wp\/v2\/types\/product"}],"wp:featuredmedia":[{"embeddable":true,"href":"https:\/\/xdiag.org\/cs\/wp-json\/wp\/v2\/media\/5150"}],"wp:attachment":[{"href":"https:\/\/xdiag.org\/cs\/wp-json\/wp\/v2\/media?parent=449"}],"wp:term":[{"taxonomy":"product_cat","embeddable":true,"href":"https:\/\/xdiag.org\/cs\/wp-json\/wp\/v2\/product_cat?post=449"},{"taxonomy":"product_tag","embeddable":true,"href":"https:\/\/xdiag.org\/cs\/wp-json\/wp\/v2\/product_tag?post=449"}],"curies":[{"name":"wp","href":"https:\/\/api.w.org\/{rel}","templated":true}]}}