{"id":451,"date":"2023-10-03T08:31:19","date_gmt":"2023-10-03T06:31:19","guid":{"rendered":"http:\/\/xdiag.org\/?post_type=product&#038;p=451"},"modified":"2026-05-01T07:17:25","modified_gmt":"2026-05-01T05:17:25","slug":"launch-dbscar-vii-connector","status":"publish","type":"product","link":"https:\/\/xdiag.org\/cs\/product\/launch-dbscar-vii-connector\/","title":{"rendered":"Launch DBScar VII DBSCAR7 Bluetooth OBD2 skener s podporou protokol\u016f CAN FD a DoIP, v\u00fdkonn\u00e1 diagnostika v\u0161ech syst\u00e9m\u016f pro X431"},"content":{"rendered":"<h1 data-start=\"166\" data-end=\"192\">Popis produktu<\/h1>\n<p data-start=\"194\" data-end=\"464\" class=\" translation-block\"><strong data-start=\"198\" data-end=\"223\">DBScar VII (DBScar 7)<\/strong> je pokro\u010dil\u00fd Bluetooth OBD2 diagnostick\u00fd konektor, <strong data-start=\"285\" data-end=\"338\">navr\u017een\u00fd v\u00fdhradn\u011b pro kompatibilitu se softwarem Xdiag<\/strong>. Poskytuje stabiln\u00ed a rychlou komunikaci pro profesion\u00e1ln\u00ed diagnostiku a podporuje osobn\u00ed i u\u017eitkov\u00e1 vozidla.<\/p>\n<h3 data-start=\"466\" data-end=\"486\">\u2705 Kl\u00ed\u010dov\u00e9 vlastnosti<\/h3>\n<ul data-start=\"487\" data-end=\"988\">\n<li data-start=\"487\" data-end=\"590\">\n<p data-start=\"489\" data-end=\"590\"><strong data-start=\"489\" data-end=\"528\">Profesion\u00e1ln\u00ed OBD2 Bluetooth adapt\u00e9r<\/strong> \u2013 Spolehliv\u00e9 spojen\u00ed mezi vozidlem a diagnostick\u00fdm za\u0159\u00edzen\u00edm<\/p>\n<\/li>\n<li data-start=\"591\" data-end=\"703\">\n<p data-start=\"593\" data-end=\"703\"><strong data-start=\"593\" data-end=\"618\">Kompatibilita s Androidem<\/strong> \u2013 Podporuje chytr\u00e9 telefony a tablety s Androidem 7\u201313 a Androidem 14 (32bitov\u00e9 syst\u00e9my)<\/p>\n<\/li>\n<li data-start=\"704\" data-end=\"791\">\n<p data-start=\"706\" data-end=\"791\"><strong data-start=\"706\" data-end=\"740\">Pln\u011b testov\u00e1no se softwarem Xdiag<\/strong> \u2013 Ov\u011b\u0159eno z hlediska originality a plynul\u00e9ho provozu<\/p>\n<\/li>\n<li data-start=\"792\" data-end=\"889\">\n<p data-start=\"794\" data-end=\"889\"><strong data-start=\"794\" data-end=\"823\">Rychl\u00fd a stabiln\u00ed v\u00fdkon<\/strong> \u2013 Zaji\u0161\u0165uje p\u0159esn\u00e9 \u010dten\u00ed dat, p\u0159\u00edstup k ECU a servisn\u00ed resetov\u00e1n\u00ed<\/p>\n<\/li>\n<li data-start=\"890\" data-end=\"988\">\n<p data-start=\"892\" data-end=\"988\"><strong data-start=\"892\" data-end=\"921\">Podporuje modern\u00ed protokoly<\/strong> \u2013 ISO9141, KWP2000, J1850 VPW, J1850 PWM, CAN, UDS, CAN-FD, DOIP<\/p>\n<\/li>\n<\/ul>\n<h3 data-start=\"990\" data-end=\"1015\">\u26a0\ufe0f D\u016fle\u017eit\u00e9 upozorn\u011bn\u00ed<\/h3>\n<p data-start=\"1016\" data-end=\"1190\">This connector <strong data-start=\"1031\" data-end=\"1077\">does not include Xdiag software or license<\/strong>.<br data-start=\"1078\" data-end=\"1081\" \/>\ud83d\udc49 You can choose and purchase your desired <strong data-start=\"1125\" data-end=\"1188\">Xdiag software package separately here: [<a href=\"https:\/\/xdiag.org\/xdiag-buy-subscription\/\">Buy Xdiag Package<\/a>]<\/strong><\/p>\n<h3 data-start=\"1192\" data-end=\"1231\">Pro\u010d si vybrat DBScar VII (DBScar 7)?<\/h3>\n<ul data-start=\"1232\" data-end=\"1607\">\n<li data-start=\"1232\" data-end=\"1298\">\n<p data-start=\"1234\" data-end=\"1298\">100% origin\u00e1ln\u00ed hardware \u2013 plnohodnotn\u00fd \u010dip, \u017e\u00e1dn\u00e9 klony, \u017e\u00e1dn\u00e9 pad\u011blky<\/p>\n<\/li>\n<li data-start=\"1299\" data-end=\"1359\">\n<p data-start=\"1301\" data-end=\"1359\" class=\" translation-block\">Ka\u017ed\u00e1 jednotka je <strong data-start=\"1315\" data-end=\"1341\">p\u0159ed odesl\u00e1n\u00edm testov\u00e1na pomoc\u00ed IO tester\u016f<\/strong><\/p>\n<\/li>\n<li data-start=\"1360\" data-end=\"1429\">\n<p data-start=\"1362\" data-end=\"1429\" class=\" translation-block\"><strong data-start=\"1362\" data-end=\"1399\">Profesion\u00e1ln\u00ed v\u00fdkon pro autoservisy<\/strong> se zaru\u010denou spolehlivost\u00ed<\/p>\n<\/li>\n<li data-start=\"1430\" data-end=\"1522\">\n<p data-start=\"1432\" data-end=\"1522\" class=\" translation-block\">Kompatibiln\u00ed s <strong data-start=\"1448\" data-end=\"1520\">Xdiag softwarov\u00fdmi bal\u00ed\u010dky pro osobn\u00ed auta, elektromobily, hybridy a t\u011b\u017ek\u00e1 vozidla<\/strong><\/p>\n<\/li>\n<li data-start=\"1523\" data-end=\"1607\">\n<p data-start=\"1525\" data-end=\"1607\" class=\" translation-block\"><strong data-start=\"1525\" data-end=\"1551\">Protokoly p\u0159ipraven\u00e9 na budoucnost<\/strong> \u2013 podporuje CAN FD a DOIP pro vozidla nov\u00e9 generace<\/p>\n<\/li>\n<\/ul>\n<h3 data-start=\"1609\" data-end=\"1634\">\ud83d\udce6 Obsah balen\u00ed<\/h3>\n<ul data-start=\"1635\" data-end=\"1677\">\n<li data-start=\"1635\" data-end=\"1677\">\n<p data-start=\"1637\" data-end=\"1677\">1x DBScar VII Bluetooth OBD2 konektor<\/p>\n<\/li>\n<\/ul>\n<hr data-start=\"1679\" data-end=\"1682\" \/>\n<p data-start=\"1684\" data-end=\"1871\">\u2705 <strong data-start=\"1686\" data-end=\"1869\">In short, the DBScar VII is the trusted Bluetooth OBD2 connector for Xdiag software, offering professional diagnostics, modern protocol support, and reliable workshop performance.<\/strong><\/p>","protected":false},"excerpt":{"rendered":"<p class=\" translation-block\"><strong data-start=\"130\" data-end=\"172\">Genuine Original DBScar VII (DBScar 7)<\/strong> je Bluetooth OBD2 diagnostick\u00fd konektor, pln\u011b nahran\u00fd a otestovan\u00fd na <strong data-start=\"247\" data-end=\"265\">Xdiag platform<\/strong>, aby byla zaji\u0161t\u011bna 100% originalita a spolehliv\u00fd v\u00fdkon. Upozor\u0148ujeme, \u017ee za\u0159\u00edzen\u00ed neobsahuje p\u0159edinstalovan\u00fd software \u2013 <strong data-start=\"390\" data-end=\"445\" data-is-only-node=\"\">softwarov\u00fd bal\u00ed\u010dek Xdiag je nutn\u00e9 zakoupit samostatn\u011b<\/strong>.<\/p>","protected":false},"featured_media":5147,"template":"","meta":{"_seopress_robots_primary_cat":"21","_seopress_titles_title":"Original Launch DBScar VII (DBScar 7)","_seopress_titles_desc":"Cucial information about the Original Launch DBScar VII, a meticulously tested product ensuring authenticity and superior performance on the Xdiag platform.","_seopress_robots_index":"","_kad_blocks_custom_css":"","_kad_blocks_head_custom_js":"","_kad_blocks_body_custom_js":"","_kad_blocks_footer_custom_js":"","_kad_post_transparent":"default","_kad_post_title":"","_kad_post_layout":"default","_kad_post_sidebar_id":"","_kad_post_content_style":"default","_kad_post_vertical_padding":"default","_kad_post_feature":"","_kad_post_feature_position":"","_kad_post_header":false,"_kad_post_footer":false,"iawp_total_views":2577},"product_cat":[21,26],"product_tag":[],"class_list":{"0":"post-451","1":"product","2":"type-product","3":"status-publish","4":"has-post-thumbnail","6":"product_cat-connectors","7":"product_cat-xdiag","9":"first","10":"instock","11":"shipping-taxable","12":"purchasable","13":"product-type-simple","14":"entry","15":"content-bg","16":"loop-entry"},"exclude_global_add_ons":[],"addons":[],"taxonomy_info":{"product_cat":[{"value":21,"label":"Connectors"},{"value":26,"label":"xdiag"}]},"featured_image_src_large":["https:\/\/xdiag.org\/wp-content\/uploads\/2025\/09\/Xdiag_Dbscar_VII_1.jpg",600,600,false],"author_info":[],"comment_info":"","_links":{"self":[{"href":"https:\/\/xdiag.org\/cs\/wp-json\/wp\/v2\/product\/451","targetHints":{"allow":["GET"]}}],"collection":[{"href":"https:\/\/xdiag.org\/cs\/wp-json\/wp\/v2\/product"}],"about":[{"href":"https:\/\/xdiag.org\/cs\/wp-json\/wp\/v2\/types\/product"}],"wp:featuredmedia":[{"embeddable":true,"href":"https:\/\/xdiag.org\/cs\/wp-json\/wp\/v2\/media\/5147"}],"wp:attachment":[{"href":"https:\/\/xdiag.org\/cs\/wp-json\/wp\/v2\/media?parent=451"}],"wp:term":[{"taxonomy":"product_cat","embeddable":true,"href":"https:\/\/xdiag.org\/cs\/wp-json\/wp\/v2\/product_cat?post=451"},{"taxonomy":"product_tag","embeddable":true,"href":"https:\/\/xdiag.org\/cs\/wp-json\/wp\/v2\/product_tag?post=451"}],"curies":[{"name":"wp","href":"https:\/\/api.w.org\/{rel}","templated":true}]}}