{"id":5210,"date":"2025-09-28T13:42:19","date_gmt":"2025-09-28T11:42:19","guid":{"rendered":"https:\/\/xdiag.org\/?post_type=product&#038;p=5210"},"modified":"2025-10-11T11:19:30","modified_gmt":"2025-10-11T09:19:30","slug":"xdiag-max-diagnostic-set-thinkdiag-2","status":"publish","type":"product","link":"https:\/\/xdiag.org\/cs\/product\/xdiag-max-diagnostic-set-thinkdiag-2\/","title":{"rendered":"Xdiag MAX diagnostick\u00e1 sada ThinkDiag 2"},"content":{"rendered":"<p data-start=\"393\" data-end=\"629\" class=\" translation-block\">P\u0159edstavujeme <strong data-start=\"409\" data-end=\"445\">Xdiag MAX Diagnostic Set ThinkDiag 2<\/strong> \u2013 profesion\u00e1ln\u00ed automobilov\u00e1 diagnostick\u00e1 sada ur\u010den\u00e1 pro autoservisy, mechaniky a pokro\u010dil\u00e9 u\u017eivatele, kte\u0159\u00ed o\u010dek\u00e1vaj\u00ed spolehlivost, \u0161irok\u00e9 pokryt\u00ed vozidel a pokro\u010dil\u00e9 funkce za dostupnou cenu.<\/p>\n<p data-start=\"631\" data-end=\"928\" class=\" translation-block\">Tato sada obsahuje <strong data-start=\"653\" data-end=\"693\">ThinkDiag 2 OBD2 Bluetooth connector<\/strong> spolu s <strong data-start=\"710\" data-end=\"762\">10palcov\u00fdm Android tabletem (3GB RAM \/ 128GB \u00falo\u017ei\u0161t\u011b)<\/strong> v odoln\u00e9m ochrann\u00e9m pouzd\u0159e. Pln\u011b p\u0159edkonfigurov\u00e1no a otestov\u00e1no na <strong data-start=\"831\" data-end=\"849\">Xdiag platform<\/strong>, je p\u0159ipraveno poskytovat profesion\u00e1ln\u00ed diagnostiku ihned po vybalen\u00ed.<\/p>\n<h3 data-start=\"930\" data-end=\"977\">Kl\u00ed\u010dov\u00e9 vlastnosti konektoru ThinkDiag 2<\/h3>\n<p data-start=\"978\" data-end=\"1443\">\ud83d\udd34 Professional OBD2 Bluetooth Adapter \u2013 Fast and stable wireless connection.<br data-start=\"1055\" data-end=\"1058\" \/>\u26ab Protocol Support \u2013 Supports ISO9141, KWP2000, J1850 VPW, J1850 PWM, CAN, UDS, DOIP, CAN-FD.<br data-start=\"1151\" data-end=\"1154\" \/>\ud83d\udd34 Service Functions (40+) \u2013 Oil reset, DPF regeneration, injector coding, key programming, TPMS, BMS, SAS calibration, and more.<br data-start=\"1283\" data-end=\"1286\" \/>\u26ab ECU Functions \u2013 Bi-directional testing, ECU coding, Auto VIN, health reports.<br data-start=\"1365\" data-end=\"1368\" \/>\ud83d\udd34 Rugged ABS+PC+TPU housing.<br data-start=\"1397\" data-end=\"1400\" \/>\u26ab OBD2 Extension Cable (0.65 m) included.<\/p>\n<h3 data-start=\"1445\" data-end=\"1472\">Specifikace tabletu<\/h3>\n<p data-start=\"1473\" data-end=\"1613\">\ud83d\udd34 10-Inch Display \u2013 Clear and bright.<br data-start=\"1511\" data-end=\"1514\" \/>\u26ab 3GB RAM \/ 128GB Storage.<br data-start=\"1540\" data-end=\"1543\" \/>\ud83d\udd34 Optimized for Xdiag.<br data-start=\"1566\" data-end=\"1569\" \/>\u26ab Protective Case.<br data-start=\"1587\" data-end=\"1590\" \/>\ud83d\udd34 Long battery life.<\/p>\n<h3 data-start=\"1615\" data-end=\"1651\">Podporovan\u00e9 diagnostick\u00e9 protokoly<\/h3>\n<p data-start=\"1652\" data-end=\"2063\">\ud83d\udd34 <strong data-start=\"1655\" data-end=\"1666\">ISO9141<\/strong> \u2013 Older Asian\/European cars.<br data-start=\"1695\" data-end=\"1698\" \/>\u26ab <strong data-start=\"1700\" data-end=\"1711\">KWP2000<\/strong> \u2013 Used by VW, Audi, BMW, Mercedes, Fiat.<br data-start=\"1752\" data-end=\"1755\" \/>\ud83d\udd34 <strong data-start=\"1758\" data-end=\"1775\">J1850 VPW\/PWM<\/strong> \u2013 For American cars (Ford, GM, Chrysler).<br data-start=\"1817\" data-end=\"1820\" \/>\u26ab <strong data-start=\"1822\" data-end=\"1829\">CAN<\/strong> \u2013 Standard for most cars post-2008.<br data-start=\"1865\" data-end=\"1868\" \/>\ud83d\udd34 <strong data-start=\"1871\" data-end=\"1878\">UDS<\/strong> \u2013 Advanced coding &amp; ECU programming (VW, BMW, Mercedes).<br data-start=\"1935\" data-end=\"1938\" \/>\u26ab <strong data-start=\"1940\" data-end=\"1948\">DOIP<\/strong> \u2013 Ethernet diagnostics for new Mercedes, Volvo, JLR.<br data-start=\"2001\" data-end=\"2004\" \/>\ud83d\udd34 <strong data-start=\"2007\" data-end=\"2017\">CAN-FD<\/strong> \u2013 Latest GM (2020+), VW MQB platform, Opel.<\/p>\n<h3 data-start=\"2065\" data-end=\"2087\">Pokryt\u00ed vozidel<\/h3>\n<p data-start=\"2088\" data-end=\"2328\">\ud83d\udd34 Passenger Cars &amp; EV\/Hybrids \u2013 VW, Audi, BMW, Mercedes, Peugeot, Fiat, Volvo, Ford, GM, Chrysler, Toyota, Honda, Nissan, Hyundai, Kia, BYD, Geely, Changan, Great Wall &#8230;.<br data-start=\"2257\" data-end=\"2260\" \/>\u26ab IMMO &amp; Key Functions \u2013 Advanced immobilizer and key programming.<\/p>\n<p data-start=\"2330\" data-end=\"2392\">\ud83d\udc49 With an <strong data-start=\"2341\" data-end=\"2368\">optional Trucks license<\/strong>, coverage expands to:<\/p>\n<ul data-start=\"2393\" data-end=\"2647\">\n<li data-start=\"2393\" data-end=\"2498\">\n<p data-start=\"2395\" data-end=\"2498\" class=\" translation-block\"><strong data-start=\"2395\" data-end=\"2405\">N\u00e1kladn\u00ed vozidla<\/strong>: MAN, Scania, Mercedes-Benz Trucks, Volvo Trucks, Iveco, DAF, Freightliner, International\u2026.<\/p>\n<\/li>\n<li data-start=\"2499\" data-end=\"2579\">\n<p data-start=\"2501\" data-end=\"2579\" class=\" translation-block\"><strong data-start=\"2501\" data-end=\"2527\">Zem\u011bd\u011blsk\u00e1 technika<\/strong>: John Deere, Massey Ferguson, New Holland, Fendt \u2026.<\/p>\n<\/li>\n<li data-start=\"2580\" data-end=\"2647\">\n<p data-start=\"2582\" data-end=\"2647\" class=\" translation-block\"><strong data-start=\"2582\" data-end=\"2608\">Stavebn\u00ed stroje<\/strong>: Caterpillar, Komatsu, JCB, Hitachi \u2026.<\/p>\n<\/li>\n<\/ul>\n<h2 data-start=\"102\" data-end=\"121\">Obsah balen\u00ed<\/h2>\n<p data-start=\"122\" data-end=\"454\">\ud83d\udd34 10&#8243; Android diagnostic tablet (3GB RAM \/ 128 GB storage)<br data-start=\"178\" data-end=\"181\" \/>\u26ab Shock-resistant protective case (pre-installed)<br data-start=\"230\" data-end=\"233\" \/>\ud83d\udd34 ThinkDiag 2 Bluetooth OBD2 connector<br data-start=\"272\" data-end=\"275\" \/>\u26ab\u00a0Xdiag license: Passenger Cars + EV + IMMO (12 months updates)<br data-start=\"380\" data-end=\"383\" \/>\ud83d\udd34USB charger and cable<\/p>\n<h2 data-start=\"456\" data-end=\"475\">Voliteln\u00e9 dopl\u0148ky<\/h2>\n<p data-start=\"476\" data-end=\"698\">\ud83d\udd34 <a href=\"https:\/\/xdiag.org\/product\/xdiag-1-year-subscription-for-all-connectors-cars\/\">Heavy-Duty (Trucks\/Buses), Tractors, Motorcycles, Construction licenses (sold separately)<\/a><br data-start=\"568\" data-end=\"571\" \/>\u26ab <a href=\"https:\/\/xdiag.org\/product\/xdiag-x431-adapter-obd2-connector\/\">For 24V vehicles (trucks\/machinery) a <strong data-start=\"611\" data-end=\"640\">24V \u2192 12V power converter<\/strong> is required to protect the OBD interface (works at 9\u201318V)<\/a><\/p>","protected":false},"excerpt":{"rendered":"<p class=\" translation-block\"><strong data-start=\"4023\" data-end=\"4059\">Xdiag Max Diagnostic Set ThinkDiag 2<\/strong> \u2013 Profesion\u00e1ln\u00ed diagnostick\u00e1 sada s Bluetooth OBD2 konektorem ThinkDiag 2, 10palcov\u00fdm tabletem a licenc\u00ed Xdiag pro osobn\u00ed vozy + EV + IMMO. Podporuje pokro\u010dil\u00e9 servisn\u00ed funkce (40+), k\u00f3dov\u00e1n\u00ed ECU, obousm\u011brn\u00e9 testy a voliteln\u00e9 roz\u0161\u00ed\u0159en\u00ed pro n\u00e1kladn\u00ed vozy, traktory, motocykly a t\u011b\u017ekou techniku.<\/p>","protected":false},"featured_media":5209,"template":"","meta":{"_seopress_robots_primary_cat":"26","_seopress_titles_title":"Xdiag Max ThinkDiag 2 Diagnostic Set \u2013 Tablet + OBD2 Connector","_seopress_titles_desc":"Xdiag Pro Max ThinkDiag 2 set with 10\" tablet, OBD2 connector & license for Passenger Cars + EV + IMMO. Expandable with Truck, Tractor & Motorcycle support.","_seopress_robots_index":"","_kad_blocks_custom_css":"","_kad_blocks_head_custom_js":"","_kad_blocks_body_custom_js":"","_kad_blocks_footer_custom_js":"","_kad_post_transparent":"default","_kad_post_title":"","_kad_post_layout":"default","_kad_post_sidebar_id":"","_kad_post_content_style":"default","_kad_post_vertical_padding":"default","_kad_post_feature":"","_kad_post_feature_position":"","_kad_post_header":false,"_kad_post_footer":false,"iawp_total_views":660},"product_cat":[23,26],"product_tag":[],"class_list":{"0":"post-5210","1":"product","2":"type-product","3":"status-publish","4":"has-post-thumbnail","6":"product_cat-diagnostics","7":"product_cat-xdiag","9":"first","10":"instock","11":"sale","12":"shipping-taxable","13":"purchasable","14":"product-type-simple","15":"entry","16":"content-bg","17":"loop-entry"},"exclude_global_add_ons":[],"addons":[],"taxonomy_info":{"product_cat":[{"value":23,"label":"Diagnostics full set"},{"value":26,"label":"xdiag"}]},"featured_image_src_large":["https:\/\/xdiag.org\/wp-content\/uploads\/2025\/09\/Xdiag_Thinkdiag2_veliki_tablet.jpeg",600,600,false],"author_info":[],"comment_info":"","_links":{"self":[{"href":"https:\/\/xdiag.org\/cs\/wp-json\/wp\/v2\/product\/5210","targetHints":{"allow":["GET"]}}],"collection":[{"href":"https:\/\/xdiag.org\/cs\/wp-json\/wp\/v2\/product"}],"about":[{"href":"https:\/\/xdiag.org\/cs\/wp-json\/wp\/v2\/types\/product"}],"wp:featuredmedia":[{"embeddable":true,"href":"https:\/\/xdiag.org\/cs\/wp-json\/wp\/v2\/media\/5209"}],"wp:attachment":[{"href":"https:\/\/xdiag.org\/cs\/wp-json\/wp\/v2\/media?parent=5210"}],"wp:term":[{"taxonomy":"product_cat","embeddable":true,"href":"https:\/\/xdiag.org\/cs\/wp-json\/wp\/v2\/product_cat?post=5210"},{"taxonomy":"product_tag","embeddable":true,"href":"https:\/\/xdiag.org\/cs\/wp-json\/wp\/v2\/product_tag?post=5210"}],"curies":[{"name":"wp","href":"https:\/\/api.w.org\/{rel}","templated":true}]}}