{"id":5212,"date":"2025-09-28T13:51:41","date_gmt":"2025-09-28T11:51:41","guid":{"rendered":"https:\/\/xdiag.org\/?post_type=product&#038;p=5212"},"modified":"2025-10-11T11:17:17","modified_gmt":"2025-10-11T09:17:17","slug":"xdiag-elite-diagnostic-set-ediag-plus","status":"publish","type":"product","link":"https:\/\/xdiag.org\/cs\/product\/xdiag-elite-diagnostic-set-ediag-plus\/","title":{"rendered":"Xdiag Elite Diagnostic Set Ediag Plus"},"content":{"rendered":"<p data-start=\"2694\" data-end=\"2816\" class=\" translation-block\"><strong data-start=\"2698\" data-end=\"2733\">Xdiag Elite Diagnostic Set Ediag Plus<\/strong> nab\u00edz\u00ed cenov\u011b efektivn\u00ed, a p\u0159itom profesion\u00e1ln\u00ed \u0159e\u0161en\u00ed pro autoservisy i nad\u0161ence.<\/p>\n<p data-start=\"2818\" data-end=\"3012\" class=\" translation-block\">Obsahuje <strong data-start=\"2831\" data-end=\"2870\">Ediag Plus OBD2 Bluetooth connector<\/strong> spolu s <strong data-start=\"2878\" data-end=\"2930\">10palcov\u00fdm Android tabletem (3GB RAM \/ 128GB \u00falo\u017ei\u0161t\u011b)<\/strong> v odoln\u00e9m pouzd\u0159e. P\u0159edkonfigurov\u00e1no pro <strong data-start=\"2967\" data-end=\"2976\">Xdiag<\/strong> a pln\u011b otestov\u00e1no p\u0159ed odesl\u00e1n\u00edm.<\/p>\n<h3 data-start=\"3014\" data-end=\"3060\">Kl\u00ed\u010dov\u00e9 vlastnosti konektoru Ediag Plus<\/h3>\n<p data-start=\"3061\" data-end=\"3425\">\ud83d\udd34 Stable Bluetooth connection (5.0\/5.1).<br data-start=\"3102\" data-end=\"3105\" \/>\u26ab Protocol Support \u2013 ISO9141, KWP2000, J1850 VPW, J1850 PWM, CAN, UDS, DOIP, CAN-FD.<br data-start=\"3189\" data-end=\"3192\" \/>\ud83d\udd34 Service Functions (40+) \u2013 DPF regen, oil reset, BMS, TPMS, injector coding, immobilizer.<br data-start=\"3283\" data-end=\"3286\" \/>\u26ab ECU-Level Diagnostics \u2013 Coding, adaptations, bidirectional tests.<br data-start=\"3353\" data-end=\"3356\" \/>\ud83d\udd34 ABS+PC+TPU housing with LEDs.<br data-start=\"3388\" data-end=\"3391\" \/>\u26ab Includes OBD2 extension cable.<\/p>\n<h3 data-start=\"3427\" data-end=\"3454\">Specifikace tabletu<\/h3>\n<p data-start=\"3455\" data-end=\"3588\">\ud83d\udd34 10-Inch Display.<br data-start=\"3474\" data-end=\"3477\" \/>\u26ab 3GB RAM \/ 128GB storage.<br data-start=\"3503\" data-end=\"3506\" \/>\ud83d\udd34 Optimized for Xdiag software.<br data-start=\"3538\" data-end=\"3541\" \/>\u26ab Protective case.<br data-start=\"3559\" data-end=\"3562\" \/>\ud83d\udd34 Long battery runtime.<\/p>\n<h3 data-start=\"3590\" data-end=\"3626\">Podporovan\u00e9 diagnostick\u00e9 protokoly<\/h3>\n<p data-start=\"3627\" data-end=\"3991\">\ud83d\udd34 <strong data-start=\"3630\" data-end=\"3649\">ISO9141\/KWP2000<\/strong> \u2013 Toyota, Nissan, Fiat, VW, Audi.<br data-start=\"3683\" data-end=\"3686\" \/>\u26ab <strong data-start=\"3688\" data-end=\"3705\">J1850 VPW\/PWM<\/strong> \u2013 US brands (Ford, Chrysler, GM).<br data-start=\"3739\" data-end=\"3742\" \/>\ud83d\udd34 <strong data-start=\"3745\" data-end=\"3752\">CAN<\/strong> \u2013 Most cars built after 2008.<br data-start=\"3782\" data-end=\"3785\" \/>\u26ab <strong data-start=\"3787\" data-end=\"3794\">UDS<\/strong> \u2013 Used by VW group, BMW, Mercedes, Peugeot.<br data-start=\"3838\" data-end=\"3841\" \/>\ud83d\udd34 <strong data-start=\"3844\" data-end=\"3852\">DOIP<\/strong> \u2013 Ethernet-based diagnostics for Jaguar, Land Rover, Volvo.<br data-start=\"3912\" data-end=\"3915\" \/>\u26ab <strong data-start=\"3917\" data-end=\"3927\">CAN-FD<\/strong> \u2013 Faster comms for GM (2020+), Opel, VW MQB, new Hyundai\/Kia.<\/p>\n<h3 data-start=\"3993\" data-end=\"4015\">Pokryt\u00ed vozidel<\/h3>\n<p data-start=\"4016\" data-end=\"4193\">\ud83d\udd34 Cars &amp; EVs \u2013 VW, Audi, BMW, Mercedes, Peugeot, Volvo, Ford, GM, Chrysler, Toyota, Honda, Nissan, Hyundai, Kia, BYD, Geely &#8230;.<br data-start=\"4141\" data-end=\"4144\" \/>\u26ab IMMO \u2013 Immobilizer reset and key programming.<\/p>\n<p data-start=\"4195\" data-end=\"4245\">\ud83d\udc49 Optional <strong data-start=\"4207\" data-end=\"4237\">Trucks &amp; Machinery license<\/strong> adds:<\/p>\n<ul data-start=\"4246\" data-end=\"4440\">\n<li data-start=\"4246\" data-end=\"4311\">\n<p data-start=\"4248\" data-end=\"4311\" class=\" translation-block\"><strong data-start=\"4248\" data-end=\"4264\">T\u011b\u017ek\u00e9 n\u00e1kladn\u00ed vozy<\/strong>: MAN, Scania, Volvo Trucks, Mercedes, Iveco \u2026.<\/p>\n<\/li>\n<li data-start=\"4312\" data-end=\"4382\">\n<p data-start=\"4314\" data-end=\"4382\" class=\" translation-block\"><strong data-start=\"4314\" data-end=\"4330\">Zem\u011bd\u011blstv\u00ed<\/strong>: John Deere, Fendt, New Holland, Massey Ferguson \u2026.<\/p>\n<\/li>\n<li data-start=\"4383\" data-end=\"4440\">\n<p data-start=\"4385\" data-end=\"4440\" class=\" translation-block\"><strong data-start=\"4385\" data-end=\"4401\">Stavebnictv\u00ed<\/strong>: Caterpillar, Komatsu, JCB, Hitachi \u2026.<\/p>\n<\/li>\n<\/ul>\n<h2 data-start=\"1518\" data-end=\"1544\">Specifikace tabletu<\/h2>\n<p data-start=\"1545\" data-end=\"1957\">\ud83d\udd34 <strong data-start=\"1548\" data-end=\"1582\">10-Inch High-Resolution Display<\/strong> \u2013 Bright and clear, ideal for workshop environments.<br data-start=\"1635\" data-end=\"1638\" \/>\u26ab <strong data-start=\"1640\" data-end=\"1664\">Performance Hardware<\/strong> \u2013 3GB RAM \/ 128 GB Storage for smooth multitasking.<br data-start=\"1714\" data-end=\"1717\" \/>\ud83d\udd34 <strong data-start=\"1720\" data-end=\"1743\">Optimized for Xdiag<\/strong> \u2013 Pre-configured for maximum compatibility.<br data-start=\"1787\" data-end=\"1790\" \/>\u26ab <strong data-start=\"1792\" data-end=\"1819\">Durable Protective Case<\/strong> \u2013 Long-lasting protection in busy workshop conditions.<br data-start=\"1874\" data-end=\"1877\" \/>\ud83d\udd34 <strong data-start=\"1880\" data-end=\"1901\">Long Battery Life<\/strong> \u2013 Designed to last through a full day of diagnostics.<\/p>\n<h2 data-start=\"1964\" data-end=\"1985\">Pokryt\u00ed vozidel<\/h2>\n<p data-start=\"1986\" data-end=\"2457\">\ud83d\udd34 <strong data-start=\"1989\" data-end=\"2020\">Passenger Cars &amp; EV\/Hybrids<\/strong> \u2013 European (VW, Audi, BMW, Mercedes, Peugeot, Fiat, Volvo), American (Ford, GM, Chrysler), Asian (Toyota, Honda, Nissan, Hyundai, Kia), Chinese brands &#8230;.<br data-start=\"2176\" data-end=\"2179\" \/>\u26ab <strong data-start=\"2181\" data-end=\"2199\">IMMO Functions<\/strong> \u2013 Immobilizer and key programming support.<br data-start=\"2242\" data-end=\"2245\" \/>\ud83d\udd34 <a href=\"https:\/\/xdiag.org\/product\/xdiag-1-year-subscription-for-all-connectors-cars\/\"><strong data-start=\"2248\" data-end=\"2269\">Optional Licenses<\/strong> \u2013 Add Heavy Trucks, Tractors, Motorcycles, or Construction Machinery.<\/a><br data-start=\"2339\" data-end=\"2342\" \/>\u26ab <strong data-start=\"2344\" data-end=\"2362\">Important Note<\/strong> \u2013 For Heavy Truck diagnostics, a <a href=\"https:\/\/xdiag.org\/product\/xdiag-x431-adapter-obd2-connector\/\"><strong data-start=\"2396\" data-end=\"2426\">24V to 12V power converter<\/strong><\/a> is required to avoid damage.<\/p>\n<h2 data-start=\"2464\" data-end=\"2488\">Informace o licenci<\/h2>\n<p data-start=\"2489\" data-end=\"2680\">This diagnostic kit <strong data-start=\"2509\" data-end=\"2574\">includes a valid Xdiag license for Passenger Cars + EV + IMMO<\/strong>.<br data-start=\"2575\" data-end=\"2578\" \/>\ud83d\udc49 Additional licenses <a href=\"https:\/\/xdiag.org\/product\/xdiag-1-year-subscription-for-all-connectors-cars\/\">(Trucks, Tractors, Motorcycles, Heavy Equipment)<\/a> can be purchased separately.<\/p>\n<h2 data-start=\"2687\" data-end=\"2728\">Pro\u010d zvolit sadu Xdiag Elite Ediag Plus?<\/h2>\n<p data-start=\"2729\" data-end=\"3051\">\ud83d\udd34 Cost-effective Thinkdiag 2 with full Xdiag compatibility.<br data-start=\"2798\" data-end=\"2801\" \/>\u26ab Pre-tested, pre-configured Android tablet for plug &amp; play use.<br data-start=\"2865\" data-end=\"2868\" \/>\ud83d\udd34 Professional functions &amp; protocols (CAN-FD, UDS, DOIP ready).<br data-start=\"2932\" data-end=\"2935\" \/>\u26ab Wide global brand coverage with constant updates.<br data-start=\"2986\" data-end=\"2989\" \/>\ud83d\udd34 Reliable, workshop-ready solution at a competitive price.<\/p>\n<p data-start=\"3058\" data-end=\"3316\">\u2705 In short, the <strong data-start=\"3074\" data-end=\"3109\">Xdiag Elite Diagnostic Set Ediag Plus<\/strong> is a complete, budget-friendly solution that combines powerful OBD2 diagnostics, wide vehicle coverage, and a professional Android tablet \u2013 making it the perfect choice for both workshops and enthusiasts.<\/p>","protected":false},"excerpt":{"rendered":"<p>Xdiag Elite Diagnostic Set Ediag Plus obsahuje 10\u2033 Android tablet (3 \/ 128 GB), OBD2 konektor Ediag+ a licenci pro osobn\u00ed vozy, elektromobily a IMMO. K dispozici jsou voliteln\u00e1 roz\u0161\u00ed\u0159en\u00ed pro n\u00e1kladn\u00ed vozidla, traktory, motocykly a t\u011b\u017ekou techniku.<\/p>","protected":false},"featured_media":5208,"template":"","meta":{"_seopress_robots_primary_cat":"26","_seopress_titles_title":"Xdiag Elite Diagnostic Set Ediag Plus \u2013 OBD2 Scanner with 8\" Tablet & License","_seopress_titles_desc":"Get the Xdiag Diagnostic Set Ediag Plus with 10 \" Android tablet (3\/128GB), protective case, and Bluetooth OBD2 connector. Includes Passenger Cars + EV + IMMO license. Optional upgrades available for Trucks, Tractors, Motorcycles & Machinery. Supports CAN-FD, UDS, bi-directional tests & 40+ service functions.","_seopress_robots_index":"","_kad_blocks_custom_css":"","_kad_blocks_head_custom_js":"","_kad_blocks_body_custom_js":"","_kad_blocks_footer_custom_js":"","_kad_post_transparent":"default","_kad_post_title":"","_kad_post_layout":"default","_kad_post_sidebar_id":"","_kad_post_content_style":"default","_kad_post_vertical_padding":"default","_kad_post_feature":"","_kad_post_feature_position":"","_kad_post_header":false,"_kad_post_footer":false,"iawp_total_views":678},"product_cat":[23,26],"product_tag":[],"class_list":{"0":"post-5212","1":"product","2":"type-product","3":"status-publish","4":"has-post-thumbnail","6":"product_cat-diagnostics","7":"product_cat-xdiag","9":"first","10":"instock","11":"sale","12":"shipping-taxable","13":"purchasable","14":"product-type-simple","15":"entry","16":"content-bg","17":"loop-entry"},"exclude_global_add_ons":[],"addons":[],"taxonomy_info":{"product_cat":[{"value":23,"label":"Diagnostics full set"},{"value":26,"label":"xdiag"}]},"featured_image_src_large":["https:\/\/xdiag.org\/wp-content\/uploads\/2025\/09\/Xdiag_EdiagPlus_veliki_tablet.jpeg",600,600,false],"author_info":[],"comment_info":"","_links":{"self":[{"href":"https:\/\/xdiag.org\/cs\/wp-json\/wp\/v2\/product\/5212","targetHints":{"allow":["GET"]}}],"collection":[{"href":"https:\/\/xdiag.org\/cs\/wp-json\/wp\/v2\/product"}],"about":[{"href":"https:\/\/xdiag.org\/cs\/wp-json\/wp\/v2\/types\/product"}],"wp:featuredmedia":[{"embeddable":true,"href":"https:\/\/xdiag.org\/cs\/wp-json\/wp\/v2\/media\/5208"}],"wp:attachment":[{"href":"https:\/\/xdiag.org\/cs\/wp-json\/wp\/v2\/media?parent=5212"}],"wp:term":[{"taxonomy":"product_cat","embeddable":true,"href":"https:\/\/xdiag.org\/cs\/wp-json\/wp\/v2\/product_cat?post=5212"},{"taxonomy":"product_tag","embeddable":true,"href":"https:\/\/xdiag.org\/cs\/wp-json\/wp\/v2\/product_tag?post=5212"}],"curies":[{"name":"wp","href":"https:\/\/api.w.org\/{rel}","templated":true}]}}