{"id":5230,"date":"2025-09-28T18:33:09","date_gmt":"2025-09-28T16:33:09","guid":{"rendered":"https:\/\/xdiag.org\/?post_type=product&#038;p=5230"},"modified":"2025-09-28T18:33:10","modified_gmt":"2025-09-28T16:33:10","slug":"launch-vsp600-videoscope-camera-endoscope","status":"publish","type":"product","link":"https:\/\/xdiag.org\/cs\/product\/launch-vsp600-videoscope-camera-endoscope\/","title":{"rendered":"Videoskopick\u00e1 endoskopick\u00e1 kamera Launch VSP600"},"content":{"rendered":"<p data-start=\"127\" data-end=\"357\">Toto za\u0159\u00edzen\u00ed je zcela nov\u00e9, pln\u011b otestovan\u00e9 z hlediska kvality a navr\u017een\u00e9 tak, aby poskytovalo profesion\u00e1ln\u00ed mo\u017enosti vizu\u00e1ln\u00ed kontroly pro automobilovou diagnostiku.<\/p>\n<p data-start=\"359\" data-end=\"591\">\u26a0\ufe0f <strong data-start=\"362\" data-end=\"382\">D\u016fle\u017eit\u00e9 upozorn\u011bn\u00ed<\/strong><br data-start=\"382\" data-end=\"385\" \/>The VSP-600 is delivered without any diagnostic software.<br data-start=\"442\" data-end=\"445\" \/>\ud83d\udc49 To use it for vehicle inspections in conjunction with Xdiag or other diagnostic tools, a compatible inspection app or module may be required.<\/p>\n<p data-start=\"593\" data-end=\"821\">\u26ab <strong data-start=\"595\" data-end=\"617\">Support &amp; Guidance<\/strong><br data-start=\"617\" data-end=\"620\" \/>Need help setting up or using the inspection camera?<br data-start=\"672\" data-end=\"675\" \/>Our team is ready to provide step-by-step support. Contact us anytime if you need assistance integrating the VSP-600 with your diagnostic setup.<\/p>\n<p data-start=\"823\" data-end=\"1049\">\u26ab <strong data-start=\"825\" data-end=\"846\">Quality Assurance<\/strong><br data-start=\"846\" data-end=\"849\" \/>Every Launch VSP-600 undergoes rigorous testing before shipping.<br data-start=\"913\" data-end=\"916\" \/>We check camera clarity, cable integrity, waterproof seals, and connectivity to ensure reliable operation and long-term durability.<\/p>\n<p data-start=\"1082\" data-end=\"1312\" class=\" translation-block\"><strong data-start=\"1086\" data-end=\"1122\">Launch VSP-600 Inspection Camera<\/strong> je profesion\u00e1ln\u00ed n\u00e1stroj pro vizu\u00e1ln\u00ed kontrolu ur\u010den\u00fd pro automobilovou diagnostiku. Umo\u017e\u0148uje kontrolu st\u00edsn\u011bn\u00fdch prostor, potrub\u00ed, motorov\u00fdch prostor\u016f a komponent, kter\u00e9 jsou jinak obt\u00ed\u017en\u011b p\u0159\u00edstupn\u00e9.<\/p>\n<p data-start=\"1314\" data-end=\"1555\">\ud83d\udd34 Vysokodefini\u010dn\u00ed kamerov\u00fd modul s nastaviteln\u00fdm LED osv\u011btlen\u00edm<br data-start=\"1375\" data-end=\"1378\" \/>\u26ab Flexibiln\u00ed, vodot\u011bsn\u00e1 sonda pro st\u00edsn\u011bn\u00e9 prostory<br data-start=\"1425\" data-end=\"1428\" \/>\ud83d\udd34 Durable housing and cable suited for workshop use<br data-start=\"1480\" data-end=\"1483\" \/>\u26ab Compatible with inspection software or modules in diagnostic systems<\/p>\n<h2 data-start=\"1562\" data-end=\"1593\">Pro\u010d si vybrat Launch VSP-600?<\/h2>\n<p data-start=\"1595\" data-end=\"1827\">\ud83d\udd34 Profesion\u00e1ln\u00ed inspek\u010dn\u00ed kamera pro automobilov\u00e9 prost\u0159ed\u00ed<br data-start=\"1656\" data-end=\"1659\" \/>\u26ab Testov\u00e1na z hlediska optick\u00e9 \u010distoty a mechanick\u00e9 odolnosti<br data-start=\"1713\" data-end=\"1716\" \/>\ud83d\udd34 Ide\u00e1ln\u00ed dopl\u0148kov\u00fd n\u00e1stroj pro diagnostick\u00e9 techniky<br data-start=\"1763\" data-end=\"1766\" \/>\u26ab Dokonal\u00fd dopln\u011bk pro OBD2 skenery a diagnostick\u00e9 tablety<\/p>\n<p data-start=\"1834\" data-end=\"2042\">\u2705 <strong data-start=\"1836\" data-end=\"2040\">In short, the Launch VSP-600 Inspection Camera is a robust, high-clarity visual tool designed to help mechanics and diagnostic professionals inspect hard-to-reach areas with precision and reliability.<\/strong><\/p>\n<p>&nbsp;<\/p>\n<p>&nbsp;<\/p>\n<p>&nbsp;<\/p>","protected":false},"excerpt":{"rendered":"<p>Inspek\u010dn\u00ed kamera Launch VSP-600 je profesion\u00e1ln\u00ed n\u00e1stroj pro vizu\u00e1ln\u00ed kontrolu, navr\u017een\u00fd pro diagnostiku Xdiag. D\u00edky HD kame\u0159e, LED osv\u011btlen\u00ed a flexibiln\u00ed vodot\u011bsn\u00e9 sond\u011b umo\u017e\u0148uje p\u0159esnou kontrolu obt\u00ed\u017en\u011b p\u0159\u00edstupn\u00fdch m\u00edst.<\/p>\n<p>&nbsp;<\/p>\n<p>&nbsp;<\/p>\n<p>&nbsp;<\/p>","protected":false},"featured_media":5171,"template":"","meta":{"_seopress_robots_primary_cat":"26","_seopress_titles_title":"Launch VSP-600 Inspection Camera \u2013 Professional Visual Tool for Xdiag Diagnostics","_seopress_titles_desc":"Buy the Launch VSP-600 Inspection Camera \u2013 high-definition camera with LED lighting, waterproof probe, and durable housing. Perfect add-on for Xdiag diagnostic tablets.","_seopress_robots_index":"","_kad_blocks_custom_css":"","_kad_blocks_head_custom_js":"","_kad_blocks_body_custom_js":"","_kad_blocks_footer_custom_js":"","_kad_post_transparent":"default","_kad_post_title":"","_kad_post_layout":"default","_kad_post_sidebar_id":"","_kad_post_content_style":"default","_kad_post_vertical_padding":"default","_kad_post_feature":"","_kad_post_feature_position":"","_kad_post_header":false,"_kad_post_footer":false,"iawp_total_views":120},"product_cat":[25,26],"product_tag":[45,46,43,44],"class_list":{"0":"post-5230","1":"product","2":"type-product","3":"status-publish","4":"has-post-thumbnail","6":"product_cat-adapters","7":"product_cat-xdiag","8":"product_tag-camera","9":"product_tag-endoscope","10":"product_tag-launch","11":"product_tag-vsp600","13":"first","14":"instock","15":"shipping-taxable","16":"purchasable","17":"product-type-simple","18":"entry","19":"content-bg","20":"loop-entry"},"exclude_global_add_ons":[],"addons":[],"taxonomy_info":{"product_cat":[{"value":25,"label":"Adapters"},{"value":26,"label":"xdiag"}],"product_tag":[{"value":45,"label":"Camera"},{"value":46,"label":"Endoscope"},{"value":43,"label":"Launch"},{"value":44,"label":"VSP600"}]},"featured_image_src_large":["https:\/\/xdiag.org\/wp-content\/uploads\/2025\/09\/Xdiag_Launch_VSP_600_1.jpg",600,600,false],"author_info":[],"comment_info":"","_links":{"self":[{"href":"https:\/\/xdiag.org\/cs\/wp-json\/wp\/v2\/product\/5230","targetHints":{"allow":["GET"]}}],"collection":[{"href":"https:\/\/xdiag.org\/cs\/wp-json\/wp\/v2\/product"}],"about":[{"href":"https:\/\/xdiag.org\/cs\/wp-json\/wp\/v2\/types\/product"}],"wp:featuredmedia":[{"embeddable":true,"href":"https:\/\/xdiag.org\/cs\/wp-json\/wp\/v2\/media\/5171"}],"wp:attachment":[{"href":"https:\/\/xdiag.org\/cs\/wp-json\/wp\/v2\/media?parent=5230"}],"wp:term":[{"taxonomy":"product_cat","embeddable":true,"href":"https:\/\/xdiag.org\/cs\/wp-json\/wp\/v2\/product_cat?post=5230"},{"taxonomy":"product_tag","embeddable":true,"href":"https:\/\/xdiag.org\/cs\/wp-json\/wp\/v2\/product_tag?post=5230"}],"curies":[{"name":"wp","href":"https:\/\/api.w.org\/{rel}","templated":true}]}}