{"id":5231,"date":"2025-09-28T18:41:33","date_gmt":"2025-09-28T16:41:33","guid":{"rendered":"https:\/\/xdiag.org\/?post_type=product&#038;p=5231"},"modified":"2025-11-15T18:03:52","modified_gmt":"2025-11-15T17:03:52","slug":"launch-doip-obd2-16-pin-adapter-cable","status":"publish","type":"product","link":"https:\/\/xdiag.org\/cs\/product\/launch-doip-obd2-16-pin-adapter-cable\/","title":{"rendered":"Launch DOIP OBD2 16 Pin Adapter Cable \u2013 Kompatibiln\u00ed s DBScar VII"},"content":{"rendered":"<p data-start=\"200\" data-end=\"572\" class=\" translation-block\"><strong data-start=\"204\" data-end=\"231\">DOIP OBD2 Adapter Cable<\/strong> je profesion\u00e1ln\u00ed p\u0159\u00edslu\u0161enstv\u00ed ur\u010den\u00e9 k odem\u010den\u00ed pokro\u010dil\u00e9 diagnostiky u vozidel vyu\u017e\u00edvaj\u00edc\u00edch standard <strong data-start=\"325\" data-end=\"370\">DOIP (Diagnostics over Internet Protocol)<\/strong>.<br data-start=\"380\" data-end=\"383\">Je speci\u00e1ln\u011b navr\u017een pro pou\u017eit\u00ed s konektory <strong data-start=\"418\" data-end=\"432\">DBScar VII<\/strong> a <strong data-start=\"437\" data-end=\"452\">ThinkDiag 2<\/strong> a zaru\u010duje stabiln\u00ed v\u00fdkon, rychlou komunikaci a dlouhodobou odolnost v servisn\u00edm prost\u0159ed\u00ed.<\/p>\n<h2 data-start=\"579\" data-end=\"603\">\u00a0Vlastnosti produktu<\/h2>\n<p data-start=\"605\" data-end=\"888\">\u26ab Pln\u011b kompatibiln\u00ed s <strong data-start=\"629\" data-end=\"643\">DBScar VII<\/strong> a <strong data-start=\"648\" data-end=\"663\">ThinkDiag 2<\/strong><br data-start=\"663\" data-end=\"666\" \/>\ud83d\udd34 Umo\u017e\u0148uje diagnostiku vozidel vy\u017eaduj\u00edc\u00edch <strong data-start=\"715\" data-end=\"732\">protokol DOIP<\/strong><br data-start=\"732\" data-end=\"735\" \/>\u26ab Spolehliv\u00e9 OBD2 16pinov\u00e9 plug &amp; play p\u0159ipojen\u00ed<br data-start=\"780\" data-end=\"783\" \/>\ud83d\udd34 Testov\u00e1no a ov\u011b\u0159eno na <strong data-start=\"813\" data-end=\"831\">platforma Xdiag<\/strong><br data-start=\"831\" data-end=\"834\" \/>\u26ab Vyroben z vyztu\u017een\u00fdch materi\u00e1l\u016f pro n\u00e1ro\u010dn\u00e9 pou\u017eit\u00ed<\/p>\n<h2 data-start=\"895\" data-end=\"919\">\u00a0Pro\u010d je DOIP d\u016fle\u017eit\u00fd<\/h2>\n<p data-start=\"921\" data-end=\"1229\" class=\" translation-block\"><strong data-start=\"921\" data-end=\"966\">DOIP (Diagnostics over Internet Protocol)<\/strong> je nejnov\u011bj\u0161\u00ed diagnostick\u00fd standard v automobilov\u00e9m pr\u016fmyslu. Na rozd\u00edl od tradi\u010dn\u00edch sb\u011brnic CAN vyu\u017e\u00edv\u00e1 DOIP Ethernet pro v\u00fdrazn\u011b vy\u0161\u0161\u00ed p\u0159enosovou kapacitu a rychlej\u0161\u00ed p\u0159enos dat. D\u00edky tomu je nezbytn\u00fd pro modern\u00ed vozidla s komplexn\u00edmi ECU a pokro\u010dil\u00fdmi funkcemi.<\/p>\n<p data-start=\"1231\" data-end=\"1589\">\u26ab <strong data-start=\"1233\" data-end=\"1261\">Vysokorychlostn\u00ed komunikace<\/strong> \u2013 Rychlej\u0161\u00ed p\u0159enos dat ve srovn\u00e1n\u00ed s CAN.<br data-start=\"1301\" data-end=\"1304\" \/>\ud83d\udd34 <strong data-start=\"1307\" data-end=\"1332\">Podpora pr\u00e9miov\u00fdch zna\u010dek<\/strong> \u2013 Vy\u017eadov\u00e1no zna\u010dkami, jako jsou <strong data-start=\"1362\" data-end=\"1414\">BMW, Mercedes-Benz, Volvo, JLR, Porsche, VW\/Audi<\/strong>.<br data-start=\"1415\" data-end=\"1418\" \/>\u26ab <strong data-start=\"1420\" data-end=\"1439\">Pokro\u010dil\u00e9 k\u00f3dov\u00e1n\u00ed<\/strong> \u2013 Umo\u017e\u0148uje programov\u00e1n\u00ed ECU, aktualizace softwaru a online k\u00f3dov\u00e1n\u00ed.<br data-start=\"1503\" data-end=\"1506\" \/>\ud83d\udd34 <strong data-start=\"1509\" data-end=\"1525\">P\u0159ipraveno na budoucnost<\/strong> \u2013 Navr\u017eeno pro platformy elektromobil\u016f a hybrid\u016f s vysok\u00fdmi n\u00e1roky na data.<\/p>\n<h2 data-start=\"1596\" data-end=\"1620\">Obsah balen\u00ed<\/h2>\n<p data-start=\"1622\" data-end=\"1651\">1 \u00d7 DOIP OBD2 adapta\u010dn\u00ed kabel<\/p>\n<p data-start=\"1658\" data-end=\"1845\">\u2705 The <strong data-start=\"1664\" data-end=\"1691\">DOIP OBD2 Adapter Cable<\/strong> is an essential add-on for any workshop using Xdiag with DBScar VII or ThinkDiag 2, ensuring full compatibility with the latest vehicles and protocols.<\/p>","protected":false},"excerpt":{"rendered":"<p data-start=\"1680\" data-end=\"1985\" class=\" translation-block\"><strong data-start=\"1684\" data-end=\"1717\">Xdiag DOIP OBD2 Adapter Cable<\/strong> umo\u017e\u0148uje diagnostiku vozidel vyu\u017e\u00edvaj\u00edc\u00edch protokol DOIP, v\u010detn\u011b BMW, Mercedes, Volvo, Porsche, JLR a VW\/Audi. Je navr\u017een pro DBScar VII a ThinkDiag 2 a zaji\u0161\u0165uje rychlou Ethernetovou komunikaci, spolehliv\u00e9 k\u00f3dov\u00e1n\u00ed a kompatibilitu p\u0159ipravenou na budoucnost pro elektromobily a hybridy.<\/p>\n<p>&nbsp;<\/p>","protected":false},"featured_media":5164,"template":"","meta":{"_seopress_robots_primary_cat":"24","_seopress_titles_title":"Xdiag DOIP OBD2 Adapter Cable \u2013 Supports BMW, Mercedes, Porsche, Volvo, JLR, VW\/Audi","_seopress_titles_desc":"Xdiag DOIP OBD2 Adapter Cable \u2013 designed for DBScar VII and ThinkDiag 2 connectors. Supports BMW, Mercedes, Volvo, Porsche, JLR, VW\/Audi with DOIP protocol for high-speed diagnostics, ECU coding, and online programming.","_seopress_robots_index":"","_kad_blocks_custom_css":"","_kad_blocks_head_custom_js":"","_kad_blocks_body_custom_js":"","_kad_blocks_footer_custom_js":"","_kad_post_transparent":"default","_kad_post_title":"","_kad_post_layout":"default","_kad_post_sidebar_id":"","_kad_post_content_style":"default","_kad_post_vertical_padding":"default","_kad_post_feature":"","_kad_post_feature_position":"","_kad_post_header":false,"_kad_post_footer":false,"iawp_total_views":287},"product_cat":[24,26],"product_tag":[40,39,47,42,41],"class_list":{"0":"post-5231","1":"product","2":"type-product","3":"status-publish","4":"has-post-thumbnail","6":"product_cat-cables","7":"product_cat-xdiag","8":"product_tag-dbscar-7","9":"product_tag-doip","10":"product_tag-doip-cable","11":"product_tag-obd2","12":"product_tag-xdiag-pro","14":"first","15":"instock","16":"shipping-taxable","17":"purchasable","18":"product-type-simple","19":"entry","20":"content-bg","21":"loop-entry"},"exclude_global_add_ons":[],"addons":[],"taxonomy_info":{"product_cat":[{"value":24,"label":"Cables"},{"value":26,"label":"xdiag"}],"product_tag":[{"value":40,"label":"DBSCAR 7"},{"value":39,"label":"DOIP"},{"value":47,"label":"doip cable"},{"value":42,"label":"OBD2"},{"value":41,"label":"XDIAG PRO"}]},"featured_image_src_large":["https:\/\/xdiag.org\/wp-content\/uploads\/2025\/09\/Launch_DOIP_Connector_3.jpg",600,600,false],"author_info":[],"comment_info":"","_links":{"self":[{"href":"https:\/\/xdiag.org\/cs\/wp-json\/wp\/v2\/product\/5231","targetHints":{"allow":["GET"]}}],"collection":[{"href":"https:\/\/xdiag.org\/cs\/wp-json\/wp\/v2\/product"}],"about":[{"href":"https:\/\/xdiag.org\/cs\/wp-json\/wp\/v2\/types\/product"}],"wp:featuredmedia":[{"embeddable":true,"href":"https:\/\/xdiag.org\/cs\/wp-json\/wp\/v2\/media\/5164"}],"wp:attachment":[{"href":"https:\/\/xdiag.org\/cs\/wp-json\/wp\/v2\/media?parent=5231"}],"wp:term":[{"taxonomy":"product_cat","embeddable":true,"href":"https:\/\/xdiag.org\/cs\/wp-json\/wp\/v2\/product_cat?post=5231"},{"taxonomy":"product_tag","embeddable":true,"href":"https:\/\/xdiag.org\/cs\/wp-json\/wp\/v2\/product_tag?post=5231"}],"curies":[{"name":"wp","href":"https:\/\/api.w.org\/{rel}","templated":true}]}}