{"id":5232,"date":"2025-09-28T18:53:27","date_gmt":"2025-09-28T16:53:27","guid":{"rendered":"https:\/\/xdiag.org\/?post_type=product&#038;p=5232"},"modified":"2026-03-17T14:41:52","modified_gmt":"2026-03-17T13:41:52","slug":"launch-obd2-dbscar-1","status":"publish","type":"product","link":"https:\/\/xdiag.org\/cs\/product\/launch-obd2-dbscar-1\/","title":{"rendered":"Obd2 Dbscar 1 X431"},"content":{"rendered":"<p data-start=\"176\" data-end=\"449\" class=\" translation-block\">The <strong data-start=\"180\" data-end=\"210\">DBScar 1 Bluetooth Adapter<\/strong> je kompaktn\u00ed a profesion\u00e1ln\u00ed OBD2 konektor vyvinut\u00fd spole\u010dnost\u00ed Launch, pln\u011b kompatibiln\u00ed s <strong data-start=\"303\" data-end=\"321\">Xdiag platform<\/strong>. Bezprobl\u00e9mov\u011b se p\u0159ipojuje k tablet\u016fm a chytr\u00fdm telefon\u016fm s Androidem a zaji\u0161\u0165uje stabiln\u00ed diagnostiku, streamov\u00e1n\u00ed \u017eiv\u00fdch dat a p\u0159\u00edstup k ECU.<\/p>\n<p data-start=\"451\" data-end=\"886\">\u26ab <strong data-start=\"453\" data-end=\"479\">Bluetooth p\u0159ipojen\u00ed<\/strong> \u2013 Vybaven <strong data-start=\"496\" data-end=\"513\">Bluetooth 4.2<\/strong>, nab\u00edz\u00ed rychl\u00e9 p\u00e1rov\u00e1n\u00ed, stabiln\u00ed p\u0159ipojen\u00ed a n\u00edzkou spot\u0159ebu energie.<br data-start=\"584\" data-end=\"587\" \/>\ud83d\udd34 <strong data-start=\"590\" data-end=\"607\">Pouze hardware<\/strong> \u2013 Obsahuje pouze adapt\u00e9r; licence Xdiag se kupuje samostatn\u011b.<br data-start=\"675\" data-end=\"678\" \/>\u26ab <strong data-start=\"680\" data-end=\"710\">P\u0159edem testov\u00e1no pro spolehlivost<\/strong> \u2013 Ka\u017ed\u00fd DBScar 1 je p\u0159ed odesl\u00e1n\u00edm testov\u00e1n, aby byla zaji\u0161t\u011bna bezchybn\u00e1 komunikace.<br data-start=\"787\" data-end=\"790\" \/>\ud83d\udd34 <strong data-start=\"793\" data-end=\"817\">Konstrukce p\u0159ipraven\u00e1 pro d\u00edlnu<\/strong> \u2013 Robustn\u00ed kryt navr\u017een\u00fd pro ka\u017edodenn\u00ed pou\u017eit\u00ed v n\u00e1ro\u010dn\u00fdch prost\u0159ed\u00edch.<\/p>\n<h2 data-start=\"893\" data-end=\"938\">\u00a0Podporovan\u00e9 protokoly a pro\u010d jsou d\u016fle\u017eit\u00e9<\/h2>\n<p data-start=\"940\" data-end=\"1073\" class=\" translation-block\">DBScar 1 podporuje v\u0161echny kl\u00ed\u010dov\u00e9 <strong data-start=\"976\" data-end=\"994\">OBD2 protocols<\/strong>, co\u017e zaji\u0161\u0165uje \u0161irokou kompatibilitu s osobn\u00edmi automobily a lehk\u00fdmi u\u017eitkov\u00fdmi vozidly po cel\u00e9m sv\u011bt\u011b:<\/p>\n<p data-start=\"1075\" data-end=\"1648\">\u26ab <strong data-start=\"1077\" data-end=\"1090\">ISO9141-2<\/strong> \u2013 B\u011b\u017en\u00fd u star\u0161\u00edch evropsk\u00fdch a asijsk\u00fdch vozidel; pou\u017e\u00edv\u00e1 se pro komunikaci s ECU.<br data-start=\"1161\" data-end=\"1164\" \/>\ud83d\udd34 <strong data-start=\"1167\" data-end=\"1189\">KWP2000 (ISO14230)<\/strong> \u2013 \u0160iroce pou\u017e\u00edvan\u00fd u vozidel z 2000. let; podporuje pokro\u010dilou diagnostiku ECU.<br data-start=\"1257\" data-end=\"1260\" \/>\u26ab <strong data-start=\"1262\" data-end=\"1279\">SAE J1850 VPW<\/strong> \u2013 P\u0159edev\u0161\u00edm pro vozidla GM na americk\u00e9m trhu.<br data-start=\"1325\" data-end=\"1328\" \/>\ud83d\udd34 <strong data-start=\"1331\" data-end=\"1348\">SAE J1850 PWM<\/strong> \u2013 Pou\u017e\u00edv\u00e1n u vozidel Ford, zejm\u00e9na v Severn\u00ed Americe.<br data-start=\"1402\" data-end=\"1405\" \/>\u26ab <strong data-start=\"1407\" data-end=\"1425\">CAN (ISO15765)<\/strong> \u2013 Standard u v\u0161ech vozidel vyroben\u00fdch po roce 2008; vysokorychlostn\u00ed diagnostika a komunikace s ECU.<br data-start=\"1512\" data-end=\"1515\" \/>\ud83d\udd34 <strong data-start=\"1518\" data-end=\"1555\">UDS (Unified Diagnostic Services)<\/strong> \u2013 Modern\u00ed protokol pou\u017e\u00edvan\u00fd zna\u010dkami VW, Audi, BMW, Mercedes a mnoha dal\u0161\u00edmi pro pokro\u010dil\u00e9 funkce.<\/p>\n<p data-start=\"1650\" data-end=\"1787\" class=\" translation-block\">Tyto protokoly zaji\u0161\u0165uj\u00ed, \u017ee DBScar 1 funguje na <strong data-start=\"1704\" data-end=\"1746\">European, American, and Asian vehicles<\/strong> a pokr\u00fdv\u00e1 miliony model\u016f po cel\u00e9m sv\u011bt\u011b.<\/p>\n<h2 data-start=\"1794\" data-end=\"1835\">Vlastnosti a specifikace produktu<\/h2>\n<p data-start=\"1837\" data-end=\"2220\">\u26ab <strong data-start=\"1839\" data-end=\"1853\">P\u0159ipojen\u00ed<\/strong> \u2013 OBD2 16pinov\u00fd konektor s Micro USB pro aktualizace.<br data-start=\"1900\" data-end=\"1903\" \/>\ud83d\udd34 <strong data-start=\"1906\" data-end=\"1923\">Kompatibilita<\/strong> \u2013 Android 7\u201313 a Android 14 (pouze 32bitov\u00e9 syst\u00e9my).<br data-start=\"1977\" data-end=\"1980\" \/>\u26ab <strong data-start=\"1982\" data-end=\"1998\">Nap\u00e1jen\u00ed<\/strong> \u2013 Provozn\u00ed nap\u011bt\u00ed 9\u201315 V.<br data-start=\"2026\" data-end=\"2029\" \/>\ud83d\udd34 <strong data-start=\"2032\" data-end=\"2051\">Working Current<\/strong> \u2013 &lt; 30 mA (n\u00edzk\u00e1 spot\u0159eba energie).<br data-start=\"2086\" data-end=\"2089\" \/>\u26ab <strong data-start=\"2091\" data-end=\"2109\">Operating Temp<\/strong> \u2013 \u201310 \u00b0C to 55 \u00b0C.<br data-start=\"2128\" data-end=\"2131\" \/>\ud83d\udd34 <strong data-start=\"2134\" data-end=\"2150\">Storage Temp<\/strong> \u2013 \u201320 \u00b0C to 70 \u00b0C.<br data-start=\"2169\" data-end=\"2172\" \/>\u26ab <strong data-start=\"2174\" data-end=\"2194\">Firmware Updates<\/strong> \u2013 P\u0159es Bluetooth nebo USB.<\/p>\n<h2 data-start=\"2227\" data-end=\"2251\">D\u016fle\u017eit\u00e9 upozorn\u011bn\u00ed<\/h2>\n<p data-start=\"2253\" data-end=\"2405\">This adapter does <strong data-start=\"2271\" data-end=\"2278\">not<\/strong> include Xdiag software or license.<br data-start=\"2313\" data-end=\"2316\" \/>\ud83d\udc49 You can purchase your desired <strong data-start=\"2349\" data-end=\"2366\">Xdiag package<\/strong> separately here: [<a href=\"https:\/\/xdiag.org\/xdiag-buy-subscription\/\">Buy Xdiag Package<\/a>]<\/p>\n<hr data-start=\"2407\" data-end=\"2410\" \/>\n<h2 data-start=\"2412\" data-end=\"2427\">\u2705 Stru\u010dn\u011b \u0159e\u010deno<\/h2>\n<p data-start=\"2429\" data-end=\"2741\" class=\" translation-block\">The <strong data-start=\"2433\" data-end=\"2463\">DBScar 1 Bluetooth Adapter<\/strong> je cenov\u011b dostupn\u00e9 a osv\u011bd\u010den\u00e9 OBD2 \u0159e\u0161en\u00ed. D\u00edky <strong data-start=\"2515\" data-end=\"2532\">Bluetooth 4.2<\/strong>, pln\u00e9 podpo\u0159e <strong data-start=\"2551\" data-end=\"2600\">ISO9141, KWP2000, J1850 VPW\/PWM, CAN, and UDS<\/strong> a bezprobl\u00e9mov\u00e9 integraci s <strong data-start=\"2636\" data-end=\"2654\">Xdiag platform<\/strong> je ide\u00e1ln\u00ed volbou pro autoservisy a pokro\u010dil\u00e9 u\u017eivatele hledaj\u00edc\u00ed spolehlivou diagnostiku.<\/p>","protected":false},"excerpt":{"rendered":"<p class=\" translation-block\">The <strong data-start=\"170\" data-end=\"200\">DBScar 1 Bluetooth Adapter<\/strong> je kompaktn\u00ed a spolehliv\u00fd OBD2 konektor ur\u010den\u00fd pro <strong data-start=\"259\" data-end=\"277\">Xdiag platform<\/strong>. D\u00edky <strong data-start=\"284\" data-end=\"301\">Bluetooth 4.2<\/strong> a podpo\u0159e hlavn\u00edch diagnostick\u00fdch protokol\u016f (ISO9141, KWP2000, J1850 VPW\/PWM, CAN, UDS) zaji\u0161\u0165uje stabiln\u00ed komunikaci, \u0161irok\u00e9 pokryt\u00ed vozidel a profesion\u00e1ln\u00ed v\u00fdkon.<\/p>","protected":false},"featured_media":5157,"template":"","meta":{"_seopress_robots_primary_cat":"21","_seopress_titles_title":"DBScar 1 Bluetooth OBD2 Adapter for Xdiag \u2013 Full Protocol Support, Stable Connection","_seopress_titles_desc":"DBScar 1 Bluetooth Adapter for Xdiag \u2013 a compact OBD2 connector with Bluetooth 4.2 and full protocol support (ISO9141, KWP2000, J1850, CAN, UDS). Ideal for workshops and advanced users. Reliable, tested, and ready for professional diagnostics.","_seopress_robots_index":"","_kad_blocks_custom_css":"","_kad_blocks_head_custom_js":"","_kad_blocks_body_custom_js":"","_kad_blocks_footer_custom_js":"","_kad_post_transparent":"default","_kad_post_title":"","_kad_post_layout":"default","_kad_post_sidebar_id":"","_kad_post_content_style":"default","_kad_post_vertical_padding":"default","_kad_post_feature":"","_kad_post_feature_position":"","_kad_post_header":false,"_kad_post_footer":false,"iawp_total_views":546},"product_cat":[21,26],"product_tag":[48,49,50,42,52],"class_list":{"0":"post-5232","1":"product","2":"type-product","3":"status-publish","4":"has-post-thumbnail","6":"product_cat-connectors","7":"product_cat-xdiag","8":"product_tag-dbscar","9":"product_tag-dbscar-1","10":"product_tag-launch-x431","11":"product_tag-obd2","12":"product_tag-xdiag-obd","14":"first","15":"instock","16":"shipping-taxable","17":"purchasable","18":"product-type-simple","19":"entry","20":"content-bg","21":"loop-entry"},"exclude_global_add_ons":[],"addons":[],"taxonomy_info":{"product_cat":[{"value":21,"label":"Connectors"},{"value":26,"label":"xdiag"}],"product_tag":[{"value":48,"label":"Dbscar"},{"value":49,"label":"Dbscar 1"},{"value":50,"label":"Launch X431"},{"value":42,"label":"OBD2"},{"value":52,"label":"Xdiag obd"}]},"featured_image_src_large":["https:\/\/xdiag.org\/wp-content\/uploads\/2025\/09\/Launch_Dbscar_1_2.jpg",600,600,false],"author_info":[],"comment_info":"","_links":{"self":[{"href":"https:\/\/xdiag.org\/cs\/wp-json\/wp\/v2\/product\/5232","targetHints":{"allow":["GET"]}}],"collection":[{"href":"https:\/\/xdiag.org\/cs\/wp-json\/wp\/v2\/product"}],"about":[{"href":"https:\/\/xdiag.org\/cs\/wp-json\/wp\/v2\/types\/product"}],"wp:featuredmedia":[{"embeddable":true,"href":"https:\/\/xdiag.org\/cs\/wp-json\/wp\/v2\/media\/5157"}],"wp:attachment":[{"href":"https:\/\/xdiag.org\/cs\/wp-json\/wp\/v2\/media?parent=5232"}],"wp:term":[{"taxonomy":"product_cat","embeddable":true,"href":"https:\/\/xdiag.org\/cs\/wp-json\/wp\/v2\/product_cat?post=5232"},{"taxonomy":"product_tag","embeddable":true,"href":"https:\/\/xdiag.org\/cs\/wp-json\/wp\/v2\/product_tag?post=5232"}],"curies":[{"name":"wp","href":"https:\/\/api.w.org\/{rel}","templated":true}]}}