{"id":956,"date":"2023-10-10T16:52:50","date_gmt":"2023-10-10T14:52:50","guid":{"rendered":"http:\/\/xdiag.org\/?post_type=product&#038;p=956"},"modified":"2026-04-20T00:25:33","modified_gmt":"2026-04-19T22:25:33","slug":"xdiag-x431-adapter-obd2-connector","status":"publish","type":"product","link":"https:\/\/xdiag.org\/cs\/product\/xdiag-x431-adapter-obd2-connector\/","title":{"rendered":"Adapt\u00e9r pro t\u011b\u017ek\u00e1 n\u00e1kladn\u00ed vozidla pro konektor OBD2"},"content":{"rendered":"<p data-start=\"126\" data-end=\"418\" class=\" translation-block\"><strong data-start=\"130\" data-end=\"165\">24V to 12V Diagnostic Converter<\/strong> je profesion\u00e1ln\u00ed n\u00e1stroj pro servisy pracuj\u00edc\u00ed s t\u011b\u017ek\u00fdmi n\u00e1kladn\u00edmi vozy, autobusy, pickupy a dal\u0161\u00edmi 24V vozidly. Bezpe\u010dn\u011b p\u0159ev\u00e1d\u00ed nap\u011bt\u00ed a p\u0159izp\u016fsobuje komunika\u010dn\u00ed protokoly, co\u017e umo\u017e\u0148uje <img role=\"img\" class=\"emoji\" alt=\"\ud83d\udd34\" src=\"https:\/\/s.w.org\/images\/core\/emoji\/17.0.2\/svg\/1f534.svg\"> diagnostick\u00fdm n\u00e1stroj\u016fm OBD2 (12V) bezprobl\u00e9mov\u011b se p\u0159ipojit a pracovat na 24V syst\u00e9mech.<\/p>\n<p>\ud83d\udd34 <strong>P\u0159evod nap\u011bt\u00ed pro diagnostick\u00e9 rozhran\u00ed<\/strong> \u2013 P\u0159ev\u00e1d\u00ed 24V syst\u00e9my vozidel na 12V pro bezpe\u010dn\u00e9 pou\u017eit\u00ed diagnostick\u00e9ho vybaven\u00ed.<\/p>\n<p>\ud83d\udd34 <strong data-start=\"555\" data-end=\"592\">Konverze komunika\u010dn\u00edho protokolu<\/strong> \u2013 P\u0159ev\u00e1d\u00ed 24V n\u00e1kladn\u00ed vozidla <strong data-start=\"616\" data-end=\"626\">K-Line<\/strong> p\u0159ev\u00e1d\u00ed komunikaci na 12V K-Line a zaji\u0161\u0165uje plynulou diagnostiku.<\/p>\n<p data-start=\"690\" data-end=\"818\">\ud83d\udd34 <strong data-start=\"693\" data-end=\"721\">Indikace vstupn\u00edho nap\u011bt\u00ed<\/strong> \u2013 Obrazovka z\u0159eteln\u011b zobrazuje <em data-start=\"752\" data-end=\"763\">vstup 24V<\/em> s vyv\u00fd\u0161en\u00fdm p\u0159ep\u00ednac\u00edm tla\u010d\u00edtkem pro okam\u017eit\u00e9 rozpozn\u00e1n\u00ed.<\/p>\n<p data-start=\"820\" data-end=\"941\">\ud83d\udd34 <strong data-start=\"823\" data-end=\"852\">Indikace v\u00fdstupn\u00edho nap\u011bt\u00ed<\/strong> \u2013 Zobrazuje <em data-start=\"861\" data-end=\"873\">v\u00fdstup 12V<\/em> s p\u0159idr\u017eovan\u00fdm p\u0159ep\u00ednac\u00edm tla\u010d\u00edtkem pro potvrzen\u00ed aktivn\u00ed konverze.<\/p>\n<p data-start=\"943\" data-end=\"1074\"><strong data-start=\"946\" data-end=\"980\">\ud83d\udd34Indik\u00e1tor stavu komunikace<\/strong> \u2013 Kontrolka zobrazuje stav komunikace v re\u00e1ln\u00e9m \u010dase mezi vozidlem a diagnostick\u00fdm n\u00e1strojem.<\/p>\n<h3 data-start=\"1081\" data-end=\"1113\">Pro\u010d zvolit tento p\u0159evodn\u00edk?<\/h3>\n<p data-start=\"1115\" data-end=\"1393\">\ud83d\udd34 Roz\u0161i\u0159uje kompatibilitu n\u00e1stroj\u016f OBD2 na <strong data-start=\"1153\" data-end=\"1169\">vozidla 24V<\/strong><br data-start=\"1169\" data-end=\"1172\" \/>\ud83d\udd34 Zaru\u010duje <strong data-start=\"1186\" data-end=\"1224\">bezpe\u010dnou a stabiln\u00ed konverzi nap\u011bt\u00ed<\/strong><br data-start=\"1224\" data-end=\"1227\" \/>\ud83d\udd34 Poskytuje <strong data-start=\"1239\" data-end=\"1266\">jasn\u00e9 vizu\u00e1ln\u00ed indik\u00e1tory<\/strong> pro vstup, v\u00fdstup a komunikaci<br data-start=\"1303\" data-end=\"1306\" \/>\ud83d\udd34 Ide\u00e1ln\u00ed pro profesion\u00e1ln\u00ed servisy, kter\u00e9 pracuj\u00ed s <strong data-start=\"1351\" data-end=\"1391\">osobn\u00ed auta, pickupy a t\u011b\u017ek\u00e9 n\u00e1kladn\u00ed vozy<\/strong><\/p>\n<p data-start=\"1400\" data-end=\"1621\" class=\" translation-block\"><strong data-start=\"1402\" data-end=\"1415\">In short:<\/strong> <strong data-start=\"1420\" data-end=\"1455\">24V to 12V Diagnostic Converter<\/strong> je nezbytn\u00e9 p\u0159\u00edslu\u0161enstv\u00ed pro techniky, kte\u0159\u00ed pot\u0159ebuj\u00ed spolehlivou diagnostiku na <strong data-start=\"1535\" data-end=\"1558\">12V and 24V systems<\/strong>, a zaji\u0161\u0165uje bezpe\u010dnost, kompatibilitu a bezchybnou komunikaci.<\/p>","protected":false},"excerpt":{"rendered":"<p class=\" translation-block\"><strong data-start=\"95\" data-end=\"146\">Godiag GT106 Heavy Truck Power Module Converter<\/strong> bezpe\u010dn\u011b p\u0159ev\u00e1d\u00ed 24V syst\u00e9my n\u00e1kladn\u00edch vozidel a K-Line komunikaci na 12V, co\u017e umo\u017e\u0148uje bezprobl\u00e9mov\u00e9 pou\u017eit\u00ed diagnostick\u00e9ho vybaven\u00ed na t\u011b\u017ek\u00fdch vozidlech bez rizika po\u0161kozen\u00ed 12V diagnostick\u00fdch n\u00e1stroj\u016f.<\/p>","protected":false},"featured_media":5153,"template":"","meta":{"_seopress_robots_primary_cat":"25","_seopress_titles_title":"Godiag GT106 Heavy Truck Power Module Converter","_seopress_titles_desc":"Discover the Godiag GT106 Heavy Truck Power Module Converter in seamlessly converting a truck's 24v K-Line communication protocol to a 12v K-Line.","_seopress_robots_index":"","_kad_blocks_custom_css":"","_kad_blocks_head_custom_js":"","_kad_blocks_body_custom_js":"","_kad_blocks_footer_custom_js":"","_kad_post_transparent":"default","_kad_post_title":"","_kad_post_layout":"default","_kad_post_sidebar_id":"","_kad_post_content_style":"default","_kad_post_vertical_padding":"default","_kad_post_feature":"","_kad_post_feature_position":"","_kad_post_header":false,"_kad_post_footer":false,"iawp_total_views":265},"product_cat":[25,26],"product_tag":[],"class_list":{"0":"post-956","1":"product","2":"type-product","3":"status-publish","4":"has-post-thumbnail","6":"product_cat-adapters","7":"product_cat-xdiag","9":"first","10":"instock","11":"shipping-taxable","12":"purchasable","13":"product-type-simple","14":"entry","15":"content-bg","16":"loop-entry"},"exclude_global_add_ons":[],"addons":[],"taxonomy_info":{"product_cat":[{"value":25,"label":"Adapters"},{"value":26,"label":"xdiag"}]},"featured_image_src_large":["https:\/\/xdiag.org\/wp-content\/uploads\/2025\/09\/Xdiag_Godiag-GT106_Plus_1.jpg",600,600,false],"author_info":[],"comment_info":"","_links":{"self":[{"href":"https:\/\/xdiag.org\/cs\/wp-json\/wp\/v2\/product\/956","targetHints":{"allow":["GET"]}}],"collection":[{"href":"https:\/\/xdiag.org\/cs\/wp-json\/wp\/v2\/product"}],"about":[{"href":"https:\/\/xdiag.org\/cs\/wp-json\/wp\/v2\/types\/product"}],"wp:featuredmedia":[{"embeddable":true,"href":"https:\/\/xdiag.org\/cs\/wp-json\/wp\/v2\/media\/5153"}],"wp:attachment":[{"href":"https:\/\/xdiag.org\/cs\/wp-json\/wp\/v2\/media?parent=956"}],"wp:term":[{"taxonomy":"product_cat","embeddable":true,"href":"https:\/\/xdiag.org\/cs\/wp-json\/wp\/v2\/product_cat?post=956"},{"taxonomy":"product_tag","embeddable":true,"href":"https:\/\/xdiag.org\/cs\/wp-json\/wp\/v2\/product_tag?post=956"}],"curies":[{"name":"wp","href":"https:\/\/api.w.org\/{rel}","templated":true}]}}