{"id":958,"date":"2023-10-10T17:04:05","date_gmt":"2023-10-10T15:04:05","guid":{"rendered":"http:\/\/xdiag.org\/?post_type=product&#038;p=958"},"modified":"2025-10-11T10:44:23","modified_gmt":"2025-10-11T08:44:23","slug":"launch-x-431-tire-pressure-detector","status":"publish","type":"product","link":"https:\/\/xdiag.org\/cs\/product\/launch-x-431-tire-pressure-detector\/","title":{"rendered":"Launch X431 TSGUN TPMS Tire Pressure Detector \u2013 Diagnostick\u00fd TPMS n\u00e1stroj pro aktivaci, u\u010den\u00ed a programov\u00e1n\u00ed senzor\u016f, kompatibiln\u00ed s X431 V \/ V+ \/ PRO3S+ \/ PAD V \/ PAD II"},"content":{"rendered":"<p data-start=\"214\" data-end=\"540\" class=\" translation-block\">The <strong data-start=\"218\" data-end=\"233\">Xdiag TSGUN<\/strong> je profesion\u00e1ln\u00ed ru\u010dn\u00ed TPMS n\u00e1stroj (syst\u00e9m monitorov\u00e1n\u00ed tlaku v pneumatik\u00e1ch), navr\u017een\u00fd pro bezprobl\u00e9movou integraci s diagnostick\u00fdmi za\u0159\u00edzen\u00edmi podporuj\u00edc\u00edmi software Xdiag. Kompaktn\u00ed, p\u0159enosn\u00fd a v\u00fdkonn\u00fd poskytuje kompletn\u00ed TPMS diagnostiku, aktivaci senzor\u016f, programov\u00e1n\u00ed a u\u010den\u00ed \u2013 v\u0161e v jednom za\u0159\u00edzen\u00ed.<\/p>\n<p data-start=\"542\" data-end=\"641\">\ud83d\udd34 <strong data-start=\"545\" data-end=\"571\">1,77palcov\u00fd barevn\u00fd displej<\/strong> \u2013 Jasn\u00fd a p\u0159ehledn\u00fd displej pro snadnou \u010ditelnost b\u011bhem diagnostiky.<\/p>\n<p data-start=\"643\" data-end=\"740\">\ud83d\udd34 <strong data-start=\"646\" data-end=\"672\">\u00dadaje o pneumatik\u00e1ch v re\u00e1ln\u00e9m \u010dase<\/strong> \u2013 Okam\u017eit\u011b \u010dte tlak v pneumatik\u00e1ch, teplotu a stav baterie.<\/p>\n<p data-start=\"742\" data-end=\"843\">\ud83d\udd34 <strong data-start=\"745\" data-end=\"771\">Diagnostika chyb TPMS<\/strong> \u2013 P\u0159esn\u011b detekuje a ma\u017ee chybov\u00e9 k\u00f3dy tlaku v pneumatik\u00e1ch (DTC).<\/p>\n<p data-start=\"845\" data-end=\"955\">\ud83d\udd34 <strong data-start=\"848\" data-end=\"880\">Aktivace a p\u00e1rov\u00e1n\u00ed senzor\u016f<\/strong> \u2013 Aktivuje a p\u00e1ruje senzory na frekvenc\u00edch 315 MHz a 433 MHz.<\/p>\n<p data-start=\"957\" data-end=\"1059\">\ud83d\udd34 <strong data-start=\"960\" data-end=\"986\">Spr\u00e1va dat senzor\u016f<\/strong> \u2013 Rychle \u010dte, kop\u00edruje a zapisuje ID senzor\u016f pro efektivn\u00ed pr\u00e1ci.<\/p>\n<p data-start=\"1061\" data-end=\"1173\">\ud83d\udd34 <strong data-start=\"1064\" data-end=\"1096\">Neomezen\u00e9 programov\u00e1n\u00ed senzor\u016f<\/strong> \u2013 Programuje vyhrazen\u00e9 senzory bez omezen\u00ed po\u010dtu p\u0159eprogramovac\u00edch cykl\u016f.<\/p>\n<p data-start=\"1175\" data-end=\"1287\">\ud83d\udd34 <strong data-start=\"1178\" data-end=\"1212\">Vestav\u011bn\u00e9 instrukce u\u010den\u00ed<\/strong> \u2013 Zjednodu\u0161uje postupy u\u010den\u00ed TPMS senzor\u016f d\u00edky n\u00e1vodu krok za krokem.<\/p>\n<p data-start=\"1289\" data-end=\"1379\">\ud83d\udd34 <strong data-start=\"1292\" data-end=\"1322\">Rozs\u00e1hl\u00e9 pokryt\u00ed vozidel<\/strong> \u2013 Podporuje a\u017e 98 % vozidel po cel\u00e9m sv\u011bt\u011b vybaven\u00fdch syst\u00e9mem TPMS.<\/p>\n<hr data-start=\"1381\" data-end=\"1384\" \/>\n<h3 data-start=\"1386\" data-end=\"1409\">Programovac\u00ed re\u017eimy<\/h3>\n<ul data-start=\"1411\" data-end=\"1709\">\n<li data-start=\"1411\" data-end=\"1471\">\n<p data-start=\"1413\" data-end=\"1471\"><strong data-start=\"1413\" data-end=\"1428\">Automatick\u00e9 vytvo\u0159en\u00ed<\/strong> \u2013 Automaticky generuje nov\u00e9 ID senzor\u016f.<\/p>\n<\/li>\n<li data-start=\"1472\" data-end=\"1538\">\n<p data-start=\"1474\" data-end=\"1538\"><strong data-start=\"1474\" data-end=\"1490\">Manual Input<\/strong> \u2013 Enter original or alternative IDs manually.<\/p>\n<\/li>\n<li data-start=\"1539\" data-end=\"1626\">\n<p data-start=\"1541\" data-end=\"1626\"><strong data-start=\"1541\" data-end=\"1556\">Kop\u00edrov\u00e1n\u00ed p\u0159es OBD<\/strong> \u2013 Z\u00edsk\u00e1 ID senzoru p\u0159\u00edmo z ECU prost\u0159ednictv\u00edm OBD p\u0159ipojen\u00ed.<\/p>\n<\/li>\n<li data-start=\"1627\" data-end=\"1709\">\n<p data-start=\"1629\" data-end=\"1709\"><strong data-start=\"1629\" data-end=\"1651\">Kop\u00edrov\u00e1n\u00ed aktivac\u00ed<\/strong> \u2013 P\u0159ed kop\u00edrov\u00e1n\u00edm dat aktivuje origin\u00e1ln\u00ed senzory.<\/p>\n<\/li>\n<\/ul>\n<hr data-start=\"1711\" data-end=\"1714\" \/>\n<h3 data-start=\"1716\" data-end=\"1735\">Kompatibilita<\/h3>\n<p data-start=\"1737\" data-end=\"1925\" class=\" translation-block\">The <strong data-start=\"1741\" data-end=\"1756\">Xdiag TSGUN<\/strong> je navr\u017een pro pou\u017eit\u00ed s diagnostick\u00fdmi za\u0159\u00edzen\u00edmi b\u011b\u017e\u00edc\u00edmi na <strong data-start=\"1809\" data-end=\"1827\">Xdiag software<\/strong>.<br data-start=\"1828\" data-end=\"1831\">\nPodporuje TPMS senzory kompatibiln\u00ed s Xdiag (315\/433 MHz), kter\u00e9 je nutn\u00e9 zakoupit samostatn\u011b.<\/p>\n<hr data-start=\"1927\" data-end=\"1930\" \/>\n<h3 data-start=\"1932\" data-end=\"1961\">Pro\u010d si vybrat Xdiag TSGUN?<\/h3>\n<p data-start=\"1963\" data-end=\"2221\">\ud83d\udd34 P\u0159enosn\u00fd design vhodn\u00fd do d\u00edlny<br data-start=\"2003\" data-end=\"2006\" \/>\ud83d\udd34 Kompletn\u00ed TPMS diagnostika, od \u010dten\u00ed a\u017e po programov\u00e1n\u00ed<br data-start=\"2059\" data-end=\"2062\" \/>\ud83d\udd34 Podporuje frekvence 315 a 433 MHz<br data-start=\"2099\" data-end=\"2102\" \/>\ud83d\udd34 \u0160irok\u00e9 glob\u00e1ln\u00ed pokryt\u00ed vozidel (osobn\u00ed vozy, SUV, lehk\u00e1 u\u017eitkov\u00e1 vozidla)<br data-start=\"2160\" data-end=\"2163\" \/>\ud83d\udd34 Testov\u00e1no a ov\u011b\u0159eno pro stabiln\u00ed v\u00fdkon se syst\u00e9mem Xdiag<\/p>\n<hr data-start=\"2223\" data-end=\"2226\" \/>\n<p data-start=\"2228\" data-end=\"2482\">\u2705 <strong data-start=\"2230\" data-end=\"2243\">In short:<\/strong> The <strong data-start=\"2248\" data-end=\"2263\">Xdiag TSGUN<\/strong> is an essential tool for workshops and professionals looking to streamline TPMS service. From diagnosing faults to programming and learning new sensors, it offers a reliable, cost-effective, and time-saving solution.<\/p>","protected":false},"excerpt":{"rendered":"<p class=\" translation-block\">The <strong data-start=\"95\" data-end=\"110\">Xdiag TSGUN<\/strong> je profesion\u00e1ln\u00ed TPMS modul, kter\u00fd v jednom za\u0159\u00edzen\u00ed spojuje aktivaci, \u010dten\u00ed, programov\u00e1n\u00ed a u\u010den\u00ed senzor\u016f. Je kompaktn\u00ed, p\u0159enosn\u00fd a cenov\u011b dostupn\u00fd, \u010dte kl\u00ed\u010dov\u00e1 data pneumatik, jako je tlak a teplota, a plynule roz\u0161i\u0159uje diagnostick\u00e9 mo\u017enosti n\u00e1stroj\u016f Xdiag.<\/p>","protected":false},"featured_media":5177,"template":"","meta":{"_seopress_robots_primary_cat":"23","_seopress_titles_title":"TPMS & X-431 TSGUN Advanced Module for Tire Data Managing","_seopress_titles_desc":"The X-431 TSGUN: A Robust TPMS Module Seamlessly Integrating Sensor Functionalities and Tire Data Gathering. Delivering Portability, Cost-Efficiency, and More.","_seopress_robots_index":"","_kad_blocks_custom_css":"","_kad_blocks_head_custom_js":"","_kad_blocks_body_custom_js":"","_kad_blocks_footer_custom_js":"","_kad_post_transparent":"default","_kad_post_title":"","_kad_post_layout":"default","_kad_post_sidebar_id":"","_kad_post_content_style":"default","_kad_post_vertical_padding":"default","_kad_post_feature":"","_kad_post_feature_position":"","_kad_post_header":false,"_kad_post_footer":false,"iawp_total_views":186},"product_cat":[25,21,26],"product_tag":[],"class_list":{"0":"post-958","1":"product","2":"type-product","3":"status-publish","4":"has-post-thumbnail","6":"product_cat-adapters","7":"product_cat-connectors","8":"product_cat-xdiag","10":"first","11":"instock","12":"shipping-taxable","13":"purchasable","14":"product-type-simple","15":"entry","16":"content-bg","17":"loop-entry"},"exclude_global_add_ons":[],"addons":[],"taxonomy_info":{"product_cat":[{"value":25,"label":"Adapters"},{"value":21,"label":"Connectors"},{"value":26,"label":"xdiag"}]},"featured_image_src_large":["https:\/\/xdiag.org\/wp-content\/uploads\/2025\/09\/Xdiag_Launch_X431_TPMS_1.jpg",600,600,false],"author_info":[],"comment_info":"","_links":{"self":[{"href":"https:\/\/xdiag.org\/cs\/wp-json\/wp\/v2\/product\/958","targetHints":{"allow":["GET"]}}],"collection":[{"href":"https:\/\/xdiag.org\/cs\/wp-json\/wp\/v2\/product"}],"about":[{"href":"https:\/\/xdiag.org\/cs\/wp-json\/wp\/v2\/types\/product"}],"wp:featuredmedia":[{"embeddable":true,"href":"https:\/\/xdiag.org\/cs\/wp-json\/wp\/v2\/media\/5177"}],"wp:attachment":[{"href":"https:\/\/xdiag.org\/cs\/wp-json\/wp\/v2\/media?parent=958"}],"wp:term":[{"taxonomy":"product_cat","embeddable":true,"href":"https:\/\/xdiag.org\/cs\/wp-json\/wp\/v2\/product_cat?post=958"},{"taxonomy":"product_tag","embeddable":true,"href":"https:\/\/xdiag.org\/cs\/wp-json\/wp\/v2\/product_tag?post=958"}],"curies":[{"name":"wp","href":"https:\/\/api.w.org\/{rel}","templated":true}]}}