{"id":4891,"date":"2025-09-16T16:58:41","date_gmt":"2025-09-16T14:58:41","guid":{"rendered":"https:\/\/xdiag.org\/?page_id=4891"},"modified":"2025-09-16T17:06:32","modified_gmt":"2025-09-16T15:06:32","slug":"complete-guide-to-flashing-the-dbscar-7-adapter-to-x-diag-pro","status":"publish","type":"page","link":"https:\/\/xdiag.org\/de\/xdiag-tips\/complete-guide-to-flashing-the-dbscar-7-adapter-to-x-diag-pro\/","title":{"rendered":"Vollst\u00e4ndige Anleitung zum Flashen des DBScar-7-Adapters auf X-Diag Pro"},"content":{"rendered":"<style>.kb-row-layout-id4891_1d82b5-9b > .kt-row-column-wrap{align-content:start;}:where(.kb-row-layout-id4891_1d82b5-9b > .kt-row-column-wrap) > .wp-block-kadence-column{justify-content:start;}.kb-row-layout-id4891_1d82b5-9b > .kt-row-column-wrap{column-gap:var(--global-kb-gap-md, 2rem);row-gap:var(--global-kb-gap-md, 2rem);max-width:800px;margin-left:auto;margin-right:auto;padding-top:var(--global-kb-spacing-sm, 1.5rem);padding-bottom:var(--global-kb-spacing-sm, 1.5rem);grid-template-columns:minmax(0, 1fr);}.kb-row-layout-id4891_1d82b5-9b > .kt-row-layout-overlay{opacity:0.30;}@media all and (max-width: 1024px){.kb-row-layout-id4891_1d82b5-9b > .kt-row-column-wrap{grid-template-columns:minmax(0, 1fr);}}@media all and (max-width: 767px){.kb-row-layout-id4891_1d82b5-9b > .kt-row-column-wrap{grid-template-columns:minmax(0, 1fr);}}<\/style><div class=\"kb-row-layout-wrap kb-row-layout-id4891_1d82b5-9b alignfull wp-block-kadence-rowlayout\"><div class=\"kt-row-column-wrap kt-has-1-columns kt-row-layout-equal kt-tab-layout-inherit kt-mobile-layout-row kt-row-valign-top\">\n<style>.kadence-column4891_731a37-e6 > .kt-inside-inner-col,.kadence-column4891_731a37-e6 > .kt-inside-inner-col:before{border-top-left-radius:0px;border-top-right-radius:0px;border-bottom-right-radius:0px;border-bottom-left-radius:0px;}.kadence-column4891_731a37-e6 > .kt-inside-inner-col{column-gap:var(--global-kb-gap-sm, 1rem);}.kadence-column4891_731a37-e6 > .kt-inside-inner-col{flex-direction:column;}.kadence-column4891_731a37-e6 > .kt-inside-inner-col > .aligncenter{width:100%;}.kadence-column4891_731a37-e6 > .kt-inside-inner-col:before{opacity:0.3;}.kadence-column4891_731a37-e6{position:relative;}@media all and (max-width: 1024px){.kadence-column4891_731a37-e6 > .kt-inside-inner-col{flex-direction:column;justify-content:center;}}@media all and (max-width: 767px){.kadence-column4891_731a37-e6 > .kt-inside-inner-col{flex-direction:column;justify-content:center;}}<\/style>\n<div class=\"wp-block-kadence-column kadence-column4891_731a37-e6\"><div class=\"kt-inside-inner-col\"><style>.wp-block-kadence-advancedheading.kt-adv-heading4891_fabfbc-37, .wp-block-kadence-advancedheading.kt-adv-heading4891_fabfbc-37[data-kb-block=\"kb-adv-heading4891_fabfbc-37\"]{font-style:normal;}.wp-block-kadence-advancedheading.kt-adv-heading4891_fabfbc-37 mark.kt-highlight, .wp-block-kadence-advancedheading.kt-adv-heading4891_fabfbc-37[data-kb-block=\"kb-adv-heading4891_fabfbc-37\"] mark.kt-highlight{font-style:normal;color:#f76a0c;-webkit-box-decoration-break:clone;box-decoration-break:clone;}.wp-block-kadence-advancedheading.kt-adv-heading4891_fabfbc-37 img.kb-inline-image, .wp-block-kadence-advancedheading.kt-adv-heading4891_fabfbc-37[data-kb-block=\"kb-adv-heading4891_fabfbc-37\"] img.kb-inline-image{width:150px;vertical-align:baseline;padding-top:0px;padding-right:0px;padding-bottom:0px;padding-left:0px;}<\/style>\n<h1 class=\"kt-adv-heading4891_fabfbc-37 wp-block-kadence-advancedheading\" data-kb-block=\"kb-adv-heading4891_fabfbc-37\"><strong>Vollst\u00e4ndige Anleitung zum Flashen des DBScar-7-Adapters auf X-Diag Pro<\/strong><\/h1>\n\n<p>Das Flashen des DBScar-7-Adapters ist kein einfacher \u201eKlick\u201c auf dem Smartphone. Bei diesem Modell muss das Ger\u00e4t physisch ge\u00f6ffnet, an ein Programmierger\u00e4t angeschlossen und die Firmware \u00fcber einen Computer hochgeladen werden. Daher ist sorgf\u00e4ltiges Arbeiten unerl\u00e4sslich \u2013 jeder Fehler im Prozess kann den Adapter dauerhaft besch\u00e4digen.<\/p>\n\n<p><strong>\u00d6ffnen des Geh\u00e4uses<\/strong><\/p>\n\n<p>Der DBScar 7 befindet sich in einem robusten Kunststoffgeh\u00e4use, das durch Clips zusammengehalten wird. Zum \u00d6ffnen empfiehlt sich die Verwendung eines Kunststoff-Hebelwerkzeugs (z. B. f\u00fcr die Handy-Reparatur) oder eines d\u00fcnnen Kunststoffhebels. Ein Schraubendreher kann ebenfalls verwendet werden, hinterl\u00e4sst jedoch h\u00e4ufig Besch\u00e4digungen und sollte daher vermieden werden. Entfernen Sie zun\u00e4chst die Gummiabdeckung, falls vorhanden. Suchen Sie anschlie\u00dfend die Naht in der Mitte des Geh\u00e4uses. Dort befinden sich kleine, verdeckte Clips, die Ober- und Unterteil zusammenhalten. F\u00fchren Sie das Werkzeug vorsichtig in den Spalt zwischen den Kunststoffteilen ein und hebeln Sie diese langsam auseinander. Beginnen Sie idealerweise auf der dem OBD-Stecker gegen\u00fcberliegenden Seite und arbeiten Sie sich rundherum vor, bis alle Clips gel\u00f6st sind. Nehmen Sie sich Zeit \u2013 bricht ein Clip, l\u00e4sst sich das Geh\u00e4use sp\u00e4ter nicht mehr richtig schlie\u00dfen. Nach dem \u00d6ffnen sehen Sie die Leiterplatte (PCB) mit ihren Bauteilen. Darauf befindet sich ein STM32-Mikrocontroller, neben dem sich Testpunkte f\u00fcr die Programmierung befinden.<\/p>\n\n<style>.kb-image4891_13eb78-af.kb-image-is-ratio-size, .kb-image4891_13eb78-af .kb-image-is-ratio-size{max-width:787px;width:100%;}.wp-block-kadence-column > .kt-inside-inner-col > .kb-image4891_13eb78-af.kb-image-is-ratio-size, .wp-block-kadence-column > .kt-inside-inner-col > .kb-image4891_13eb78-af .kb-image-is-ratio-size{align-self:unset;}.kb-image4891_13eb78-af{max-width:787px;}.image-is-svg.kb-image4891_13eb78-af{-webkit-flex:0 1 100%;flex:0 1 100%;}.image-is-svg.kb-image4891_13eb78-af img{width:100%;}.kb-image4891_13eb78-af .kb-image-has-overlay:after{opacity:0.3;}<\/style>\n<figure class=\"wp-block-kadence-image kb-image4891_13eb78-af size-large\"><img loading=\"lazy\" decoding=\"async\" width=\"1024\" height=\"640\" src=\"https:\/\/xdiag.org\/wp-content\/uploads\/2025\/09\/awifjaiowfjawiojfawf-1024x640.png\" alt=\"\" class=\"kb-img wp-image-4839\" srcset=\"https:\/\/xdiag.org\/wp-content\/uploads\/2025\/09\/awifjaiowfjawiojfawf-1024x640.png 1024w, https:\/\/xdiag.org\/wp-content\/uploads\/2025\/09\/awifjaiowfjawiojfawf-300x188.png 300w, https:\/\/xdiag.org\/wp-content\/uploads\/2025\/09\/awifjaiowfjawiojfawf-768x480.png 768w, https:\/\/xdiag.org\/wp-content\/uploads\/2025\/09\/awifjaiowfjawiojfawf.png 1430w\" sizes=\"auto, (max-width: 1024px) 100vw, 1024px\" \/><\/figure>\n\n<p><strong>Identifizierung und Anschluss der Programmer-Pins<\/strong><\/p>\n\n<p>Auf der Leiterplatte (PCB) sehen Sie kleine metallische Pads. Dies sind die Programmierpins: GND, 3,3 V, SWDIO und SWCLK. Bei einigen Adaptern sind Beschriftungen daneben aufgedruckt; falls nicht, verwenden Sie das Pinout-Diagramm f\u00fcr DBScar 7.<\/p>\n\n<p>F\u00fcr die Verbindung verwenden Sie ein Programmierger\u00e4t wie ST-LINK V2 (am h\u00e4ufigsten) oder J-Link. Das Programmierger\u00e4t verf\u00fcgt \u00fcber dieselben vier Pins. Die Verbindung erfolgt direkt, \u201ePin zu Pin\u201c:<\/p>\n\n<p>GND \u2192 GND<\/p>\n\n<p>3.3V \u2192 3.3V<\/p>\n\n<p>SWDIO \u2192 SWDIO<\/p>\n\n<p>SWCLK \u2192 SWCLK<\/p>\n\n<p>Wenn Sie keinen L\u00f6tkolben haben, k\u00f6nnen Sie Krokodilklemmen oder Pogo-Pins verwenden. Die zuverl\u00e4ssigste Methode ist jedoch, w\u00e4hrend des Flashens d\u00fcnne Dr\u00e4hte an die Testpunkte zu l\u00f6ten und sie anschlie\u00dfend wieder zu entfernen. \u00dcberpr\u00fcfen Sie vor dem Anschlie\u00dfen sorgf\u00e4ltig das Layout \u2013 eine falsche Verdrahtung kann den Chip dauerhaft besch\u00e4digen.<\/p>\n\n<p><strong>Ausf\u00fchren des Programmierger\u00e4ts und Hochladen der Firmware<\/strong><\/p>\n\n<p>Sobald der Adapter mit dem ST-LINK verbunden ist, stecken Sie den Programmierer in den USB-Anschluss Ihres Computers. Starten Sie anschlie\u00dfend die Software STM32 ST-LINK Utility. Wenn alles korrekt angeschlossen ist, erkennt das Programm sofort den Mikrocontroller im DBScar 7.<\/p>\n\n<style>.kb-image4891_53b952-e2 .kb-image-has-overlay:after{opacity:0.3;}<\/style>\n<figure class=\"wp-block-kadence-image kb-image4891_53b952-e2 size-large\"><img loading=\"lazy\" decoding=\"async\" width=\"1024\" height=\"640\" src=\"https:\/\/xdiag.org\/wp-content\/uploads\/2025\/09\/awfioajwfioawjfawf-1024x640.png\" alt=\"\" class=\"kb-img wp-image-4840\" srcset=\"https:\/\/xdiag.org\/wp-content\/uploads\/2025\/09\/awfioajwfioawjfawf-1024x640.png 1024w, https:\/\/xdiag.org\/wp-content\/uploads\/2025\/09\/awfioajwfioawjfawf-300x188.png 300w, https:\/\/xdiag.org\/wp-content\/uploads\/2025\/09\/awfioajwfioawjfawf-768x480.png 768w, https:\/\/xdiag.org\/wp-content\/uploads\/2025\/09\/awfioajwfioawjfawf.png 1430w\" sizes=\"auto, (max-width: 1024px) 100vw, 1024px\" \/><\/figure>\n\n<p>W\u00e4hlen Sie in der Software die Option zum \u00d6ffnen der Firmware-Datei. Diese Datei muss speziell f\u00fcr DBScar 7 bestimmt sein und hat in der Regel die Erweiterung .bin. Nach dem Laden klicken Sie auf \u201eProgram\u201c oder \u201eWrite\u201c. Der Upload der Firmware beginnt und dauert normalerweise weniger als eine Minute. Das Wichtigste dabei ist, die Verbindung nicht zu unterbrechen \u2013 bewegen Sie keine Kabel, ziehen Sie den USB-Stecker nicht ab und schalten Sie den Computer nicht aus. Wenn das Programm beendet ist und eine Meldung zur erfolgreichen Programmierung anzeigt, ist der Flash-Vorgang abgeschlossen.<\/p>\n\n<p><strong>Schlie\u00dfen des Adapters und \u00dcberpr\u00fcfung<\/strong><\/p>\n\n<p>Trennen Sie die Dr\u00e4hte von der Leiterplatte (PCB). Wenn Sie sie angel\u00f6tet haben, reinigen Sie die Pads und entfernen Sie \u00fcbersch\u00fcssiges L\u00f6tzinn. Setzen Sie die Platine vorsichtig wieder in das Geh\u00e4use ein und bauen Sie den Adapter in umgekehrter Reihenfolge wieder zusammen. Sobald alle Clips wieder eingerastet sind, ist der Adapter einsatzbereit.<\/p>\n\n<p>Stecken Sie den Adapter in den OBD-Anschluss des Fahrzeugs und starten Sie die X-Diag PRO-App auf Ihrem Smartphone. Melden Sie sich mit Ihrem Konto an, aktivieren Sie Bluetooth und suchen Sie nach dem Adapter. Wenn ein Kopplungscode abgefragt wird, geben Sie 1234 oder 0000 ein. Sobald die Verbindung hergestellt ist, \u00fcberpr\u00fcfen Sie, ob der Adapter als X-Diag PRO erkannt wird. F\u00fchren Sie anschlie\u00dfend eine Fahrzeugdiagnose durch, um die ordnungsgem\u00e4\u00dfe Funktion zu best\u00e4tigen.<\/p>\n\n<p><strong>Falls etwas schiefgeht<\/strong><\/p>\n\n<p>Es kann vorkommen, dass das Programmierger\u00e4t den Mikrocontroller nicht erkennt. In diesem Fall \u00fcberpr\u00fcfen Sie die Verbindungen und versuchen Sie es erneut. Wenn der Flash-Vorgang auf halbem Weg unterbrochen wird, geraten Sie nicht in Panik \u2013 wiederholen Sie den Vorgang einfach. Wenn der Adapter nach dem Flashen keinerlei Lebenszeichen zeigt, ist die h\u00e4ufigste Ursache eine falsche Firmware-Datei. In diesem Fall m\u00fcssen Sie die korrekte .bin-Datei f\u00fcr DBScar 7 beschaffen und das Ger\u00e4t erneut programmieren.<\/p>\n\n<p>Wichtiger Hinweis: Verwenden Sie immer ausschlie\u00dflich die speziell f\u00fcr DBScar 7 entwickelte Firmware. Der Versuch, das Ger\u00e4t mit inkompatiblen Dateien zu flashen (z. B. DBScar-5-Firmware), kann zu irreparablen Sch\u00e4den f\u00fchren.<\/p><\/div><\/div>\n<\/div><\/div>","protected":false},"excerpt":{"rendered":"<p>COMPLETE GUIDE TO FLASHING THE DBSCAR 7 ADAPTER TO X-DIAG PRO Flashing the DBScar 7 adapter is not just a simple \u201cclick\u201d on a phone. With this model, the device must be physically opened, connected to a programmer, and the firmware uploaded via a computer. This is why careful handling is essential\u2014any mistake in the&#8230;<\/p>","protected":false},"author":1,"featured_media":0,"parent":4849,"menu_order":0,"comment_status":"closed","ping_status":"closed","template":"","meta":{"_seopress_robots_primary_cat":"","_seopress_titles_title":"Guide on how to flash Dbscar7 adapter to x-diag pro | XDIAG","_seopress_titles_desc":"How to flash dbscar8 adapter to x-diag pro!","_seopress_robots_index":"","_kad_blocks_custom_css":"","_kad_blocks_head_custom_js":"","_kad_blocks_body_custom_js":"","_kad_blocks_footer_custom_js":"","_kad_post_transparent":"","_kad_post_title":"","_kad_post_layout":"","_kad_post_sidebar_id":"","_kad_post_content_style":"","_kad_post_vertical_padding":"","_kad_post_feature":"","_kad_post_feature_position":"","_kad_post_header":false,"_kad_post_footer":false,"iawp_total_views":439,"footnotes":""},"class_list":["post-4891","page","type-page","status-publish","hentry"],"taxonomy_info":[],"featured_image_src_large":false,"author_info":{"display_name":"xpro5","author_link":"https:\/\/xdiag.org\/de\/author\/xpro5\/"},"comment_info":0,"_links":{"self":[{"href":"https:\/\/xdiag.org\/de\/wp-json\/wp\/v2\/pages\/4891","targetHints":{"allow":["GET"]}}],"collection":[{"href":"https:\/\/xdiag.org\/de\/wp-json\/wp\/v2\/pages"}],"about":[{"href":"https:\/\/xdiag.org\/de\/wp-json\/wp\/v2\/types\/page"}],"author":[{"embeddable":true,"href":"https:\/\/xdiag.org\/de\/wp-json\/wp\/v2\/users\/1"}],"replies":[{"embeddable":true,"href":"https:\/\/xdiag.org\/de\/wp-json\/wp\/v2\/comments?post=4891"}],"version-history":[{"count":1,"href":"https:\/\/xdiag.org\/de\/wp-json\/wp\/v2\/pages\/4891\/revisions"}],"predecessor-version":[{"id":4895,"href":"https:\/\/xdiag.org\/de\/wp-json\/wp\/v2\/pages\/4891\/revisions\/4895"}],"up":[{"embeddable":true,"href":"https:\/\/xdiag.org\/de\/wp-json\/wp\/v2\/pages\/4849"}],"wp:attachment":[{"href":"https:\/\/xdiag.org\/de\/wp-json\/wp\/v2\/media?parent=4891"}],"curies":[{"name":"wp","href":"https:\/\/api.w.org\/{rel}","templated":true}]}}