{"id":2063,"date":"2023-10-23T22:06:28","date_gmt":"2023-10-23T20:06:28","guid":{"rendered":"https:\/\/xdiag.org\/?post_type=product&#038;p=2063"},"modified":"2026-01-08T12:43:12","modified_gmt":"2026-01-08T11:43:12","slug":"xdiag-1-year-subscription-for-all-connectors-cars","status":"publish","type":"product","link":"https:\/\/xdiag.org\/de\/product\/xdiag-1-year-subscription-for-all-connectors-cars\/","title":{"rendered":"XDIAG: 12-monatige Lizenz f\u00fcr LKW"},"content":{"rendered":"<div class=\"product-dropdown xdiag-included\">\n<p><button class=\"dropdown-toggle\">Was ist enthalten? (HD)<\/button><\/p>\n<div class=\"dropdown-content\">\n<details>\n<summary>\ud83d\udce6 Software-Apps (G\u00fcltigkeit 12 Monate)<\/summary>\n<ul class=\"x-list\">\n<li>DiagBaseService_App \u2013 12 MONTHS<\/li>\n<li>VIN RECOGNITION APP \u2013 12 MONTHS<\/li>\n<\/ul>\n<\/details>\n<details>\n<summary>\ud83d\ude9c HD-Maschinenabdeckung<\/summary>\n<ul class=\"x-list tall\">\n<li>HD MACK \u2013 12 MONTHS<\/li>\n<li>HD MAHINDRA \u2013 12 MONTHS<\/li>\n<li>HD MALIBU \u2013 12 MONTHS<\/li>\n<li>HD MAN \u2013 12 MONTHS<\/li>\n<li>HD MAN (EV) \u2013 12 MONTHS<\/li>\n<li>HD MANITOU \u2013 12 MONTHS<\/li>\n<li>HD Maxus (Diesel) \u2013 12 MONTHS<\/li>\n<li>HD MAXXFORCE \u2013 12 MONTHS<\/li>\n<li>HD MAZ \u2013 12 MONTHS<\/li>\n<li>HD Mazda (Diesel) \u2013 12 MONTHS<\/li>\n<li>HD MCCORMICK \u2013 12 MONTHS<\/li>\n<li>HD MCI \u2013 12 MONTHS<\/li>\n<li>HD MENARINIBUS \u2013 12 MONTHS<\/li>\n<li>HD MERCEDES BENZ \u2013 12 MONTHS<\/li>\n<li>HD MERCURY (ENGINE) \u2013 12 MONTHS<\/li>\n<li>HD MG (SAIC)(Diesel) \u2013 12 MONTHS<\/li>\n<li>HD MILLER \u2013 12 MONTHS<\/li>\n<li>HD MITSUBISHI (Diesel) \u2013 12 MONTHS<\/li>\n<li>HD MONACO \u2013 12 MONTHS<\/li>\n<li>HD MTU \u2013 12 MONTHS<\/li>\n<li>HD MWM \u2013 12 MONTHS<\/li>\n<li>HD NABI \u2013 12 MONTHS<\/li>\n<li>HD NATURE \u2013 12 MONTHS<\/li>\n<li>HD NAVEKO (CSTM) \u2013 12 MONTHS<\/li>\n<li>HD NEFAZ \u2013 12 MONTHS<\/li>\n<li>HD NEOPLAN \u2013 12 MONTHS<\/li>\n<li>HD NEW HOLLAND \u2013 12 MONTHS<\/li>\n<li>HD NEWFLYER \u2013 12 MONTHS<\/li>\n<li>HD NEWMAR \u2013 12 MONTHS<\/li>\n<li>HD NEXUSRV \u2013 12 MONTHS<\/li>\n<li>HD NISSAN (Diesel) \u2013 12 MONTHS<\/li>\n<li>HD Nissan (Zhengzhou) \u2013 12 MONTHS<\/li>\n<li>HD NOVABUS \u2013 12 MONTHS<\/li>\n<li>HD NOx Sensor \u2013 12 MONTHS<\/li>\n<li>HD OBD \u2013 12 MONTHS<\/li>\n<li>Opel HD (Diesel) \u2013 12 MONTHS<\/li>\n<li>HD ORION \u2013 12 MONTHS<\/li>\n<li>HD OSHKOSH \u2013 12 MONTHS<\/li>\n<li>HD PACCAR \u2013 12 MONTHS<\/li>\n<li>HD PERKINS \u2013 12 MONTHS<\/li>\n<li>HD PETERBILT \u2013 12 MONTHS<\/li>\n<li>HD Peugeot (Diesel) \u2013 12 MONTHS<\/li>\n<li>HD PIERCE \u2013 12 MONTHS<\/li>\n<li>HD PREVOST \u2013 12 MONTHS<\/li>\n<li>HD PSI (Engine) \u2013 12 MONTHS<\/li>\n<li>HD QUANCHAI \u2013 12 MONTHS<\/li>\n<li>HD RENAULT \u2013 12 MONTHS<\/li>\n<li>HD RENAULT (EV) \u2013 12 MONTHS<\/li>\n<li>HD RENEGADE \u2013 12 MONTHS<\/li>\n<li>HD Roewe (SAIC)(Diesel) \u2013 12 MONTHS<\/li>\n<li>HD ROGATOR \u2013 12 MONTHS<\/li>\n<li>HD SAKAI \u2013 12 MONTHS<\/li>\n<li>HD SANYI \u2013 12 MONTHS<\/li>\n<li>HD SCANIA \u2013 12 MONTHS<\/li>\n<li>HD SCANIA (EV) \u2013 12 MONTHS<\/li>\n<li>HD SCR \u2013 12 MONTHS<\/li>\n<li>HD SENNEBOGEN \u2013 12 MONTHS<\/li>\n<li>HD SETRA \u2013 12 MONTHS<\/li>\n<li>HD SHACMAN \u2013 12 MONTHS<\/li>\n<li>HD SHANGCHAI \u2013 12 MONTHS<\/li>\n<li>HD SHANGHAIHINO \u2013 12 MONTHS<\/li>\n<li>HD SHAOLINAUTO \u2013 12 MONTHS<\/li>\n<li>HD SHIBAURA \u2013 12 MONTHS<\/li>\n<li>HD AIDS \u2013 12 MONTHS<\/li>\n<li>HD SIEMENS_DIESEL \u2013 12 MONTHS<\/li>\n<li>HD SILVERBUS \u2013 12 MONTHS<\/li>\n<li>HD SINOTRUK \u2013 12 MONTHS<\/li>\n<li>HD SITCAR \u2013 12 MONTHS<\/li>\n<li>HD SKYJACK \u2013 12 MONTHS<\/li>\n<li>HD SOLARIS \u2013 12 MONTHS<\/li>\n<li>HD SPARTAN \u2013 12 MONTHS<\/li>\n<li>HD SPRINTER \u2013 12 MONTHS<\/li>\n<li>HD Stara \u2013 12 MONTHS<\/li>\n<li>HD STARCRAFT \u2013 12 MONTHS<\/li>\n<li>HD STARTRANS \u2013 12 MONTHS<\/li>\n<li>HD STERLING \u2013 12 MONTHS<\/li>\n<li>HD STEYR \u2013 12 MONTHS<\/li>\n<li>HD SUNLONG Bus \u2013 12 MONTHS<\/li>\n<li>HD Sunward \u2013 12 MONTHS<\/li>\n<li>HD SUNWIN \u2013 12 MONTHS<\/li>\n<li>HD Tadano-Faun \u2013 12 MONTHS<\/li>\n<li>HD TANGJUN \u2013 12 MONTHS<\/li>\n<li>HD TATA \u2013 12 MONTHS<\/li>\n<li>HD Tatoma \u2013 12 MONTHS<\/li>\n<li>HD TATRA \u2013 12 MONTHS<\/li>\n<li>HD TEMSA \u2013 12 MONTHS<\/li>\n<li>HD Terex \u2013 12 MONTHS<\/li>\n<li>HD THOMASBUILT \u2013 12 MONTHS<\/li>\n<li>HD THORMOTORCOACH \u2013 12 MONTHS<\/li>\n<li>HD TIFFIN \u2013 12 MONTHS<\/li>\n<li>HD TOYOTA (Diesel) \u2013 12 MONTHS<\/li>\n<li>HD TRAILER \u2013 12 MONTHS<\/li>\n<li>HD TYM \u2013 12 MONTHS<\/li>\n<li>HD UD \u2013 12 MONTHS<\/li>\n<li>HD URO \u2013 12 MONTHS<\/li>\n<li>HD Valpadana \u2013 12 MONTHS<\/li>\n<li>HD VAN HOOL \u2013 12 MONTHS<\/li>\n<li>HD VE PUMP \u2013 12 MONTHS<\/li>\n<li>HD VERMEER \u2013 12 MONTHS<\/li>\n<li>HD Versatile \u2013 12 MONTHS<\/li>\n<li>HD VISEON BUS \u2013 12 MONTHS<\/li>\n<li>HD VOITH \u2013 12 MONTHS<\/li>\n<li>HD VOLKSWAGEN \u2013 12 MONTHS<\/li>\n<li>HD VOLVO \u2013 12 MONTHS<\/li>\n<li>HD VOLVO (Construction Equipment) \u2013 12 MONTHS<\/li>\n<li>HD VOLVO (EV) \u2013 12 MONTHS<\/li>\n<li>HD VOLVO (PENTA Engines) \u2013 12 MONTHS<\/li>\n<li>HD VW (Diesel) \u2013 12 MONTHS<\/li>\n<li>HD WABCO_ABS \u2013 12 MONTHS<\/li>\n<li>HD WAW \u2013 12 MONTHS<\/li>\n<li>HD WEICHAI \u2013 12 MONTHS<\/li>\n<li>HD WEICHAI (EV) \u2013 12 MONTHS<\/li>\n<li>HD Weiler \u2013 12 MONTHS<\/li>\n<li>HD WESTERN_STAR \u2013 12 MONTHS<\/li>\n<li>HD Weycor \u2013 12 MONTHS<\/li>\n<li>HD WINNEBAGO \u2013 12 MONTHS<\/li>\n<li>HD Wirtgen \u2013 12 MONTHS<\/li>\n<li>HD WRIGHT BUS \u2013 12 MONTHS<\/li>\n<li>HD WUZHOULONG \u2013 12 MONTHS<\/li>\n<li>HD XICHAI \u2013 12 MONTHS<\/li>\n<li>HD XINCHAI \u2013 12 MONTHS<\/li>\n<li>HD XINFENG \u2013 12 MONTHS<\/li>\n<li>HD XUGONG \u2013 12 MONTHS<\/li>\n<li>HD YANGCHAI \u2013 12 MONTHS<\/li>\n<li>HD YAXING \u2013 12 MONTHS<\/li>\n<li>HD Yaxing \u2013 12 MONTHS<\/li>\n<li>HD YQSH \u2013 12 MONTHS<\/li>\n<li>HD YUCHAI \u2013 12 MONTHS<\/li>\n<li>HD YUFENG \u2013 12 MONTHS<\/li>\n<li>HD YUNNEI \u2013 12 MONTHS<\/li>\n<li>HD YUTONG \u2013 12 MONTHS<\/li>\n<li>HD ZF \u2013 12 MONTHS<\/li>\n<li>HD ZHONGTONG \u2013 12 MONTHS<\/li>\n<li>HD ZHONGXING \u2013 12 MONTHS<\/li>\n<li>HD Zoomlion \u2013 12 MONTHS<\/li>\n<li>EV HD \u2013 nan<\/li>\n<li>HD DF (EV) \u2013 12 MONTHS<\/li>\n<li>HD DFLZ (EV) \u2013 12 MONTHS<\/li>\n<li>HD FOTON (EV) \u2013 12 MONTHS<\/li>\n<li>HD GEELY (EV) \u2013 12 MONTHS<\/li>\n<li>HD JMC (EV) \u2013 12 MONTHS<\/li>\n<li>HD MAN (EV) \u2013 12 MONTHS<\/li>\n<li>HD RENAULT (EV) \u2013 12 MONTHS<\/li>\n<li>HD SCANIA (EV) \u2013 12 MONTHS<\/li>\n<li>HD VOLVO (EV) \u2013 12 MONTHS<\/li>\n<li>HD WEICHAI (EV) \u2013 nan<\/li>\n<\/ul>\n<\/details>\n<\/div>\n<\/div>\n<style>\n.xdiag-included { margin-top: 10px; }<br \/>.xdiag-included .dropdown-toggle{<br \/>  background:#d0021b;color:#fff;border:none;padding:12px 16px;width:100%;<br \/>  text-align:left;font-weight:700;border-radius:6px;cursor:pointer<br \/>}<br \/>.xdiag-included .dropdown-content {<br \/>  display:none;margin-top:8px;padding:10px;background:#f9f9f9;border:1px solid #ddd;border-radius:8px<br \/>}<br \/>.xdiag-included.active .dropdown-content{display:block}<br \/>.xdiag-included details {<br \/>  border:1px solid #e6e6e6;background:#fff;border-radius:8px;margin:8px 0<br \/>}<br \/>.xdiag-included summary {<br \/>  cursor:pointer;padding:10px 12px;font-weight:600;list-style:none<br \/>}<br \/>.xdiag-included summary::-webkit-details-marker{display:none}<br \/>.xdiag-included details[open] summary {<br \/>  border-bottom:1px solid #eee;background:#fafafa;<br \/>  border-top-left-radius:8px;border-top-right-radius:8px<br \/>}<br \/>.xdiag-included .x-list {padding:10px 14px;columns:1;column-gap:24px}<br \/>.xdiag-included .x-list li {break-inside:avoid;margin:2px 0}<br \/>@media (min-width: 900px){<br \/>  .xdiag-included .x-list{columns:2}<br \/>}<br \/>@media (min-width: 1300px){<br \/>  .xdiag-included .x-list{columns:3}<br \/>}<br \/>.xdiag-included .x-list.tall{max-height:360px;overflow:auto}<br \/><\/style>\n<p><script>\ndocument.addEventListener('DOMContentLoaded', function(){\n  const root = document.querySelector('.xdiag-included');\n  if(!root) return;\n  const toggle = root.querySelector('.dropdown-toggle');\n  toggle.addEventListener('click', ()=> root.classList.toggle('active'));\n});\n<\/script><\/p>","protected":false},"excerpt":{"rendered":"<p class=\" translation-block\">1. Laden Sie das Xdiag-Programm (nur mit Android-Ger\u00e4ten kompatibel) \u00fcber <a target=\"_blank\" rel=\"noopener\">diesen Link<\/a> herunter.<br>\n\n2. Bitte teilen Sie uns vor der Zahlung die Seriennummer (SN) Ihres Ger\u00e4ts mit.<br>\n\n3. Melden Sie sich in dem zuvor installierten Xdiag-Programm an.<br>\n\n4. Wir senden Ihnen umgehend die zu Ihrer SN geh\u00f6renden Zugangsdaten und das Passwort zu.<br>\n\n5. Testen Sie anschlie\u00dfend die EOBD-Funktion im Xdiag-Programm. Wenn alles korrekt funktioniert, k\u00f6nnen Sie Ihre Bestellung aufgeben. Wir starten dann die Software-Aktivierung f\u00fcr Ihre SN.<\/p>","protected":false},"featured_media":5227,"template":"","meta":{"_seopress_robots_primary_cat":"22","_seopress_titles_title":"Xdiag: 1 year subscription for trucks","_seopress_titles_desc":"Get a full year of access to comprehensive diagnostic capabilities for cars with our exclusive subscription for trucks!","_seopress_robots_index":"","_kad_blocks_custom_css":"","_kad_blocks_head_custom_js":"","_kad_blocks_body_custom_js":"","_kad_blocks_footer_custom_js":"","_kad_post_transparent":"default","_kad_post_title":"","_kad_post_layout":"default","_kad_post_sidebar_id":"","_kad_post_content_style":"default","_kad_post_vertical_padding":"default","_kad_post_feature":"","_kad_post_feature_position":"","_kad_post_header":false,"_kad_post_footer":false,"iawp_total_views":986},"product_cat":[26,22],"product_tag":[],"class_list":{"0":"post-2063","1":"product","2":"type-product","3":"status-publish","4":"has-post-thumbnail","6":"product_cat-xdiag","7":"product_cat-subscriptions","9":"first","10":"instock","11":"featured","12":"virtual","13":"sold-individually","14":"purchasable","15":"product-type-simple","16":"entry","17":"content-bg","18":"loop-entry"},"exclude_global_add_ons":[],"addons":[],"taxonomy_info":{"product_cat":[{"value":26,"label":"xdiag"},{"value":22,"label":"Xdiag subscriptions"}]},"featured_image_src_large":["https:\/\/xdiag.org\/wp-content\/uploads\/2025\/09\/Xdiag_Subscription_HD.jpg",600,600,false],"author_info":[],"comment_info":"","_links":{"self":[{"href":"https:\/\/xdiag.org\/de\/wp-json\/wp\/v2\/product\/2063","targetHints":{"allow":["GET"]}}],"collection":[{"href":"https:\/\/xdiag.org\/de\/wp-json\/wp\/v2\/product"}],"about":[{"href":"https:\/\/xdiag.org\/de\/wp-json\/wp\/v2\/types\/product"}],"wp:featuredmedia":[{"embeddable":true,"href":"https:\/\/xdiag.org\/de\/wp-json\/wp\/v2\/media\/5227"}],"wp:attachment":[{"href":"https:\/\/xdiag.org\/de\/wp-json\/wp\/v2\/media?parent=2063"}],"wp:term":[{"taxonomy":"product_cat","embeddable":true,"href":"https:\/\/xdiag.org\/de\/wp-json\/wp\/v2\/product_cat?post=2063"},{"taxonomy":"product_tag","embeddable":true,"href":"https:\/\/xdiag.org\/de\/wp-json\/wp\/v2\/product_tag?post=2063"}],"curies":[{"name":"wp","href":"https:\/\/api.w.org\/{rel}","templated":true}]}}