{"id":3755,"date":"2025-08-22T17:30:23","date_gmt":"2025-08-22T15:30:23","guid":{"rendered":"https:\/\/xdiag.org\/?post_type=product&#038;p=3755"},"modified":"2025-10-11T10:39:00","modified_gmt":"2025-10-11T08:39:00","slug":"xdiag-pro-professional-automotive-diagnostic-tool","status":"publish","type":"product","link":"https:\/\/xdiag.org\/de\/product\/xdiag-pro-professional-automotive-diagnostic-tool\/","title":{"rendered":"XDIAG PRO \u2013 Professionelles Kfz-Diagnoseger\u00e4t f\u00fcr nur 410 \u20ac!"},"content":{"rendered":"<p data-start=\"145\" data-end=\"437\" class=\" translation-block\"><strong data-start=\"149\" data-end=\"162\">XDIAG PRO<\/strong> ist ein professionelles Kfz-Diagnoseger\u00e4t, das fortschrittliche Funktionen, eine breite Fahrzeugabdeckung und einen unschlagbaren Preis von nur <strong data-start=\"301\" data-end=\"309\">\u20ac410<\/strong> vereint. Ideal f\u00fcr Werkst\u00e4tten, Mechaniker und Auto-Enthusiasten bietet es leistungsstarke Diagnosen f\u00fcr Fahrzeuge, Elektrofahrzeuge und Hybridfahrzeuge weltweit.<\/p>\n<p data-start=\"439\" data-end=\"843\">\ud83d\udd34 <strong data-start=\"442\" data-end=\"462\">Unbeatable Price<\/strong> \u2013 Full professional package for <strong>only \u20ac410<\/strong>.<br data-start=\"505\" data-end=\"508\" \/>\ud83d\udd34 <strong data-start=\"511\" data-end=\"541\">Umfassende Fahrzeugabdeckung<\/strong> \u2013 Supports European, American, Asian, and Chinese brands with over <strong data-start=\"609\" data-end=\"626\">10,000 models<\/strong>.<br data-start=\"627\" data-end=\"630\" \/>\ud83d\udd34 <strong data-start=\"633\" data-end=\"654\">EV &amp; Hybrid Ready<\/strong> \u2013 Comprehensive support for modern electric and hybrid vehicles.<br data-start=\"719\" data-end=\"722\" \/>\ud83d\udd34 <strong data-start=\"725\" data-end=\"756\">Advanced Coding &amp; Functions<\/strong> \u2013 Online ECU coding, adaptations, and active tests used by professional technicians.<\/p>\n<h3 data-start=\"845\" data-end=\"881\">Was ist im Paket enthalten?<\/h3>\n<ul data-start=\"882\" data-end=\"1090\">\n<li data-start=\"882\" data-end=\"945\">\n<p data-start=\"884\" data-end=\"945\">8-Zoll Android-Tablet (vorkonfiguriert, mit Schutzh\u00fclle)<\/p>\n<\/li>\n<li data-start=\"946\" data-end=\"1002\">\n<p data-start=\"948\" data-end=\"1002\">Robuster Transportkoffer f\u00fcr sicheren Transport und Aufbewahrung<\/p>\n<\/li>\n<li data-start=\"1003\" data-end=\"1038\">\n<p data-start=\"1005\" data-end=\"1038\">Bluetooth-VCI-Modul (DBScar 1)<\/p>\n<\/li>\n<li data-start=\"1039\" data-end=\"1090\">\n<p data-start=\"1041\" data-end=\"1090\">12-monatige Xdiag-Lizenz mit Updates und Support<\/p>\n<\/li>\n<\/ul>\n<h3 data-start=\"1092\" data-end=\"1130\">Erweiterte Servicefunktionen (40+)<\/h3>\n<p data-start=\"1131\" data-end=\"1910\">The <strong data-start=\"1135\" data-end=\"1148\">XDIAG PRO<\/strong> provides more than <strong data-start=\"1168\" data-end=\"1219\">40 professional service resets and calibrations<\/strong>, including:<br data-start=\"1231\" data-end=\"1234\" \/>\ud83d\udd34 DPF regeneration<br data-start=\"1253\" data-end=\"1256\" \/>\ud83d\udd34 EGR reset &amp; adaptation<br data-start=\"1281\" data-end=\"1284\" \/>\ud83d\udd34 Start\/Stop system reset<br data-start=\"1310\" data-end=\"1313\" \/>\ud83d\udd34 Oil service reset<br data-start=\"1333\" data-end=\"1336\" \/>\ud83d\udd34 Injector coding &amp; learning<br data-start=\"1365\" data-end=\"1368\" \/>\ud83d\udd34 Steering angle sensor (SAS) calibration<br data-start=\"1410\" data-end=\"1413\" \/>\ud83d\udd34 Battery management system (BMS) registration<br data-start=\"1460\" data-end=\"1463\" \/>\ud83d\udd34 TPMS programming<br data-start=\"1482\" data-end=\"1485\" \/>\ud83d\udd34 Electronic parking brake (EPB) reset<br data-start=\"1524\" data-end=\"1527\" \/>\ud83d\udd34 Throttle adaptation<br data-start=\"1549\" data-end=\"1552\" \/>\ud83d\udd34 Key coding &amp; immobilizer functions<br data-start=\"1589\" data-end=\"1592\" \/>\ud83d\udd34 ADAS &amp; radar calibration<br data-start=\"1619\" data-end=\"1622\" \/>\ud83d\udd34 Transmission (TCM) reset<br data-start=\"1649\" data-end=\"1652\" \/>\ud83d\udd34 Air suspension height calibration<br data-start=\"1688\" data-end=\"1691\" \/>\ud83d\udd34 NOx sensor regeneration<br data-start=\"1717\" data-end=\"1720\" \/>\ud83d\udd34 Lambda sensor calibration<br data-start=\"1748\" data-end=\"1751\" \/>\ud83d\udd34 ECU adaptation resets<br data-start=\"1775\" data-end=\"1778\" \/>\ud83d\udd34 Fuel filter reset<br data-start=\"1798\" data-end=\"1801\" \/>\ud83d\udd34 AC system reset<br data-start=\"1819\" data-end=\"1822\" \/>\ud83d\udd34 Brake bleeding functions<br data-start=\"1849\" data-end=\"1852\" \/>\u2026and many more, giving you full workshop-level coverage.<\/p>\n<h3 data-start=\"1912\" data-end=\"1939\">Warum XDIAG PRO w\u00e4hlen?<\/h3>\n<p data-start=\"1940\" data-end=\"2165\">\ud83d\udd34 Covers all major makes and models worldwide<br data-start=\"1986\" data-end=\"1989\" \/>\ud83d\udd34 Professional-grade diagnostics at an affordable price<br data-start=\"2045\" data-end=\"2048\" \/>\ud83d\udd34 Compact, wireless Bluetooth solution \u2013 fast and easy to use<br data-start=\"2110\" data-end=\"2113\" \/>\ud83d\udd34 Future-proof with online updates and EV support<\/p>\n<p data-start=\"2167\" data-end=\"2233\">\ud83d\ude80 Erhalten Sie professionelle Diagnostik auf Werkstattniveau zu einem Bruchteil der Kosten!<\/p>\n<p data-start=\"2235\" data-end=\"2309\">\ud83d\udc49 Order now for only <strong data-start=\"2257\" data-end=\"2265\">\u20ac410<\/strong>and take your workshop to the next level!<\/p>","protected":false},"excerpt":{"rendered":"<p class=\" translation-block\"><strong data-start=\"140\" data-end=\"153\">XDIAG PRO<\/strong> ist ein professionelles Kfz-Diagnoseger\u00e4t f\u00fcr nur <strong data-start=\"208\" data-end=\"216\">\u20ac410<\/strong> und deckt weltweit \u00fcber 10.000 Fahrzeugmodelle ab, einschlie\u00dflich Elektro- und Hybridfahrzeugen. Mit \u00fcber 40 erweiterten Servicefunktionen, ECU-Codierung und einem vollst\u00e4ndigen Diagnostikpaket (Tablet, DBScar 1, Lizenz) liefert es Diagnosen auf professionellem Niveau zu einem Bruchteil der Kosten.<\/p>","protected":false},"featured_media":5214,"template":"","meta":{"_seopress_robots_primary_cat":"26","_seopress_titles_title":"XDIAG PRO \u2013 Professional Automotive Diagnostic Tool","_seopress_titles_desc":"XDIAG PRO \u2013 Professional Automotive Diagnostic Tool DPF regeneration EGR reset and adaptation Start\/Stop system reset Oil service reset Injector coding & learning","_seopress_robots_index":"","_kad_blocks_custom_css":"","_kad_blocks_head_custom_js":"","_kad_blocks_body_custom_js":"","_kad_blocks_footer_custom_js":"","_kad_post_transparent":"default","_kad_post_title":"","_kad_post_layout":"default","_kad_post_sidebar_id":"","_kad_post_content_style":"default","_kad_post_vertical_padding":"default","_kad_post_feature":"","_kad_post_feature_position":"","_kad_post_header":false,"_kad_post_footer":false,"iawp_total_views":584},"product_cat":[23,26],"product_tag":[],"class_list":{"0":"post-3755","1":"product","2":"type-product","3":"status-publish","4":"has-post-thumbnail","6":"product_cat-diagnostics","7":"product_cat-xdiag","9":"first","10":"instock","11":"sale","12":"shipping-taxable","13":"purchasable","14":"product-type-simple","15":"entry","16":"content-bg","17":"loop-entry"},"exclude_global_add_ons":[],"addons":[],"taxonomy_info":{"product_cat":[{"value":23,"label":"Diagnostics full set"},{"value":26,"label":"xdiag"}]},"featured_image_src_large":["https:\/\/xdiag.org\/wp-content\/uploads\/2025\/09\/Xdiag_DbscarI_kofer.jpg",600,600,false],"author_info":[],"comment_info":"","_links":{"self":[{"href":"https:\/\/xdiag.org\/de\/wp-json\/wp\/v2\/product\/3755","targetHints":{"allow":["GET"]}}],"collection":[{"href":"https:\/\/xdiag.org\/de\/wp-json\/wp\/v2\/product"}],"about":[{"href":"https:\/\/xdiag.org\/de\/wp-json\/wp\/v2\/types\/product"}],"wp:featuredmedia":[{"embeddable":true,"href":"https:\/\/xdiag.org\/de\/wp-json\/wp\/v2\/media\/5214"}],"wp:attachment":[{"href":"https:\/\/xdiag.org\/de\/wp-json\/wp\/v2\/media?parent=3755"}],"wp:term":[{"taxonomy":"product_cat","embeddable":true,"href":"https:\/\/xdiag.org\/de\/wp-json\/wp\/v2\/product_cat?post=3755"},{"taxonomy":"product_tag","embeddable":true,"href":"https:\/\/xdiag.org\/de\/wp-json\/wp\/v2\/product_tag?post=3755"}],"curies":[{"name":"wp","href":"https:\/\/api.w.org\/{rel}","templated":true}]}}