{"id":956,"date":"2023-10-10T16:52:50","date_gmt":"2023-10-10T14:52:50","guid":{"rendered":"http:\/\/xdiag.org\/?post_type=product&#038;p=956"},"modified":"2026-04-20T00:25:33","modified_gmt":"2026-04-19T22:25:33","slug":"xdiag-x431-adapter-obd2-connector","status":"publish","type":"product","link":"https:\/\/xdiag.org\/de\/product\/xdiag-x431-adapter-obd2-connector\/","title":{"rendered":"Adapter f\u00fcr schwere Nutzfahrzeuge f\u00fcr OBD2-Stecker"},"content":{"rendered":"<p data-start=\"126\" data-end=\"418\" class=\" translation-block\">The <strong data-start=\"130\" data-end=\"165\">24V to 12V Diagnostic Converter<\/strong> ist ein professionelles Werkzeug f\u00fcr Werkst\u00e4tten, die mit schweren Lkw, Bussen, Pickups und anderen 24V-Fahrzeugen arbeiten. Er wandelt die Spannung sicher um und passt Kommunikationsprotokolle an, sodass <img role=\"img\" class=\"emoji\" alt=\"\ud83d\udd34\" src=\"https:\/\/s.w.org\/images\/core\/emoji\/17.0.2\/svg\/1f534.svg\"> OBD2-Diagnoseger\u00e4te (12V) problemlos an 24V-Systeme angeschlossen und verwendet werden k\u00f6nnen.<\/p>\n<p>\ud83d\udd34 <strong>Spannungsumwandlung f\u00fcr Diagnose-Schnittstelle<\/strong> \u2013 Wandelt 24V-Fahrzeugsysteme in 12V um, um eine sichere Nutzung von Diagnoseger\u00e4ten zu erm\u00f6glichen.<\/p>\n<p>\ud83d\udd34 <strong data-start=\"555\" data-end=\"592\">Umwandlung des Kommunikationsprotokolls<\/strong> \u2013 \u00dcbersetzt 24V-Lkw <strong data-start=\"616\" data-end=\"626\">K-Line<\/strong> Kommunikation in 12V K-Line umwandelt und so eine reibungslose Diagnose gew\u00e4hrleistet.<\/p>\n<p data-start=\"690\" data-end=\"818\">\ud83d\udd34 <strong data-start=\"693\" data-end=\"721\">Spannungseingangsanzeige<\/strong> \u2013 Der Bildschirm zeigt deutlich an <em data-start=\"752\" data-end=\"763\">24V-Eingang<\/em> mit einem erhabenen Schalterknopf f\u00fcr sofortige Erkennung.<\/p>\n<p data-start=\"820\" data-end=\"941\">\ud83d\udd34 <strong data-start=\"823\" data-end=\"852\">Ausgangsspannungsanzeige<\/strong> \u2013 Zeigt <em data-start=\"861\" data-end=\"873\">12V-Ausgang<\/em> mit heruntergedr\u00fccktem Schalterknopf, um die aktive Umwandlung zu best\u00e4tigen.<\/p>\n<p data-start=\"943\" data-end=\"1074\"><strong data-start=\"946\" data-end=\"980\">\ud83d\udd34Kommunikationsstatusanzeige<\/strong> \u2013 Die Kontrollleuchte zeigt den Echtzeit-Kommunikationsstatus zwischen Fahrzeug und Diagnoseger\u00e4t an.<\/p>\n<h3 data-start=\"1081\" data-end=\"1113\">Warum diesen Konverter w\u00e4hlen?<\/h3>\n<p data-start=\"1115\" data-end=\"1393\">\ud83d\udd34 Erweitert die Kompatibilit\u00e4t von OBD2-Diagnoseger\u00e4ten auf <strong data-start=\"1153\" data-end=\"1169\">24V-Fahrzeuge<\/strong><br data-start=\"1169\" data-end=\"1172\" \/>\ud83d\udd34 Garantiert <strong data-start=\"1186\" data-end=\"1224\">sichere und stabile Spannungsumwandlung<\/strong><br data-start=\"1224\" data-end=\"1227\" \/>\ud83d\udd34 Bietet <strong data-start=\"1239\" data-end=\"1266\">klare visuelle Anzeigen<\/strong> f\u00fcr Eingang, Ausgang und Kommunikation<br data-start=\"1303\" data-end=\"1306\" \/>\ud83d\udd34 Ideal f\u00fcr professionelle Werkst\u00e4tten, die arbeiten mit <strong data-start=\"1351\" data-end=\"1391\">Autos, Pickups und Schwerlast-Lkw<\/strong><\/p>\n<p data-start=\"1400\" data-end=\"1621\" class=\" translation-block\"><strong data-start=\"1402\" data-end=\"1415\">In short:<\/strong> Der <strong data-start=\"1420\" data-end=\"1455\">24V to 12V Diagnostic Converter<\/strong> ist ein unverzichtbares Zubeh\u00f6r f\u00fcr Techniker, die zuverl\u00e4ssige Diagnosen an <strong data-start=\"1535\" data-end=\"1558\">12V and 24V systems<\/strong> ben\u00f6tigen und dabei Sicherheit, Kompatibilit\u00e4t und einwandfreie Kommunikation gew\u00e4hrleisten m\u00fcssen.<\/p>","protected":false},"excerpt":{"rendered":"<p class=\" translation-block\">Der <strong data-start=\"95\" data-end=\"146\">Godiag GT106 Heavy Truck Power Module Converter<\/strong> wandelt 24V-Lkw-Systeme und K-Line-Kommunikation sicher in 12V um, sodass Diagnoseger\u00e4te problemlos an Nutzfahrzeugen verwendet werden k\u00f6nnen \u2013 ohne Risiko einer Besch\u00e4digung von 12V-Diagnosetools.<\/p>","protected":false},"featured_media":5153,"template":"","meta":{"_seopress_robots_primary_cat":"25","_seopress_titles_title":"Godiag GT106 Heavy Truck Power Module Converter","_seopress_titles_desc":"Discover the Godiag GT106 Heavy Truck Power Module Converter in seamlessly converting a truck's 24v K-Line communication protocol to a 12v K-Line.","_seopress_robots_index":"","_kad_blocks_custom_css":"","_kad_blocks_head_custom_js":"","_kad_blocks_body_custom_js":"","_kad_blocks_footer_custom_js":"","_kad_post_transparent":"default","_kad_post_title":"","_kad_post_layout":"default","_kad_post_sidebar_id":"","_kad_post_content_style":"default","_kad_post_vertical_padding":"default","_kad_post_feature":"","_kad_post_feature_position":"","_kad_post_header":false,"_kad_post_footer":false,"iawp_total_views":265},"product_cat":[25,26],"product_tag":[],"class_list":{"0":"post-956","1":"product","2":"type-product","3":"status-publish","4":"has-post-thumbnail","6":"product_cat-adapters","7":"product_cat-xdiag","9":"first","10":"instock","11":"shipping-taxable","12":"purchasable","13":"product-type-simple","14":"entry","15":"content-bg","16":"loop-entry"},"exclude_global_add_ons":[],"addons":[],"taxonomy_info":{"product_cat":[{"value":25,"label":"Adapters"},{"value":26,"label":"xdiag"}]},"featured_image_src_large":["https:\/\/xdiag.org\/wp-content\/uploads\/2025\/09\/Xdiag_Godiag-GT106_Plus_1.jpg",600,600,false],"author_info":[],"comment_info":"","_links":{"self":[{"href":"https:\/\/xdiag.org\/de\/wp-json\/wp\/v2\/product\/956","targetHints":{"allow":["GET"]}}],"collection":[{"href":"https:\/\/xdiag.org\/de\/wp-json\/wp\/v2\/product"}],"about":[{"href":"https:\/\/xdiag.org\/de\/wp-json\/wp\/v2\/types\/product"}],"wp:featuredmedia":[{"embeddable":true,"href":"https:\/\/xdiag.org\/de\/wp-json\/wp\/v2\/media\/5153"}],"wp:attachment":[{"href":"https:\/\/xdiag.org\/de\/wp-json\/wp\/v2\/media?parent=956"}],"wp:term":[{"taxonomy":"product_cat","embeddable":true,"href":"https:\/\/xdiag.org\/de\/wp-json\/wp\/v2\/product_cat?post=956"},{"taxonomy":"product_tag","embeddable":true,"href":"https:\/\/xdiag.org\/de\/wp-json\/wp\/v2\/product_tag?post=956"}],"curies":[{"name":"wp","href":"https:\/\/api.w.org\/{rel}","templated":true}]}}