{"id":958,"date":"2023-10-10T17:04:05","date_gmt":"2023-10-10T15:04:05","guid":{"rendered":"http:\/\/xdiag.org\/?post_type=product&#038;p=958"},"modified":"2025-10-11T10:44:23","modified_gmt":"2025-10-11T08:44:23","slug":"launch-x-431-tire-pressure-detector","status":"publish","type":"product","link":"https:\/\/xdiag.org\/de\/product\/launch-x-431-tire-pressure-detector\/","title":{"rendered":"Launch X431 TSGUN TPMS Tire Pressure Detector \u2013 TPMS-Diagnoseger\u00e4t zum Aktivieren, Anlernen und Programmieren von Sensoren, kompatibel mit X431 V \/ V+ \/ PRO3S+ \/ PAD V \/ PAD II"},"content":{"rendered":"<p data-start=\"214\" data-end=\"540\" class=\" translation-block\">The <strong data-start=\"218\" data-end=\"233\">Xdiag TSGUN<\/strong> ist ein professionelles, handgehaltenes TPMS-Werkzeug (Reifendruckkontrollsystem), das f\u00fcr eine nahtlose Integration mit Diagnoseger\u00e4ten entwickelt wurde, die Xdiag-Software unterst\u00fctzen. Kompakt, tragbar und leistungsstark bietet es vollst\u00e4ndige TPMS-Diagnosen, Sensoraktivierung, Programmierung und Anlernfunktionen \u2013 alles in einem Ger\u00e4t.<\/p>\n<p data-start=\"542\" data-end=\"641\">\ud83d\udd34 <strong data-start=\"545\" data-end=\"571\">1,77-Zoll-Farbdisplay<\/strong> \u2013 Helles und klares Display f\u00fcr eine einfache Ablesbarkeit w\u00e4hrend der Diagnose.<\/p>\n<p data-start=\"643\" data-end=\"740\">\ud83d\udd34 <strong data-start=\"646\" data-end=\"672\">Echtzeit-Reifendaten<\/strong> \u2013 Liest sofort Reifendruck, Temperatur und Batteriestatus aus.<\/p>\n<p data-start=\"742\" data-end=\"843\">\ud83d\udd34 <strong data-start=\"745\" data-end=\"771\">TPMS-Fehlerdiagnose<\/strong> \u2013 Erkennt und l\u00f6scht Reifendruck-Fehlercodes (DTCs) mit hoher Pr\u00e4zision.<\/p>\n<p data-start=\"845\" data-end=\"955\">\ud83d\udd34 <strong data-start=\"848\" data-end=\"880\">Sensoraktivierung &amp; Zuordnung<\/strong> \u2013 Aktiviert und ordnet Sensoren sowohl bei 315 MHz als auch bei 433 MHz zu.<\/p>\n<p data-start=\"957\" data-end=\"1059\">\ud83d\udd34 <strong data-start=\"960\" data-end=\"986\">Sensor-Datenverwaltung<\/strong> \u2013 Liest, kopiert und schreibt Sensor-IDs schnell f\u00fcr eine effiziente Handhabung.<\/p>\n<p data-start=\"1061\" data-end=\"1173\">\ud83d\udd34 <strong data-start=\"1064\" data-end=\"1096\">Unbegrenzte Sensorprogrammierung<\/strong> \u2013 Programmiert dedizierte Sensoren ohne Einschr\u00e4nkungen bei den Neuprogrammierzyklen.<\/p>\n<p data-start=\"1175\" data-end=\"1287\">\ud83d\udd34 <strong data-start=\"1178\" data-end=\"1212\">Integrierte Lernanweisungen<\/strong> \u2013 Vereinfacht TPMS-Sensor-Anlernverfahren durch Schritt-f\u00fcr-Schritt-Anleitungen.<\/p>\n<p data-start=\"1289\" data-end=\"1379\">\ud83d\udd34 <strong data-start=\"1292\" data-end=\"1322\">Umfassende Fahrzeugabdeckung<\/strong> \u2013 Unterst\u00fctzt bis zu 98 % der weltweit mit TPMS ausgestatteten Fahrzeuge.<\/p>\n<hr data-start=\"1381\" data-end=\"1384\" \/>\n<h3 data-start=\"1386\" data-end=\"1409\">Programmiermodi<\/h3>\n<ul data-start=\"1411\" data-end=\"1709\">\n<li data-start=\"1411\" data-end=\"1471\">\n<p data-start=\"1413\" data-end=\"1471\"><strong data-start=\"1413\" data-end=\"1428\">Automatische Erstellung<\/strong> \u2013 Generiert automatisch neue Sensor-IDs.<\/p>\n<\/li>\n<li data-start=\"1472\" data-end=\"1538\">\n<p data-start=\"1474\" data-end=\"1538\"><strong data-start=\"1474\" data-end=\"1490\">Manual Input<\/strong> \u2013 Enter original or alternative IDs manually.<\/p>\n<\/li>\n<li data-start=\"1539\" data-end=\"1626\">\n<p data-start=\"1541\" data-end=\"1626\"><strong data-start=\"1541\" data-end=\"1556\">Kopieren \u00fcber OBD<\/strong> \u2013 Ruft die Sensor-ID direkt vom Steuerger\u00e4t (ECU) \u00fcber eine OBD-Verbindung ab.<\/p>\n<\/li>\n<li data-start=\"1627\" data-end=\"1709\">\n<p data-start=\"1629\" data-end=\"1709\"><strong data-start=\"1629\" data-end=\"1651\">Kopieren durch Aktivierung<\/strong> \u2013 Aktiviert die originalen Sensoren, bevor deren Daten kopiert werden.<\/p>\n<\/li>\n<\/ul>\n<hr data-start=\"1711\" data-end=\"1714\" \/>\n<h3 data-start=\"1716\" data-end=\"1735\">Kompatibilit\u00e4t<\/h3>\n<p data-start=\"1737\" data-end=\"1925\" class=\" translation-block\">The <strong data-start=\"1741\" data-end=\"1756\">Xdiag TSGUN<\/strong> ist f\u00fcr die Verwendung mit Diagnoseger\u00e4ten konzipiert, die mit <strong data-start=\"1809\" data-end=\"1827\">Xdiag software<\/strong> betrieben werden.<br data-start=\"1828\" data-end=\"1831\">\nEs unterst\u00fctzt Xdiag-kompatible TPMS-Sensoren (315\/433 MHz), die separat erworben werden m\u00fcssen.<\/p>\n<hr data-start=\"1927\" data-end=\"1930\" \/>\n<h3 data-start=\"1932\" data-end=\"1961\">Warum Xdiag TSGUN w\u00e4hlen?<\/h3>\n<p data-start=\"1963\" data-end=\"2221\">\ud83d\udd34 Tragbares und werkstattfreundliches Design<br data-start=\"2003\" data-end=\"2006\" \/>\ud83d\udd34 Vollst\u00e4ndige TPMS-Diagnose \u2013 vom Auslesen bis zur Programmierung<br data-start=\"2059\" data-end=\"2062\" \/>\ud83d\udd34 Unterst\u00fctzt 315- &amp; 433-MHz-Frequenzen<br data-start=\"2099\" data-end=\"2102\" \/>\ud83d\udd34 Breite globale Fahrzeugabdeckung (PKW, SUVs, leichte Nutzfahrzeuge)<br data-start=\"2160\" data-end=\"2163\" \/>\ud83d\udd34 Getestet und verifiziert f\u00fcr stabile Leistung mit Xdiag<\/p>\n<hr data-start=\"2223\" data-end=\"2226\" \/>\n<p data-start=\"2228\" data-end=\"2482\">\u2705 <strong data-start=\"2230\" data-end=\"2243\">In short:<\/strong> The <strong data-start=\"2248\" data-end=\"2263\">Xdiag TSGUN<\/strong> is an essential tool for workshops and professionals looking to streamline TPMS service. From diagnosing faults to programming and learning new sensors, it offers a reliable, cost-effective, and time-saving solution.<\/p>","protected":false},"excerpt":{"rendered":"<p class=\" translation-block\">The <strong data-start=\"95\" data-end=\"110\">Xdiag TSGUN<\/strong> ist ein professionelles TPMS-Modul, das Sensoraktivierung, Auslesen, Programmierung und Anlernfunktionen in einem Ger\u00e4t vereint. Kompakt, tragbar und kosteneffizient liest es wichtige Reifendaten wie Druck und Temperatur aus und erweitert nahtlos die Diagnoseleistung der Xdiag-Tools.<\/p>","protected":false},"featured_media":5177,"template":"","meta":{"_seopress_robots_primary_cat":"23","_seopress_titles_title":"TPMS & X-431 TSGUN Advanced Module for Tire Data Managing","_seopress_titles_desc":"The X-431 TSGUN: A Robust TPMS Module Seamlessly Integrating Sensor Functionalities and Tire Data Gathering. Delivering Portability, Cost-Efficiency, and More.","_seopress_robots_index":"","_kad_blocks_custom_css":"","_kad_blocks_head_custom_js":"","_kad_blocks_body_custom_js":"","_kad_blocks_footer_custom_js":"","_kad_post_transparent":"default","_kad_post_title":"","_kad_post_layout":"default","_kad_post_sidebar_id":"","_kad_post_content_style":"default","_kad_post_vertical_padding":"default","_kad_post_feature":"","_kad_post_feature_position":"","_kad_post_header":false,"_kad_post_footer":false,"iawp_total_views":186},"product_cat":[25,21,26],"product_tag":[],"class_list":{"0":"post-958","1":"product","2":"type-product","3":"status-publish","4":"has-post-thumbnail","6":"product_cat-adapters","7":"product_cat-connectors","8":"product_cat-xdiag","10":"first","11":"instock","12":"shipping-taxable","13":"purchasable","14":"product-type-simple","15":"entry","16":"content-bg","17":"loop-entry"},"exclude_global_add_ons":[],"addons":[],"taxonomy_info":{"product_cat":[{"value":25,"label":"Adapters"},{"value":21,"label":"Connectors"},{"value":26,"label":"xdiag"}]},"featured_image_src_large":["https:\/\/xdiag.org\/wp-content\/uploads\/2025\/09\/Xdiag_Launch_X431_TPMS_1.jpg",600,600,false],"author_info":[],"comment_info":"","_links":{"self":[{"href":"https:\/\/xdiag.org\/de\/wp-json\/wp\/v2\/product\/958","targetHints":{"allow":["GET"]}}],"collection":[{"href":"https:\/\/xdiag.org\/de\/wp-json\/wp\/v2\/product"}],"about":[{"href":"https:\/\/xdiag.org\/de\/wp-json\/wp\/v2\/types\/product"}],"wp:featuredmedia":[{"embeddable":true,"href":"https:\/\/xdiag.org\/de\/wp-json\/wp\/v2\/media\/5177"}],"wp:attachment":[{"href":"https:\/\/xdiag.org\/de\/wp-json\/wp\/v2\/media?parent=958"}],"wp:term":[{"taxonomy":"product_cat","embeddable":true,"href":"https:\/\/xdiag.org\/de\/wp-json\/wp\/v2\/product_cat?post=958"},{"taxonomy":"product_tag","embeddable":true,"href":"https:\/\/xdiag.org\/de\/wp-json\/wp\/v2\/product_tag?post=958"}],"curies":[{"name":"wp","href":"https:\/\/api.w.org\/{rel}","templated":true}]}}