{"id":3405,"date":"2025-05-07T09:08:34","date_gmt":"2025-05-07T07:08:34","guid":{"rendered":"https:\/\/xdiag.org\/?post_type=product&#038;p=3405"},"modified":"2026-01-09T15:44:48","modified_gmt":"2026-01-09T14:44:48","slug":"hayes-pro-1-year-subscription","status":"publish","type":"product","link":"https:\/\/xdiag.org\/es\/product\/hayes-pro-1-year-subscription\/","title":{"rendered":"Subscripci\u00f3n online Haynes Pro por 1 a\u00f1o"},"content":{"rendered":"<p>Desbloquee reparaciones y mantenimiento automotriz de nivel profesional con HaynesPro, una base de datos t\u00e9cnica completa dise\u00f1ada para autom\u00f3viles, veh\u00edculos el\u00e9ctricos, camiones y remolques. Con un precio de 75 \u20ac, esta potente herramienta ofrece a aficionados, mec\u00e1nicos y operadores de flotas todo lo necesario para diagnosticar, reparar y mantener veh\u00edculos de forma eficiente y precisa.<\/p>\n<p>\u00bfPor qu\u00e9 elegir HaynesPro?<\/p>\n<p class=\" translation-block\">In-Depth Engine Data: Access detailed engine specifications, including performance metrics, diagnostic trouble codes (DTCs), and maintenance requirements, ensuring precise engine repairs and optimizations.<br>\r\nStep-by-Step Repair Instructions: Follow clear, manufacturer-approved repair guides with detailed procedures for everything from brake systems to tire replacements, making complex repairs manageable for all skill levels.<br>\r\nComprehensive Electrical Schematics: Troubleshoot and resolve electrical issues with ease using high-quality wiring diagrams for engine management, ABS, ESP, air conditioning, and more. Includes component-specific diagrams for rapid diagnostics.<br>\r\nInjector and Fuel System Details: Gain precise data on injector specifications, fuel system diagnostics, and maintenance procedures to keep your vehicle running smoothly.<br>\r\nOEM-Approved Information: Rely on up-to-date, manufacturer-sourced data covering a wide range of vehicle makes and models, including the latest hybrid and electric vehicle (EV) information.<br>\r\nAdditional Features: Benefit from service schedules, torque settings, technical drawings, and adjustment data (e.g., idle speed, NOx emissions). The cloud-based platform ensures accessibility on desktops, tablets, or smartphones, perfect for busy workshops or on-the-go repairs.<br>\r\nTrailer and Axle Information: Unique to HaynesPro, access specialized data for truck-trailer combinations, including axle maintenance and component identification, ensuring complete vehicle coverage.<br>\r\nWho Is It For?<\/p>\n<p>HaynesPro est\u00e1 dise\u00f1ado para profesionales del autom\u00f3vil, mec\u00e1nicos aficionados y operadores de flotas que requieren acceso fiable y en tiempo real a datos t\u00e9cnicos. Ya sea para mantenimiento rutinario, diagn\u00f3stico de fallos el\u00e9ctricos complejos o servicio de veh\u00edculos pesados, HaynesPro agiliza el proceso, ahorra tiempo y reduce errores.<\/p>\n<p>Por qu\u00e9 vale la pena<\/p>\n<p>Con actualizaciones peri\u00f3dicas y una interfaz f\u00e1cil de usar, HaynesPro ofrece un valor inigualable por 75 \u20ac. Su Vehicle Electronic Smart Assistant (VESA\u2122) mejora el diagn\u00f3stico gui\u00e1ndote hacia soluciones precisas para problemas de sistemas electr\u00f3nicos. Desde c\u00f3digos de falla hasta tiempos de reparaci\u00f3n, esta plataforma todo en uno te permite afrontar cualquier trabajo con confianza.<\/p>\n<p>Mejora tu nivel de reparaciones con HaynesPro, el recurso definitivo para mantenimiento de autom\u00f3viles, veh\u00edculos el\u00e9ctricos, camiones y remolques.<\/p>\n<p>&nbsp;<\/p>\n<p data-start=\"156\" data-end=\"179\">\u26a0\ufe0f <strong data-start=\"159\" data-end=\"179\">IMPORTANT NOTICE<\/strong><\/p>\n<p data-start=\"181\" data-end=\"354\">Each purchased license is strictly bound to a single device (hardware ID).<br data-start=\"255\" data-end=\"258\" \/>If multiple licenses are purchased, each license must be activated on its own individual device.<\/p>\n<p data-start=\"356\" data-end=\"464\">By completing your purchase, you confirm that you understand and agree to the one-license-per-device policy.<\/p>","protected":false},"excerpt":{"rendered":"<p>HaynesPro para coches, camiones y remolques \u2013 datos completos de reparaci\u00f3n y mantenimiento.<\/p>\n<ul>\n<li>Especificaciones y diagn\u00f3sticos del motor<\/li>\n<li>Instrucciones de reparaci\u00f3n paso a paso<\/li>\n<li>Esquemas el\u00e9ctricos detallados<\/li>\n<li>Datos de inyectores y programas de mantenimiento<\/li>\n<li>Informaci\u00f3n t\u00e9cnica aprobada por el OEM<\/li>\n<\/ul>","protected":false},"featured_media":5220,"template":"","meta":{"_seopress_robots_primary_cat":"none","_seopress_titles_title":"HaynesPRO 1 year online subscription | XDIAG","_seopress_titles_desc":"HaynesPro: Automotive repair software for passenger cars, electrical cars, trucks, and trailers. Engine diagnostics, wiring diagrams, repair guides..","_seopress_robots_index":"","_kad_blocks_custom_css":"","_kad_blocks_head_custom_js":"","_kad_blocks_body_custom_js":"","_kad_blocks_footer_custom_js":"","_kad_post_transparent":"default","_kad_post_title":"","_kad_post_layout":"default","_kad_post_sidebar_id":"","_kad_post_content_style":"default","_kad_post_vertical_padding":"default","_kad_post_feature":"","_kad_post_feature_position":"","_kad_post_header":false,"_kad_post_footer":false,"iawp_total_views":9091},"product_cat":[22],"product_tag":[],"class_list":{"0":"post-3405","1":"product","2":"type-product","3":"status-publish","4":"has-post-thumbnail","6":"product_cat-subscriptions","8":"first","9":"instock","10":"featured","11":"sold-individually","12":"shipping-taxable","13":"purchasable","14":"product-type-variable","15":"has-default-attributes","16":"entry","17":"content-bg","18":"loop-entry"},"exclude_global_add_ons":[],"addons":[],"taxonomy_info":{"product_cat":[{"value":22,"label":"Xdiag subscriptions"}]},"featured_image_src_large":["https:\/\/xdiag.org\/wp-content\/uploads\/2025\/09\/Xdiag_haynes_1.jpeg",600,600,false],"author_info":[],"comment_info":"","_links":{"self":[{"href":"https:\/\/xdiag.org\/es\/wp-json\/wp\/v2\/product\/3405","targetHints":{"allow":["GET"]}}],"collection":[{"href":"https:\/\/xdiag.org\/es\/wp-json\/wp\/v2\/product"}],"about":[{"href":"https:\/\/xdiag.org\/es\/wp-json\/wp\/v2\/types\/product"}],"wp:featuredmedia":[{"embeddable":true,"href":"https:\/\/xdiag.org\/es\/wp-json\/wp\/v2\/media\/5220"}],"wp:attachment":[{"href":"https:\/\/xdiag.org\/es\/wp-json\/wp\/v2\/media?parent=3405"}],"wp:term":[{"taxonomy":"product_cat","embeddable":true,"href":"https:\/\/xdiag.org\/es\/wp-json\/wp\/v2\/product_cat?post=3405"},{"taxonomy":"product_tag","embeddable":true,"href":"https:\/\/xdiag.org\/es\/wp-json\/wp\/v2\/product_tag?post=3405"}],"curies":[{"name":"wp","href":"https:\/\/api.w.org\/{rel}","templated":true}]}}