{"id":3812,"date":"2025-08-30T10:25:38","date_gmt":"2025-08-30T08:25:38","guid":{"rendered":"https:\/\/xdiag.org\/?post_type=product&#038;p=3812"},"modified":"2025-09-28T16:56:05","modified_gmt":"2025-09-28T14:56:05","slug":"password-reset-account-recovery-software-xdiag-devices","status":"publish","type":"product","link":"https:\/\/xdiag.org\/es\/product\/password-reset-account-recovery-software-xdiag-devices\/","title":{"rendered":"Software de restablecimiento de contrase\u00f1a y recuperaci\u00f3n de cuenta para dispositivos XDiag"},"content":{"rendered":"<p data-start=\"195\" data-end=\"323\" class=\" translation-block\"><strong data-start=\"195\" data-end=\"234\">Can\u2019t log in to your XDiag account?<\/strong><br data-start=\"234\" data-end=\"237\">Ya sea que haya olvidado su contrase\u00f1a o haya perdido el acceso a su inicio de sesi\u00f3n existente, podemos ayudarle.<\/p>\n<p data-start=\"325\" data-end=\"349\">\u2705 <strong data-start=\"327\" data-end=\"347\">Qu\u00e9 est\u00e1 incluido:<\/strong><\/p>\n<ul data-start=\"350\" data-end=\"531\">\n<li data-start=\"350\" data-end=\"414\">\n<p data-start=\"352\" data-end=\"414\">Verificaci\u00f3n del n\u00famero de serie de su dispositivo y del estado de la cuenta<\/p>\n<\/li>\n<li data-start=\"415\" data-end=\"485\">\n<p data-start=\"417\" data-end=\"485\">Restablecimiento de la contrase\u00f1a o recuperaci\u00f3n de su cuenta existente (si est\u00e1 disponible)<\/p>\n<\/li>\n<li data-start=\"486\" data-end=\"531\">\n<p data-start=\"488\" data-end=\"531\">Instrucciones paso a paso para volver a iniciar sesi\u00f3n<\/p>\n<\/li>\n<\/ul>\n<p data-start=\"533\" data-end=\"564\">\ud83d\udca1 <strong data-start=\"536\" data-end=\"562\">Informaci\u00f3n importante:<\/strong><\/p>\n<ul data-start=\"565\" data-end=\"787\">\n<li data-start=\"565\" data-end=\"660\">\n<p data-start=\"567\" data-end=\"660\">Despu\u00e9s de la compra, env\u00edenos el n\u00famero de serie de su dispositivo y el correo electr\u00f3nico \/ usuario de su cuenta (si se conoce).<\/p>\n<\/li>\n<li data-start=\"661\" data-end=\"712\">\n<p data-start=\"663\" data-end=\"712\">El servicio suele completarse en pocas horas.<\/p>\n<\/li>\n<li data-start=\"713\" data-end=\"787\">\n<p data-start=\"715\" data-end=\"787\">\ud83d\udce7 <strong data-start=\"718\" data-end=\"785\">Este es un servicio digital \u2013 no se enviar\u00e1 ning\u00fan producto f\u00edsico.<\/strong><\/p>\n<\/li>\n<\/ul>\n<p data-start=\"789\" data-end=\"919\">\u26a0\ufe0f <strong data-start=\"792\" data-end=\"801\">Nota:<\/strong> Este producto no incluye la renovaci\u00f3n de licencia ni una nueva activaci\u00f3n. Es solo para el restablecimiento de contrase\u00f1a o la recuperaci\u00f3n de la cuenta.<\/p>","protected":false},"excerpt":{"rendered":"<p class=\" translation-block\">\u00bfOlvid\u00f3 su contrase\u00f1a o no puede acceder a su cuenta XDiag?<br data-start=\"595\" data-end=\"598\">Solicite este servicio y restableceremos su contrase\u00f1a o recuperaremos su cuenta existente.<\/p>","protected":false},"featured_media":5219,"template":"","meta":{"_seopress_robots_primary_cat":"none","_seopress_titles_title":"Password Reset & Account Recovery \u2013 Launch \/ XDiag","_seopress_titles_desc":"Forgot your password or can\u2019t access your Launch, XDiag account? Get our password reset and account recovery service \u2013 quick and reliable support.","_seopress_robots_index":"","_kad_blocks_custom_css":"","_kad_blocks_head_custom_js":"","_kad_blocks_body_custom_js":"","_kad_blocks_footer_custom_js":"","_kad_post_transparent":"default","_kad_post_title":"","_kad_post_layout":"default","_kad_post_sidebar_id":"","_kad_post_content_style":"default","_kad_post_vertical_padding":"default","_kad_post_feature":"","_kad_post_feature_position":"","_kad_post_header":false,"_kad_post_footer":false,"iawp_total_views":311},"product_cat":[32],"product_tag":[],"class_list":{"0":"post-3812","1":"product","2":"type-product","3":"status-publish","4":"has-post-thumbnail","6":"product_cat-digital-services","7":"product_shipping_class-shipping","9":"first","10":"instock","11":"virtual","12":"purchasable","13":"product-type-simple","14":"entry","15":"content-bg","16":"loop-entry"},"exclude_global_add_ons":false,"addons":[{"name":"N\u00famero de serie del dispositivo","type":"custom_text","position":0,"required":true,"title_format":"label","default":"","description_enable":false,"description":"","placeholder_enable":false,"placeholder":"","display":"select","restrictions_type":"only_numbers","adjust_price":false,"price":"","price_type":"flat_fee","restrictions":true,"min":"12","max":"12","options":[],"id":1756552004}],"taxonomy_info":{"product_cat":[{"value":32,"label":"Digital Services"}]},"featured_image_src_large":["https:\/\/xdiag.org\/wp-content\/uploads\/2025\/09\/Xdiag_password_rest.jpeg",600,600,false],"author_info":[],"comment_info":"","_links":{"self":[{"href":"https:\/\/xdiag.org\/es\/wp-json\/wp\/v2\/product\/3812","targetHints":{"allow":["GET"]}}],"collection":[{"href":"https:\/\/xdiag.org\/es\/wp-json\/wp\/v2\/product"}],"about":[{"href":"https:\/\/xdiag.org\/es\/wp-json\/wp\/v2\/types\/product"}],"wp:featuredmedia":[{"embeddable":true,"href":"https:\/\/xdiag.org\/es\/wp-json\/wp\/v2\/media\/5219"}],"wp:attachment":[{"href":"https:\/\/xdiag.org\/es\/wp-json\/wp\/v2\/media?parent=3812"}],"wp:term":[{"taxonomy":"product_cat","embeddable":true,"href":"https:\/\/xdiag.org\/es\/wp-json\/wp\/v2\/product_cat?post=3812"},{"taxonomy":"product_tag","embeddable":true,"href":"https:\/\/xdiag.org\/es\/wp-json\/wp\/v2\/product_tag?post=3812"}],"curies":[{"name":"wp","href":"https:\/\/api.w.org\/{rel}","templated":true}]}}