{"id":451,"date":"2023-10-03T08:31:19","date_gmt":"2023-10-03T06:31:19","guid":{"rendered":"http:\/\/xdiag.org\/?post_type=product&#038;p=451"},"modified":"2026-05-01T07:17:25","modified_gmt":"2026-05-01T05:17:25","slug":"launch-dbscar-vii-connector","status":"publish","type":"product","link":"https:\/\/xdiag.org\/es\/product\/launch-dbscar-vii-connector\/","title":{"rendered":"Launch DBScar VII DBSCAR7 Esc\u00e1ner OBD2 Bluetooth compatible con los protocolos CAN FD y DoIP, potente diagn\u00f3stico de todos los sistemas para X431"},"content":{"rendered":"<h1 data-start=\"166\" data-end=\"192\">Descripci\u00f3n del producto<\/h1>\n<p data-start=\"194\" data-end=\"464\" class=\" translation-block\">El <strong data-start=\"198\" data-end=\"223\">DBScar VII (DBScar 7)<\/strong> es un conector de diagn\u00f3stico OBD2 Bluetooth avanzado, <strong data-start=\"285\" data-end=\"338\">dise\u00f1ado exclusivamente para ser compatible con el software Xdiag<\/strong>. Proporciona una comunicaci\u00f3n estable y r\u00e1pida para diagn\u00f3sticos profesionales, compatible con veh\u00edculos ligeros y pesados.<\/p>\n<h3 data-start=\"466\" data-end=\"486\">\u2705 Caracter\u00edsticas principales<\/h3>\n<ul data-start=\"487\" data-end=\"988\">\n<li data-start=\"487\" data-end=\"590\">\n<p data-start=\"489\" data-end=\"590\"><strong data-start=\"489\" data-end=\"528\">Adaptador OBD2 Bluetooth profesional<\/strong> \u2013 Conexi\u00f3n fiable entre el veh\u00edculo y el dispositivo de diagn\u00f3stico<\/p>\n<\/li>\n<li data-start=\"591\" data-end=\"703\">\n<p data-start=\"593\" data-end=\"703\"><strong data-start=\"593\" data-end=\"618\">Compatibilidad con Android<\/strong> \u2013 Compatible con smartphones y tabletas con Android 7\u201313 y Android 14 (sistemas de 32 bits)<\/p>\n<\/li>\n<li data-start=\"704\" data-end=\"791\">\n<p data-start=\"706\" data-end=\"791\"><strong data-start=\"706\" data-end=\"740\">Totalmente probado con el software Xdiag<\/strong> \u2013 Verificado para garantizar autenticidad y funcionamiento fluido<\/p>\n<\/li>\n<li data-start=\"792\" data-end=\"889\">\n<p data-start=\"794\" data-end=\"889\"><strong data-start=\"794\" data-end=\"823\">Rendimiento r\u00e1pido y estable<\/strong> \u2013 Garantiza una lectura precisa de datos, acceso a la ECU y restablecimientos de servicio<\/p>\n<\/li>\n<li data-start=\"890\" data-end=\"988\">\n<p data-start=\"892\" data-end=\"988\"><strong data-start=\"892\" data-end=\"921\">Admite protocolos modernos<\/strong> \u2013 ISO9141, KWP2000, J1850 VPW, J1850 PWM, CAN, UDS, CAN-FD, DOIP<\/p>\n<\/li>\n<\/ul>\n<h3 data-start=\"990\" data-end=\"1015\">\u26a0\ufe0f Aviso importante<\/h3>\n<p data-start=\"1016\" data-end=\"1190\">This connector <strong data-start=\"1031\" data-end=\"1077\">does not include Xdiag software or license<\/strong>.<br data-start=\"1078\" data-end=\"1081\" \/>\ud83d\udc49 You can choose and purchase your desired <strong data-start=\"1125\" data-end=\"1188\">Xdiag software package separately here: [<a href=\"https:\/\/xdiag.org\/xdiag-buy-subscription\/\">Buy Xdiag Package<\/a>]<\/strong><\/p>\n<h3 data-start=\"1192\" data-end=\"1231\">\u00bfPor qu\u00e9 elegir DBScar VII (DBScar 7)?<\/h3>\n<ul data-start=\"1232\" data-end=\"1607\">\n<li data-start=\"1232\" data-end=\"1298\">\n<p data-start=\"1234\" data-end=\"1298\">Hardware 100 % original \u2013 chip completo, sin clones, sin falsificaciones<\/p>\n<\/li>\n<li data-start=\"1299\" data-end=\"1359\">\n<p data-start=\"1301\" data-end=\"1359\" class=\" translation-block\">Cada unidad es <strong data-start=\"1315\" data-end=\"1341\">probada con probadores IO antes del env\u00edo<\/strong><\/p>\n<\/li>\n<li data-start=\"1360\" data-end=\"1429\">\n<p data-start=\"1362\" data-end=\"1429\" class=\" translation-block\"><strong data-start=\"1362\" data-end=\"1399\">Rendimiento profesional para talleres<\/strong> con fiabilidad garantizada<\/p>\n<\/li>\n<li data-start=\"1430\" data-end=\"1522\">\n<p data-start=\"1432\" data-end=\"1522\" class=\" translation-block\">Compatible con los <strong data-start=\"1448\" data-end=\"1520\">paquetes de software Xdiag para coches, veh\u00edculos el\u00e9ctricos, h\u00edbridos y veh\u00edculos pesados<\/strong><\/p>\n<\/li>\n<li data-start=\"1523\" data-end=\"1607\">\n<p data-start=\"1525\" data-end=\"1607\" class=\" translation-block\"><strong data-start=\"1525\" data-end=\"1551\">Protocolos preparados para el futuro<\/strong> \u2013 compatible con CAN FD y DOIP para veh\u00edculos de nueva generaci\u00f3n<\/p>\n<\/li>\n<\/ul>\n<h3 data-start=\"1609\" data-end=\"1634\">\ud83d\udce6 Contenido del paquete<\/h3>\n<ul data-start=\"1635\" data-end=\"1677\">\n<li data-start=\"1635\" data-end=\"1677\">\n<p data-start=\"1637\" data-end=\"1677\">1x Conector OBD2 Bluetooth DBScar VII<\/p>\n<\/li>\n<\/ul>\n<hr data-start=\"1679\" data-end=\"1682\" \/>\n<p data-start=\"1684\" data-end=\"1871\">\u2705 <strong data-start=\"1686\" data-end=\"1869\">In short, the DBScar VII is the trusted Bluetooth OBD2 connector for Xdiag software, offering professional diagnostics, modern protocol support, and reliable workshop performance.<\/strong><\/p>","protected":false},"excerpt":{"rendered":"<p class=\" translation-block\">El <strong data-start=\"130\" data-end=\"172\">Genuine Original DBScar VII (DBScar 7)<\/strong> es un conector de diagn\u00f3stico OBD2 Bluetooth, completamente flasheado y probado en la <strong data-start=\"247\" data-end=\"265\">Xdiag platform<\/strong> para garantizar una autenticidad del 100 % y un rendimiento fiable. Ten en cuenta que el dispositivo no incluye software preinstalado: el <strong data-start=\"390\" data-end=\"445\" data-is-only-node=\"\">paquete de software Xdiag debe adquirirse por separado<\/strong>.<\/p>","protected":false},"featured_media":5147,"template":"","meta":{"_seopress_robots_primary_cat":"21","_seopress_titles_title":"Original Launch DBScar VII (DBScar 7)","_seopress_titles_desc":"Cucial information about the Original Launch DBScar VII, a meticulously tested product ensuring authenticity and superior performance on the Xdiag platform.","_seopress_robots_index":"","_kad_blocks_custom_css":"","_kad_blocks_head_custom_js":"","_kad_blocks_body_custom_js":"","_kad_blocks_footer_custom_js":"","_kad_post_transparent":"default","_kad_post_title":"","_kad_post_layout":"default","_kad_post_sidebar_id":"","_kad_post_content_style":"default","_kad_post_vertical_padding":"default","_kad_post_feature":"","_kad_post_feature_position":"","_kad_post_header":false,"_kad_post_footer":false,"iawp_total_views":2582},"product_cat":[21,26],"product_tag":[],"class_list":{"0":"post-451","1":"product","2":"type-product","3":"status-publish","4":"has-post-thumbnail","6":"product_cat-connectors","7":"product_cat-xdiag","9":"first","10":"instock","11":"shipping-taxable","12":"purchasable","13":"product-type-simple","14":"entry","15":"content-bg","16":"loop-entry"},"exclude_global_add_ons":[],"addons":[],"taxonomy_info":{"product_cat":[{"value":21,"label":"Connectors"},{"value":26,"label":"xdiag"}]},"featured_image_src_large":["https:\/\/xdiag.org\/wp-content\/uploads\/2025\/09\/Xdiag_Dbscar_VII_1.jpg",600,600,false],"author_info":[],"comment_info":"","_links":{"self":[{"href":"https:\/\/xdiag.org\/es\/wp-json\/wp\/v2\/product\/451","targetHints":{"allow":["GET"]}}],"collection":[{"href":"https:\/\/xdiag.org\/es\/wp-json\/wp\/v2\/product"}],"about":[{"href":"https:\/\/xdiag.org\/es\/wp-json\/wp\/v2\/types\/product"}],"wp:featuredmedia":[{"embeddable":true,"href":"https:\/\/xdiag.org\/es\/wp-json\/wp\/v2\/media\/5147"}],"wp:attachment":[{"href":"https:\/\/xdiag.org\/es\/wp-json\/wp\/v2\/media?parent=451"}],"wp:term":[{"taxonomy":"product_cat","embeddable":true,"href":"https:\/\/xdiag.org\/es\/wp-json\/wp\/v2\/product_cat?post=451"},{"taxonomy":"product_tag","embeddable":true,"href":"https:\/\/xdiag.org\/es\/wp-json\/wp\/v2\/product_tag?post=451"}],"curies":[{"name":"wp","href":"https:\/\/api.w.org\/{rel}","templated":true}]}}