{"id":5232,"date":"2025-09-28T18:53:27","date_gmt":"2025-09-28T16:53:27","guid":{"rendered":"https:\/\/xdiag.org\/?post_type=product&#038;p=5232"},"modified":"2026-03-17T14:41:52","modified_gmt":"2026-03-17T13:41:52","slug":"launch-obd2-dbscar-1","status":"publish","type":"product","link":"https:\/\/xdiag.org\/es\/product\/launch-obd2-dbscar-1\/","title":{"rendered":"Obd2 Dbscar 1 X431"},"content":{"rendered":"<p data-start=\"176\" data-end=\"449\" class=\" translation-block\">The <strong data-start=\"180\" data-end=\"210\">DBScar 1 Bluetooth Adapter<\/strong> es un conector OBD2 compacto y profesional desarrollado por Launch, totalmente compatible con la <strong data-start=\"303\" data-end=\"321\">Xdiag platform<\/strong>. Se conecta sin problemas a tabletas y tel\u00e9fonos Android, garantizando diagn\u00f3sticos estables, transmisi\u00f3n de datos en tiempo real y acceso a la ECU.<\/p>\n<p data-start=\"451\" data-end=\"886\">\u26ab <strong data-start=\"453\" data-end=\"479\">Conectividad Bluetooth<\/strong> \u2013 Equipado con <strong data-start=\"496\" data-end=\"513\">Bluetooth 4.2<\/strong>ofreciendo un emparejamiento r\u00e1pido, una conexi\u00f3n estable y un bajo consumo de energ\u00eda.<br data-start=\"584\" data-end=\"587\" \/>\ud83d\udd34 <strong data-start=\"590\" data-end=\"607\">Solo hardware<\/strong> \u2013 Incluye \u00fanicamente el adaptador; la licencia Xdiag se adquiere por separado.<br data-start=\"675\" data-end=\"678\" \/>\u26ab <strong data-start=\"680\" data-end=\"710\">Preprobado para mayor fiabilidad<\/strong> \u2013 Cada DBScar 1 se prueba antes del env\u00edo para garantizar una comunicaci\u00f3n impecable.<br data-start=\"787\" data-end=\"790\" \/>\ud83d\udd34 <strong data-start=\"793\" data-end=\"817\">Dise\u00f1o preparado para talleres<\/strong> \u2013 Carcasa robusta dise\u00f1ada para el uso diario en entornos exigentes.<\/p>\n<h2 data-start=\"893\" data-end=\"938\">\u00a0Protocolos compatibles y por qu\u00e9 son importantes<\/h2>\n<p data-start=\"940\" data-end=\"1073\" class=\" translation-block\">The DBScar 1 es compatible con todos los <strong data-start=\"976\" data-end=\"994\">OBD2 protocols<\/strong> esenciales, lo que garantiza una amplia compatibilidad con turismos y veh\u00edculos comerciales ligeros en todo el mundo:<\/p>\n<p data-start=\"1075\" data-end=\"1648\">\u26ab <strong data-start=\"1077\" data-end=\"1090\">ISO9141-2<\/strong> \u2013 Com\u00fan en veh\u00edculos europeos y asi\u00e1ticos m\u00e1s antiguos; utilizado para la comunicaci\u00f3n con la ECU.<br data-start=\"1161\" data-end=\"1164\" \/>\ud83d\udd34 <strong data-start=\"1167\" data-end=\"1189\">KWP2000 (ISO14230)<\/strong> \u2013 Ampliamente utilizado en veh\u00edculos de la d\u00e9cada de 2000; admite diagn\u00f3sticos ECU avanzados.<br data-start=\"1257\" data-end=\"1260\" \/>\u26ab <strong data-start=\"1262\" data-end=\"1279\">SAE J1850 VPW<\/strong> \u2013 Principalmente para veh\u00edculos GM en el mercado estadounidense.<br data-start=\"1325\" data-end=\"1328\" \/>\ud83d\udd34 <strong data-start=\"1331\" data-end=\"1348\">SAE J1850 PWM<\/strong> \u2013 Utilizado por veh\u00edculos Ford, especialmente en Am\u00e9rica del Norte.<br data-start=\"1402\" data-end=\"1405\" \/>\u26ab <strong data-start=\"1407\" data-end=\"1425\">CAN (ISO15765)<\/strong> \u2013 Est\u00e1ndar en todos los veh\u00edculos fabricados despu\u00e9s de 2008; diagn\u00f3sticos de alta velocidad y comunicaci\u00f3n con la ECU.<br data-start=\"1512\" data-end=\"1515\" \/>\ud83d\udd34 <strong data-start=\"1518\" data-end=\"1555\">UDS (Unified Diagnostic Services)<\/strong> \u2013 Protocolo moderno utilizado por VW, Audi, BMW, Mercedes y muchos otros para funciones avanzadas.<\/p>\n<p data-start=\"1650\" data-end=\"1787\" class=\" translation-block\">Estos protocolos garantizan que el DBScar 1 funcione en <strong data-start=\"1704\" data-end=\"1746\">European, American, and Asian vehicles<\/strong>, cubriendo millones de modelos en todo el mundo.<\/p>\n<h2 data-start=\"1794\" data-end=\"1835\">Caracter\u00edsticas y especificaciones del producto<\/h2>\n<p data-start=\"1837\" data-end=\"2220\">\u26ab <strong data-start=\"1839\" data-end=\"1853\">Conexi\u00f3n<\/strong> \u2013 Conector OBD2 de 16 pines con Micro USB para actualizaciones.<br data-start=\"1900\" data-end=\"1903\" \/>\ud83d\udd34 <strong data-start=\"1906\" data-end=\"1923\">Compatibilidad<\/strong> \u2013 Android 7\u201313 y Android 14 (solo sistemas de 32 bits).<br data-start=\"1977\" data-end=\"1980\" \/>\u26ab <strong data-start=\"1982\" data-end=\"1998\">Fuente de alimentaci\u00f3n<\/strong> \u2013 Tensi\u00f3n de funcionamiento de 9\u201315 V.<br data-start=\"2026\" data-end=\"2029\" \/>\ud83d\udd34 <strong data-start=\"2032\" data-end=\"2051\">Working Current<\/strong> \u2013 &lt; 30 mA (bajo consumo de energ\u00eda).<br data-start=\"2086\" data-end=\"2089\" \/>\u26ab <strong data-start=\"2091\" data-end=\"2109\">Operating Temp<\/strong> \u2013 \u201310 \u00b0C to 55 \u00b0C.<br data-start=\"2128\" data-end=\"2131\" \/>\ud83d\udd34 <strong data-start=\"2134\" data-end=\"2150\">Storage Temp<\/strong> \u2013 \u201320 \u00b0C to 70 \u00b0C.<br data-start=\"2169\" data-end=\"2172\" \/>\u26ab <strong data-start=\"2174\" data-end=\"2194\">Firmware Updates<\/strong> \u2013 V\u00eda Bluetooth o USB.<\/p>\n<h2 data-start=\"2227\" data-end=\"2251\">Aviso importante<\/h2>\n<p data-start=\"2253\" data-end=\"2405\">This adapter does <strong data-start=\"2271\" data-end=\"2278\">not<\/strong> include Xdiag software or license.<br data-start=\"2313\" data-end=\"2316\" \/>\ud83d\udc49 You can purchase your desired <strong data-start=\"2349\" data-end=\"2366\">Xdiag package<\/strong> separately here: [<a href=\"https:\/\/xdiag.org\/xdiag-buy-subscription\/\">Buy Xdiag Package<\/a>]<\/p>\n<hr data-start=\"2407\" data-end=\"2410\" \/>\n<h2 data-start=\"2412\" data-end=\"2427\">\u2705 En resumen<\/h2>\n<p data-start=\"2429\" data-end=\"2741\" class=\" translation-block\">The <strong data-start=\"2433\" data-end=\"2463\">DBScar 1 Bluetooth Adapter<\/strong> es una soluci\u00f3n OBD2 probada y rentable. Con <strong data-start=\"2515\" data-end=\"2532\">Bluetooth 4.2<\/strong>, compatibilidad total con <strong data-start=\"2551\" data-end=\"2600\">ISO9141, KWP2000, J1850 VPW\/PWM, CAN, and UDS<\/strong> e integraci\u00f3n perfecta con la <strong data-start=\"2636\" data-end=\"2654\">Xdiag platform<\/strong>, es una opci\u00f3n ideal para talleres y usuarios avanzados que buscan diagn\u00f3sticos fiables.<\/p>","protected":false},"excerpt":{"rendered":"<p class=\" translation-block\">The <strong data-start=\"170\" data-end=\"200\">DBScar 1 Bluetooth Adapter<\/strong> es un conector OBD2 compacto y fiable dise\u00f1ado para la <strong data-start=\"259\" data-end=\"277\">Xdiag platform<\/strong>. Con <strong data-start=\"284\" data-end=\"301\">Bluetooth 4.2<\/strong> y compatibilidad con los principales protocolos de diagn\u00f3stico (ISO9141, KWP2000, J1850 VPW\/PWM, CAN, UDS), garantiza una comunicaci\u00f3n estable, amplia cobertura de veh\u00edculos y un rendimiento de nivel profesional.<\/p>","protected":false},"featured_media":5157,"template":"","meta":{"_seopress_robots_primary_cat":"21","_seopress_titles_title":"DBScar 1 Bluetooth OBD2 Adapter for Xdiag \u2013 Full Protocol Support, Stable Connection","_seopress_titles_desc":"DBScar 1 Bluetooth Adapter for Xdiag \u2013 a compact OBD2 connector with Bluetooth 4.2 and full protocol support (ISO9141, KWP2000, J1850, CAN, UDS). Ideal for workshops and advanced users. Reliable, tested, and ready for professional diagnostics.","_seopress_robots_index":"","_kad_blocks_custom_css":"","_kad_blocks_head_custom_js":"","_kad_blocks_body_custom_js":"","_kad_blocks_footer_custom_js":"","_kad_post_transparent":"default","_kad_post_title":"","_kad_post_layout":"default","_kad_post_sidebar_id":"","_kad_post_content_style":"default","_kad_post_vertical_padding":"default","_kad_post_feature":"","_kad_post_feature_position":"","_kad_post_header":false,"_kad_post_footer":false,"iawp_total_views":546},"product_cat":[21,26],"product_tag":[48,49,50,42,52],"class_list":{"0":"post-5232","1":"product","2":"type-product","3":"status-publish","4":"has-post-thumbnail","6":"product_cat-connectors","7":"product_cat-xdiag","8":"product_tag-dbscar","9":"product_tag-dbscar-1","10":"product_tag-launch-x431","11":"product_tag-obd2","12":"product_tag-xdiag-obd","14":"first","15":"instock","16":"shipping-taxable","17":"purchasable","18":"product-type-simple","19":"entry","20":"content-bg","21":"loop-entry"},"exclude_global_add_ons":[],"addons":[],"taxonomy_info":{"product_cat":[{"value":21,"label":"Connectors"},{"value":26,"label":"xdiag"}],"product_tag":[{"value":48,"label":"Dbscar"},{"value":49,"label":"Dbscar 1"},{"value":50,"label":"Launch X431"},{"value":42,"label":"OBD2"},{"value":52,"label":"Xdiag obd"}]},"featured_image_src_large":["https:\/\/xdiag.org\/wp-content\/uploads\/2025\/09\/Launch_Dbscar_1_2.jpg",600,600,false],"author_info":[],"comment_info":"","_links":{"self":[{"href":"https:\/\/xdiag.org\/es\/wp-json\/wp\/v2\/product\/5232","targetHints":{"allow":["GET"]}}],"collection":[{"href":"https:\/\/xdiag.org\/es\/wp-json\/wp\/v2\/product"}],"about":[{"href":"https:\/\/xdiag.org\/es\/wp-json\/wp\/v2\/types\/product"}],"wp:featuredmedia":[{"embeddable":true,"href":"https:\/\/xdiag.org\/es\/wp-json\/wp\/v2\/media\/5157"}],"wp:attachment":[{"href":"https:\/\/xdiag.org\/es\/wp-json\/wp\/v2\/media?parent=5232"}],"wp:term":[{"taxonomy":"product_cat","embeddable":true,"href":"https:\/\/xdiag.org\/es\/wp-json\/wp\/v2\/product_cat?post=5232"},{"taxonomy":"product_tag","embeddable":true,"href":"https:\/\/xdiag.org\/es\/wp-json\/wp\/v2\/product_tag?post=5232"}],"curies":[{"name":"wp","href":"https:\/\/api.w.org\/{rel}","templated":true}]}}