{"id":958,"date":"2023-10-10T17:04:05","date_gmt":"2023-10-10T15:04:05","guid":{"rendered":"http:\/\/xdiag.org\/?post_type=product&#038;p=958"},"modified":"2025-10-11T10:44:23","modified_gmt":"2025-10-11T08:44:23","slug":"launch-x-431-tire-pressure-detector","status":"publish","type":"product","link":"https:\/\/xdiag.org\/es\/product\/launch-x-431-tire-pressure-detector\/","title":{"rendered":"Launch X431 TSGUN TPMS Tire Pressure Detector \u2013 Herramienta de diagn\u00f3stico TPMS para activar, reaprender y programar sensores, compatible con X431 V \/ V+ \/ PRO3S+ \/ PAD V \/ PAD II"},"content":{"rendered":"<p data-start=\"214\" data-end=\"540\" class=\" translation-block\">The <strong data-start=\"218\" data-end=\"233\">Xdiag TSGUN<\/strong> es una herramienta TPMS profesional de mano, dise\u00f1ada para integrarse perfectamente con dispositivos de diagn\u00f3stico compatibles con el software Xdiag. Compacta, port\u00e1til y potente, proporciona diagn\u00f3sticos TPMS completos, activaci\u00f3n de sensores, programaci\u00f3n y funciones de reaprendizaje, todo en un solo dispositivo.<\/p>\n<p data-start=\"542\" data-end=\"641\">\ud83d\udd34 <strong data-start=\"545\" data-end=\"571\">Pantalla a color de 1,77 pulgadas<\/strong> \u2013 Pantalla brillante y n\u00edtida para una f\u00e1cil lectura durante el diagn\u00f3stico.<\/p>\n<p data-start=\"643\" data-end=\"740\">\ud83d\udd34 <strong data-start=\"646\" data-end=\"672\">Datos de neum\u00e1ticos en tiempo real<\/strong> \u2013 Lee al instante la presi\u00f3n de los neum\u00e1ticos, la temperatura y el estado de la bater\u00eda.<\/p>\n<p data-start=\"742\" data-end=\"843\">\ud83d\udd34 <strong data-start=\"745\" data-end=\"771\">Diagn\u00f3stico de fallos TPMS<\/strong> \u2013 Detecta y borra con precisi\u00f3n los c\u00f3digos de fallo de presi\u00f3n de neum\u00e1ticos (DTC).<\/p>\n<p data-start=\"845\" data-end=\"955\">\ud83d\udd34 <strong data-start=\"848\" data-end=\"880\">Activaci\u00f3n y emparejamiento de sensores<\/strong> \u2013 Activa y empareja sensores en frecuencias de 315 MHz y 433 MHz.<\/p>\n<p data-start=\"957\" data-end=\"1059\">\ud83d\udd34 <strong data-start=\"960\" data-end=\"986\">Gesti\u00f3n de datos de sensores<\/strong> \u2013 Lee, copia y escribe r\u00e1pidamente los ID de los sensores para un manejo eficiente.<\/p>\n<p data-start=\"1061\" data-end=\"1173\">\ud83d\udd34 <strong data-start=\"1064\" data-end=\"1096\">Programaci\u00f3n ilimitada de sensores<\/strong> \u2013 Programa sensores dedicados sin restricciones en los ciclos de reprogramaci\u00f3n.<\/p>\n<p data-start=\"1175\" data-end=\"1287\">\ud83d\udd34 <strong data-start=\"1178\" data-end=\"1212\">Instrucciones de aprendizaje integradas<\/strong> \u2013 Simplifica los procedimientos de aprendizaje de sensores TPMS con instrucciones paso a paso.<\/p>\n<p data-start=\"1289\" data-end=\"1379\">\ud83d\udd34 <strong data-start=\"1292\" data-end=\"1322\">Amplia cobertura de veh\u00edculos<\/strong> \u2013 Compatible con hasta el 98 % de los veh\u00edculos a nivel mundial equipados con TPMS.<\/p>\n<hr data-start=\"1381\" data-end=\"1384\" \/>\n<h3 data-start=\"1386\" data-end=\"1409\">Modos de programaci\u00f3n<\/h3>\n<ul data-start=\"1411\" data-end=\"1709\">\n<li data-start=\"1411\" data-end=\"1471\">\n<p data-start=\"1413\" data-end=\"1471\"><strong data-start=\"1413\" data-end=\"1428\">Creaci\u00f3n autom\u00e1tica<\/strong> \u2013 Genera autom\u00e1ticamente nuevos ID de sensores.<\/p>\n<\/li>\n<li data-start=\"1472\" data-end=\"1538\">\n<p data-start=\"1474\" data-end=\"1538\"><strong data-start=\"1474\" data-end=\"1490\">Manual Input<\/strong> \u2013 Enter original or alternative IDs manually.<\/p>\n<\/li>\n<li data-start=\"1539\" data-end=\"1626\">\n<p data-start=\"1541\" data-end=\"1626\"><strong data-start=\"1541\" data-end=\"1556\">Copia mediante OBD<\/strong> \u2013 Recupera el ID del sensor directamente desde la ECU mediante una conexi\u00f3n OBD.<\/p>\n<\/li>\n<li data-start=\"1627\" data-end=\"1709\">\n<p data-start=\"1629\" data-end=\"1709\"><strong data-start=\"1629\" data-end=\"1651\">Copia por activaci\u00f3n<\/strong> \u2013 Activa los sensores originales antes de copiar sus datos.<\/p>\n<\/li>\n<\/ul>\n<hr data-start=\"1711\" data-end=\"1714\" \/>\n<h3 data-start=\"1716\" data-end=\"1735\">Compatibilidad<\/h3>\n<p data-start=\"1737\" data-end=\"1925\" class=\" translation-block\">The <strong data-start=\"1741\" data-end=\"1756\">Xdiag TSGUN<\/strong> est\u00e1 dise\u00f1ado para su uso con dispositivos de diagn\u00f3stico que ejecutan <strong data-start=\"1809\" data-end=\"1827\">Xdiag software<\/strong>.<br data-start=\"1828\" data-end=\"1831\">\nAdmite sensores TPMS compatibles con Xdiag (315\/433 MHz), que deben adquirirse por separado.<\/p>\n<hr data-start=\"1927\" data-end=\"1930\" \/>\n<h3 data-start=\"1932\" data-end=\"1961\">\u00bfPor qu\u00e9 elegir Xdiag TSGUN?<\/h3>\n<p data-start=\"1963\" data-end=\"2221\">\ud83d\udd34 Dise\u00f1o port\u00e1til y apto para talleres<br data-start=\"2003\" data-end=\"2006\" \/>\ud83d\udd34 Diagn\u00f3stico TPMS completo, desde la lectura hasta la programaci\u00f3n<br data-start=\"2059\" data-end=\"2062\" \/>\ud83d\udd34 Compatible con frecuencias de 315 y 433 MHz<br data-start=\"2099\" data-end=\"2102\" \/>\ud83d\udd34 Amplia cobertura global de veh\u00edculos (autom\u00f3viles, SUV, camiones ligeros)<br data-start=\"2160\" data-end=\"2163\" \/>\ud83d\udd34 Probado y verificado para un rendimiento estable con Xdiag<\/p>\n<hr data-start=\"2223\" data-end=\"2226\" \/>\n<p data-start=\"2228\" data-end=\"2482\">\u2705 <strong data-start=\"2230\" data-end=\"2243\">In short:<\/strong> The <strong data-start=\"2248\" data-end=\"2263\">Xdiag TSGUN<\/strong> is an essential tool for workshops and professionals looking to streamline TPMS service. From diagnosing faults to programming and learning new sensors, it offers a reliable, cost-effective, and time-saving solution.<\/p>","protected":false},"excerpt":{"rendered":"<p class=\" translation-block\">The <strong data-start=\"95\" data-end=\"110\">Xdiag TSGUN<\/strong> es un m\u00f3dulo TPMS profesional que combina la activaci\u00f3n, lectura, programaci\u00f3n y reaprendizaje de sensores en un solo dispositivo. Compacto, port\u00e1til y rentable, lee datos clave del neum\u00e1tico como la presi\u00f3n y la temperatura, ampliando de forma fluida la capacidad de diagn\u00f3stico de las herramientas Xdiag.<\/p>","protected":false},"featured_media":5177,"template":"","meta":{"_seopress_robots_primary_cat":"23","_seopress_titles_title":"TPMS & X-431 TSGUN Advanced Module for Tire Data Managing","_seopress_titles_desc":"The X-431 TSGUN: A Robust TPMS Module Seamlessly Integrating Sensor Functionalities and Tire Data Gathering. Delivering Portability, Cost-Efficiency, and More.","_seopress_robots_index":"","_kad_blocks_custom_css":"","_kad_blocks_head_custom_js":"","_kad_blocks_body_custom_js":"","_kad_blocks_footer_custom_js":"","_kad_post_transparent":"default","_kad_post_title":"","_kad_post_layout":"default","_kad_post_sidebar_id":"","_kad_post_content_style":"default","_kad_post_vertical_padding":"default","_kad_post_feature":"","_kad_post_feature_position":"","_kad_post_header":false,"_kad_post_footer":false,"iawp_total_views":186},"product_cat":[25,21,26],"product_tag":[],"class_list":{"0":"post-958","1":"product","2":"type-product","3":"status-publish","4":"has-post-thumbnail","6":"product_cat-adapters","7":"product_cat-connectors","8":"product_cat-xdiag","10":"first","11":"instock","12":"shipping-taxable","13":"purchasable","14":"product-type-simple","15":"entry","16":"content-bg","17":"loop-entry"},"exclude_global_add_ons":[],"addons":[],"taxonomy_info":{"product_cat":[{"value":25,"label":"Adapters"},{"value":21,"label":"Connectors"},{"value":26,"label":"xdiag"}]},"featured_image_src_large":["https:\/\/xdiag.org\/wp-content\/uploads\/2025\/09\/Xdiag_Launch_X431_TPMS_1.jpg",600,600,false],"author_info":[],"comment_info":"","_links":{"self":[{"href":"https:\/\/xdiag.org\/es\/wp-json\/wp\/v2\/product\/958","targetHints":{"allow":["GET"]}}],"collection":[{"href":"https:\/\/xdiag.org\/es\/wp-json\/wp\/v2\/product"}],"about":[{"href":"https:\/\/xdiag.org\/es\/wp-json\/wp\/v2\/types\/product"}],"wp:featuredmedia":[{"embeddable":true,"href":"https:\/\/xdiag.org\/es\/wp-json\/wp\/v2\/media\/5177"}],"wp:attachment":[{"href":"https:\/\/xdiag.org\/es\/wp-json\/wp\/v2\/media?parent=958"}],"wp:term":[{"taxonomy":"product_cat","embeddable":true,"href":"https:\/\/xdiag.org\/es\/wp-json\/wp\/v2\/product_cat?post=958"},{"taxonomy":"product_tag","embeddable":true,"href":"https:\/\/xdiag.org\/es\/wp-json\/wp\/v2\/product_tag?post=958"}],"curies":[{"name":"wp","href":"https:\/\/api.w.org\/{rel}","templated":true}]}}