{"id":1575,"date":"2023-10-16T11:16:46","date_gmt":"2023-10-16T09:16:46","guid":{"rendered":"http:\/\/xdiag.org\/?page_id=1575"},"modified":"2025-09-08T20:16:58","modified_gmt":"2025-09-08T18:16:58","slug":"instructions","status":"publish","type":"page","link":"https:\/\/xdiag.org\/fr\/instructions\/","title":{"rendered":"Instructions"},"content":{"rendered":"<style>.kb-row-layout-id2259_75788e-17 > .kt-row-column-wrap{align-content:start;}:where(.kb-row-layout-id2259_75788e-17 > .kt-row-column-wrap) > .wp-block-kadence-column{justify-content:start;}.kb-row-layout-id2259_75788e-17 > .kt-row-column-wrap{column-gap:var(--global-kb-gap-md, 2rem);row-gap:var(--global-kb-gap-md, 2rem);max-width:var( --global-content-width, 1290px );padding-left:var(--global-content-edge-padding);padding-right:var(--global-content-edge-padding);padding-top:var(--global-kb-spacing-xxl, 5rem);padding-bottom:0px;grid-template-columns:minmax(0, 1fr);}.kb-row-layout-id2259_75788e-17 > .kt-row-layout-overlay{opacity:0.30;}@media all and (max-width: 1024px){.kb-row-layout-id2259_75788e-17 > .kt-row-column-wrap{grid-template-columns:minmax(0, 1fr);}}@media all and (max-width: 767px){.kb-row-layout-id2259_75788e-17 > .kt-row-column-wrap{grid-template-columns:minmax(0, 1fr);}}<\/style><div class=\"kb-row-layout-wrap kb-row-layout-id2259_75788e-17 alignfull wp-block-kadence-rowlayout\"><div class=\"kt-row-column-wrap kt-has-1-columns kt-row-layout-equal kt-tab-layout-inherit kt-mobile-layout-row kt-row-valign-top kb-theme-content-width\">\n<style>.kadence-column2259_074a0b-08 > .kt-inside-inner-col,.kadence-column2259_074a0b-08 > .kt-inside-inner-col:before{border-top-left-radius:0px;border-top-right-radius:0px;border-bottom-right-radius:0px;border-bottom-left-radius:0px;}.kadence-column2259_074a0b-08 > .kt-inside-inner-col{column-gap:var(--global-kb-gap-sm, 1rem);}.kadence-column2259_074a0b-08 > .kt-inside-inner-col{flex-direction:column;}.kadence-column2259_074a0b-08 > .kt-inside-inner-col > .aligncenter{width:100%;}.kadence-column2259_074a0b-08 > .kt-inside-inner-col:before{opacity:0.3;}.kadence-column2259_074a0b-08{position:relative;}@media all and (max-width: 1024px){.kadence-column2259_074a0b-08 > .kt-inside-inner-col{flex-direction:column;justify-content:center;}}@media all and (max-width: 767px){.kadence-column2259_074a0b-08 > .kt-inside-inner-col{flex-direction:column;justify-content:center;}}<\/style>\n<div class=\"wp-block-kadence-column kadence-column2259_074a0b-08\"><div class=\"kt-inside-inner-col\"><style>.kb-row-layout-id2259_486e8a-31 > .kt-row-column-wrap{align-content:start;}:where(.kb-row-layout-id2259_486e8a-31 > .kt-row-column-wrap) > .wp-block-kadence-column{justify-content:start;}.kb-row-layout-id2259_486e8a-31 > .kt-row-column-wrap{column-gap:var(--global-kb-gap-md, 2rem);row-gap:var(--global-kb-gap-md, 2rem);padding-right:0px;padding-bottom:var(--global-kb-spacing-xs, 1rem);padding-left:0px;grid-template-columns:minmax(0, 1fr);}.kb-row-layout-id2259_486e8a-31{border-top-left-radius:9px;border-top-right-radius:9px;border-bottom-right-radius:9px;border-bottom-left-radius:9px;overflow:clip;isolation:isolate;}.kb-row-layout-id2259_486e8a-31 > .kt-row-layout-overlay{border-top-left-radius:9px;border-top-right-radius:9px;border-bottom-right-radius:9px;border-bottom-left-radius:9px;}.kb-row-layout-id2259_486e8a-31 > .kt-row-layout-overlay{opacity:0.30;}@media all and (max-width: 1024px){.kb-row-layout-id2259_486e8a-31 > .kt-row-column-wrap{grid-template-columns:minmax(0, 1fr);}}@media all and (max-width: 767px){.kb-row-layout-id2259_486e8a-31 > .kt-row-column-wrap{grid-template-columns:minmax(0, 1fr);}}<\/style><div class=\"kb-row-layout-wrap kb-row-layout-id2259_486e8a-31 alignnone wp-block-kadence-rowlayout\"><div class=\"kt-row-column-wrap kt-has-2-columns kt-row-layout-row kt-tab-layout-inherit kt-mobile-layout-row kt-row-valign-top\">\n<style>.kadence-column2259_0838d0-cc > .kt-inside-inner-col,.kadence-column2259_0838d0-cc > .kt-inside-inner-col:before{border-top-left-radius:0px;border-top-right-radius:0px;border-bottom-right-radius:0px;border-bottom-left-radius:0px;}.kadence-column2259_0838d0-cc > .kt-inside-inner-col{column-gap:var(--global-kb-gap-sm, 1rem);}.kadence-column2259_0838d0-cc > .kt-inside-inner-col{flex-direction:column;}.kadence-column2259_0838d0-cc > .kt-inside-inner-col > .aligncenter{width:100%;}.kadence-column2259_0838d0-cc > .kt-inside-inner-col:before{opacity:0.3;}.kadence-column2259_0838d0-cc{position:relative;}@media all and (max-width: 1024px){.kadence-column2259_0838d0-cc > .kt-inside-inner-col{flex-direction:column;justify-content:center;}}@media all and (max-width: 767px){.kadence-column2259_0838d0-cc > .kt-inside-inner-col{flex-direction:column;justify-content:center;}}<\/style>\n<div class=\"wp-block-kadence-column kadence-column2259_0838d0-cc\"><div class=\"kt-inside-inner-col\"><section class=\"instructions\" id=\"instructions\">\n\n  <!-- Header box -->\n  <div class=\"guide-box\">\n    <span class=\"guide-label\">#Instructions<\/span>\n    <h2>Guide \u00e9tape par \u00e9tape pour installer l\u2019APK XDIAG et la tester correctement<\/h2>\n  <\/div>\n\n  <div class=\"steps\">\n\n    <!-- Step 1 -->\n    <div class=\"step\" id=\"step-1\" data-step=\"1\">\n      <div class=\"step-num\">1<\/div>\n      <p>Tout d\u2019abord, t\u00e9l\u00e9chargez l\u2019APK en cliquant sur le lien \u00e0 droite, puis installez-la.<\/p>\n      <p>Cliquez sur le bouton ci-dessous pour t\u00e9l\u00e9charger votre APK xdiag (disponible uniquement sur Android).<\/p>\n      <a class=\"btn-download\" \n         href=\"https:\/\/bcpro.fra1.cdn.digitaloceanspaces.com\/apks\/xdiag\/Xdiag_V7.00.012_android_7_8_9_10_11_12_13.apk\" \n         target=\"_blank\" rel=\"noopener\">\u2b07 T\u00e9l\u00e9charger l\u2019APK<\/a>\n      <div class=\"continue-wrap\"><a class=\"continue\" href=\"#step-2\">Continuer vers l\u2019\u00e9tape 2 \u2192<\/a><\/div>\n    <\/div>\n\n    <!-- Step 2 -->\n    <div class=\"step\" id=\"step-2\" data-step=\"2\">\n      <div class=\"step-num\">2<\/div>\n      <p>Connectez-vous \u00e0 l\u2019aide du nom d\u2019utilisateur et du mot de passe que nous vous avons fournis. Ensuite, cliquez sur \u00ab Mettre \u00e0 jour le logiciel \u00bb.<\/p>\n      <p>Consultez les images ci-dessous pour des instructions d\u00e9taill\u00e9es. Une fois celles-ci suivies \u00e0 la lettre, passez \u00e0 l\u2019\u00e9tape 3.<\/p>\n      <div class=\"instructions-gallery\">\n        <a href=\"https:\/\/xdiag.org\/wp-content\/uploads\/2025\/09\/73a.png\" class=\"lb\">\n          <img decoding=\"async\" src=\"https:\/\/xdiag.org\/wp-content\/uploads\/2025\/09\/73a.png\" alt=\"Step 2 \u2013 image 73a\">\n        <\/a>\n        <a href=\"https:\/\/xdiag.org\/wp-content\/uploads\/2025\/09\/45a.png\" class=\"lb\">\n          <img decoding=\"async\" src=\"https:\/\/xdiag.org\/wp-content\/uploads\/2025\/09\/45a.png\" alt=\"Step 2 \u2013 image 45a\">\n        <\/a>\n      <\/div>\n      <div class=\"continue-wrap\"><a class=\"continue\" href=\"#step-3\">Continuer vers l\u2019\u00e9tape 3 \u2192<\/a><\/div>\n    <\/div>\n\n    <!-- Step 3 -->\n    <div class=\"step\" id=\"step-3\" data-step=\"3\">\n      <div class=\"step-num\">3<\/div>\n      <p>T\u00e9l\u00e9chargez tout le contenu disponible.<\/p>\n      <p>T\u00e9l\u00e9chargez tout ce que vous pouvez et cochez les cases comme indiqu\u00e9 sur l\u2019image ci-dessous.<\/p>\n      <div class=\"instructions-gallery single\">\n        <a href=\"https:\/\/xdiag.org\/wp-content\/uploads\/2025\/09\/47a.png\" class=\"lb\">\n          <img decoding=\"async\" src=\"https:\/\/xdiag.org\/wp-content\/uploads\/2025\/09\/47a.png\" alt=\"Step 3 \u2013 image 47a\">\n        <\/a>\n      <\/div>\n      <div class=\"continue-wrap\"><a class=\"continue\" href=\"#step-4\">Continuer vers l\u2019\u00e9tape 4 \u2192<\/a><\/div>\n    <\/div>\n\n    <!-- Step 4 -->\n    <div class=\"step\" id=\"step-4\" data-step=\"4\">\n      <div class=\"step-num\">4<\/div>\n      <p>Connectez le connecteur OBD2 au port OBD2 de votre v\u00e9hicule. Mettez le contact, s\u00e9lectionnez \u00ab Diagnostic local \u00bb, puis choisissez \u00ab Tester EOBD \u00bb.<\/p>\n      <p>Regardez attentivement l\u2019image ci-dessous et suivez les instructions.<\/p>\n      <div class=\"instructions-gallery single\">\n        <a href=\"https:\/\/xdiag.org\/wp-content\/uploads\/2025\/09\/46a.png\" class=\"lb\">\n          <img decoding=\"async\" src=\"https:\/\/xdiag.org\/wp-content\/uploads\/2025\/09\/46a.png\" alt=\"Step 4 \u2013 image 46a\">\n        <\/a>\n      <\/div>\n      <div class=\"continue-wrap\"><a class=\"continue\" href=\"#step-5\">Continuer vers l\u2019\u00e9tape 5 \u2192<\/a><\/div>\n    <\/div>\n\n    <!-- Step 5 -->\n    <div class=\"step\" id=\"step-5\" data-step=\"5\">\n      <div class=\"step-num\">5<\/div>\n      <p>Si tout se d\u00e9roule correctement, contactez-nous \u00e0 nouveau. Une fois votre paiement trait\u00e9, nous activerons votre abonnement Xdiag d\u2019un an.<\/p>\n      <div class=\"cta-row\">\n        <a class=\"btn-wa\" style=\"background-color: purple !important;\" href=\"viber:\/\/add?number=31647604324\" target=\"_blank\" rel=\"noopener\">Viber: +31 6 47604324<\/a>\n        <a class=\"btn-buy\" href=\"https:\/\/xdiag.org\/product-category\/subscriptions\/\" target=\"_blank\" rel=\"noopener\">Achetez votre abonnement Xdiag d\u2019un an !<\/a>\n      <\/div>\n      <div class=\"continue-wrap\"><a class=\"continue\" href=\"#step-6\">Continuer vers l\u2019\u00e9tape 6 \u2192<\/a><\/div>\n    <\/div>\n\n    <!-- Step 6 -->\n    <div class=\"step\" id=\"step-6\" data-step=\"6\">\n      <div class=\"step-num\">6<\/div>\n      <p>Une fois le paiement effectu\u00e9, retournez dans l\u2019application, cliquez \u00e0 nouveau sur \u00ab update software \u00bb et t\u00e9l\u00e9chargez tous les \u00e9l\u00e9ments disponibles. Une fois le t\u00e9l\u00e9chargement termin\u00e9, votre outil de diagnostic sera pr\u00eat \u00e0 l\u2019emploi.<\/p>\n      <p>Une fois le paiement trait\u00e9, nous activerons vos abonnements Xdiag.<\/p>\n      <div class=\"instructions-gallery single\">\n        <a href=\"https:\/\/xdiag.org\/wp-content\/uploads\/2025\/09\/48a.png\" class=\"lb\">\n          <img decoding=\"async\" src=\"https:\/\/xdiag.org\/wp-content\/uploads\/2025\/09\/48a.png\" alt=\"Step 6 \u2013 image 48a\">\n        <\/a>\n      <\/div>\n      <div class=\"continue-wrap\"><span class=\"continue done\">C\u2019est fait \u2014 commencez le diagnostic \ud83d\ude97<\/span><\/div>\n    <\/div>\n\n  <\/div>\n<\/section>\n\n<!-- Lightbox modal -->\n<div id=\"lightbox\" aria-hidden=\"true\">\n  <button class=\"lb-close\" aria-label=\"Close\">&times;<\/button>\n  <img id=\"lightbox-img\" alt=\"\">\n<\/div>\n\n<style>\n.instructions { padding:40px 20px; max-width:1100px; margin:auto; }\n\n\/* Header box *\/\n.guide-box{\n  background:#fff;\n  border:2px solid #d0021b;\n  border-radius:12px;\n  padding:14px 16px;\n  margin:0 0 18px 0;\n  text-align:center;\n  box-shadow:0 4px 12px rgba(0,0,0,.06);\n}\n.guide-box h2{ font-size:22px; margin:6px 0 0; }\n.guide-label{\n  display:block;\n  font-size:14px;\n  color:#d0021b;\n  font-weight:700;\n  text-transform:uppercase;\n}\n\n\/* Grid *\/\n.steps {\n  display:grid;\n  grid-template-columns:repeat(auto-fit,minmax(250px,1fr));\n  gap:20px;\n}\n\n.step {\n  background:#fff;\n  border:2px solid #d0021b;\n  border-radius:12px;\n  padding:18px;\n  box-shadow:0 4px 12px rgba(0,0,0,.08);\n  text-align:center;\n  transition:.2s;\n  display:flex;\n  flex-direction:column;\n  gap:10px;\nmin-height: 550px;\n}\n.instructions-gallery {\n  margin-bottom: 160px; \/* dodatni prostor pod slikami *\/\n}\n.step:hover { transform:translateY(-3px); }\n\n.step-num {\n  background:#d0021b; color:#fff; font-weight:700; font-size:18px;\n  width:40px; height:40px; line-height:40px; border-radius:50%;\n  margin:0 auto 6px;\n}\n\n\/* Galleries *\/\n.instructions-gallery{\n  display:grid;\n  grid-template-columns:1fr 1fr;\n  gap:10px;\n  margin-top:2px;\n}\n.instructions-gallery img{\n  width:100%;\n  max-height:160px;           \/* <-- omejitev vi\u0161ine za 2-slike layout *\/\n  object-fit:contain;         \/* <-- brez rezanja *\/\n  display:block;\n  border-radius:8px;\n  cursor:pointer;\n}\n.instructions-gallery.single{\n  display:flex;\n  justify-content:center;\n}\n.instructions-gallery.single img{\n  max-width:80%;\n  max-height:220px;           \/* <-- single slika lahko malo ve\u010dja *\/\n  object-fit:contain;\n}\n\n@media (max-width:560px){\n  .instructions-gallery{ grid-template-columns:1fr; }\n  .instructions-gallery img{ max-height:220px; }\n}\n\n\/* Buttons *\/\n.btn-download,.btn-buy,.btn-wa{\n  display:inline-block; padding:10px 14px; border-radius:10px;\n  font-weight:700; text-decoration:none; margin-top:8px;\n}\n.btn-download{ background:#d0021b; color:#fff; }\n.btn-buy{ background:#b90d0d; color:#fff; }\n.btn-wa{ background:#25D366; color:#fff; }\n\n\/* Step 5 extra space above buttons *\/\n.step[data-step=\"5\"] .cta-row{ margin-top:18px; }\n\n\/* Continue (always at the bottom nicely separated) *\/\n.continue-wrap{\n  margin-top:auto;\n  padding-top:10px;\n  border-top:1px solid rgba(208,2,27,.15);\n}\n.continue{\n  display:inline-block;\n  font-weight:700;\n  text-decoration:none;\n  color:#333;\n}\n.continue:hover{ text-decoration:underline; }\n.continue.done{ color:#0a7a2a; }\n\n\/* Lightbox *\/\n#lightbox{ position:fixed; inset:0; background:rgba(0,0,0,.85); display:none;\n  align-items:center; justify-content:center; z-index:9999; padding:20px; }\n#lightbox[aria-hidden=\"false\"]{ display:flex; }\n#lightbox-img{ max-width:95vw; max-height:90vh; border-radius:10px;\n  box-shadow:0 10px 30px rgba(0,0,0,.6); }\n.lb-close{ position:absolute; top:16px; right:16px; font-size:32px;\n  background:transparent; border:0; color:#fff; cursor:pointer; }\n<\/style>\n\n<script>\n(function(){\n  const lb=document.getElementById('lightbox');\n  const lbImg=document.getElementById('lightbox-img');\n  const closeBtn=document.querySelector('.lb-close');\n\n  document.addEventListener('click',function(e){\n    const link=e.target.closest('a.lb');\n    if(!link) return;\n    e.preventDefault();\n    lbImg.src=link.href;\n    lb.setAttribute('aria-hidden','false');\n  });\n\n  closeBtn.addEventListener('click',()=>lb.setAttribute('aria-hidden','true'));\n  lb.addEventListener('click',e=>{ if(e.target===lb) lb.setAttribute('aria-hidden','true'); });\n  document.addEventListener('keydown',e=>{ if(e.key==='Escape') lb.setAttribute('aria-hidden','true'); });\n})();\n<\/script><\/div><\/div>\n\n<style>.kadence-column2259_894f3a-3e > .kt-inside-inner-col,.kadence-column2259_894f3a-3e > .kt-inside-inner-col:before{border-top-left-radius:0px;border-top-right-radius:0px;border-bottom-right-radius:0px;border-bottom-left-radius:0px;}.kadence-column2259_894f3a-3e > .kt-inside-inner-col{column-gap:var(--global-kb-gap-sm, 1rem);}.kadence-column2259_894f3a-3e > .kt-inside-inner-col{flex-direction:column;}.kadence-column2259_894f3a-3e > .kt-inside-inner-col > .aligncenter{width:100%;}.kadence-column2259_894f3a-3e > .kt-inside-inner-col:before{opacity:0.3;}.kadence-column2259_894f3a-3e{position:relative;}@media all and (max-width: 1024px){.kadence-column2259_894f3a-3e > .kt-inside-inner-col{flex-direction:column;justify-content:center;}}@media all and (max-width: 767px){.kadence-column2259_894f3a-3e > .kt-inside-inner-col{flex-direction:column;justify-content:center;}}<\/style>\n<div class=\"wp-block-kadence-column kadence-column2259_894f3a-3e\"><div class=\"kt-inside-inner-col\"><\/div><\/div>\n<\/div><\/div><\/div><\/div>\n<\/div><\/div><style>.kb-row-layout-id2259_b10dc0-60 > .kt-row-column-wrap{align-content:end;}:where(.kb-row-layout-id2259_b10dc0-60 > .kt-row-column-wrap) > .wp-block-kadence-column{justify-content:end;}.kb-row-layout-id2259_b10dc0-60 > .kt-row-column-wrap{column-gap:var(--global-kb-gap-md, 2rem);row-gap:var(--global-kb-gap-md, 2rem);max-width:var( --global-content-width, 1290px );padding-left:var(--global-content-edge-padding);padding-right:var(--global-content-edge-padding);padding-top:var(--global-kb-spacing-3xl, 6.5rem);grid-template-columns:minmax(0, 1fr);}.kb-row-layout-id2259_b10dc0-60 > .kt-row-layout-overlay{opacity:0.10;background-color:var(--global-palette9, #ffffff);}@media all and (max-width: 1024px){.kb-row-layout-id2259_b10dc0-60 > .kt-row-column-wrap{grid-template-columns:minmax(0, 1fr);}}@media all and (max-width: 767px){.kb-row-layout-id2259_b10dc0-60 > .kt-row-column-wrap{grid-template-columns:minmax(0, 1fr);}}<\/style><div class=\"kb-row-layout-wrap kb-row-layout-id2259_b10dc0-60 alignfull has-theme-palette9-background-color kt-row-has-bg wp-block-kadence-rowlayout\"><div class=\"kt-row-layout-overlay kt-row-overlay-normal\"><\/div><div class=\"kt-row-column-wrap kt-has-1-columns kt-row-layout-equal kt-tab-layout-inherit kt-mobile-layout-row kt-row-valign-bottom kb-theme-content-width\">\n<style>.kadence-column2259_ff7b7e-a4 > .kt-inside-inner-col,.kadence-column2259_ff7b7e-a4 > .kt-inside-inner-col:before{border-top-left-radius:0px;border-top-right-radius:0px;border-bottom-right-radius:0px;border-bottom-left-radius:0px;}.kadence-column2259_ff7b7e-a4 > .kt-inside-inner-col{column-gap:var(--global-kb-gap-sm, 1rem);}.kadence-column2259_ff7b7e-a4 > .kt-inside-inner-col{flex-direction:column;}.kadence-column2259_ff7b7e-a4 > .kt-inside-inner-col > .aligncenter{width:100%;}.kadence-column2259_ff7b7e-a4 > .kt-inside-inner-col:before{opacity:0.3;}.kadence-column2259_ff7b7e-a4{text-align:left;}.kadence-column2259_ff7b7e-a4{position:relative;}@media all and (max-width: 1024px){.kadence-column2259_ff7b7e-a4 > .kt-inside-inner-col{flex-direction:column;justify-content:center;}}@media all and (max-width: 767px){.kadence-column2259_ff7b7e-a4 > .kt-inside-inner-col{flex-direction:column;justify-content:center;}}<\/style>\n<div class=\"wp-block-kadence-column kadence-column2259_ff7b7e-a4 kb-section-dir-vertical inner-column-1\"><div class=\"kt-inside-inner-col\"><\/div><\/div>\n<\/div><\/div>","protected":false},"excerpt":{"rendered":"","protected":false},"author":1,"featured_media":0,"parent":0,"menu_order":0,"comment_status":"closed","ping_status":"closed","template":"","meta":{"_seopress_robots_primary_cat":"","_seopress_titles_title":"Safely install and test the apk","_seopress_titles_desc":"Step by step instructions on how to safely install the xdig apk only available on android devices.","_seopress_robots_index":"","_kad_blocks_custom_css":"","_kad_blocks_head_custom_js":"","_kad_blocks_body_custom_js":"","_kad_blocks_footer_custom_js":"","_kad_post_transparent":"","_kad_post_title":"","_kad_post_layout":"","_kad_post_sidebar_id":"","_kad_post_content_style":"","_kad_post_vertical_padding":"","_kad_post_feature":"","_kad_post_feature_position":"","_kad_post_header":false,"_kad_post_footer":false,"iawp_total_views":4672,"footnotes":""},"class_list":["post-1575","page","type-page","status-publish","hentry"],"taxonomy_info":[],"featured_image_src_large":false,"author_info":{"display_name":"xpro5","author_link":"https:\/\/xdiag.org\/fr\/author\/xpro5\/"},"comment_info":0,"_links":{"self":[{"href":"https:\/\/xdiag.org\/fr\/wp-json\/wp\/v2\/pages\/1575","targetHints":{"allow":["GET"]}}],"collection":[{"href":"https:\/\/xdiag.org\/fr\/wp-json\/wp\/v2\/pages"}],"about":[{"href":"https:\/\/xdiag.org\/fr\/wp-json\/wp\/v2\/types\/page"}],"author":[{"embeddable":true,"href":"https:\/\/xdiag.org\/fr\/wp-json\/wp\/v2\/users\/1"}],"replies":[{"embeddable":true,"href":"https:\/\/xdiag.org\/fr\/wp-json\/wp\/v2\/comments?post=1575"}],"version-history":[{"count":2,"href":"https:\/\/xdiag.org\/fr\/wp-json\/wp\/v2\/pages\/1575\/revisions"}],"predecessor-version":[{"id":2262,"href":"https:\/\/xdiag.org\/fr\/wp-json\/wp\/v2\/pages\/1575\/revisions\/2262"}],"wp:attachment":[{"href":"https:\/\/xdiag.org\/fr\/wp-json\/wp\/v2\/media?parent=1575"}],"curies":[{"name":"wp","href":"https:\/\/api.w.org\/{rel}","templated":true}]}}