{"id":3405,"date":"2025-05-07T09:08:34","date_gmt":"2025-05-07T07:08:34","guid":{"rendered":"https:\/\/xdiag.org\/?post_type=product&#038;p=3405"},"modified":"2026-01-09T15:44:48","modified_gmt":"2026-01-09T14:44:48","slug":"hayes-pro-1-year-subscription","status":"publish","type":"product","link":"https:\/\/xdiag.org\/fr\/product\/hayes-pro-1-year-subscription\/","title":{"rendered":"Abonnement en ligne Haynes Pro \u2013 1 an"},"content":{"rendered":"<p>D\u00e9bloquez des capacit\u00e9s de r\u00e9paration et d\u2019entretien automobile professionnelles avec HaynesPro, une base de donn\u00e9es technique compl\u00e8te adapt\u00e9e aux voitures particuli\u00e8res, voitures \u00e9lectriques, camions et remorques. Au prix de 75 \u20ac, cet outil puissant fournit aux bricoleurs, m\u00e9caniciens et gestionnaires de flotte tout ce dont ils ont besoin pour diagnostiquer, r\u00e9parer et entretenir les v\u00e9hicules avec efficacit\u00e9 et pr\u00e9cision.<\/p>\n<p>Pourquoi choisir HaynesPro ?<\/p>\n<p class=\" translation-block\">In-Depth Engine Data: Access detailed engine specifications, including performance metrics, diagnostic trouble codes (DTCs), and maintenance requirements, ensuring precise engine repairs and optimizations.<br>\r\nStep-by-Step Repair Instructions: Follow clear, manufacturer-approved repair guides with detailed procedures for everything from brake systems to tire replacements, making complex repairs manageable for all skill levels.<br>\r\nComprehensive Electrical Schematics: Troubleshoot and resolve electrical issues with ease using high-quality wiring diagrams for engine management, ABS, ESP, air conditioning, and more. Includes component-specific diagrams for rapid diagnostics.<br>\r\nInjector and Fuel System Details: Gain precise data on injector specifications, fuel system diagnostics, and maintenance procedures to keep your vehicle running smoothly.<br>\r\nOEM-Approved Information: Rely on up-to-date, manufacturer-sourced data covering a wide range of vehicle makes and models, including the latest hybrid and electric vehicle (EV) information.<br>\r\nAdditional Features: Benefit from service schedules, torque settings, technical drawings, and adjustment data (e.g., idle speed, NOx emissions). The cloud-based platform ensures accessibility on desktops, tablets, or smartphones, perfect for busy workshops or on-the-go repairs.<br>\r\nTrailer and Axle Information: Unique to HaynesPro, access specialized data for truck-trailer combinations, including axle maintenance and component identification, ensuring complete vehicle coverage.<br>\r\nWho Is It For?<\/p>\n<p>HaynesPro est con\u00e7u pour les professionnels de l\u2019automobile, les m\u00e9caniciens amateurs et les gestionnaires de flottes qui ont besoin d\u2019un acc\u00e8s fiable et en temps r\u00e9el aux donn\u00e9es techniques. Que vous effectuiez un entretien courant, diagnostiquiez des pannes \u00e9lectriques complexes ou interveniez sur des v\u00e9hicules lourds, HaynesPro simplifie le processus, fait gagner du temps et r\u00e9duit les erreurs.<\/p>\n<p>Pourquoi cela en vaut la peine<\/p>\n<p>Avec des mises \u00e0 jour r\u00e9guli\u00e8res et une interface conviviale, HaynesPro offre une valeur in\u00e9gal\u00e9e pour 75 \u20ac. Son Vehicle Electronic Smart Assistant (VESA\u2122) am\u00e9liore le diagnostic en vous guidant vers des solutions pr\u00e9cises pour les probl\u00e8mes des syst\u00e8mes \u00e9lectroniques. Des codes d\u00e9fauts aux temps de r\u00e9paration, cette plateforme tout-en-un vous donne les moyens d\u2019aborder chaque t\u00e2che en toute confiance.<\/p>\n<p>Am\u00e9liorez vos r\u00e9parations avec HaynesPro \u2013 la ressource ultime pour l\u2019entretien des voitures particuli\u00e8res, des v\u00e9hicules \u00e9lectriques, des camions et des remorques.<\/p>\n<p>&nbsp;<\/p>\n<p data-start=\"156\" data-end=\"179\">\u26a0\ufe0f <strong data-start=\"159\" data-end=\"179\">IMPORTANT NOTICE<\/strong><\/p>\n<p data-start=\"181\" data-end=\"354\">Each purchased license is strictly bound to a single device (hardware ID).<br data-start=\"255\" data-end=\"258\" \/>If multiple licenses are purchased, each license must be activated on its own individual device.<\/p>\n<p data-start=\"356\" data-end=\"464\">By completing your purchase, you confirm that you understand and agree to the one-license-per-device policy.<\/p>","protected":false},"excerpt":{"rendered":"<p>HaynesPro pour voitures, camions et remorques \u2013 donn\u00e9es compl\u00e8tes de r\u00e9paration et d\u2019entretien.<\/p>\n<ul>\n<li>Sp\u00e9cifications et diagnostics du moteur<\/li>\n<li>Instructions de r\u00e9paration \u00e9tape par \u00e9tape<\/li>\n<li>Sch\u00e9mas \u00e9lectriques d\u00e9taill\u00e9s<\/li>\n<li>Donn\u00e9es d\u2019injecteurs et plans d\u2019entretien<\/li>\n<li>Informations techniques approuv\u00e9es par l\u2019OEM<\/li>\n<\/ul>","protected":false},"featured_media":5220,"template":"","meta":{"_seopress_robots_primary_cat":"none","_seopress_titles_title":"HaynesPRO 1 year online subscription | XDIAG","_seopress_titles_desc":"HaynesPro: Automotive repair software for passenger cars, electrical cars, trucks, and trailers. Engine diagnostics, wiring diagrams, repair guides..","_seopress_robots_index":"","_kad_blocks_custom_css":"","_kad_blocks_head_custom_js":"","_kad_blocks_body_custom_js":"","_kad_blocks_footer_custom_js":"","_kad_post_transparent":"default","_kad_post_title":"","_kad_post_layout":"default","_kad_post_sidebar_id":"","_kad_post_content_style":"default","_kad_post_vertical_padding":"default","_kad_post_feature":"","_kad_post_feature_position":"","_kad_post_header":false,"_kad_post_footer":false,"iawp_total_views":8404},"product_cat":[22],"product_tag":[],"class_list":{"0":"post-3405","1":"product","2":"type-product","3":"status-publish","4":"has-post-thumbnail","6":"product_cat-subscriptions","8":"first","9":"instock","10":"featured","11":"sold-individually","12":"shipping-taxable","13":"purchasable","14":"product-type-variable","15":"has-default-attributes","16":"entry","17":"content-bg","18":"loop-entry"},"exclude_global_add_ons":[],"addons":[],"taxonomy_info":{"product_cat":[{"value":22,"label":"Xdiag subscriptions"}]},"featured_image_src_large":["https:\/\/xdiag.org\/wp-content\/uploads\/2025\/09\/Xdiag_haynes_1.jpeg",600,600,false],"author_info":[],"comment_info":"","_links":{"self":[{"href":"https:\/\/xdiag.org\/fr\/wp-json\/wp\/v2\/product\/3405","targetHints":{"allow":["GET"]}}],"collection":[{"href":"https:\/\/xdiag.org\/fr\/wp-json\/wp\/v2\/product"}],"about":[{"href":"https:\/\/xdiag.org\/fr\/wp-json\/wp\/v2\/types\/product"}],"wp:featuredmedia":[{"embeddable":true,"href":"https:\/\/xdiag.org\/fr\/wp-json\/wp\/v2\/media\/5220"}],"wp:attachment":[{"href":"https:\/\/xdiag.org\/fr\/wp-json\/wp\/v2\/media?parent=3405"}],"wp:term":[{"taxonomy":"product_cat","embeddable":true,"href":"https:\/\/xdiag.org\/fr\/wp-json\/wp\/v2\/product_cat?post=3405"},{"taxonomy":"product_tag","embeddable":true,"href":"https:\/\/xdiag.org\/fr\/wp-json\/wp\/v2\/product_tag?post=3405"}],"curies":[{"name":"wp","href":"https:\/\/api.w.org\/{rel}","templated":true}]}}