{"id":3793,"date":"2025-08-29T19:46:53","date_gmt":"2025-08-29T17:46:53","guid":{"rendered":"https:\/\/xdiag.org\/?post_type=product&#038;p=3793"},"modified":"2025-09-28T10:59:56","modified_gmt":"2025-09-28T08:59:56","slug":"launch-giii-x-prog-3-advanced-immobilizer-key-programmer","status":"publish","type":"product","link":"https:\/\/xdiag.org\/fr\/product\/launch-giii-x-prog-3-advanced-immobilizer-key-programmer\/","title":{"rendered":"Launch GIII X-PROG 3 \u2013 Programmateur avanc\u00e9 d\u2019antid\u00e9marrage et de cl\u00e9s"},"content":{"rendered":"<h1 data-start=\"407\" data-end=\"479\">X-PROG 3 GIII \u2013 Programmateur IMMO et de cl\u00e9s avanc\u00e9 pour Xdiag &amp; Launch<\/h1>\n<p data-start=\"481\" data-end=\"923\" class=\" translation-block\">Le <strong data-start=\"485\" data-end=\"502\">X-PROG 3 GIII<\/strong> est le dispositif de programmation d\u2019antid\u00e9marrage et de cl\u00e9s le plus r\u00e9cent et le plus avanc\u00e9 d\u00e9velopp\u00e9 par <strong data-start=\"587\" data-end=\"597\">Launch<\/strong>, enti\u00e8rement compatible avec le <strong data-start=\"621\" data-end=\"639\">Xdiag software<\/strong> et les <strong data-start=\"644\" data-end=\"672\">X-431 diagnostic tablets<\/strong> (PRO5, PAD V, PAD VII, V+, PRO3 APEX, PRO3S+, etc.).<br data-start=\"725\" data-end=\"728\">Il offre une solution compl\u00e8te pour <strong data-start=\"764\" data-end=\"848\">l\u2019apprentissage des cl\u00e9s, les op\u00e9rations antivol, la programmation EEPROM\/MCU et le clonage ECU\/TCU<\/strong>, ce qui en fait un outil essentiel pour tout atelier automobile professionnel.<\/p>\n<h2 data-start=\"930\" data-end=\"972\">\ud83d\udea9 Ce que vous pouvez faire avec X-PROG 3 GIII<\/h2>\n<p data-start=\"974\" data-end=\"1618\">\ud83d\udd34 <strong data-start=\"977\" data-end=\"996\">Programmation de cl\u00e9s<\/strong> \u2013 Lecture, \u00e9criture et appairage des cl\u00e9s \u00e0 puce, cl\u00e9s intelligentes, cl\u00e9s \u00e0 distance et cl\u00e9s infrarouges (par ex. Mercedes-Benz).<br data-start=\"1097\" data-end=\"1100\" \/>\ud83d\udd34 <strong data-start=\"1103\" data-end=\"1127\">Fonctions antivol<\/strong> \u2013 Identification du type d\u2019antid\u00e9marrage, lecture des codes PIN et de s\u00e9curit\u00e9, r\u00e9initialisation et remplacement des modules IMMO\/ECU.<br data-start=\"1219\" data-end=\"1222\" \/>\ud83d\udd34 <strong data-start=\"1225\" data-end=\"1247\">Op\u00e9rations ECU\/TCU<\/strong> \u2013 Clonage ou remplacement des calculateurs moteur et bo\u00eete de vitesses (VW\/Audi MQB, BMW ISN, Mercedes, Toyota, etc.) sans d\u00e9montage.<br data-start=\"1367\" data-end=\"1370\" \/>\ud83d\udd34 <strong data-start=\"1373\" data-end=\"1397\">Prise en charge EEPROM &amp; MCU<\/strong> \u2013 Lecture\/\u00e9criture directe des puces EEPROM et MCU pour des r\u00e9parations avanc\u00e9es et des op\u00e9rations au niveau des puces.<br data-start=\"1487\" data-end=\"1490\" \/>\ud83d\udd34 <strong data-start=\"1493\" data-end=\"1515\">Large compatibilit\u00e9<\/strong> \u2013 Couvre VW, Audi, \u0160koda, Seat, BMW, Mercedes-Benz, Toyota, Porsche, Renault, Nissan et bien d\u2019autres.<\/p>\n<h2 data-start=\"1625\" data-end=\"1647\">\ud83c\udf1f Points forts<\/h2>\n<p data-start=\"1649\" data-end=\"2352\">\ud83d\udd34 <strong data-start=\"1652\" data-end=\"1671\">Outil tout-en-un<\/strong> \u2013 Combine l\u2019antid\u00e9marrage, la programmation de cl\u00e9s, le clonage ECU\/TCU et la prise en charge EEPROM\/MCU dans un seul appareil.<br data-start=\"1767\" data-end=\"1770\" \/>\ud83d\udd34 <strong data-start=\"1773\" data-end=\"1788\">Plug &amp; Play<\/strong> \u2013 Fonctionne directement avec <strong data-start=\"1811\" data-end=\"1853\">Appareils Xdiag et tablettes Launch X-431<\/strong> via DBScar V ou Smartlink.<br data-start=\"1880\" data-end=\"1883\" \/>\ud83d\udd34 <strong data-start=\"1886\" data-end=\"1909\">Interface Red Arrow<\/strong> \u2013 Fonctions guid\u00e9es claires \u00e9tape par \u00e9tape pour un flux de travail plus simple.<br data-start=\"1968\" data-end=\"1971\" \/>\ud83d\udd34 <strong data-start=\"1974\" data-end=\"1995\">Acc\u00e8s au niveau de la puce<\/strong> \u2013 Lecture &amp; \u00e9criture EEPROM\/MCU pour des r\u00e9parations en profondeur.<br data-start=\"2045\" data-end=\"2048\" \/>\ud83d\udd34 <strong data-start=\"2051\" data-end=\"2081\">Op\u00e9rations non destructives<\/strong> \u2013 Gestion des donn\u00e9es ECU\/TCU sans ouvrir ni endommager les unit\u00e9s.<br data-start=\"2140\" data-end=\"2143\" \/>\ud83d\udd34 <strong data-start=\"2146\" data-end=\"2166\">Mises \u00e0 jour constantes<\/strong> \u2013 Des mises \u00e0 jour logicielles r\u00e9guli\u00e8res \u00e9tendent les mod\u00e8les et syst\u00e8mes de s\u00e9curit\u00e9 pris en charge.<br data-start=\"2239\" data-end=\"2242\" \/>\ud83d\udd34 <strong data-start=\"2245\" data-end=\"2264\">Optimis\u00e9 pour Xdiag<\/strong> \u2013 Enti\u00e8rement flash\u00e9 et pr\u00e9configur\u00e9 pour fonctionner parfaitement avec <strong data-start=\"2324\" data-end=\"2349\">Xdiag software &amp; apps<\/strong>.<\/p>\n<h2 data-start=\"2359\" data-end=\"2385\">\ud83d\udccb Fonction \ud83d\udccc D\u00e9tails<\/h2>\n<div class=\"_tableContainer_1rjym_1\">\n<div class=\"group _tableWrapper_1rjym_13 flex w-fit flex-col-reverse\" tabindex=\"-1\">\n<table class=\"w-fit min-w-(--thread-content-width)\" data-start=\"2387\" data-end=\"3304\">\n<thead data-start=\"2387\" data-end=\"2427\">\n<tr data-start=\"2387\" data-end=\"2427\">\n<th data-start=\"2387\" data-end=\"2412\" data-col-size=\"sm\"><strong data-start=\"2389\" data-end=\"2400\">Fonction<\/strong><\/th>\n<th data-start=\"2412\" data-end=\"2427\" data-col-size=\"lg\"><strong data-start=\"2414\" data-end=\"2425\">D\u00e9tails<\/strong><\/th>\n<\/tr>\n<\/thead>\n<tbody data-start=\"2470\" data-end=\"3304\">\n<tr data-start=\"2470\" data-end=\"2657\">\n<td data-start=\"2470\" data-end=\"2496\" data-col-size=\"sm\"><strong data-start=\"2472\" data-end=\"2495\">Fonctions prises en charge<\/strong><\/td>\n<td data-start=\"2496\" data-end=\"2657\" data-col-size=\"lg\">Programmation de cl\u00e9s, apprentissage des cl\u00e9s intelligentes, appairage des t\u00e9l\u00e9commandes, programmation des cl\u00e9s infrarouges, lecture des codes PIN\/antivol, clonage ECU\/TCU, lecture &amp; \u00e9criture EEPROM\/MCU<\/td>\n<\/tr>\n<tr data-start=\"2658\" data-end=\"2800\">\n<td data-start=\"2658\" data-end=\"2684\" data-col-size=\"sm\"><strong data-start=\"2660\" data-end=\"2679\">Puces prises en charge<\/strong><\/td>\n<td data-start=\"2684\" data-end=\"2800\" data-col-size=\"lg\">EEPROM, MCU, ECU moteur\/transmission, puces IMMO (CAS4+, FEM\/BDC, plateforme MQB, Mercedes IR keys, BMW ISN, etc.)<\/td>\n<\/tr>\n<tr data-start=\"2801\" data-end=\"2856\">\n<td data-start=\"2801\" data-end=\"2827\" data-col-size=\"sm\"><strong data-start=\"2803\" data-end=\"2816\">Protocoles<\/strong><\/td>\n<td data-start=\"2827\" data-end=\"2856\" data-col-size=\"lg\">CAN, CAN FD, DOIP, K-Line<\/td>\n<\/tr>\n<tr data-start=\"2857\" data-end=\"3012\">\n<td data-start=\"2857\" data-end=\"2883\" data-col-size=\"sm\"><strong data-start=\"2859\" data-end=\"2873\">Connexion<\/strong><\/td>\n<td data-start=\"2883\" data-end=\"3012\" data-col-size=\"lg\" class=\" translation-block\">Fonctionne avec <strong data-start=\"2896\" data-end=\"2914\">Xdiag software<\/strong> et <strong data-start=\"2917\" data-end=\"2941\">Launch X-431 tablets<\/strong> (PRO5, PAD V, PAD VII, V+, PRO3 APEX, PRO3S+) via DBScar V\/Smartlink<\/td>\n<\/tr>\n<tr data-start=\"3013\" data-end=\"3146\">\n<td data-start=\"3013\" data-end=\"3039\" data-col-size=\"sm\"><strong data-start=\"3015\" data-end=\"3035\">Couverture des v\u00e9hicules<\/strong><\/td>\n<td data-start=\"3039\" data-end=\"3146\" data-col-size=\"lg\">VW, Audi, \u0160koda, Seat, BMW, Mercedes-Benz, Toyota, Porsche, Renault, Nissan et de nombreuses autres marques mondiales<\/td>\n<\/tr>\n<tr data-start=\"3147\" data-end=\"3218\">\n<td data-start=\"3147\" data-end=\"3173\" data-col-size=\"sm\"><strong data-start=\"3149\" data-end=\"3165\">Alimentation \u00e9lectrique<\/strong><\/td>\n<td data-start=\"3173\" data-end=\"3218\" data-col-size=\"lg\">DC 12V (via la connexion de l\u2019appareil de diagnostic)<\/td>\n<\/tr>\n<tr data-start=\"3219\" data-end=\"3266\">\n<td data-start=\"3219\" data-end=\"3245\" data-col-size=\"sm\"><strong data-start=\"3221\" data-end=\"3235\">Dimensions<\/strong><\/td>\n<td data-start=\"3245\" data-end=\"3266\" data-col-size=\"lg\">200 \u00d7 160 \u00d7 55 mm<\/td>\n<\/tr>\n<tr data-start=\"3267\" data-end=\"3304\">\n<td data-start=\"3267\" data-end=\"3293\" data-col-size=\"sm\"><strong data-start=\"3269\" data-end=\"3279\">Poids<\/strong><\/td>\n<td data-start=\"3293\" data-end=\"3304\" data-col-size=\"lg\">~1.2 kg<\/td>\n<\/tr>\n<\/tbody>\n<\/table>\n<\/div>\n<\/div>\n<h2 data-start=\"3311\" data-end=\"3353\">Pourquoi choisir X-PROG 3 GIII pour Xdiag ?<\/h2>\n<p data-start=\"3355\" data-end=\"3697\">\u2714\ufe0f Specifically <strong data-start=\"3371\" data-end=\"3406\">flashed for Xdiag compatibility<\/strong>.<br data-start=\"3407\" data-end=\"3410\" \/>\u2714\ufe0f Designed for both <strong data-start=\"3431\" data-end=\"3472\">independent workshops and dealerships<\/strong>.<br data-start=\"3473\" data-end=\"3476\" \/>\u2714\ufe0f Saves time and reduces costs by enabling <strong data-start=\"3520\" data-end=\"3552\">non-destructive ECU\/TCU work<\/strong>.<br data-start=\"3553\" data-end=\"3556\" \/>\u2714\ufe0f Offers <strong data-start=\"3566\" data-end=\"3595\">constant software updates<\/strong> for future-proof support.<br data-start=\"3621\" data-end=\"3624\" \/>\u2714\ufe0f Red-themed design and UI matches <strong data-start=\"3660\" data-end=\"3694\">Xdiag\u2019s professional ecosystem<\/strong>.<\/p>\n<p data-start=\"3704\" data-end=\"3890\">\ud83d\udc49 Ideal for locksmiths, ECU programmers, tuning specialists, and all diagnostic professionals who need <strong data-start=\"3808\" data-end=\"3887\">one device to handle IMMO, key programming, cloning, and chip-level repairs<\/strong>.<\/p>\n<p>&nbsp;<\/p>\n<p>&nbsp;<\/p>\n<p>&nbsp;<\/p>","protected":false},"excerpt":{"rendered":"<p class=\" translation-block\">Le Launch <strong>X-PROG 3<\/strong> est un outil tout-en-un de programmation de cl\u00e9s et de clonage ECU\/TCU, compatible avec les tablettes de diagnostic <strong>X-diag<\/strong> \u2013 prenant en charge des op\u00e9rations avanc\u00e9es au niveau des puces, les fonctions antivol et le remplacement de cl\u00e9s sans d\u00e9montage de l\u2019ECU.<\/p>\n<p>&nbsp;<\/p>\n<p>&nbsp;<\/p>\n<p>&nbsp;<\/p>","protected":false},"featured_media":5184,"template":"","meta":{"_seopress_robots_primary_cat":"26","_seopress_titles_title":"Launch GIII X-PROG 3 \u2013 Advanced Immobilizer & Key Programmer","_seopress_titles_desc":"The Launch GIII X\u2011PROG\u202f3 is an all\u2011in\u2011one key\u2011programming and ECU\/TCU cloning tool compatible with X\u2011431 diagnostic tablets","_seopress_robots_index":"","_kad_blocks_custom_css":"","_kad_blocks_head_custom_js":"","_kad_blocks_body_custom_js":"","_kad_blocks_footer_custom_js":"","_kad_post_transparent":"default","_kad_post_title":"","_kad_post_layout":"default","_kad_post_sidebar_id":"","_kad_post_content_style":"default","_kad_post_vertical_padding":"default","_kad_post_feature":"","_kad_post_feature_position":"","_kad_post_header":false,"_kad_post_footer":false,"iawp_total_views":324},"product_cat":[25,26],"product_tag":[],"class_list":{"0":"post-3793","1":"product","2":"type-product","3":"status-publish","4":"has-post-thumbnail","6":"product_cat-adapters","7":"product_cat-xdiag","9":"first","10":"instock","11":"shipping-taxable","12":"purchasable","13":"product-type-simple","14":"entry","15":"content-bg","16":"loop-entry"},"exclude_global_add_ons":[],"addons":[],"taxonomy_info":{"product_cat":[{"value":25,"label":"Adapters"},{"value":26,"label":"xdiag"}]},"featured_image_src_large":["https:\/\/xdiag.org\/wp-content\/uploads\/2025\/09\/Xdiag_XPROG-_3_1.jpg",600,600,false],"author_info":[],"comment_info":"","_links":{"self":[{"href":"https:\/\/xdiag.org\/fr\/wp-json\/wp\/v2\/product\/3793","targetHints":{"allow":["GET"]}}],"collection":[{"href":"https:\/\/xdiag.org\/fr\/wp-json\/wp\/v2\/product"}],"about":[{"href":"https:\/\/xdiag.org\/fr\/wp-json\/wp\/v2\/types\/product"}],"wp:featuredmedia":[{"embeddable":true,"href":"https:\/\/xdiag.org\/fr\/wp-json\/wp\/v2\/media\/5184"}],"wp:attachment":[{"href":"https:\/\/xdiag.org\/fr\/wp-json\/wp\/v2\/media?parent=3793"}],"wp:term":[{"taxonomy":"product_cat","embeddable":true,"href":"https:\/\/xdiag.org\/fr\/wp-json\/wp\/v2\/product_cat?post=3793"},{"taxonomy":"product_tag","embeddable":true,"href":"https:\/\/xdiag.org\/fr\/wp-json\/wp\/v2\/product_tag?post=3793"}],"curies":[{"name":"wp","href":"https:\/\/api.w.org\/{rel}","templated":true}]}}