{"id":449,"date":"2023-10-03T08:30:03","date_gmt":"2023-10-03T06:30:03","guid":{"rendered":"http:\/\/xdiag.org\/?post_type=product&#038;p=449"},"modified":"2026-02-15T21:12:01","modified_gmt":"2026-02-15T20:12:01","slug":"kingbolen-ediag-plus-canfd-protocol-ecu-coding-and-diagnostic-tool","status":"publish","type":"product","link":"https:\/\/xdiag.org\/fr\/product\/kingbolen-ediag-plus-canfd-protocol-ecu-coding-and-diagnostic-tool\/","title":{"rendered":"KINGBOLEN Ediag Plus Outil de diagnostic et de codage ECU avec protocole CANFD"},"content":{"rendered":"<h1 data-start=\"167\" data-end=\"239\">Kingbolen Ediag Plus \u2013 Connecteur OBD2 Bluetooth compact pour Xdiag<\/h1>\n<p data-start=\"241\" data-end=\"619\" class=\" translation-block\">Le <strong data-start=\"245\" data-end=\"269\">Kingbolen Ediag Plus<\/strong> est un connecteur de diagnostic OBD2 Bluetooth professionnel, con\u00e7u comme un clone fiable du ThinkDiag 2 et enti\u00e8rement compatible avec la <strong data-start=\"401\" data-end=\"428\">Xdiag software platform<\/strong>. Il offre des fonctions avanc\u00e9es telles que le contr\u00f4le bidirectionnel, le codage ECU, la prise en charge du protocole CAN-FD et plusieurs r\u00e9initialisations de service, constituant une solution de diagnostic puissante et \u00e9conomique.<\/p>\n<h2 data-start=\"626\" data-end=\"652\">\ud83c\udf1f Points forts du produit<\/h2>\n<p data-start=\"653\" data-end=\"1500\">\u2705 <strong data-start=\"655\" data-end=\"694\">Adaptateur OBD2 Bluetooth professionnel<\/strong> \u2013 Design compact, facile \u00e0 utiliser dans n\u2019importe quel atelier<br data-start=\"740\" data-end=\"743\" \/>\u2705 <strong data-start=\"745\" data-end=\"768\">Compatibilit\u00e9 Xdiag<\/strong> \u2013 Enti\u00e8rement test\u00e9 et optimis\u00e9 pour une utilisation avec le logiciel Xdiag<br data-start=\"825\" data-end=\"828\" \/>\u2705 <strong data-start=\"830\" data-end=\"851\">Connexion stable<\/strong> \u2013 Bluetooth 5.0\/5.1 en mode double pour une communication rapide et fiable<br data-start=\"917\" data-end=\"920\" \/>\u2705 <strong data-start=\"922\" data-end=\"940\">Bo\u00eetier robuste<\/strong> \u2013 Construit en ABS+PC+TPU pour une grande durabilit\u00e9, avec voyants lumineux<br data-start=\"1001\" data-end=\"1004\" \/>\u2705 <strong data-start=\"1006\" data-end=\"1024\">Utilisation pratique<\/strong> \u2013 Comprend un c\u00e2ble OBD2 de 0,65 m pour une meilleure flexibilit\u00e9<br data-start=\"1076\" data-end=\"1079\" \/>\u2705 <strong data-start=\"1081\" data-end=\"1099\">Prise en charge CAN-FD<\/strong> \u2013 Fonctionne avec les derniers v\u00e9hicules GM (2020+) et les plateformes nouvelle g\u00e9n\u00e9ration<br data-start=\"1161\" data-end=\"1164\" \/>\u2705 <strong data-start=\"1166\" data-end=\"1188\">Fonctions avanc\u00e9es<\/strong> \u2013 R\u00e9initialisation d\u2019huile, r\u00e9g\u00e9n\u00e9ration FAP, codage injecteurs, calibration batterie, et plus encore (selon le mod\u00e8le du v\u00e9hicule)<br data-start=\"1292\" data-end=\"1295\" \/>\u2705 <strong data-start=\"1297\" data-end=\"1336\">Contr\u00f4le bidirectionnel &amp; codage ECU<\/strong> \u2013 Effectue des tests actifs, des adaptations et le codage de modules<br data-start=\"1391\" data-end=\"1394\" \/>\u2705 <strong data-start=\"1396\" data-end=\"1413\">Large couverture<\/strong> \u2013 Prend en charge les voitures particuli\u00e8res, les v\u00e9hicules \u00e9lectriques, les hybrides et les v\u00e9hicules lourds avec les packs Xdiag<\/p>\n<h2 data-start=\"1507\" data-end=\"1539\">Caract\u00e9ristiques techniques<\/h2>\n<ul data-start=\"1540\" data-end=\"1794\">\n<li data-start=\"1540\" data-end=\"1583\">\n<p data-start=\"1542\" data-end=\"1583\">Connexion : Bluetooth 5.0\/5.1 double mode<\/p>\n<\/li>\n<li data-start=\"1584\" data-end=\"1640\">\n<p data-start=\"1586\" data-end=\"1640\">Syst\u00e8mes d\u2019exploitation pris en charge : Android 7\u201313, Android 14 (32 bits uniquement)<\/p>\n<\/li>\n<li data-start=\"1641\" data-end=\"1712\">\n<p data-start=\"1643\" data-end=\"1712\">Protocoles : ISO9141, KWP2000, J1850 VPW, J1850 PWM, CAN, UDS, CAN-FD<\/p>\n<\/li>\n<li data-start=\"1713\" data-end=\"1769\">\n<p data-start=\"1715\" data-end=\"1769\">Mat\u00e9riau du bo\u00eetier : ABS + PC + TPU avec indicateurs LED<\/p>\n<\/li>\n<li data-start=\"1770\" data-end=\"1794\">\n<p data-start=\"1772\" data-end=\"1794\">Longueur du c\u00e2ble : 0,65 m<\/p>\n<\/li>\n<\/ul>\n<h2 data-start=\"1801\" data-end=\"1825\">\u26a0\ufe0f Avis important<\/h2>\n<p data-start=\"1826\" data-end=\"2000\">This connector does <strong data-start=\"1846\" data-end=\"1887\">not include Xdiag software or license<\/strong>.<br data-start=\"1888\" data-end=\"1891\" \/>\ud83d\udc49 You can choose and purchase your desired <strong data-start=\"1935\" data-end=\"1998\">Xdiag software package separately here: [<a href=\"https:\/\/xdiag.org\/xdiag-buy-subscription\/\">Buy Xdiag Package<\/a>]<\/strong><\/p>\n<h2 data-start=\"2007\" data-end=\"2031\">\ud83d\udce6 Contenu de l\u2019emballage<\/h2>\n<p data-start=\"2032\" data-end=\"2129\">\u2714\ufe0f 1x Connecteur OBD2 Bluetooth Kingbolen Ediag Plus<br data-start=\"2083\" data-end=\"2086\" \/>\u2714\ufe0f 1x C\u00e2ble OBD2 (0,65 m)<br data-start=\"2111\" data-end=\"2114\" \/>\u2714\ufe0f Guide d\u2019utilisation<\/p>\n<h2 data-start=\"2136\" data-end=\"2176\">\ud83d\udca1 Pourquoi choisir Kingbolen Ediag Plus ?<\/h2>\n<ul data-start=\"2177\" data-end=\"2493\">\n<li data-start=\"2177\" data-end=\"2249\">\n<p data-start=\"2179\" data-end=\"2249\">Clone du ThinkDiag 2 \u2013 m\u00eames fonctionnalit\u00e9s \u00e0 un prix plus abordable<\/p>\n<\/li>\n<li data-start=\"2250\" data-end=\"2301\">\n<p data-start=\"2252\" data-end=\"2301\">Test\u00e9 \u00e0 100 % avec le logiciel Xdiag avant l\u2019exp\u00e9dition<\/p>\n<\/li>\n<li data-start=\"2302\" data-end=\"2356\">\n<p data-start=\"2304\" data-end=\"2356\">Diagnostic de niveau professionnel avec prise en charge CAN-FD<\/p>\n<\/li>\n<li data-start=\"2357\" data-end=\"2439\">\n<p data-start=\"2359\" data-end=\"2439\">Compatible avec les packs logiciels pour voitures, v\u00e9hicules \u00e9lectriques, hybrides et poids lourds via Xdiag<\/p>\n<\/li>\n<li data-start=\"2440\" data-end=\"2493\">\n<p data-start=\"2442\" data-end=\"2493\">Compact, robuste et pr\u00eat pour une utilisation quotidienne en atelier<\/p>\n<\/li>\n<\/ul>\n<p data-start=\"2500\" data-end=\"2725\">\u2705 In short, the <strong data-start=\"2516\" data-end=\"2540\">Kingbolen Ediag Plus<\/strong> is a cost-effective alternative to the ThinkDiag 2, offering full <strong data-start=\"2607\" data-end=\"2630\">Xdiag compatibility<\/strong>, stable Bluetooth performance, and advanced diagnostic features in a compact OBD2 connector.<\/p>","protected":false},"excerpt":{"rendered":"<p class=\" translation-block\">Le <strong data-start=\"141\" data-end=\"165\">Kingbolen Ediag Plus<\/strong> est un connecteur OBD2 Bluetooth compact, enti\u00e8rement compatible avec le <strong data-start=\"238\" data-end=\"256\">Xdiag software<\/strong>. Prenant en charge CAN-FD, le contr\u00f4le bidirectionnel, le codage ECU et plusieurs r\u00e9initialisations de service, il offre un diagnostic de niveau professionnel \u00e0 un prix abordable. Test\u00e9 avec Xdiag pour sa stabilit\u00e9 et sa fiabilit\u00e9, ce connecteur est id\u00e9al pour les voitures, les v\u00e9hicules \u00e9lectriques, les hybrides et les v\u00e9hicules lourds.<\/p>","protected":false},"featured_media":5150,"template":"","meta":{"_seopress_robots_primary_cat":"21","_seopress_titles_title":"KINGBOLEN Ediag Plus OBD2 Advanced Diagnostics Scanner","_seopress_titles_desc":"KINGBOLEN Ediag Plus: A Distinctive Automotive OBD2 Scanner Providing Exclusive CAN-FD Protocol Compatibility and Post-2020 GM Vehicle Support.","_seopress_robots_index":"","_kad_blocks_custom_css":"","_kad_blocks_head_custom_js":"","_kad_blocks_body_custom_js":"","_kad_blocks_footer_custom_js":"","_kad_post_transparent":"default","_kad_post_title":"","_kad_post_layout":"default","_kad_post_sidebar_id":"","_kad_post_content_style":"default","_kad_post_vertical_padding":"default","_kad_post_feature":"","_kad_post_feature_position":"","_kad_post_header":false,"_kad_post_footer":false,"iawp_total_views":957},"product_cat":[21,26],"product_tag":[],"class_list":{"0":"post-449","1":"product","2":"type-product","3":"status-publish","4":"has-post-thumbnail","6":"product_cat-connectors","7":"product_cat-xdiag","9":"first","10":"instock","11":"shipping-taxable","12":"purchasable","13":"product-type-simple","14":"entry","15":"content-bg","16":"loop-entry"},"exclude_global_add_ons":[],"addons":[],"taxonomy_info":{"product_cat":[{"value":21,"label":"Connectors"},{"value":26,"label":"xdiag"}]},"featured_image_src_large":["https:\/\/xdiag.org\/wp-content\/uploads\/2025\/09\/Xdiag_Ediag_Plus_1.jpg",600,600,false],"author_info":[],"comment_info":"","_links":{"self":[{"href":"https:\/\/xdiag.org\/fr\/wp-json\/wp\/v2\/product\/449","targetHints":{"allow":["GET"]}}],"collection":[{"href":"https:\/\/xdiag.org\/fr\/wp-json\/wp\/v2\/product"}],"about":[{"href":"https:\/\/xdiag.org\/fr\/wp-json\/wp\/v2\/types\/product"}],"wp:featuredmedia":[{"embeddable":true,"href":"https:\/\/xdiag.org\/fr\/wp-json\/wp\/v2\/media\/5150"}],"wp:attachment":[{"href":"https:\/\/xdiag.org\/fr\/wp-json\/wp\/v2\/media?parent=449"}],"wp:term":[{"taxonomy":"product_cat","embeddable":true,"href":"https:\/\/xdiag.org\/fr\/wp-json\/wp\/v2\/product_cat?post=449"},{"taxonomy":"product_tag","embeddable":true,"href":"https:\/\/xdiag.org\/fr\/wp-json\/wp\/v2\/product_tag?post=449"}],"curies":[{"name":"wp","href":"https:\/\/api.w.org\/{rel}","templated":true}]}}