{"id":451,"date":"2023-10-03T08:31:19","date_gmt":"2023-10-03T06:31:19","guid":{"rendered":"http:\/\/xdiag.org\/?post_type=product&#038;p=451"},"modified":"2026-05-01T07:17:25","modified_gmt":"2026-05-01T05:17:25","slug":"launch-dbscar-vii-connector","status":"publish","type":"product","link":"https:\/\/xdiag.org\/fr\/product\/launch-dbscar-vii-connector\/","title":{"rendered":"Launch DBScar VII DBSCAR7 Scanner OBD2 Bluetooth avec prise en charge des protocoles CAN FD et DoIP, diagnostic complet de tous les syst\u00e8mes pour X431"},"content":{"rendered":"<h1 data-start=\"166\" data-end=\"192\">Description du produit<\/h1>\n<p data-start=\"194\" data-end=\"464\" class=\" translation-block\">Le <strong data-start=\"198\" data-end=\"223\">DBScar VII (DBScar 7)<\/strong> est un connecteur de diagnostic OBD2 Bluetooth avanc\u00e9, <strong data-start=\"285\" data-end=\"338\">con\u00e7u exclusivement pour la compatibilit\u00e9 avec le logiciel Xdiag<\/strong>. Il assure une communication stable et rapide pour des diagnostics professionnels, prenant en charge les v\u00e9hicules particuliers et utilitaires.<\/p>\n<h3 data-start=\"466\" data-end=\"486\">\u2705 Caract\u00e9ristiques principales<\/h3>\n<ul data-start=\"487\" data-end=\"988\">\n<li data-start=\"487\" data-end=\"590\">\n<p data-start=\"489\" data-end=\"590\"><strong data-start=\"489\" data-end=\"528\">Adaptateur OBD2 Bluetooth professionnel<\/strong> \u2013 Connexion fiable entre le v\u00e9hicule et l\u2019appareil de diagnostic<\/p>\n<\/li>\n<li data-start=\"591\" data-end=\"703\">\n<p data-start=\"593\" data-end=\"703\"><strong data-start=\"593\" data-end=\"618\">Compatibilit\u00e9 Android<\/strong> \u2013 Prend en charge les smartphones et tablettes sous Android 7\u201313 et Android 14 (syst\u00e8mes 32 bits)<\/p>\n<\/li>\n<li data-start=\"704\" data-end=\"791\">\n<p data-start=\"706\" data-end=\"791\"><strong data-start=\"706\" data-end=\"740\">Enti\u00e8rement test\u00e9 avec le logiciel Xdiag<\/strong> \u2013 V\u00e9rifi\u00e9 pour son authenticit\u00e9 et son fonctionnement fluide<\/p>\n<\/li>\n<li data-start=\"792\" data-end=\"889\">\n<p data-start=\"794\" data-end=\"889\"><strong data-start=\"794\" data-end=\"823\">Performances rapides et stables<\/strong> \u2013 Garantit une lecture pr\u00e9cise des donn\u00e9es, l\u2019acc\u00e8s ECU et les r\u00e9initialisations de service<\/p>\n<\/li>\n<li data-start=\"890\" data-end=\"988\">\n<p data-start=\"892\" data-end=\"988\"><strong data-start=\"892\" data-end=\"921\">Prend en charge les protocoles modernes<\/strong> \u2013 ISO9141, KWP2000, J1850 VPW, J1850 PWM, CAN, UDS, CAN-FD, DOIP<\/p>\n<\/li>\n<\/ul>\n<h3 data-start=\"990\" data-end=\"1015\">\u26a0\ufe0f Avis important<\/h3>\n<p data-start=\"1016\" data-end=\"1190\">This connector <strong data-start=\"1031\" data-end=\"1077\">does not include Xdiag software or license<\/strong>.<br data-start=\"1078\" data-end=\"1081\" \/>\ud83d\udc49 You can choose and purchase your desired <strong data-start=\"1125\" data-end=\"1188\">Xdiag software package separately here: [<a href=\"https:\/\/xdiag.org\/xdiag-buy-subscription\/\">Buy Xdiag Package<\/a>]<\/strong><\/p>\n<h3 data-start=\"1192\" data-end=\"1231\">Pourquoi choisir DBScar VII (DBScar 7) ?<\/h3>\n<ul data-start=\"1232\" data-end=\"1607\">\n<li data-start=\"1232\" data-end=\"1298\">\n<p data-start=\"1234\" data-end=\"1298\">Mat\u00e9riel 100 % original \u2013 puce compl\u00e8te, aucun clone, aucune contrefa\u00e7on<\/p>\n<\/li>\n<li data-start=\"1299\" data-end=\"1359\">\n<p data-start=\"1301\" data-end=\"1359\" class=\" translation-block\">Chaque unit\u00e9 est <strong data-start=\"1315\" data-end=\"1341\">test\u00e9e avec des testeurs IO avant l\u2019exp\u00e9dition<\/strong><\/p>\n<\/li>\n<li data-start=\"1360\" data-end=\"1429\">\n<p data-start=\"1362\" data-end=\"1429\" class=\" translation-block\"><strong data-start=\"1362\" data-end=\"1399\">Performances professionnelles en atelier<\/strong> avec une fiabilit\u00e9 garantie<\/p>\n<\/li>\n<li data-start=\"1430\" data-end=\"1522\">\n<p data-start=\"1432\" data-end=\"1522\" class=\" translation-block\">Compatible avec les <strong data-start=\"1448\" data-end=\"1520\">packs logiciels Xdiag pour voitures particuli\u00e8res, v\u00e9hicules \u00e9lectriques, hybrides et poids lourds<\/strong><\/p>\n<\/li>\n<li data-start=\"1523\" data-end=\"1607\">\n<p data-start=\"1525\" data-end=\"1607\" class=\" translation-block\"><strong data-start=\"1525\" data-end=\"1551\">Protocoles \u00e9volutifs<\/strong> \u2013 prend en charge CAN FD &amp; DOIP pour les v\u00e9hicules de nouvelle g\u00e9n\u00e9ration<\/p>\n<\/li>\n<\/ul>\n<h3 data-start=\"1609\" data-end=\"1634\">\ud83d\udce6 Contenu de l\u2019emballage<\/h3>\n<ul data-start=\"1635\" data-end=\"1677\">\n<li data-start=\"1635\" data-end=\"1677\">\n<p data-start=\"1637\" data-end=\"1677\">1x Connecteur OBD2 Bluetooth DBScar VII<\/p>\n<\/li>\n<\/ul>\n<hr data-start=\"1679\" data-end=\"1682\" \/>\n<p data-start=\"1684\" data-end=\"1871\">\u2705 <strong data-start=\"1686\" data-end=\"1869\">In short, the DBScar VII is the trusted Bluetooth OBD2 connector for Xdiag software, offering professional diagnostics, modern protocol support, and reliable workshop performance.<\/strong><\/p>","protected":false},"excerpt":{"rendered":"<p class=\" translation-block\">Le <strong data-start=\"130\" data-end=\"172\">Genuine Original DBScar VII (DBScar 7)<\/strong> est un connecteur de diagnostic OBD2 Bluetooth, enti\u00e8rement flash\u00e9 et test\u00e9 sur la <strong data-start=\"247\" data-end=\"265\">Xdiag platform<\/strong> afin de garantir une authenticit\u00e9 \u00e0 100 % et des performances fiables. Veuillez noter que l\u2019appareil ne comprend aucun logiciel pr\u00e9install\u00e9 \u2013 le <strong data-start=\"390\" data-end=\"445\" data-is-only-node=\"\">pack logiciel Xdiag doit \u00eatre achet\u00e9 s\u00e9par\u00e9ment<\/strong>.<\/p>","protected":false},"featured_media":5147,"template":"","meta":{"_seopress_robots_primary_cat":"21","_seopress_titles_title":"Original Launch DBScar VII (DBScar 7)","_seopress_titles_desc":"Cucial information about the Original Launch DBScar VII, a meticulously tested product ensuring authenticity and superior performance on the Xdiag platform.","_seopress_robots_index":"","_kad_blocks_custom_css":"","_kad_blocks_head_custom_js":"","_kad_blocks_body_custom_js":"","_kad_blocks_footer_custom_js":"","_kad_post_transparent":"default","_kad_post_title":"","_kad_post_layout":"default","_kad_post_sidebar_id":"","_kad_post_content_style":"default","_kad_post_vertical_padding":"default","_kad_post_feature":"","_kad_post_feature_position":"","_kad_post_header":false,"_kad_post_footer":false,"iawp_total_views":2577},"product_cat":[21,26],"product_tag":[],"class_list":{"0":"post-451","1":"product","2":"type-product","3":"status-publish","4":"has-post-thumbnail","6":"product_cat-connectors","7":"product_cat-xdiag","9":"first","10":"instock","11":"shipping-taxable","12":"purchasable","13":"product-type-simple","14":"entry","15":"content-bg","16":"loop-entry"},"exclude_global_add_ons":[],"addons":[],"taxonomy_info":{"product_cat":[{"value":21,"label":"Connectors"},{"value":26,"label":"xdiag"}]},"featured_image_src_large":["https:\/\/xdiag.org\/wp-content\/uploads\/2025\/09\/Xdiag_Dbscar_VII_1.jpg",600,600,false],"author_info":[],"comment_info":"","_links":{"self":[{"href":"https:\/\/xdiag.org\/fr\/wp-json\/wp\/v2\/product\/451","targetHints":{"allow":["GET"]}}],"collection":[{"href":"https:\/\/xdiag.org\/fr\/wp-json\/wp\/v2\/product"}],"about":[{"href":"https:\/\/xdiag.org\/fr\/wp-json\/wp\/v2\/types\/product"}],"wp:featuredmedia":[{"embeddable":true,"href":"https:\/\/xdiag.org\/fr\/wp-json\/wp\/v2\/media\/5147"}],"wp:attachment":[{"href":"https:\/\/xdiag.org\/fr\/wp-json\/wp\/v2\/media?parent=451"}],"wp:term":[{"taxonomy":"product_cat","embeddable":true,"href":"https:\/\/xdiag.org\/fr\/wp-json\/wp\/v2\/product_cat?post=451"},{"taxonomy":"product_tag","embeddable":true,"href":"https:\/\/xdiag.org\/fr\/wp-json\/wp\/v2\/product_tag?post=451"}],"curies":[{"name":"wp","href":"https:\/\/api.w.org\/{rel}","templated":true}]}}