{"id":5232,"date":"2025-09-28T18:53:27","date_gmt":"2025-09-28T16:53:27","guid":{"rendered":"https:\/\/xdiag.org\/?post_type=product&#038;p=5232"},"modified":"2026-03-17T14:41:52","modified_gmt":"2026-03-17T13:41:52","slug":"launch-obd2-dbscar-1","status":"publish","type":"product","link":"https:\/\/xdiag.org\/fr\/product\/launch-obd2-dbscar-1\/","title":{"rendered":"Obd2 Dbscar 1 X431"},"content":{"rendered":"<p data-start=\"176\" data-end=\"449\" class=\" translation-block\">The <strong data-start=\"180\" data-end=\"210\">DBScar 1 Bluetooth Adapter<\/strong> est un connecteur OBD2 compact et professionnel d\u00e9velopp\u00e9 par Launch, enti\u00e8rement compatible avec la <strong data-start=\"303\" data-end=\"321\">Xdiag platform<\/strong>. Il se connecte facilement aux tablettes et smartphones Android, assurant un diagnostic stable, la transmission de donn\u00e9es en temps r\u00e9el et l\u2019acc\u00e8s aux calculateurs (ECU).<\/p>\n<p data-start=\"451\" data-end=\"886\">\u26ab <strong data-start=\"453\" data-end=\"479\">Connectivit\u00e9 Bluetooth<\/strong> \u2013 \u00c9quip\u00e9 de <strong data-start=\"496\" data-end=\"513\">Bluetooth 4.2<\/strong>offrant un appairage rapide, une connexion stable et une faible consommation d\u2019\u00e9nergie.<br data-start=\"584\" data-end=\"587\" \/>\ud83d\udd34 <strong data-start=\"590\" data-end=\"607\">Mat\u00e9riel uniquement<\/strong> \u2013 Inclut uniquement l\u2019adaptateur ; la licence Xdiag est achet\u00e9e s\u00e9par\u00e9ment.<br data-start=\"675\" data-end=\"678\" \/>\u26ab <strong data-start=\"680\" data-end=\"710\">Pr\u00e9-test\u00e9 pour la fiabilit\u00e9<\/strong> \u2013 Chaque DBScar 1 est test\u00e9 avant l\u2019exp\u00e9dition afin de garantir une communication sans faille.<br data-start=\"787\" data-end=\"790\" \/>\ud83d\udd34 <strong data-start=\"793\" data-end=\"817\">Conception pr\u00eate pour l\u2019atelier<\/strong> \u2013 Bo\u00eetier robuste con\u00e7u pour une utilisation quotidienne dans des environnements exigeants.<\/p>\n<h2 data-start=\"893\" data-end=\"938\">\u00a0Protocoles pris en charge et leur importance<\/h2>\n<p data-start=\"940\" data-end=\"1073\" class=\" translation-block\">The DBScar 1 prend en charge tous les <strong data-start=\"976\" data-end=\"994\">OBD2 protocols<\/strong> essentiels, garantissant une large compatibilit\u00e9 avec les voitures particuli\u00e8res et les utilitaires l\u00e9gers dans le monde entier :<\/p>\n<p data-start=\"1075\" data-end=\"1648\">\u26ab <strong data-start=\"1077\" data-end=\"1090\">ISO9141-2<\/strong> \u2013 Courant sur les v\u00e9hicules europ\u00e9ens et asiatiques plus anciens ; utilis\u00e9 pour la communication avec l\u2019ECU.<br data-start=\"1161\" data-end=\"1164\" \/>\ud83d\udd34 <strong data-start=\"1167\" data-end=\"1189\">KWP2000 (ISO14230)<\/strong> \u2013 Largement utilis\u00e9 sur les v\u00e9hicules des ann\u00e9es 2000 ; prend en charge des diagnostics ECU avanc\u00e9s.<br data-start=\"1257\" data-end=\"1260\" \/>\u26ab <strong data-start=\"1262\" data-end=\"1279\">SAE J1850 VPW<\/strong> \u2013 Principalement destin\u00e9 aux v\u00e9hicules GM sur le march\u00e9 am\u00e9ricain.<br data-start=\"1325\" data-end=\"1328\" \/>\ud83d\udd34 <strong data-start=\"1331\" data-end=\"1348\">SAE J1850 PWM<\/strong> \u2013 Utilis\u00e9 par les v\u00e9hicules Ford, notamment en Am\u00e9rique du Nord.<br data-start=\"1402\" data-end=\"1405\" \/>\u26ab <strong data-start=\"1407\" data-end=\"1425\">CAN (ISO15765)<\/strong> \u2013 Standard sur tous les v\u00e9hicules construits apr\u00e8s 2008 ; diagnostic \u00e0 haute vitesse et communication ECU.<br data-start=\"1512\" data-end=\"1515\" \/>\ud83d\udd34 <strong data-start=\"1518\" data-end=\"1555\">UDS (Unified Diagnostic Services)<\/strong> \u2013 Protocole moderne utilis\u00e9 par VW, Audi, BMW, Mercedes et bien d\u2019autres pour des fonctions avanc\u00e9es.<\/p>\n<p data-start=\"1650\" data-end=\"1787\" class=\" translation-block\">Ces protocoles garantissent que le DBScar 1 fonctionne sur les <strong data-start=\"1704\" data-end=\"1746\">European, American, and Asian vehicles<\/strong>, couvrant des millions de mod\u00e8les \u00e0 l\u2019\u00e9chelle mondiale.<\/p>\n<h2 data-start=\"1794\" data-end=\"1835\">Caract\u00e9ristiques et sp\u00e9cifications du produit<\/h2>\n<p data-start=\"1837\" data-end=\"2220\">\u26ab <strong data-start=\"1839\" data-end=\"1853\">Connexion<\/strong> \u2013 Connecteur OBD2 \u00e0 16 broches avec Micro USB pour les mises \u00e0 jour.<br data-start=\"1900\" data-end=\"1903\" \/>\ud83d\udd34 <strong data-start=\"1906\" data-end=\"1923\">Compatibilit\u00e9<\/strong> \u2013 Android 7 \u00e0 13, ainsi qu\u2019Android 14 (syst\u00e8mes 32 bits uniquement).<br data-start=\"1977\" data-end=\"1980\" \/>\u26ab <strong data-start=\"1982\" data-end=\"1998\">Alimentation \u00e9lectrique<\/strong> \u2013 Tension de fonctionnement de 9 \u00e0 15 V.<br data-start=\"2026\" data-end=\"2029\" \/>\ud83d\udd34 <strong data-start=\"2032\" data-end=\"2051\">Working Current<\/strong> \u2013 &lt; 30 mA (faible consommation d\u2019\u00e9nergie).<br data-start=\"2086\" data-end=\"2089\" \/>\u26ab <strong data-start=\"2091\" data-end=\"2109\">Operating Temp<\/strong> \u2013 \u201310 \u00b0C to 55 \u00b0C.<br data-start=\"2128\" data-end=\"2131\" \/>\ud83d\udd34 <strong data-start=\"2134\" data-end=\"2150\">Storage Temp<\/strong> \u2013 \u201320 \u00b0C to 70 \u00b0C.<br data-start=\"2169\" data-end=\"2172\" \/>\u26ab <strong data-start=\"2174\" data-end=\"2194\">Firmware Updates<\/strong> \u2013 Via Bluetooth ou USB.<\/p>\n<h2 data-start=\"2227\" data-end=\"2251\">Avis important<\/h2>\n<p data-start=\"2253\" data-end=\"2405\">This adapter does <strong data-start=\"2271\" data-end=\"2278\">not<\/strong> include Xdiag software or license.<br data-start=\"2313\" data-end=\"2316\" \/>\ud83d\udc49 You can purchase your desired <strong data-start=\"2349\" data-end=\"2366\">Xdiag package<\/strong> separately here: [<a href=\"https:\/\/xdiag.org\/xdiag-buy-subscription\/\">Buy Xdiag Package<\/a>]<\/p>\n<hr data-start=\"2407\" data-end=\"2410\" \/>\n<h2 data-start=\"2412\" data-end=\"2427\">\u2705 En bref<\/h2>\n<p data-start=\"2429\" data-end=\"2741\" class=\" translation-block\">The <strong data-start=\"2433\" data-end=\"2463\">DBScar 1 Bluetooth Adapter<\/strong> est une solution OBD2 \u00e9prouv\u00e9e et \u00e9conomique. Avec <strong data-start=\"2515\" data-end=\"2532\">Bluetooth 4.2<\/strong>, une prise en charge compl\u00e8te de <strong data-start=\"2551\" data-end=\"2600\">ISO9141, KWP2000, J1850 VPW\/PWM, CAN, and UDS<\/strong> et une int\u00e9gration fluide avec la <strong data-start=\"2636\" data-end=\"2654\">Xdiag platform<\/strong>, il constitue un choix id\u00e9al pour les ateliers et les utilisateurs avanc\u00e9s recherchant un diagnostic fiable.<\/p>","protected":false},"excerpt":{"rendered":"<p class=\" translation-block\">The <strong data-start=\"170\" data-end=\"200\">DBScar 1 Bluetooth Adapter<\/strong> est un connecteur OBD2 compact et fiable con\u00e7u pour la <strong data-start=\"259\" data-end=\"277\">Xdiag platform<\/strong>. Gr\u00e2ce au <strong data-start=\"284\" data-end=\"301\">Bluetooth 4.2<\/strong> et \u00e0 la prise en charge des principaux protocoles de diagnostic (ISO9141, KWP2000, J1850 VPW\/PWM, CAN, UDS), il garantit une communication stable, une large couverture des v\u00e9hicules et des performances de niveau professionnel.<\/p>","protected":false},"featured_media":5157,"template":"","meta":{"_seopress_robots_primary_cat":"21","_seopress_titles_title":"DBScar 1 Bluetooth OBD2 Adapter for Xdiag \u2013 Full Protocol Support, Stable Connection","_seopress_titles_desc":"DBScar 1 Bluetooth Adapter for Xdiag \u2013 a compact OBD2 connector with Bluetooth 4.2 and full protocol support (ISO9141, KWP2000, J1850, CAN, UDS). Ideal for workshops and advanced users. Reliable, tested, and ready for professional diagnostics.","_seopress_robots_index":"","_kad_blocks_custom_css":"","_kad_blocks_head_custom_js":"","_kad_blocks_body_custom_js":"","_kad_blocks_footer_custom_js":"","_kad_post_transparent":"default","_kad_post_title":"","_kad_post_layout":"default","_kad_post_sidebar_id":"","_kad_post_content_style":"default","_kad_post_vertical_padding":"default","_kad_post_feature":"","_kad_post_feature_position":"","_kad_post_header":false,"_kad_post_footer":false,"iawp_total_views":550},"product_cat":[21,26],"product_tag":[48,49,50,42,52],"class_list":{"0":"post-5232","1":"product","2":"type-product","3":"status-publish","4":"has-post-thumbnail","6":"product_cat-connectors","7":"product_cat-xdiag","8":"product_tag-dbscar","9":"product_tag-dbscar-1","10":"product_tag-launch-x431","11":"product_tag-obd2","12":"product_tag-xdiag-obd","14":"first","15":"instock","16":"shipping-taxable","17":"purchasable","18":"product-type-simple","19":"entry","20":"content-bg","21":"loop-entry"},"exclude_global_add_ons":[],"addons":[],"taxonomy_info":{"product_cat":[{"value":21,"label":"Connectors"},{"value":26,"label":"xdiag"}],"product_tag":[{"value":48,"label":"Dbscar"},{"value":49,"label":"Dbscar 1"},{"value":50,"label":"Launch X431"},{"value":42,"label":"OBD2"},{"value":52,"label":"Xdiag obd"}]},"featured_image_src_large":["https:\/\/xdiag.org\/wp-content\/uploads\/2025\/09\/Launch_Dbscar_1_2.jpg",600,600,false],"author_info":[],"comment_info":"","_links":{"self":[{"href":"https:\/\/xdiag.org\/fr\/wp-json\/wp\/v2\/product\/5232","targetHints":{"allow":["GET"]}}],"collection":[{"href":"https:\/\/xdiag.org\/fr\/wp-json\/wp\/v2\/product"}],"about":[{"href":"https:\/\/xdiag.org\/fr\/wp-json\/wp\/v2\/types\/product"}],"wp:featuredmedia":[{"embeddable":true,"href":"https:\/\/xdiag.org\/fr\/wp-json\/wp\/v2\/media\/5157"}],"wp:attachment":[{"href":"https:\/\/xdiag.org\/fr\/wp-json\/wp\/v2\/media?parent=5232"}],"wp:term":[{"taxonomy":"product_cat","embeddable":true,"href":"https:\/\/xdiag.org\/fr\/wp-json\/wp\/v2\/product_cat?post=5232"},{"taxonomy":"product_tag","embeddable":true,"href":"https:\/\/xdiag.org\/fr\/wp-json\/wp\/v2\/product_tag?post=5232"}],"curies":[{"name":"wp","href":"https:\/\/api.w.org\/{rel}","templated":true}]}}