{"id":956,"date":"2023-10-10T16:52:50","date_gmt":"2023-10-10T14:52:50","guid":{"rendered":"http:\/\/xdiag.org\/?post_type=product&#038;p=956"},"modified":"2026-04-20T00:25:33","modified_gmt":"2026-04-19T22:25:33","slug":"xdiag-x431-adapter-obd2-connector","status":"publish","type":"product","link":"https:\/\/xdiag.org\/fr\/product\/xdiag-x431-adapter-obd2-connector\/","title":{"rendered":"Adaptateur poids lourd pour connecteur OBD2"},"content":{"rendered":"<p data-start=\"126\" data-end=\"418\" class=\" translation-block\">Le <strong data-start=\"130\" data-end=\"165\">24V to 12V Diagnostic Converter<\/strong> est un outil professionnel destin\u00e9 aux ateliers travaillant avec des poids lourds, des bus, des pickups et d\u2019autres v\u00e9hicules 24V. Il convertit la tension en toute s\u00e9curit\u00e9 et adapte les protocoles de communication, permettant aux outils de diagnostic OBD2 (12V) <img role=\"img\" class=\"emoji\" alt=\"\ud83d\udd34\" src=\"https:\/\/s.w.org\/images\/core\/emoji\/17.0.2\/svg\/1f534.svg\"> de se connecter et de fonctionner parfaitement sur les syst\u00e8mes 24V.<\/p>\n<p>\ud83d\udd34 <strong>Conversion de tension pour interface de diagnostic<\/strong> \u2013 Convertit les syst\u00e8mes de v\u00e9hicules 24V en 12V pour une utilisation s\u00e9curis\u00e9e avec les \u00e9quipements de diagnostic.<\/p>\n<p>\ud83d\udd34 <strong data-start=\"555\" data-end=\"592\">Conversion du protocole de communication<\/strong> \u2013 Traduit les v\u00e9hicules poids lourds 24V <strong data-start=\"616\" data-end=\"626\">K-Line<\/strong> convertissant la communication en 12V K-Line, garantissant un diagnostic fluide.<\/p>\n<p data-start=\"690\" data-end=\"818\">\ud83d\udd34 <strong data-start=\"693\" data-end=\"721\">Indication de l\u2019entr\u00e9e de tension<\/strong> \u2013 L\u2019\u00e9cran affiche clairement <em data-start=\"752\" data-end=\"763\">entr\u00e9e 24V<\/em> avec un bouton de commutation sur\u00e9lev\u00e9 pour une reconnaissance imm\u00e9diate.<\/p>\n<p data-start=\"820\" data-end=\"941\">\ud83d\udd34 <strong data-start=\"823\" data-end=\"852\">Indication de la tension de sortie<\/strong> \u2013 Affiche <em data-start=\"861\" data-end=\"873\">sortie 12V<\/em> avec le bouton de commutation enfonc\u00e9 pour confirmer la conversion active.<\/p>\n<p data-start=\"943\" data-end=\"1074\"><strong data-start=\"946\" data-end=\"980\">\ud83d\udd34Indicateur d\u2019\u00e9tat de communication<\/strong> \u2013 Le voyant indique l\u2019\u00e9tat de communication en temps r\u00e9el entre le v\u00e9hicule et l\u2019outil de diagnostic.<\/p>\n<h3 data-start=\"1081\" data-end=\"1113\">Pourquoi choisir ce convertisseur ?<\/h3>\n<p data-start=\"1115\" data-end=\"1393\">\ud83d\udd34 \u00c9tend la compatibilit\u00e9 des outils OBD2 \u00e0 <strong data-start=\"1153\" data-end=\"1169\">v\u00e9hicules 24V<\/strong><br data-start=\"1169\" data-end=\"1172\" \/>\ud83d\udd34 Garantit <strong data-start=\"1186\" data-end=\"1224\">une conversion de tension s\u00fbre et stable<\/strong><br data-start=\"1224\" data-end=\"1227\" \/>\ud83d\udd34 Offre <strong data-start=\"1239\" data-end=\"1266\">des indicateurs visuels clairs<\/strong> pour l\u2019entr\u00e9e, la sortie et la communication<br data-start=\"1303\" data-end=\"1306\" \/>\ud83d\udd34 Id\u00e9al pour les ateliers professionnels traitant <strong data-start=\"1351\" data-end=\"1391\">voitures, pickups et camions poids lourds<\/strong><\/p>\n<p data-start=\"1400\" data-end=\"1621\" class=\" translation-block\"><strong data-start=\"1402\" data-end=\"1415\">In short:<\/strong> Le <strong data-start=\"1420\" data-end=\"1455\">24V to 12V Diagnostic Converter<\/strong> est un accessoire indispensable pour les techniciens ayant besoin de diagnostics fiables sur les <strong data-start=\"1535\" data-end=\"1558\">12V and 24V systems<\/strong>, garantissant s\u00e9curit\u00e9, compatibilit\u00e9 et communication parfaite.<\/p>","protected":false},"excerpt":{"rendered":"<p class=\" translation-block\">Le <strong data-start=\"95\" data-end=\"146\">Godiag GT106 Heavy Truck Power Module Converter<\/strong> convertit en toute s\u00e9curit\u00e9 les syst\u00e8mes 24V des poids lourds et la communication K-Line en 12V, permettant l\u2019utilisation d\u2019\u00e9quipements de diagnostic sur v\u00e9hicules lourds sans risque d\u2019endommager les outils de diagnostic 12V.<\/p>","protected":false},"featured_media":5153,"template":"","meta":{"_seopress_robots_primary_cat":"25","_seopress_titles_title":"Godiag GT106 Heavy Truck Power Module Converter","_seopress_titles_desc":"Discover the Godiag GT106 Heavy Truck Power Module Converter in seamlessly converting a truck's 24v K-Line communication protocol to a 12v K-Line.","_seopress_robots_index":"","_kad_blocks_custom_css":"","_kad_blocks_head_custom_js":"","_kad_blocks_body_custom_js":"","_kad_blocks_footer_custom_js":"","_kad_post_transparent":"default","_kad_post_title":"","_kad_post_layout":"default","_kad_post_sidebar_id":"","_kad_post_content_style":"default","_kad_post_vertical_padding":"default","_kad_post_feature":"","_kad_post_feature_position":"","_kad_post_header":false,"_kad_post_footer":false,"iawp_total_views":265},"product_cat":[25,26],"product_tag":[],"class_list":{"0":"post-956","1":"product","2":"type-product","3":"status-publish","4":"has-post-thumbnail","6":"product_cat-adapters","7":"product_cat-xdiag","9":"first","10":"instock","11":"shipping-taxable","12":"purchasable","13":"product-type-simple","14":"entry","15":"content-bg","16":"loop-entry"},"exclude_global_add_ons":[],"addons":[],"taxonomy_info":{"product_cat":[{"value":25,"label":"Adapters"},{"value":26,"label":"xdiag"}]},"featured_image_src_large":["https:\/\/xdiag.org\/wp-content\/uploads\/2025\/09\/Xdiag_Godiag-GT106_Plus_1.jpg",600,600,false],"author_info":[],"comment_info":"","_links":{"self":[{"href":"https:\/\/xdiag.org\/fr\/wp-json\/wp\/v2\/product\/956","targetHints":{"allow":["GET"]}}],"collection":[{"href":"https:\/\/xdiag.org\/fr\/wp-json\/wp\/v2\/product"}],"about":[{"href":"https:\/\/xdiag.org\/fr\/wp-json\/wp\/v2\/types\/product"}],"wp:featuredmedia":[{"embeddable":true,"href":"https:\/\/xdiag.org\/fr\/wp-json\/wp\/v2\/media\/5153"}],"wp:attachment":[{"href":"https:\/\/xdiag.org\/fr\/wp-json\/wp\/v2\/media?parent=956"}],"wp:term":[{"taxonomy":"product_cat","embeddable":true,"href":"https:\/\/xdiag.org\/fr\/wp-json\/wp\/v2\/product_cat?post=956"},{"taxonomy":"product_tag","embeddable":true,"href":"https:\/\/xdiag.org\/fr\/wp-json\/wp\/v2\/product_tag?post=956"}],"curies":[{"name":"wp","href":"https:\/\/api.w.org\/{rel}","templated":true}]}}