{"id":958,"date":"2023-10-10T17:04:05","date_gmt":"2023-10-10T15:04:05","guid":{"rendered":"http:\/\/xdiag.org\/?post_type=product&#038;p=958"},"modified":"2025-10-11T10:44:23","modified_gmt":"2025-10-11T08:44:23","slug":"launch-x-431-tire-pressure-detector","status":"publish","type":"product","link":"https:\/\/xdiag.org\/fr\/product\/launch-x-431-tire-pressure-detector\/","title":{"rendered":"Launch X431 TSGUN TPMS Tire Pressure Detector \u2013 Outil de diagnostic TPMS pour l\u2019activation, l\u2019apprentissage et la programmation des capteurs, compatible avec X431 V \/ V+ \/ PRO3S+ \/ PAD V \/ PAD II"},"content":{"rendered":"<p data-start=\"214\" data-end=\"540\" class=\" translation-block\">The <strong data-start=\"218\" data-end=\"233\">Xdiag TSGUN<\/strong> est un outil TPMS professionnel et portatif, con\u00e7u pour une int\u00e9gration transparente avec les appareils de diagnostic prenant en charge le logiciel Xdiag. Compact, portable et puissant, il offre un diagnostic TPMS complet, l\u2019activation, la programmation et l\u2019apprentissage des capteurs \u2013 le tout dans un seul appareil.<\/p>\n<p data-start=\"542\" data-end=\"641\">\ud83d\udd34 <strong data-start=\"545\" data-end=\"571\">\u00c9cran couleur de 1,77 pouce<\/strong> \u2013 \u00c9cran lumineux et clair pour une lecture facile pendant les diagnostics.<\/p>\n<p data-start=\"643\" data-end=\"740\">\ud83d\udd34 <strong data-start=\"646\" data-end=\"672\">Donn\u00e9es des pneus en temps r\u00e9el<\/strong> \u2013 Lit instantan\u00e9ment la pression des pneus, la temp\u00e9rature et l\u2019\u00e9tat de la batterie.<\/p>\n<p data-start=\"742\" data-end=\"843\">\ud83d\udd34 <strong data-start=\"745\" data-end=\"771\">Diagnostic des d\u00e9fauts TPMS<\/strong> \u2013 D\u00e9tecte et efface avec pr\u00e9cision les codes d\u00e9fauts de pression des pneus (DTC).<\/p>\n<p data-start=\"845\" data-end=\"955\">\ud83d\udd34 <strong data-start=\"848\" data-end=\"880\">Activation et appairage des capteurs<\/strong> \u2013 Active et associe les capteurs aux fr\u00e9quences 315 MHz et 433 MHz.<\/p>\n<p data-start=\"957\" data-end=\"1059\">\ud83d\udd34 <strong data-start=\"960\" data-end=\"986\">Gestion des donn\u00e9es des capteurs<\/strong> \u2013 Lit, copie et \u00e9crit rapidement les ID des capteurs pour une gestion efficace.<\/p>\n<p data-start=\"1061\" data-end=\"1173\">\ud83d\udd34 <strong data-start=\"1064\" data-end=\"1096\">Programmation illimit\u00e9e des capteurs<\/strong> \u2013 Programme des capteurs d\u00e9di\u00e9s sans aucune limitation des cycles de reprogrammation.<\/p>\n<p data-start=\"1175\" data-end=\"1287\">\ud83d\udd34 <strong data-start=\"1178\" data-end=\"1212\">Instructions d\u2019apprentissage int\u00e9gr\u00e9es<\/strong> \u2013 Simplifie les proc\u00e9dures d\u2019apprentissage des capteurs TPMS gr\u00e2ce \u00e0 des instructions \u00e9tape par \u00e9tape.<\/p>\n<p data-start=\"1289\" data-end=\"1379\">\ud83d\udd34 <strong data-start=\"1292\" data-end=\"1322\">Large couverture de v\u00e9hicules<\/strong> \u2013 Prend en charge jusqu\u2019\u00e0 98 % des v\u00e9hicules mondiaux \u00e9quip\u00e9s du TPMS.<\/p>\n<hr data-start=\"1381\" data-end=\"1384\" \/>\n<h3 data-start=\"1386\" data-end=\"1409\">Modes de programmation<\/h3>\n<ul data-start=\"1411\" data-end=\"1709\">\n<li data-start=\"1411\" data-end=\"1471\">\n<p data-start=\"1413\" data-end=\"1471\"><strong data-start=\"1413\" data-end=\"1428\">Cr\u00e9ation automatique<\/strong> \u2013 G\u00e9n\u00e8re automatiquement de nouveaux ID de capteurs.<\/p>\n<\/li>\n<li data-start=\"1472\" data-end=\"1538\">\n<p data-start=\"1474\" data-end=\"1538\"><strong data-start=\"1474\" data-end=\"1490\">Manual Input<\/strong> \u2013 Enter original or alternative IDs manually.<\/p>\n<\/li>\n<li data-start=\"1539\" data-end=\"1626\">\n<p data-start=\"1541\" data-end=\"1626\"><strong data-start=\"1541\" data-end=\"1556\">Copie via OBD<\/strong> \u2013 R\u00e9cup\u00e8re l\u2019ID du capteur directement depuis le calculateur (ECU) via une connexion OBD.<\/p>\n<\/li>\n<li data-start=\"1627\" data-end=\"1709\">\n<p data-start=\"1629\" data-end=\"1709\"><strong data-start=\"1629\" data-end=\"1651\">Copie par activation<\/strong> \u2013 Active les capteurs d\u2019origine avant de copier leurs donn\u00e9es.<\/p>\n<\/li>\n<\/ul>\n<hr data-start=\"1711\" data-end=\"1714\" \/>\n<h3 data-start=\"1716\" data-end=\"1735\">Compatibilit\u00e9<\/h3>\n<p data-start=\"1737\" data-end=\"1925\" class=\" translation-block\">The <strong data-start=\"1741\" data-end=\"1756\">Xdiag TSGUN<\/strong> est con\u00e7u pour \u00eatre utilis\u00e9 avec des appareils de diagnostic fonctionnant avec le <strong data-start=\"1809\" data-end=\"1827\">Xdiag software<\/strong>.<br data-start=\"1828\" data-end=\"1831\">\nIl prend en charge les capteurs TPMS compatibles Xdiag (315\/433 MHz), qui doivent \u00eatre achet\u00e9s s\u00e9par\u00e9ment.<\/p>\n<hr data-start=\"1927\" data-end=\"1930\" \/>\n<h3 data-start=\"1932\" data-end=\"1961\">Pourquoi choisir Xdiag TSGUN ?<\/h3>\n<p data-start=\"1963\" data-end=\"2221\">\ud83d\udd34 Design portable et adapt\u00e9 aux ateliers<br data-start=\"2003\" data-end=\"2006\" \/>\ud83d\udd34 Diagnostic TPMS complet, de la lecture \u00e0 la programmation<br data-start=\"2059\" data-end=\"2062\" \/>\ud83d\udd34 Prend en charge les fr\u00e9quences 315 et 433 MHz<br data-start=\"2099\" data-end=\"2102\" \/>\ud83d\udd34 Large couverture mondiale des v\u00e9hicules (voitures, SUV, utilitaires l\u00e9gers)<br data-start=\"2160\" data-end=\"2163\" \/>\ud83d\udd34 Test\u00e9 et v\u00e9rifi\u00e9 pour des performances stables avec Xdiag<\/p>\n<hr data-start=\"2223\" data-end=\"2226\" \/>\n<p data-start=\"2228\" data-end=\"2482\">\u2705 <strong data-start=\"2230\" data-end=\"2243\">In short:<\/strong> The <strong data-start=\"2248\" data-end=\"2263\">Xdiag TSGUN<\/strong> is an essential tool for workshops and professionals looking to streamline TPMS service. From diagnosing faults to programming and learning new sensors, it offers a reliable, cost-effective, and time-saving solution.<\/p>","protected":false},"excerpt":{"rendered":"<p class=\" translation-block\">The <strong data-start=\"95\" data-end=\"110\">Xdiag TSGUN<\/strong> est un module TPMS professionnel combinant l\u2019activation, la lecture, la programmation et l\u2019apprentissage des capteurs dans un seul appareil. Compact, portable et \u00e9conomique, il lit les donn\u00e9es cl\u00e9s des pneus telles que la pression et la temp\u00e9rature, et \u00e9tend parfaitement les capacit\u00e9s de diagnostic des outils Xdiag.<\/p>","protected":false},"featured_media":5177,"template":"","meta":{"_seopress_robots_primary_cat":"23","_seopress_titles_title":"TPMS & X-431 TSGUN Advanced Module for Tire Data Managing","_seopress_titles_desc":"The X-431 TSGUN: A Robust TPMS Module Seamlessly Integrating Sensor Functionalities and Tire Data Gathering. Delivering Portability, Cost-Efficiency, and More.","_seopress_robots_index":"","_kad_blocks_custom_css":"","_kad_blocks_head_custom_js":"","_kad_blocks_body_custom_js":"","_kad_blocks_footer_custom_js":"","_kad_post_transparent":"default","_kad_post_title":"","_kad_post_layout":"default","_kad_post_sidebar_id":"","_kad_post_content_style":"default","_kad_post_vertical_padding":"default","_kad_post_feature":"","_kad_post_feature_position":"","_kad_post_header":false,"_kad_post_footer":false,"iawp_total_views":186},"product_cat":[25,21,26],"product_tag":[],"class_list":{"0":"post-958","1":"product","2":"type-product","3":"status-publish","4":"has-post-thumbnail","6":"product_cat-adapters","7":"product_cat-connectors","8":"product_cat-xdiag","10":"first","11":"instock","12":"shipping-taxable","13":"purchasable","14":"product-type-simple","15":"entry","16":"content-bg","17":"loop-entry"},"exclude_global_add_ons":[],"addons":[],"taxonomy_info":{"product_cat":[{"value":25,"label":"Adapters"},{"value":21,"label":"Connectors"},{"value":26,"label":"xdiag"}]},"featured_image_src_large":["https:\/\/xdiag.org\/wp-content\/uploads\/2025\/09\/Xdiag_Launch_X431_TPMS_1.jpg",600,600,false],"author_info":[],"comment_info":"","_links":{"self":[{"href":"https:\/\/xdiag.org\/fr\/wp-json\/wp\/v2\/product\/958","targetHints":{"allow":["GET"]}}],"collection":[{"href":"https:\/\/xdiag.org\/fr\/wp-json\/wp\/v2\/product"}],"about":[{"href":"https:\/\/xdiag.org\/fr\/wp-json\/wp\/v2\/types\/product"}],"wp:featuredmedia":[{"embeddable":true,"href":"https:\/\/xdiag.org\/fr\/wp-json\/wp\/v2\/media\/5177"}],"wp:attachment":[{"href":"https:\/\/xdiag.org\/fr\/wp-json\/wp\/v2\/media?parent=958"}],"wp:term":[{"taxonomy":"product_cat","embeddable":true,"href":"https:\/\/xdiag.org\/fr\/wp-json\/wp\/v2\/product_cat?post=958"},{"taxonomy":"product_tag","embeddable":true,"href":"https:\/\/xdiag.org\/fr\/wp-json\/wp\/v2\/product_tag?post=958"}],"curies":[{"name":"wp","href":"https:\/\/api.w.org\/{rel}","templated":true}]}}