{"id":4891,"date":"2025-09-16T16:58:41","date_gmt":"2025-09-16T14:58:41","guid":{"rendered":"https:\/\/xdiag.org\/?page_id=4891"},"modified":"2025-09-16T17:06:32","modified_gmt":"2025-09-16T15:06:32","slug":"complete-guide-to-flashing-the-dbscar-7-adapter-to-x-diag-pro","status":"publish","type":"page","link":"https:\/\/xdiag.org\/pl\/xdiag-tips\/complete-guide-to-flashing-the-dbscar-7-adapter-to-x-diag-pro\/","title":{"rendered":"Kompletny przewodnik po flashowaniu adaptera DBScar 7 do X-Diag Pro"},"content":{"rendered":"<style>.kb-row-layout-id4891_1d82b5-9b > .kt-row-column-wrap{align-content:start;}:where(.kb-row-layout-id4891_1d82b5-9b > .kt-row-column-wrap) > .wp-block-kadence-column{justify-content:start;}.kb-row-layout-id4891_1d82b5-9b > .kt-row-column-wrap{column-gap:var(--global-kb-gap-md, 2rem);row-gap:var(--global-kb-gap-md, 2rem);max-width:800px;margin-left:auto;margin-right:auto;padding-top:var(--global-kb-spacing-sm, 1.5rem);padding-bottom:var(--global-kb-spacing-sm, 1.5rem);grid-template-columns:minmax(0, 1fr);}.kb-row-layout-id4891_1d82b5-9b > .kt-row-layout-overlay{opacity:0.30;}@media all and (max-width: 1024px){.kb-row-layout-id4891_1d82b5-9b > .kt-row-column-wrap{grid-template-columns:minmax(0, 1fr);}}@media all and (max-width: 767px){.kb-row-layout-id4891_1d82b5-9b > .kt-row-column-wrap{grid-template-columns:minmax(0, 1fr);}}<\/style><div class=\"kb-row-layout-wrap kb-row-layout-id4891_1d82b5-9b alignfull wp-block-kadence-rowlayout\"><div class=\"kt-row-column-wrap kt-has-1-columns kt-row-layout-equal kt-tab-layout-inherit kt-mobile-layout-row kt-row-valign-top\">\n<style>.kadence-column4891_731a37-e6 > .kt-inside-inner-col,.kadence-column4891_731a37-e6 > .kt-inside-inner-col:before{border-top-left-radius:0px;border-top-right-radius:0px;border-bottom-right-radius:0px;border-bottom-left-radius:0px;}.kadence-column4891_731a37-e6 > .kt-inside-inner-col{column-gap:var(--global-kb-gap-sm, 1rem);}.kadence-column4891_731a37-e6 > .kt-inside-inner-col{flex-direction:column;}.kadence-column4891_731a37-e6 > .kt-inside-inner-col > .aligncenter{width:100%;}.kadence-column4891_731a37-e6 > .kt-inside-inner-col:before{opacity:0.3;}.kadence-column4891_731a37-e6{position:relative;}@media all and (max-width: 1024px){.kadence-column4891_731a37-e6 > .kt-inside-inner-col{flex-direction:column;justify-content:center;}}@media all and (max-width: 767px){.kadence-column4891_731a37-e6 > .kt-inside-inner-col{flex-direction:column;justify-content:center;}}<\/style>\n<div class=\"wp-block-kadence-column kadence-column4891_731a37-e6\"><div class=\"kt-inside-inner-col\"><style>.wp-block-kadence-advancedheading.kt-adv-heading4891_fabfbc-37, .wp-block-kadence-advancedheading.kt-adv-heading4891_fabfbc-37[data-kb-block=\"kb-adv-heading4891_fabfbc-37\"]{font-style:normal;}.wp-block-kadence-advancedheading.kt-adv-heading4891_fabfbc-37 mark.kt-highlight, .wp-block-kadence-advancedheading.kt-adv-heading4891_fabfbc-37[data-kb-block=\"kb-adv-heading4891_fabfbc-37\"] mark.kt-highlight{font-style:normal;color:#f76a0c;-webkit-box-decoration-break:clone;box-decoration-break:clone;}.wp-block-kadence-advancedheading.kt-adv-heading4891_fabfbc-37 img.kb-inline-image, .wp-block-kadence-advancedheading.kt-adv-heading4891_fabfbc-37[data-kb-block=\"kb-adv-heading4891_fabfbc-37\"] img.kb-inline-image{width:150px;vertical-align:baseline;padding-top:0px;padding-right:0px;padding-bottom:0px;padding-left:0px;}<\/style>\n<h1 class=\"kt-adv-heading4891_fabfbc-37 wp-block-kadence-advancedheading\" data-kb-block=\"kb-adv-heading4891_fabfbc-37\"><strong>Kompletny przewodnik po flashowaniu adaptera DBScar 7 do X-Diag Pro<\/strong><\/h1>\n\n<p>Flashowanie adaptera DBScar 7 nie jest prostym \u201eklikni\u0119ciem\u201d w telefonie. W tym modelu urz\u0105dzenie musi zosta\u0107 fizycznie otwarte, pod\u0142\u0105czone do programatora, a oprogramowanie musi zosta\u0107 wgrane za pomoc\u0105 komputera. Dlatego zachowanie ostro\u017cno\u015bci jest kluczowe \u2014 ka\u017cdy b\u0142\u0105d w trakcie procesu mo\u017ce trwale uszkodzi\u0107 adapter.<\/p>\n\n<p><strong>Otwieranie obudowy<\/strong><\/p>\n\n<p>DBScar 7 znajduje si\u0119 w solidnej plastikowej obudowie po\u0142\u0105czonej zatrzaskami. Do jej otwarcia najlepiej u\u017cy\u0107 plastikowego narz\u0119dzia do podwa\u017cania (np. do demonta\u017cu telefon\u00f3w) lub cienkiej plastikowej d\u017awigni. Mo\u017cna r\u00f3wnie\u017c u\u017cy\u0107 \u015brubokr\u0119ta, jednak cz\u0119sto pozostawia on uszkodzenia, dlatego nale\u017cy tego unika\u0107. Najpierw zdejmij gumow\u0105 os\u0142on\u0119, je\u015bli jest obecna. Nast\u0119pnie zlokalizuj szczelin\u0119 biegn\u0105c\u0105 przez \u015brodek obudowy. W tym miejscu znajduj\u0105 si\u0119 ma\u0142e, ukryte zatrzaski, kt\u00f3re \u0142\u0105cz\u0105 g\u00f3rn\u0105 i doln\u0105 cz\u0119\u015b\u0107. Ostro\u017cnie wsu\u0144 narz\u0119dzie w szczelin\u0119 pomi\u0119dzy plastikowe elementy i delikatnie je rozdziel. Najlepiej rozpocz\u0105\u0107 od strony przeciwnej do z\u0142\u0105cza OBD i porusza\u0107 si\u0119 wok\u00f3\u0142 obudowy, a\u017c wszystkie zatrzaski zostan\u0105 zwolnione. Nie spiesz si\u0119 \u2014 je\u015bli zatrzask si\u0119 z\u0142amie, obudowa nie zamknie si\u0119 p\u00f3\u017aniej prawid\u0142owo. Po otwarciu zobaczysz p\u0142ytk\u0119 drukowan\u0105 (PCB) z jej komponentami. Znajduje si\u0119 na niej mikrokontroler STM32, obok kt\u00f3rego umieszczone s\u0105 punkty testowe przeznaczone do programowania.<\/p>\n\n<style>.kb-image4891_13eb78-af.kb-image-is-ratio-size, .kb-image4891_13eb78-af .kb-image-is-ratio-size{max-width:787px;width:100%;}.wp-block-kadence-column > .kt-inside-inner-col > .kb-image4891_13eb78-af.kb-image-is-ratio-size, .wp-block-kadence-column > .kt-inside-inner-col > .kb-image4891_13eb78-af .kb-image-is-ratio-size{align-self:unset;}.kb-image4891_13eb78-af{max-width:787px;}.image-is-svg.kb-image4891_13eb78-af{-webkit-flex:0 1 100%;flex:0 1 100%;}.image-is-svg.kb-image4891_13eb78-af img{width:100%;}.kb-image4891_13eb78-af .kb-image-has-overlay:after{opacity:0.3;}<\/style>\n<figure class=\"wp-block-kadence-image kb-image4891_13eb78-af size-large\"><img loading=\"lazy\" decoding=\"async\" width=\"1024\" height=\"640\" src=\"https:\/\/xdiag.org\/wp-content\/uploads\/2025\/09\/awifjaiowfjawiojfawf-1024x640.png\" alt=\"\" class=\"kb-img wp-image-4839\" srcset=\"https:\/\/xdiag.org\/wp-content\/uploads\/2025\/09\/awifjaiowfjawiojfawf-1024x640.png 1024w, https:\/\/xdiag.org\/wp-content\/uploads\/2025\/09\/awifjaiowfjawiojfawf-300x188.png 300w, https:\/\/xdiag.org\/wp-content\/uploads\/2025\/09\/awifjaiowfjawiojfawf-768x480.png 768w, https:\/\/xdiag.org\/wp-content\/uploads\/2025\/09\/awifjaiowfjawiojfawf.png 1430w\" sizes=\"auto, (max-width: 1024px) 100vw, 1024px\" \/><\/figure>\n\n<p><strong>Identyfikacja i pod\u0142\u0105czenie pin\u00f3w programatora<\/strong><\/p>\n\n<p>Na p\u0142ytce PCB zauwa\u017cysz ma\u0142e metalowe pady. S\u0105 to piny programuj\u0105ce: GND, 3,3 V, SWDIO oraz SWCLK. Niekt\u00f3re adaptery maj\u0105 obok nich nadrukowane oznaczenia; je\u015bli ich nie ma, u\u017cyj diagramu pin\u00f3w dla DBScar 7.<\/p>\n\n<p>Do po\u0142\u0105czenia u\u017cyj programatora takiego jak ST-LINK V2 (najcz\u0119\u015bciej stosowany) lub J-Link. Programator posiada te same cztery piny. Po\u0142\u0105czenie jest bezpo\u015brednie, \u201epin do pinu\u201d:<\/p>\n\n<p>GND \u2192 GND<\/p>\n\n<p>3.3V \u2192 3.3V<\/p>\n\n<p>SWDIO \u2192 SWDIO<\/p>\n\n<p>SWCLK \u2192 SWCLK<\/p>\n\n<p>Je\u015bli nie masz lutownicy, mo\u017cesz u\u017cy\u0107 krokodylk\u00f3w lub pin\u00f3w pogo. Najbardziej niezawodn\u0105 metod\u0105 jest jednak przylutowanie cienkich przewod\u00f3w do punkt\u00f3w testowych na czas flashowania, a nast\u0119pnie ich usuni\u0119cie. Przed pod\u0142\u0105czeniem dok\u0142adnie sprawd\u017a uk\u0142ad \u2014 nieprawid\u0142owe okablowanie mo\u017ce trwale uszkodzi\u0107 uk\u0142ad scalony.<\/p>\n\n<p><strong>Uruchomienie programatora i wgrywanie oprogramowania<\/strong><\/p>\n\n<p>Po pod\u0142\u0105czeniu adaptera do ST-LINK pod\u0142\u0105cz programator do portu USB komputera. Nast\u0119pnie uruchom oprogramowanie STM32 ST-LINK Utility. Je\u015bli wszystko jest poprawnie pod\u0142\u0105czone, program natychmiast wykryje mikrokontroler znajduj\u0105cy si\u0119 w DBScar 7.<\/p>\n\n<style>.kb-image4891_53b952-e2 .kb-image-has-overlay:after{opacity:0.3;}<\/style>\n<figure class=\"wp-block-kadence-image kb-image4891_53b952-e2 size-large\"><img loading=\"lazy\" decoding=\"async\" width=\"1024\" height=\"640\" src=\"https:\/\/xdiag.org\/wp-content\/uploads\/2025\/09\/awfioajwfioawjfawf-1024x640.png\" alt=\"\" class=\"kb-img wp-image-4840\" srcset=\"https:\/\/xdiag.org\/wp-content\/uploads\/2025\/09\/awfioajwfioawjfawf-1024x640.png 1024w, https:\/\/xdiag.org\/wp-content\/uploads\/2025\/09\/awfioajwfioawjfawf-300x188.png 300w, https:\/\/xdiag.org\/wp-content\/uploads\/2025\/09\/awfioajwfioawjfawf-768x480.png 768w, https:\/\/xdiag.org\/wp-content\/uploads\/2025\/09\/awfioajwfioawjfawf.png 1430w\" sizes=\"auto, (max-width: 1024px) 100vw, 1024px\" \/><\/figure>\n\n<p>W oprogramowaniu wybierz opcj\u0119 otwarcia pliku firmware. Plik ten musi by\u0107 przeznaczony specjalnie dla DBScar 7 i zazwyczaj ma rozszerzenie .bin. Po jego za\u0142adowaniu kliknij \u201eProgram\u201d lub \u201eWrite\u201d. Proces wgrywania oprogramowania rozpocznie si\u0119 i zwykle trwa mniej ni\u017c minut\u0119. Najwa\u017cniejsze jest, aby nie przerywa\u0107 po\u0142\u0105czenia \u2014 nie poruszaj przewodami, nie od\u0142\u0105czaj USB ani nie wy\u0142\u0105czaj komputera. Gdy program zako\u0144czy prac\u0119 i wy\u015bwietli komunikat potwierdzaj\u0105cy pomy\u015blne zaprogramowanie, proces flashowania zostanie zako\u0144czony.<\/p>\n\n<p><strong>Zamkni\u0119cie adaptera i weryfikacja<\/strong><\/p>\n\n<p>Od\u0142\u0105cz przewody od p\u0142ytki PCB. Je\u015bli by\u0142y lutowane, oczy\u015b\u0107 pady i usu\u0144 nadmiar cyny. Ostro\u017cnie umie\u015b\u0107 p\u0142ytk\u0119 z powrotem w obudowie i z\u0142\u00f3\u017c adapter w odwrotnej kolejno\u015bci ni\u017c podczas demonta\u017cu. Gdy wszystkie zatrzaski wskocz\u0105 na swoje miejsce, adapter jest gotowy do u\u017cycia.<\/p>\n\n<p>W\u0142\u00f3\u017c adapter do gniazda OBD pojazdu i uruchom aplikacj\u0119 X-Diag PRO na telefonie. Zaloguj si\u0119 na swoje konto, w\u0142\u0105cz Bluetooth i wyszukaj adapter. Je\u015bli pojawi si\u0119 pro\u015bba o kod parowania, wprowad\u017a 1234 lub 0000. Po po\u0142\u0105czeniu sprawd\u017a, czy adapter jest rozpoznawany jako X-Diag PRO. Na koniec wykonaj diagnostyk\u0119 pojazdu, aby potwierdzi\u0107 prawid\u0142owe dzia\u0142anie.<\/p>\n\n<p><strong>Je\u015bli co\u015b p\u00f3jdzie nie tak<\/strong><\/p>\n\n<p>Mo\u017ce si\u0119 zdarzy\u0107, \u017ce programator nie wykryje mikrokontrolera. W takim przypadku sprawd\u017a po\u0142\u0105czenia i spr\u00f3buj ponownie. Je\u015bli proces flashowania zostanie przerwany w po\u0142owie, nie panikuj \u2014 po prostu powt\u00f3rz procedur\u0119. Je\u015bli adapter po flashowaniu nie wykazuje \u017cadnych oznak dzia\u0142ania, najcz\u0119stsz\u0105 przyczyn\u0105 jest nieprawid\u0142owy plik firmware. W takim przypadku nale\u017cy uzyska\u0107 w\u0142a\u015bciwy plik .bin dla DBScar 7 i ponownie go zaprogramowa\u0107.<\/p>\n\n<p>Wa\u017cna uwaga: Zawsze u\u017cywaj wy\u0142\u0105cznie oprogramowania firmware przeznaczonego specjalnie dla DBScar 7. Pr\u00f3ba flashowania urz\u0105dzenia niekompatybilnymi plikami (np. firmware DBScar 5) mo\u017ce spowodowa\u0107 nieodwracalne uszkodzenia.<\/p><\/div><\/div>\n<\/div><\/div>","protected":false},"excerpt":{"rendered":"<p>COMPLETE GUIDE TO FLASHING THE DBSCAR 7 ADAPTER TO X-DIAG PRO Flashing the DBScar 7 adapter is not just a simple \u201cclick\u201d on a phone. With this model, the device must be physically opened, connected to a programmer, and the firmware uploaded via a computer. This is why careful handling is essential\u2014any mistake in the&#8230;<\/p>","protected":false},"author":1,"featured_media":0,"parent":4849,"menu_order":0,"comment_status":"closed","ping_status":"closed","template":"","meta":{"_seopress_robots_primary_cat":"","_seopress_titles_title":"Guide on how to flash Dbscar7 adapter to x-diag pro | XDIAG","_seopress_titles_desc":"How to flash dbscar8 adapter to x-diag pro!","_seopress_robots_index":"","_kad_blocks_custom_css":"","_kad_blocks_head_custom_js":"","_kad_blocks_body_custom_js":"","_kad_blocks_footer_custom_js":"","_kad_post_transparent":"","_kad_post_title":"","_kad_post_layout":"","_kad_post_sidebar_id":"","_kad_post_content_style":"","_kad_post_vertical_padding":"","_kad_post_feature":"","_kad_post_feature_position":"","_kad_post_header":false,"_kad_post_footer":false,"iawp_total_views":438,"footnotes":""},"class_list":["post-4891","page","type-page","status-publish","hentry"],"taxonomy_info":[],"featured_image_src_large":false,"author_info":{"display_name":"xpro5","author_link":"https:\/\/xdiag.org\/pl\/author\/xpro5\/"},"comment_info":0,"_links":{"self":[{"href":"https:\/\/xdiag.org\/pl\/wp-json\/wp\/v2\/pages\/4891","targetHints":{"allow":["GET"]}}],"collection":[{"href":"https:\/\/xdiag.org\/pl\/wp-json\/wp\/v2\/pages"}],"about":[{"href":"https:\/\/xdiag.org\/pl\/wp-json\/wp\/v2\/types\/page"}],"author":[{"embeddable":true,"href":"https:\/\/xdiag.org\/pl\/wp-json\/wp\/v2\/users\/1"}],"replies":[{"embeddable":true,"href":"https:\/\/xdiag.org\/pl\/wp-json\/wp\/v2\/comments?post=4891"}],"version-history":[{"count":1,"href":"https:\/\/xdiag.org\/pl\/wp-json\/wp\/v2\/pages\/4891\/revisions"}],"predecessor-version":[{"id":4895,"href":"https:\/\/xdiag.org\/pl\/wp-json\/wp\/v2\/pages\/4891\/revisions\/4895"}],"up":[{"embeddable":true,"href":"https:\/\/xdiag.org\/pl\/wp-json\/wp\/v2\/pages\/4849"}],"wp:attachment":[{"href":"https:\/\/xdiag.org\/pl\/wp-json\/wp\/v2\/media?parent=4891"}],"curies":[{"name":"wp","href":"https:\/\/api.w.org\/{rel}","templated":true}]}}