{"id":4902,"date":"2025-09-16T17:08:20","date_gmt":"2025-09-16T15:08:20","guid":{"rendered":"https:\/\/xdiag.org\/?page_id=4902"},"modified":"2025-09-16T17:08:48","modified_gmt":"2025-09-16T15:08:48","slug":"complete-guide-to-flashing-the-mucar-adapter-to-x-diag-pro","status":"publish","type":"page","link":"https:\/\/xdiag.org\/pl\/xdiag-tips\/complete-guide-to-flashing-the-mucar-adapter-to-x-diag-pro\/","title":{"rendered":"Kompletny przewodnik po flashowaniu adaptera MUCAR do X-Diag Pro"},"content":{"rendered":"<style>.kb-row-layout-id4902_d3c495-99 > .kt-row-column-wrap{align-content:start;}:where(.kb-row-layout-id4902_d3c495-99 > .kt-row-column-wrap) > .wp-block-kadence-column{justify-content:start;}.kb-row-layout-id4902_d3c495-99 > .kt-row-column-wrap{column-gap:var(--global-kb-gap-md, 2rem);row-gap:var(--global-kb-gap-md, 2rem);max-width:800px;margin-left:auto;margin-right:auto;padding-top:var(--global-kb-spacing-sm, 1.5rem);padding-bottom:var(--global-kb-spacing-sm, 1.5rem);grid-template-columns:minmax(0, 1fr);}.kb-row-layout-id4902_d3c495-99 > .kt-row-layout-overlay{opacity:0.30;}@media all and (max-width: 1024px){.kb-row-layout-id4902_d3c495-99 > .kt-row-column-wrap{grid-template-columns:minmax(0, 1fr);}}@media all and (max-width: 767px){.kb-row-layout-id4902_d3c495-99 > .kt-row-column-wrap{grid-template-columns:minmax(0, 1fr);}}<\/style><div class=\"kb-row-layout-wrap kb-row-layout-id4902_d3c495-99 alignfull wp-block-kadence-rowlayout\"><div class=\"kt-row-column-wrap kt-has-1-columns kt-row-layout-equal kt-tab-layout-inherit kt-mobile-layout-row kt-row-valign-top\">\n<style>.kadence-column4902_dab8cd-be > .kt-inside-inner-col,.kadence-column4902_dab8cd-be > .kt-inside-inner-col:before{border-top-left-radius:0px;border-top-right-radius:0px;border-bottom-right-radius:0px;border-bottom-left-radius:0px;}.kadence-column4902_dab8cd-be > .kt-inside-inner-col{column-gap:var(--global-kb-gap-sm, 1rem);}.kadence-column4902_dab8cd-be > .kt-inside-inner-col{flex-direction:column;}.kadence-column4902_dab8cd-be > .kt-inside-inner-col > .aligncenter{width:100%;}.kadence-column4902_dab8cd-be > .kt-inside-inner-col:before{opacity:0.3;}.kadence-column4902_dab8cd-be{position:relative;}@media all and (max-width: 1024px){.kadence-column4902_dab8cd-be > .kt-inside-inner-col{flex-direction:column;justify-content:center;}}@media all and (max-width: 767px){.kadence-column4902_dab8cd-be > .kt-inside-inner-col{flex-direction:column;justify-content:center;}}<\/style>\n<div class=\"wp-block-kadence-column kadence-column4902_dab8cd-be\"><div class=\"kt-inside-inner-col\"><style>.wp-block-kadence-advancedheading.kt-adv-heading4902_b2eb24-90, .wp-block-kadence-advancedheading.kt-adv-heading4902_b2eb24-90[data-kb-block=\"kb-adv-heading4902_b2eb24-90\"]{font-style:normal;}.wp-block-kadence-advancedheading.kt-adv-heading4902_b2eb24-90 mark.kt-highlight, .wp-block-kadence-advancedheading.kt-adv-heading4902_b2eb24-90[data-kb-block=\"kb-adv-heading4902_b2eb24-90\"] mark.kt-highlight{font-style:normal;color:#f76a0c;-webkit-box-decoration-break:clone;box-decoration-break:clone;}.wp-block-kadence-advancedheading.kt-adv-heading4902_b2eb24-90 img.kb-inline-image, .wp-block-kadence-advancedheading.kt-adv-heading4902_b2eb24-90[data-kb-block=\"kb-adv-heading4902_b2eb24-90\"] img.kb-inline-image{width:150px;vertical-align:baseline;padding-top:0px;padding-right:0px;padding-bottom:0px;padding-left:0px;}<\/style>\n<h1 class=\"kt-adv-heading4902_b2eb24-90 wp-block-kadence-advancedheading\" data-kb-block=\"kb-adv-heading4902_b2eb24-90\"><strong><strong>Kompletny przewodnik po flashowaniu adaptera MUCAR do X-Diag Pro<\/strong><\/strong><\/h1>\n\n<p>Adapter MuCar to urz\u0105dzenie OBD wykorzystywane do diagnostyki profesjonalnej. Flashowanie jest wykonywane w celu aktualizacji oprogramowania, naprawy problem\u00f3w operacyjnych lub migracji adaptera do platform takich jak X-Diag PRO. W przypadku zaawansowanych wersji firmware mo\u017ce by\u0107 wymagane fizyczne po\u0142\u0105czenie z programatorem (ST-LINK V2 lub J-Link).<\/p>\n\n<p><strong>Otwieranie obudowy<\/strong><\/p>\n\n<p>DBScar 7 znajduje si\u0119 w solidnej plastikowej obudowie po\u0142\u0105czonej zatrzaskami. Do jej otwarcia najlepiej u\u017cy\u0107 plastikowego narz\u0119dzia do podwa\u017cania (np. do demonta\u017cu telefon\u00f3w) lub cienkiej plastikowej d\u017awigni. Mo\u017cna r\u00f3wnie\u017c u\u017cy\u0107 \u015brubokr\u0119ta, jednak cz\u0119sto pozostawia on uszkodzenia, dlatego nale\u017cy tego unika\u0107. Najpierw zdejmij gumow\u0105 os\u0142on\u0119, je\u015bli jest obecna. Nast\u0119pnie zlokalizuj szczelin\u0119 biegn\u0105c\u0105 przez \u015brodek obudowy. W tym miejscu znajduj\u0105 si\u0119 ma\u0142e, ukryte zatrzaski, kt\u00f3re \u0142\u0105cz\u0105 g\u00f3rn\u0105 i doln\u0105 cz\u0119\u015b\u0107. Ostro\u017cnie wsu\u0144 narz\u0119dzie w szczelin\u0119 pomi\u0119dzy plastikowe elementy i delikatnie je rozdziel. Najlepiej rozpocz\u0105\u0107 od strony przeciwnej do z\u0142\u0105cza OBD i porusza\u0107 si\u0119 wok\u00f3\u0142 obudowy, a\u017c wszystkie zatrzaski zostan\u0105 zwolnione. Nie spiesz si\u0119 \u2014 je\u015bli zatrzask si\u0119 z\u0142amie, obudowa nie zamknie si\u0119 p\u00f3\u017aniej prawid\u0142owo. Po otwarciu zobaczysz p\u0142ytk\u0119 drukowan\u0105 (PCB) z jej komponentami. Znajduje si\u0119 na niej mikrokontroler STM32, obok kt\u00f3rego umieszczone s\u0105 punkty testowe przeznaczone do programowania.<\/p>\n\n<style>.kb-image4902_628e03-26.kb-image-is-ratio-size, .kb-image4902_628e03-26 .kb-image-is-ratio-size{max-width:787px;width:100%;}.wp-block-kadence-column > .kt-inside-inner-col > .kb-image4902_628e03-26.kb-image-is-ratio-size, .wp-block-kadence-column > .kt-inside-inner-col > .kb-image4902_628e03-26 .kb-image-is-ratio-size{align-self:unset;}.kb-image4902_628e03-26{max-width:787px;}.image-is-svg.kb-image4902_628e03-26{-webkit-flex:0 1 100%;flex:0 1 100%;}.image-is-svg.kb-image4902_628e03-26 img{width:100%;}.kb-image4902_628e03-26 .kb-image-has-overlay:after{opacity:0.3;}<\/style>\n<figure class=\"wp-block-kadence-image kb-image4902_628e03-26 size-full\"><img loading=\"lazy\" decoding=\"async\" width=\"400\" height=\"400\" src=\"https:\/\/xdiag.org\/wp-content\/uploads\/2025\/09\/ioawjfoiajfoiawjfaf.jpg\" alt=\"\" class=\"kb-img wp-image-4905\" srcset=\"https:\/\/xdiag.org\/wp-content\/uploads\/2025\/09\/ioawjfoiajfoiawjfaf.jpg 400w, https:\/\/xdiag.org\/wp-content\/uploads\/2025\/09\/ioawjfoiajfoiawjfaf-300x300.jpg 300w, https:\/\/xdiag.org\/wp-content\/uploads\/2025\/09\/ioawjfoiajfoiawjfaf-150x150.jpg 150w, https:\/\/xdiag.org\/wp-content\/uploads\/2025\/09\/ioawjfoiajfoiawjfaf-100x100.jpg 100w\" sizes=\"auto, (max-width: 400px) 100vw, 400px\" \/><\/figure>\n\n<p><strong>Przygotowanie<\/strong><\/p>\n\n<p>Przed rozpocz\u0119ciem przygotuj nast\u0119puj\u0105ce elementy:<\/p>\n\n<ul class=\"wp-block-list\"><li>Urz\u0105dzenie z systemem Android lub komputer<\/li>\n\n<li>Adapter MuCar<\/li>\n\n<li>Prawid\u0142owy plik firmware dla Twojego modelu MuCar (zwykle .bin)<\/li>\n\n<li>Programator ST-LINK V2 lub J-Link do zaawansowanego flashowania<\/li>\n\n<li>Lutownica, cienkie przewody lub ma\u0142e krokodylki do pod\u0142\u0105czenia do PCB<\/li>\n\n<li>Stabilne zasilanie adaptera (akumulator pojazdu lub programator USB)<\/li><\/ul>\n\n<p>Upewnij si\u0119, \u017ce telefon lub komputer ma wystarczaj\u0105cy poziom baterii i wy\u0142\u0105cz pobliskie urz\u0105dzenia Bluetooth, je\u015bli korzystasz z po\u0142\u0105czenia bezprzewodowego.<\/p>\n\n<p><strong>Otwieranie obudowy<\/strong><\/p>\n\n<p>Adapter MuCar ma plastikow\u0105 obudow\u0119 po\u0142\u0105czon\u0105 zatrzaskami. Do otwarcia u\u017cyj cienkiego plastikowego narz\u0119dzia do podwa\u017cania lub narz\u0119dzia do otwierania telefon\u00f3w.<\/p>\n\n<p>Usu\u0144 gumow\u0105 os\u0142on\u0119 ochronn\u0105, je\u015bli jest obecna.<\/p>\n\n<p>W\u0142\u00f3\u017c narz\u0119dzie do podwa\u017cania pomi\u0119dzy g\u00f3rn\u0105 i doln\u0105 cz\u0119\u015b\u0107 oraz delikatnie zwolnij zatrzaski.<\/p>\n\n<p>Pracuj wok\u00f3\u0142 obudowy, a\u017c wszystkie zatrzaski zostan\u0105 zwolnione.<\/p>\n\n<p>Po otwarciu zobaczysz p\u0142ytk\u0119 PCB z mikrokontrolerem oraz punktami testowymi do programowania.<\/p>\n\n<p><strong>Pod\u0142\u0105czenie do programatora<\/strong><\/p>\n\n<p>Na p\u0142ytce PCB adaptera MuCar zlokalizuj piny flashowania: GND, 3,3 V, SWDIO, SWCLK.<\/p>\n\n<p>Pod\u0142\u0105cz je pin po pinie do programatora ST-LINK V2 lub J-Link:<\/p>\n\n<p>GND \u2192 GND<\/p>\n\n<p>3.3V \u2192 3.3V<\/p>\n\n<p>SWDIO \u2192 SWDIO<\/p>\n\n<p>SWCLK \u2192 SWCLK<\/p>\n\n<p>Je\u015bli u\u017cywasz lutownicy, przylutuj cienkie przewody do pad\u00f3w. Alternatywnie mo\u017cna u\u017cy\u0107 ma\u0142ych krokodylk\u00f3w lub pin\u00f3w, jednak po\u0142\u0105czenia musz\u0105 by\u0107 stabilne. Dok\u0142adnie sprawd\u017a uk\u0142ad pin\u00f3w, aby unikn\u0105\u0107 uszkodzenia mikrokontrolera.<\/p>\n\n<p class=\" translation-block\"><strong>Flashowanie oprogramowania<\/strong>\nNa komputerze uruchom STM32 ST-LINK Utility. Oprogramowanie powinno wykry\u0107 mikrokontroler MuCar. Wybierz \u201eProgram\u201d lub \u201eLoad File\u201d i za\u0142aduj plik firmware dla MuCar (.bin). Kliknij \u201eStart\u201d i poczekaj na zako\u0144czenie procesu. Podczas flashowania nie poruszaj przewodami, nie od\u0142\u0105czaj komputera ani nie wyjmuj adaptera. Flashowanie zazwyczaj trwa mniej ni\u017c minut\u0119. Gdy program potwierdzi pomy\u015blny zapis, flashowanie zostanie zako\u0144czone.<\/p>\n\n<style>.kb-image4902_d8ebcd-37 .kb-image-has-overlay:after{opacity:0.3;}<\/style>\n<figure class=\"wp-block-kadence-image kb-image4902_d8ebcd-37 size-large\"><img loading=\"lazy\" decoding=\"async\" width=\"1024\" height=\"640\" src=\"https:\/\/xdiag.org\/wp-content\/uploads\/2025\/09\/awfioajwfioawjfawf-1024x640.png\" alt=\"\" class=\"kb-img wp-image-4840\" srcset=\"https:\/\/xdiag.org\/wp-content\/uploads\/2025\/09\/awfioajwfioawjfawf-1024x640.png 1024w, https:\/\/xdiag.org\/wp-content\/uploads\/2025\/09\/awfioajwfioawjfawf-300x188.png 300w, https:\/\/xdiag.org\/wp-content\/uploads\/2025\/09\/awfioajwfioawjfawf-768x480.png 768w, https:\/\/xdiag.org\/wp-content\/uploads\/2025\/09\/awfioajwfioawjfawf.png 1430w\" sizes=\"auto, (max-width: 1024px) 100vw, 1024px\" \/><\/figure>\n\n<p><strong>Zamykanie obudowy i weryfikacja<\/strong><\/p>\n\n<p>Od\u0142\u0105cz przewody programatora i ostro\u017cnie umie\u015b\u0107 p\u0142ytk\u0119 PCB z powrotem w obudowie. Zamknij obudow\u0119 tak, aby wszystkie zatrzaski prawid\u0142owo si\u0119 zatrzasn\u0119\u0142y.<\/p>\n\n<p>Pod\u0142\u0105cz adapter MuCar do gniazda OBD pojazdu i uruchom X-Diag PRO lub aplikacj\u0119 MuCar. Zaloguj si\u0119, w\u0142\u0105cz Bluetooth i po\u0142\u0105cz adapter. Je\u015bli pojawi si\u0119 pro\u015bba o kod, wprowad\u017a domy\u015blny kod, zazwyczaj 1234 lub 0000. Po rozpoznaniu adaptera wykonaj diagnostyk\u0119 pojazdu, aby potwierdzi\u0107 prawid\u0142owe dzia\u0142anie.<\/p>\n\n<p><strong>Rozwi\u0105zywanie problem\u00f3w<\/strong><\/p>\n\n<ul class=\"wp-block-list\"><li>Je\u015bli oprogramowanie nie wykrywa mikrokontrolera, sprawd\u017a po\u0142\u0105czenia oraz zasilanie.<\/li>\n\n<li>Je\u015bli flashowanie zatrzyma si\u0119 w trakcie procesu, spr\u00f3buj ponownie.<\/li>\n\n<li>Je\u015bli adapter nie reaguje po flashowaniu, mog\u0142o zosta\u0107 u\u017cyte nieprawid\u0142owe oprogramowanie; wykonaj ponowne flashowanie z w\u0142a\u015bciwym plikiem.<\/li>\n\n<li>Je\u015bli po\u0142\u0105czenie Bluetooth nie dzia\u0142a, usu\u0144 stare parowanie w telefonie i sparuj urz\u0105dzenie ponownie.<\/li><\/ul>\n\n<p>Podsumowanie: Adapter MuCar jest otwierany za pomoc\u0105 plastikowego narz\u0119dzia do podwa\u017cania, pod\u0142\u0105czany do ST-LINK V2 przez interfejs SWD, oprogramowanie jest wgrywane za pomoc\u0105 STM32 Utility, a nast\u0119pnie adapter jest ponownie sk\u0142adany i u\u017cywany z X-Diag PRO lub aplikacj\u0105 MuCar.<\/p><\/div><\/div>\n<\/div><\/div>","protected":false},"excerpt":{"rendered":"<p>COMPLETE GUIDE TO FLASHING THE MUCAR ADAPTER TO X-DIAG PRO The MuCar adapter is an OBD device used for professional diagnostics. Flashing is performed to upgrade firmware, fix operational issues, or migrate the adapter to platforms such as X-Diag PRO. For advanced firmware versions, physical connection to a programmer (ST-LINK V2 or J-Link) may be&#8230;<\/p>","protected":false},"author":1,"featured_media":0,"parent":4849,"menu_order":0,"comment_status":"closed","ping_status":"closed","template":"","meta":{"_seopress_robots_primary_cat":"","_seopress_titles_title":"Guide on how to flash MuCar adapter to x-diag pro | XDIAG","_seopress_titles_desc":"How to flash MuCar adapter to x-diag pro!","_seopress_robots_index":"","_kad_blocks_custom_css":"","_kad_blocks_head_custom_js":"","_kad_blocks_body_custom_js":"","_kad_blocks_footer_custom_js":"","_kad_post_transparent":"","_kad_post_title":"","_kad_post_layout":"","_kad_post_sidebar_id":"","_kad_post_content_style":"","_kad_post_vertical_padding":"","_kad_post_feature":"","_kad_post_feature_position":"","_kad_post_header":false,"_kad_post_footer":false,"iawp_total_views":299,"footnotes":""},"class_list":["post-4902","page","type-page","status-publish","hentry"],"taxonomy_info":[],"featured_image_src_large":false,"author_info":{"display_name":"xpro5","author_link":"https:\/\/xdiag.org\/pl\/author\/xpro5\/"},"comment_info":0,"_links":{"self":[{"href":"https:\/\/xdiag.org\/pl\/wp-json\/wp\/v2\/pages\/4902","targetHints":{"allow":["GET"]}}],"collection":[{"href":"https:\/\/xdiag.org\/pl\/wp-json\/wp\/v2\/pages"}],"about":[{"href":"https:\/\/xdiag.org\/pl\/wp-json\/wp\/v2\/types\/page"}],"author":[{"embeddable":true,"href":"https:\/\/xdiag.org\/pl\/wp-json\/wp\/v2\/users\/1"}],"replies":[{"embeddable":true,"href":"https:\/\/xdiag.org\/pl\/wp-json\/wp\/v2\/comments?post=4902"}],"version-history":[{"count":2,"href":"https:\/\/xdiag.org\/pl\/wp-json\/wp\/v2\/pages\/4902\/revisions"}],"predecessor-version":[{"id":4907,"href":"https:\/\/xdiag.org\/pl\/wp-json\/wp\/v2\/pages\/4902\/revisions\/4907"}],"up":[{"embeddable":true,"href":"https:\/\/xdiag.org\/pl\/wp-json\/wp\/v2\/pages\/4849"}],"wp:attachment":[{"href":"https:\/\/xdiag.org\/pl\/wp-json\/wp\/v2\/media?parent=4902"}],"curies":[{"name":"wp","href":"https:\/\/api.w.org\/{rel}","templated":true}]}}