{"id":20,"date":"2023-09-26T09:27:55","date_gmt":"2023-09-26T07:27:55","guid":{"rendered":"http:\/\/xdiag.org\/?post_type=product&#038;p=20"},"modified":"2026-01-08T12:42:43","modified_gmt":"2026-01-08T11:42:43","slug":"xdiag-cars-subscription","status":"publish","type":"product","link":"https:\/\/xdiag.org\/pl\/product\/xdiag-cars-subscription\/","title":{"rendered":"XDIAG: licencja 12-miesi\u0119czna dla CARS \/ EV \/ IMMO"},"content":{"rendered":"<div class=\"product-dropdown xdiag-included\">\n<p><button class=\"dropdown-toggle\">Co jest w zestawie?<\/button><\/p>\n<div class=\"dropdown-content\">\n<details>\n<summary>\ud83d\udce6 Aplikacje programowe (wa\u017cno\u015b\u0107 12 miesi\u0119cy)<\/summary>\n<ul class=\"x-list\">\n<li>BATTERY APP \u2013 12 MONTHS<\/li>\n<li>BatteryTest APP \u2013 12 MONTHS<\/li>\n<li>BST360 APP \u2013 12 MONTHS<\/li>\n<li>DiagBaseService_App \u2013 12 MONTHS<\/li>\n<li>ENDOSCOPE APP \u2013 12 MONTHS<\/li>\n<li>Key programming APP \u2013 12 MONTHS<\/li>\n<li>Sensor APP \u2013 12 MONTHS<\/li>\n<li>VIN RECOGNITION APP \u2013 12 MONTHS<\/li>\n<\/ul>\n<\/details>\n<details>\n<summary>\ud83d\ude97 Pojazdy + IMMO<\/summary>\n<ul class=\"x-list tall\">\n<li>ASHOK LEYLAND (CV) \u2013 12 MONTHS<\/li>\n<li>ASTON MARTIN \u2013 12 MONTHS<\/li>\n<li>AUDI \u2013 12 MONTHS<\/li>\n<li>Austria OBD Emission \u2013 12 MONTHS<\/li>\n<li>AUTOSEARCH \u2013 12 MONTHS<\/li>\n<li>BAIC (CSTM) \u2013 12 MONTHS<\/li>\n<li>BAIC, Senoua, Weiwang, BJEV \u2013 12 MONTHS<\/li>\n<li>BAICHS \u2013 12 MONTHS<\/li>\n<li>Battery pack software \u2013 12 MONTHS<\/li>\n<li>BAW, BAIC (Ltd) \u2013 12 MONTHS<\/li>\n<li>BEIQI \u2013 12 MONTHS<\/li>\n<li>BISU \u2013 12 MONTHS<\/li>\n<li>BMS DEMO \u2013 12 MONTHS<\/li>\n<li>BMW, MINI, ROLLS-ROYCE, HCBMW \u2013 12 MONTHS<\/li>\n<li>BORGWARD \u2013 12 MONTHS<\/li>\n<li>BOSCH (CV) \u2013 12 MONTHS<\/li>\n<li>BRILLIANCE (CSTM) \u2013 12 MONTHS<\/li>\n<li>BRILLIANCE (Xinguang) (CSTM) \u2013 12 MONTHS<\/li>\n<li>Brilliance Xinyuan \u2013 12 MONTHS<\/li>\n<li>BRILLIANCE-AUTO \u2013 12 MONTHS<\/li>\n<li>BRILLIANCE-AUTO (CSTM) \u2013 12 MONTHS<\/li>\n<li>BYD \u2013 12 MONTHS<\/li>\n<li>CHANGAN \u2013 12 MONTHS<\/li>\n<li>CHANGCHAI (CSTM) \u2013 12 MONTHS<\/li>\n<li>CHANGHE \u2013 12 MONTHS<\/li>\n<li>CHANGHE (CSTM) \u2013 12 MONTHS<\/li>\n<li>CHERY \u2013 12 MONTHS<\/li>\n<li>CHERY (CSTM) \u2013 12 MONTHS<\/li>\n<li>CHERY (EV) \u2013 12 MONTHS<\/li>\n<li>CHERY (New Energy) (CSTM) \u2013 12 MONTHS<\/li>\n<li>CHRYSLER, DODGE, JEEP \u2013 12 MONTHS<\/li>\n<li>CITROEN (Iran) \u2013 12 MONTHS<\/li>\n<li>CITROEN, FUKANG \u2013 12 MONTHS<\/li>\n<li>Commercial vehicles battery pack software \u2013 12 MONTHS<\/li>\n<li>COWIN \u2013 12 MONTHS<\/li>\n<li>COWIN (CSTM) \u2013 12 MONTHS<\/li>\n<li>DADI \u2013 12 MONTHS<\/li>\n<li>DAEWOO \u2013 12 MONTHS<\/li>\n<li>DAIHATSU \u2013 12 MONTHS<\/li>\n<li>DAIHATSU (Indonesia) \u2013 12 MONTHS<\/li>\n<li>DearCC \u2013 12 MONTHS<\/li>\n<li>DEMO \u2013 12 MONTHS<\/li>\n<li>DFAC (DFXNYZY) \u2013 12 MONTHS<\/li>\n<li>DFECU \u2013 12 MONTHS<\/li>\n<li>DFPV (CSTM) \u2013 12 MONTHS<\/li>\n<li>DongFeng (mini truck) \u2013 12 MONTHS<\/li>\n<li>DONGFENG (Mini Truck) (CSTM) \u2013 12 MONTHS<\/li>\n<li>DR \u2013 12 MONTHS<\/li>\n<li>ECU AID \u2013 12 MONTHS<\/li>\n<li>EOBD2 \u2013 12 MONTHS<\/li>\n<li>EU OBFCM \u2013 12 MONTHS<\/li>\n<li>EXEED \u2013 12 MONTHS<\/li>\n<li>Exeed (Customized) \u2013 12 MONTHS<\/li>\n<li>FAW (JiLin) \u2013 12 MONTHS<\/li>\n<li>FAW (TianJin) \u2013 12 MONTHS<\/li>\n<li>FAW (TianJin) (CSTM) \u2013 12 MONTHS<\/li>\n<li>FAW Auto \u2013 12 MONTHS<\/li>\n<li>FENGSHEN (DongFeng) \u2013 12 MONTHS<\/li>\n<li>FENGXING (DongFeng) \u2013 12 MONTHS<\/li>\n<li>FENGXING (DongFeng)(CSTM) \u2013 12 MONTHS<\/li>\n<li>FERRARI \u2013 12 MONTHS<\/li>\n<li>FIAT (Brazil) \u2013 12 MONTHS<\/li>\n<li>FIAT, ALFA ROMEO, LANCIA, ABARTH, NJFIAT \u2013 12 MONTHS<\/li>\n<li>FORCE(INDIAN) \u2013 12 MONTHS<\/li>\n<li>FORD (Australia) \u2013 12 MONTHS<\/li>\n<li>PHOTON \u2013 12 MONTHS<\/li>\n<li>FUDI \u2013 12 MONTHS<\/li>\n<li>FUDI (CSTM) \u2013 12 MONTHS<\/li>\n<li>FUSO \u2013 12 MONTHS<\/li>\n<li>GAZ \u2013 12 MONTHS<\/li>\n<li>GeeLy \u2013 12 MONTHS<\/li>\n<li>GEELY (CSTM) \u2013 12 MONTHS<\/li>\n<li>GEELYZY (CSTM) \u2013 12 MONTHS<\/li>\n<li>GM (Brazil) \u2013 12 MONTHS<\/li>\n<li>GM (China) \u2013 12 MONTHS<\/li>\n<li>GM, CHEVROLET, CADILLAC, BUICK \u2013 12 MONTHS<\/li>\n<li>GOLDEN DRAGON (XiaMen) \u2013 12 MONTHS<\/li>\n<li>GOLDEN DRAGON (XiaMen)(CSTM) \u2013 12 MONTHS<\/li>\n<li>GONOW \u2013 12 MONTHS<\/li>\n<li>GONOW (CSTM) \u2013 12 MONTHS<\/li>\n<li>GREAT WALL \u2013 12 MONTHS<\/li>\n<li>GREAT WALL (CSTM) \u2013 12 MONTHS<\/li>\n<li>GREAT WALL ENGINE PROGRAM (CSTM) \u2013 12 MONTHS<\/li>\n<li>HAFEI \u2013 12 MONTHS<\/li>\n<li>HAFEI (CSTM) \u2013 12 MONTHS<\/li>\n<li>HAIMA \u2013 12 MONTHS<\/li>\n<li>HAIMA (CSTM) \u2013 12 MONTHS<\/li>\n<li>HAIMA (ZhengZhou) \u2013 12 MONTHS<\/li>\n<li>HAIMA OLD (Zhengzhou) \u2013 12 MONTHS<\/li>\n<li>Hanteng Auto \u2013 12 MONTHS<\/li>\n<li>Hanteng Auto(Customized) \u2013 12 MONTHS<\/li>\n<li>HIGER \u2013 12 MONTHS<\/li>\n<li>HIGER (CSTM) \u2013 12 MONTHS<\/li>\n<li>HINO \u2013 12 MONTHS<\/li>\n<li>HM \u2013 12 MONTHS<\/li>\n<li>HOLDEN \u2013 12 MONTHS<\/li>\n<li>HOLDEN (Australia) \u2013 12 MONTHS<\/li>\n<li>HONDA, ACURA, DFHONDA, GZHONDA \u2013 12 MONTHS<\/li>\n<li>HONGTA (FAW) \u2013 12 MONTHS<\/li>\n<li>HUANG HAI \u2013 12 MONTHS<\/li>\n<li>HYUNDAI \u2013 12 MONTHS<\/li>\n<li>HYUNDAI (BEIJING) \u2013 12 MONTHS<\/li>\n<li>HYUNDAI (Korea) \u2013 12 MONTHS<\/li>\n<li>HYUNDAI PLUS (Korea) \u2013 12 MONTHS<\/li>\n<li>IKCO \u2013 12 MONTHS<\/li>\n<li>ISUZU (Chongqing) \u2013 12 MONTHS<\/li>\n<li>ISUZU CHINA (JMC) \u2013 12 MONTHS<\/li>\n<li>ISUZU, ISUZU (Thailand) \u2013 12 MONTHS<\/li>\n<li>IVECO \u2013 12 MONTHS<\/li>\n<li>IZH \u2013 12 MONTHS<\/li>\n<li>JAC \u2013 12 MONTHS<\/li>\n<li>JAC (CSTM) \u2013 12 MONTHS<\/li>\n<li>JAC (MPV) (CSTM) \u2013 12 MONTHS<\/li>\n<li>JAC MINI-TRUCK \u2013 12 MONTHS<\/li>\n<li>JAC PICKUP \u2013 12 MONTHS<\/li>\n<li>JAECOO \u2013 12 MONTHS<\/li>\n<li>JETOUR \u2013 12 MONTHS<\/li>\n<li>JETOUR (TY) \u2013 12 MONTHS<\/li>\n<li>JIABAO (FAW) (CSTM) \u2013 12 MONTHS<\/li>\n<li>JIACHUAN (CSTM) \u2013 12 MONTHS<\/li>\n<li>JINBEI (Mianyang) (CSTM) \u2013 12 MONTHS<\/li>\n<li>JMC (CSTM) \u2013 12 MONTHS<\/li>\n<li>JMEV \u2013 12 MONTHS<\/li>\n<li>JONWAY \u2013 12 MONTHS<\/li>\n<li>JOYLONG \u2013 12 MONTHS<\/li>\n<li>JOYLONG (CSTM) \u2013 12 MONTHS<\/li>\n<li>KAPPY PICKUP \u2013 12 MONTHS<\/li>\n<li>KARRY \u2013 12 MONTHS<\/li>\n<li>KARRY (CSTM) \u2013 12 MONTHS<\/li>\n<li>KARRY (Pickup) (CSTM) \u2013 12 MONTHS<\/li>\n<li>KAWEI \u2013 12 MONTHS<\/li>\n<li>KAWEI (CSTM) \u2013 12 MONTHS<\/li>\n<li>KIA \u2013 12 MONTHS<\/li>\n<li>KIA (Iran) \u2013 12 MONTHS<\/li>\n<li>KIA (Korea) \u2013 12 MONTHS<\/li>\n<li>KIA PLUS (Korea) \u2013 12 MONTHS<\/li>\n<li>KING-LONG (CSTM) \u2013 12 MONTHS<\/li>\n<li>KINGLONG \u2013 12 MONTHS<\/li>\n<li>LANDROVER, JAGUAR \u2013 12 MONTHS<\/li>\n<li>LANDWIND (JMC) \u2013 12 MONTHS<\/li>\n<li>LDV (Maxus) \u2013 12 MONTHS<\/li>\n<li>LEAP \u2013 12 MONTHS<\/li>\n<li>LIEBAO (ChangFeng) \u2013 12 MONTHS<\/li>\n<li>LieBao (ChangFeng) (Customized) \u2013 12 MONTHS<\/li>\n<li>LIFAN \u2013 12 MONTHS<\/li>\n<li>LIFAN (CSTM) \u2013 12 MONTHS<\/li>\n<li>LOTUS \u2013 12 MONTHS<\/li>\n<li>LUXGEN \u2013 12 MONTHS<\/li>\n<li>MAHINDRA \u2013 12 MONTHS<\/li>\n<li>MAHINDRA (CV) \u2013 12 MONTHS<\/li>\n<li>MAHINDRA (Indian) \u2013 12 MONTHS<\/li>\n<li>MALAYSIA PERODUA \u2013 12 MONTHS<\/li>\n<li>MALAYSIA PROTON \u2013 12 MONTHS<\/li>\n<li>MAPLE \u2013 12 MONTHS<\/li>\n<li>MARUTI \u2013 12 MONTHS<\/li>\n<li>MARUTI (Indian) \u2013 12 MONTHS<\/li>\n<li>MASERATI \u2013 12 MONTHS<\/li>\n<li>MAZDA, ZHONGGUOMAZDA \u2013 12 MONTHS<\/li>\n<li>McLaren \u2013 12 MONTHS<\/li>\n<li>MEIYA \u2013 12 MONTHS<\/li>\n<li>MERCEDES-BENZ, MAYBACH \u2013 12 MONTHS<\/li>\n<li>MG (SAIC) \u2013 12 MONTHS<\/li>\n<li>MITSUBISHI, GQMITSUBISHI \u2013 12 MONTHS<\/li>\n<li>MVM \u2013 12 MONTHS<\/li>\n<li>MY HR \u2013 12 MONTHS<\/li>\n<li>NAVEKO \u2013 12 MONTHS<\/li>\n<li>NISSAN (ZHENGZHOU) \u2013 12 MONTHS<\/li>\n<li>NISSAN (ZHENGZHOU) (CSTM) \u2013 12 MONTHS<\/li>\n<li>NISSAN, INFINITI, DONGFENGNISSAN, VENUCIA \u2013 12 MONTHS<\/li>\n<li>NLM AUTO \u2013 12 MONTHS<\/li>\n<li>NLM AUTO ZY \u2013 12 MONTHS<\/li>\n<li>OMODA \u2013 12 MONTHS<\/li>\n<li>OPEL, GMSA, VAUXHALL \u2013 12 MONTHS<\/li>\n<li>Passenger vehicle battery pack software \u2013 12 MONTHS<\/li>\n<li>PEACE \u2013 12 MONTHS<\/li>\n<li>PERODUA \u2013 12 MONTHS<\/li>\n<li>PEUGEOT (Iran) \u2013 12 MONTHS<\/li>\n<li>PEUGEOT, DFPEUGEOT \u2013 12 MONTHS<\/li>\n<li>PORSCHE \u2013 12 MONTHS<\/li>\n<li>PROTON \u2013 12 MONTHS<\/li>\n<li>QOROS \u2013 12 MONTHS<\/li>\n<li>RAVON \u2013 12 MONTHS<\/li>\n<li>REFINE (JAC) \u2013 12 MONTHS<\/li>\n<li>RELY \u2013 12 MONTHS<\/li>\n<li>RELY (CSTM) \u2013 12 MONTHS<\/li>\n<li>RENAULT, DACIA, SAMSUNG \u2013 12 MONTHS<\/li>\n<li>RESET MULODO \u2013 12 MONTHS<\/li>\n<li>RIICH \u2013 12 MONTHS<\/li>\n<li>RIICH (CSTM) \u2013 12 MONTHS<\/li>\n<li>ROEWE (SAIC) \u2013 12 MONTHS<\/li>\n<li>Rover \u2013 12 MONTHS<\/li>\n<li>SAAB \u2013 12 MONTHS<\/li>\n<li>SAIPA \u2013 12 MONTHS<\/li>\n<li>SAMSUNG \u2013 12 MONTHS<\/li>\n<li>SANYA, DAIHATSU (FAW) \u2013 12 MONTHS<\/li>\n<li>SEAT \u2013 12 MONTHS<\/li>\n<li>SEAZ \u2013 12 MONTHS<\/li>\n<li>SENYA (FAW) (CSTM) \u2013 12 MONTHS<\/li>\n<li>SHENLONGZY \u2013 12 MONTHS<\/li>\n<li>SHUANGHUAN \u2013 12 MONTHS<\/li>\n<li>SHUGUANG \u2013 12 MONTHS<\/li>\n<li>SKODA \u2013 12 MONTHS<\/li>\n<li>SKYWORTH \u2013 12 MONTHS<\/li>\n<li>SMA (Geely) (CSTM) \u2013 12 MONTHS<\/li>\n<li>SMART \u2013 12 MONTHS<\/li>\n<li>SOUTHEAST \u2013 12 MONTHS<\/li>\n<li>SPARK \u2013 12 MONTHS<\/li>\n<li>SPORTEQUIPE \u2013 12 MONTHS<\/li>\n<li>SPRINTER \u2013 12 MONTHS<\/li>\n<li>SSANGYONG \u2013 12 MONTHS<\/li>\n<li>SUBARU \u2013 12 MONTHS<\/li>\n<li>SUZUKI \u2013 12 MONTHS<\/li>\n<li>SUZUKI (ChangHe) \u2013 12 MONTHS<\/li>\n<li>SUZUKI (CHANGHE)(CSTM) \u2013 12 MONTHS<\/li>\n<li>TATA \u2013 12 MONTHS<\/li>\n<li>TATA (CV) \u2013 12 MONTHS<\/li>\n<li>TATA (Indian) \u2013 12 MONTHS<\/li>\n<li>TC CHERY \u2013 12 MONTHS<\/li>\n<li>TC DFPVZJ \u2013 12 MONTHS<\/li>\n<li>TC EXEED \u2013 12 MONTHS<\/li>\n<li>TC SANYAZJ \u2013 12 MONTHS<\/li>\n<li>TIANMA \u2013 12 MONTHS<\/li>\n<li>TOYOTA, LEXUS, TJTOYOTA \u2013 12 MONTHS<\/li>\n<li>TPMS \u2013 12 MONTHS<\/li>\n<li>TRUMPCHI (GAC) \u2013 12 MONTHS<\/li>\n<li>UAZ \u2013 12 MONTHS<\/li>\n<li>UFO (CSTM) \u2013 12 MONTHS<\/li>\n<li>USAFORD, EUROFORD, LINCOLN, CHANGANFORD \u2013 12 MONTHS<\/li>\n<li>VAZ \u2013 12 MONTHS<\/li>\n<li>VGV (WEICHAI) \u2013 12 MONTHS<\/li>\n<li>VINFAST \u2013 12 MONTHS<\/li>\n<li>VOLKSWAGEN, BENTLEY, BUGATTI, LAMBORGHINI \u2013 12 MONTHS<\/li>\n<li>VOLVO \u2013 12 MONTHS<\/li>\n<li>WANFENG \u2013 12 MONTHS<\/li>\n<li>WM \u2013 12 MONTHS<\/li>\n<li>WULING (Liuzhou) \u2013 12 MONTHS<\/li>\n<li>X-DIAG \u2013 12 MONTHS<\/li>\n<li>XiaoKang (DongFeng) \u2013 12 MONTHS<\/li>\n<li>XIAOKANG (DongFeng) (CSTM) \u2013 12 MONTHS<\/li>\n<li>XINCHEN \u2013 12 MONTHS<\/li>\n<li>XINCHEN (CSTM) \u2013 12 MONTHS<\/li>\n<li>XINKAI \u2013 12 MONTHS<\/li>\n<li>YANGZI \u2013 12 MONTHS<\/li>\n<li>YOLK (CSTM) \u2013 12 MONTHS<\/li>\n<li>AUTO YOLK \u2013 12 MONTHS<\/li>\n<li>YINXIANG (CSTM) \u2013 12 MONTHS<\/li>\n<li>YOUNG LOTUS \u2013 12 MONTHS<\/li>\n<li>Young Lotus (Customized) \u2013 12 MONTHS<\/li>\n<li>YUEJIN \u2013 12 MONTHS<\/li>\n<li>YUEJIN (Customized) \u2013 12 MONTHS<\/li>\n<li>ZAZ \u2013 12 MONTHS<\/li>\n<li>ZEDRIV \u2013 12 MONTHS<\/li>\n<li>ZEDRIV (CSTM) \u2013 12 MONTHS<\/li>\n<li>ZHONGSHUN (Polarsun) \u2013 12 MONTHS<\/li>\n<li>ZHONGXING (CSTM) \u2013 12 MONTHS<\/li>\n<li>ZOTYE \u2013 12 MONTHS<\/li>\n<li>ZOTYE (CSTM) \u2013 12 MONTHS<\/li>\n<li>ZX Auto \u2013 12 MONTHS<\/li>\n<\/ul>\n<\/details>\n<details>\n<summary>\u2699\ufe0f Funkcje specjalne \/ Resetowania<\/summary>\n<ul class=\"x-list\">\n<li>AC System Relearn\/Initialization \u2013 12 MONTHS<\/li>\n<li>Engine Power Balance Monitoring \u2013 12 MONTHS<\/li>\n<li>Gas Particulate Filter Regeneration \u2013 12 MONTHS<\/li>\n<li>High Voltage Battery Diagnostics \u2013 12 MONTHS<\/li>\n<li>Intelligent Cruise Control System \u2013 12 MONTHS<\/li>\n<li>Motor Angle Calibration \u2013 12 MONTHS<\/li>\n<li>ODOMETER \u2013 12 MONTHS<\/li>\n<li>Reset AdBlue \u2013 12 MONTHS<\/li>\n<li>Reset AFS \u2013 12 MONTHS<\/li>\n<li>Reset Airbag \u2013 12 MONTHS<\/li>\n<li>Reset Airfuel \u2013 12 MONTHS<\/li>\n<li>RESET BOX \u2013 12 MONTHS<\/li>\n<li>RESET Clutch Matching \u2013 12 MONTHS<\/li>\n<li>RESET COMPA (EV) \u2013 12 MONTHS<\/li>\n<li>RESET COOLANT \u2013 12 MONTHS<\/li>\n<li>RESET DCDC RESET \u2013 12 MONTHS<\/li>\n<li>Reset ECU \u2013 12 MONTHS<\/li>\n<li>EGR Reset \u2013 12 MONTHS<\/li>\n<li>RESET FRM \u2013 12 MONTHS<\/li>\n<li>RESET Gateway Data Cal. \u2013 12 MONTHS<\/li>\n<li>RESET Hybrid Generator Test(48V) \u2013 12 MONTHS<\/li>\n<li>RESET IMMO PROG \u2013 12 MONTHS<\/li>\n<li>RESET LANGUAGE \u2013 12 MONTHS<\/li>\n<li>RESET NOx SENSOR \u2013 12 MONTHS<\/li>\n<li>RESET OBC (EV) \u2013 12 MONTHS<\/li>\n<li>RESET ODO CHECK \u2013 12 MONTHS<\/li>\n<li>RESET Rain And Light Sensor \u2013 12 MONTHS<\/li>\n<li>RESET Relative compression \u2013 12 MONTHS<\/li>\n<li>Reset Seat \u2013 12 MONTHS<\/li>\n<li>RESET STOP\/START \u2013 12 MONTHS<\/li>\n<li>RESET SUN \u2013 12 MONTHS<\/li>\n<li>RESET SUS \u2013 12 MONTHS<\/li>\n<li>RESET TRANSPORT \u2013 12 MONTHS<\/li>\n<li>Reset Turbocharging \u2013 12 MONTHS<\/li>\n<li>RESET TIRE \u2013 12 MONTHS<\/li>\n<li>RESET WINDOW \u2013 12 MONTHS<\/li>\n<li>RESETBLEED \u2013 12 MONTHS<\/li>\n<li>RESETBMS \u2013 12 MONTHS<\/li>\n<li>RESETBRAKE \u2013 12 MONTHS<\/li>\n<li>RESETDPF \u2013 12 MONTHS<\/li>\n<li>Resets \u2013 12 MONTHS<\/li>\n<li>RESET GEAR \u2013 12 MONTHS<\/li>\n<li>RESETIMMO \u2013 12 MONTHS<\/li>\n<li>RESETINJEC \u2013 12 MONTHS<\/li>\n<li>RESETOIL \u2013 12 MONTHS<\/li>\n<li>RESETS \u2013 12 MONTHS<\/li>\n<li>RESETTPMS \u2013 12 MONTHS<\/li>\n<\/ul>\n<\/details>\n<details>\n<summary>\ud83d\udd0b Pojazdy elektryczne (EV)<\/summary>\n<ul class=\"x-list tall\">\n<li>Aiways (EV) \u2013 12 MONTHS<\/li>\n<li>Audi (EV) \u2013 12 MONTHS<\/li>\n<li>BAIC (EV), Senoua (BAIC) (EV), Weiwang (BAIC) \u2013 12 MONTHS<\/li>\n<li>BMW (EV) \u2013 12 MONTHS<\/li>\n<li>Borgward (EV) \u2013 12 MONTHS<\/li>\n<li>Brilliance Xinyuan (EV) \u2013 12 MONTHS<\/li>\n<li>BYD (EV) \u2013 12 MONTHS<\/li>\n<li>Changan (EV) \u2013 12 MONTHS<\/li>\n<li>Changhe (EV) \u2013 12 MONTHS<\/li>\n<li>Chery (EV) \u2013 12 MONTHS<\/li>\n<li>Chrysler (EV), Dodge (EV), Jeep (EV) \u2013 12 MONTHS<\/li>\n<li>Citroen (EV) \u2013 12 MONTHS<\/li>\n<li>DEMO (EV) \u2013 12 MONTHS<\/li>\n<li>DFAC (EV) \u2013 12 MONTHS<\/li>\n<li>DFPV (EV) \u2013 12 MONTHS<\/li>\n<li>DFXK (EV) \u2013 12 MONTHS<\/li>\n<li>EV COWIN \u2013 12 MONTHS<\/li>\n<li>EV FENGXING (DongFeng)(CSTM) \u2013 12 MONTHS<\/li>\n<li>EVO \u2013 12 MONTHS<\/li>\n<li>FIAT (EV) \u2013 12 MONTHS<\/li>\n<li>Ford (EV), Lincoln (EV), Ford (Europe) (EV) \u2013 12 MONTHS<\/li>\n<li>Photon (EV) \u2013 12 MONTHS<\/li>\n<li>Geely (EV) \u2013 12 MONTHS<\/li>\n<li>GM (EV), Chevrolet (EV), Cadillac (EV), Buick \u2013 12 MONTHS<\/li>\n<li>GWM (EV) \u2013 12 MONTHS<\/li>\n<li>Haima (EV) \u2013 12 MONTHS<\/li>\n<li>Hanteng (EV) \u2013 12 MONTHS<\/li>\n<li>Honda (EV), Acura (EV) \u2013 12 MONTHS<\/li>\n<li>HUACHEN (EV) \u2013 12 MONTHS<\/li>\n<li>HYUNDAI (EV) \u2013 12 MONTHS<\/li>\n<li>ISUZU (EV) \u2013 12 MONTHS<\/li>\n<li>JAC (EV) \u2013 12 MONTHS<\/li>\n<li>Jetour (EV) \u2013 12 MONTHS<\/li>\n<li>JINLONG (EV) \u2013 12 MONTHS<\/li>\n<li>JMEV (EV) \u2013 12 MONTHS<\/li>\n<li>JOYLONG (EV) \u2013 12 MONTHS<\/li>\n<li>KANDIZY (EV) \u2013 12 MONTHS<\/li>\n<li>Karry (EV) \u2013 12 MONTHS<\/li>\n<li>KAWEI (EV) \u2013 12 MONTHS<\/li>\n<li>KIA (EV) \u2013 12 MONTHS<\/li>\n<li>LANDROVER (EV)\/JAGUAR (EV) \u2013 12 MONTHS<\/li>\n<li>Landwind (EV) \u2013 12 MONTHS<\/li>\n<li>LEAP (EV) \u2013 12 MONTHS<\/li>\n<li>Leopard (EV) \u2013 12 MONTHS<\/li>\n<li>LIFAN (EV) \u2013 12 MONTHS<\/li>\n<li>LIXIANG (EV) \u2013 12 MONTHS<\/li>\n<li>LUXGEN (EV) \u2013 12 MONTHS<\/li>\n<li>Maxus (EV) \u2013 12 MONTHS<\/li>\n<li>MAZDA (EV) \u2013 12 MONTHS<\/li>\n<li>Mercedes-Benz (EV), Maybach (EV) \u2013 12 MONTHS<\/li>\n<li>MG (SAIC) (EV) \u2013 12 MONTHS<\/li>\n<li>Mitsubishi (EV) \u2013 12 MONTHS<\/li>\n<li>NET (EV) \u2013 12 MONTHS<\/li>\n<li>NIO (EV) \u2013 12 MONTHS<\/li>\n<li>NISSAN (EV) (ZHENGZHOU) (CSTM) \u2013 12 MONTHS<\/li>\n<li>Nissan (EV), Infiniti (EV) \u2013 12 MONTHS<\/li>\n<li>NLM (EV) \u2013 12 MONTHS<\/li>\n<li>Opel (EV), Vauxhall (EV), Opel (South Africa) \u2013 12 MONTHS<\/li>\n<li>Peugeot (EV) \u2013 12 MONTHS<\/li>\n<li>Porsche (EV) \u2013 12 MONTHS<\/li>\n<li>Renault (EV), Dacia (EV), Samsung (EV) \u2013 12 MONTHS<\/li>\n<li>RESET COMPA (EV) \u2013 12 MONTHS<\/li>\n<li>RESET DCDC RESET \u2013 12 MONTHS<\/li>\n<li>RESET Hybrid Generator Test(48V) \u2013 12 MONTHS<\/li>\n<li>RESET OBC (EV) \u2013 12 MONTHS<\/li>\n<li>Roewe (SAIC) (EV) \u2013 12 MONTHS<\/li>\n<li>SANYA (EV), DAIHATSU (FAW) (EV) \u2013 12 MONTHS<\/li>\n<li>SEAT (EV) \u2013 12 MONTHS<\/li>\n<li>BEINGS (EV) \u2013 12 MONTHS<\/li>\n<li>SGM (EV), Buick (China) (EV) \u2013 12 MONTHS<\/li>\n<li>SGMW (EV), United Pakistan (EV) \u2013 12 MONTHS<\/li>\n<li>SKODA (EV) \u2013 12 MONTHS<\/li>\n<li>SKYWORTH (EV) \u2013 12 MONTHS<\/li>\n<li>SMART (EV) \u2013 12 MONTHS<\/li>\n<li>Soueast (EV) \u2013 12 MONTHS<\/li>\n<li>SPRINTER (EV) \u2013 12 MONTHS<\/li>\n<li>TESLA (EV) \u2013 12 MONTHS<\/li>\n<li>TIANJIN FAW (EV) \u2013 12 MONTHS<\/li>\n<li>Toyota (EV), Lexus (EV) \u2013 12 MONTHS<\/li>\n<li>TRUMPCHI (EV) \u2013 12 MONTHS<\/li>\n<li>Volvo (EV) \u2013 12 MONTHS<\/li>\n<li>VW (EV) \u2013 12 MONTHS<\/li>\n<li>WEICHAI (EV) \u2013 12 MONTHS<\/li>\n<li>WM (EV) \u2013 12 MONTHS<\/li>\n<li>XP (EV) \u2013 12 MONTHS<\/li>\n<li>YQJC (EV) \u2013 12 MONTHS<\/li>\n<li>Yuejin (EV) \u2013 12 MONTHS<\/li>\n<li>ZEDRIV (EV) \u2013 12 MONTHS<\/li>\n<li>ZEEKR (EV) \u2013 12 MONTHS<\/li>\n<li>Zotye (EV) \u2013 12 MONTHS<\/li>\n<li>ZX Auto (EV) \u2013 12 MONTHS<\/li>\n<\/ul>\n<\/details>\n<details>\n<summary>\ud83d\udd11 Zakres IMMO (szczeg\u00f3\u0142owy)<\/summary>\n<ul class=\"x-list tall\">\n<li>IMMO Aston Martin \u2013 12 MONTHS<\/li>\n<li>IMMO AUDI \u2013 12 MONTHS<\/li>\n<li>IMMO BAIC, Senoua (BAIC), Weiwang (BAIC), BJE \u2013 12 MONTHS<\/li>\n<li>IMMO BAICHS \u2013 12 MONTHS<\/li>\n<li>IMMO BISU \u2013 12 MONTHS<\/li>\n<li>IMMO BMW \u2013 12 MONTHS<\/li>\n<li>IMMO Borgward \u2013 12 MONTHS<\/li>\n<li>IMMO Brilliance Xinyuan \u2013 12 MONTHS<\/li>\n<li>IMMO BRILLIANCE-AUTO \u2013 12 MONTHS<\/li>\n<li>IMMO BYD \u2013 12 MONTHS<\/li>\n<li>IMMO CHANGAN \u2013 12 MONTHS<\/li>\n<li>IMMO CHANGHE \u2013 12 MONTHS<\/li>\n<li>IMMO CHERY \u2013 12 MONTHS<\/li>\n<li>IMMO Chery \u2013 12 MONTHS<\/li>\n<li>IMMO CHRYSLER, DODGE, JEEP \u2013 12 MONTHS<\/li>\n<li>CITROEN IMMO \u2013 12 MONTHS<\/li>\n<li>IMMO COWIN \u2013 12 MONTHS<\/li>\n<li>IMMO DFBF \u2013 12 MONTHS<\/li>\n<li>IMMO DFSK \u2013 12 MONTHS<\/li>\n<li>IMMO Exeed \u2013 12 MONTHS<\/li>\n<li>IMMO FAW (TianJin) \u2013 12 MONTHS<\/li>\n<li>IMMO FENGXING (DongFeng) \u2013 12 MONTHS<\/li>\n<li>IMMO FERRARI \u2013 12 MONTHS<\/li>\n<li>FIAT IMMO (Brazil) \u2013 12 MONTHS<\/li>\n<li>IMMO FIAT, ALFA ROMEO, LANCIA, ABARTH, NJFIAT \u2013 12 MONTHS<\/li>\n<li>IMMO FOTON \u2013 12 MONTHS<\/li>\n<li>IMMO GeeLy \u2013 12 MONTHS<\/li>\n<li>IMMO GM (Brazil) \u2013 12 MONTHS<\/li>\n<li>IMMO GM, CHEVROLET, CADILLAC, BUICK \u2013 12 MONTHS<\/li>\n<li>IMMO GREAT WALL \u2013 12 MONTHS<\/li>\n<li>IMMO HAIMA \u2013 12 MONTHS<\/li>\n<li>IMMO Hanteng Auto \u2013 12 MONTHS<\/li>\n<li>IMMO HONDA, ACURA, DFHONDA, GZHONDA \u2013 12 MONTHS<\/li>\n<li>IMMO HYUNDAI \u2013 12 MONTHS<\/li>\n<li>IMMO ISUZU \u2013 12 MONTHS<\/li>\n<li>IMMO ISUZU \u2013 12 MONTHS<\/li>\n<li>IMMO JAC \u2013 12 MONTHS<\/li>\n<li>IMMO Jetour \u2013 12 MONTHS<\/li>\n<li>IMMO Jiabao (FAW) \u2013 12 MONTHS<\/li>\n<li>IMMO Kandi \u2013 12 MONTHS<\/li>\n<li>IMMO Karry \u2013 12 MONTHS<\/li>\n<li>IMMO KIA \u2013 12 MONTHS<\/li>\n<li>IMMO KINGLONG \u2013 12 MONTHS<\/li>\n<li>IMMO LANDROVER, JAGUAR \u2013 12 MONTHS<\/li>\n<li>IMMO LANDWIND (JMC) \u2013 12 MONTHS<\/li>\n<li>IMMO LDV (Maxus) \u2013 12 MONTHS<\/li>\n<li>IMMO LEAP (EV) \u2013 12 MONTHS<\/li>\n<li>IMMO Li (EV) \u2013 12 MONTHS<\/li>\n<li>IMMO Lifan \u2013 12 MONTHS<\/li>\n<li>IMMO Luxgen \u2013 12 MONTHS<\/li>\n<li>IMMO MAHINDRA \u2013 12 MONTHS<\/li>\n<li>IMMO Maruti \u2013 12 MONTHS<\/li>\n<li>IMMO MASERATI \u2013 12 MONTHS<\/li>\n<li>IMMO MAZDA \u2013 12 MONTHS<\/li>\n<li>IMMO MERCEDES-BENZ, MAYBACH \u2013 12 MONTHS<\/li>\n<li>IMMO MG (SAIC) \u2013 12 MONTHS<\/li>\n<li>IMMO MITSUBISHI, GQMITSUBISHI \u2013 12 MONTHS<\/li>\n<li>IMMO MOBDECU \u2013 12 MONTHS<\/li>\n<li>IMMO MY HR \u2013 12 MONTHS<\/li>\n<li>IMMO NAVEKO \u2013 12 MONTHS<\/li>\n<li>NET IMMO (EV) \u2013 12 MONTHS<\/li>\n<li>IMMO NIO (EV) \u2013 12 MONTHS<\/li>\n<li>IMMO NISSAN (ZHENGZHOU) \u2013 12 MONTHS<\/li>\n<li>IMMO NISSAN, INFINITI, DONGFENGNISSAN, VENUCI \u2013 12 MONTHS<\/li>\n<li>IMMO Opel, Vauxhall \u2013 12 MONTHS<\/li>\n<li>IMMO PERODUA \u2013 12 MONTHS<\/li>\n<li>IMMO PEUGEOT \u2013 12 MONTHS<\/li>\n<li>IMMO PORSCHE \u2013 12 MONTHS<\/li>\n<li>IMMO PROTON \u2013 12 MONTHS<\/li>\n<li>IMMO QOROS \u2013 12 MONTHS<\/li>\n<li>IMMO Rely \u2013 12 MONTHS<\/li>\n<li>IMMO RENAULT, DACIA, SAMSUNG \u2013 12 MONTHS<\/li>\n<li>IMMO Riich \u2013 12 MONTHS<\/li>\n<li>IMMO ROEWE (SAIC) \u2013 12 MONTHS<\/li>\n<li>IMMO Saab \u2013 12 MONTHS<\/li>\n<li>IMMO SANYA, DAIHATSU (FAW) \u2013 12 MONTHS<\/li>\n<li>IMMO SEAT \u2013 12 MONTHS<\/li>\n<li>IMMO SGMW \u2013 12 MONTHS<\/li>\n<li>IMMO SHUGUANG \u2013 12 MONTHS<\/li>\n<li>IMMO SKODA \u2013 12 MONTHS<\/li>\n<li>IMMO Skywell \u2013 12 MONTHS<\/li>\n<li>IMMO Smart \u2013 12 MONTHS<\/li>\n<li>IMMO SOUTHEAST \u2013 12 MONTHS<\/li>\n<li>IMMO SPRINTER \u2013 12 MONTHS<\/li>\n<li>IMMO SUBARU \u2013 12 MONTHS<\/li>\n<li>IMMO SUZUKI \u2013 12 MONTHS<\/li>\n<li>IMMO TATA \u2013 12 MONTHS<\/li>\n<li>IMMO Tesla \u2013 12 MONTHS<\/li>\n<li>IMMO TOYOTA, LEXUS, TJTOYOTA \u2013 12 MONTHS<\/li>\n<li>IMMO Trumpchi \u2013 12 MONTHS<\/li>\n<li>IMMO USAFORD, EUROFORD, LINCOLN, CHHANGANFORD \u2013 12 MONTHS<\/li>\n<li>IMMO VGV (WEICHAI) \u2013 12 MONTHS<\/li>\n<li>Volvo IMMO \u2013 12 MONTHS<\/li>\n<li>VW IMMO \u2013 12 MONTHS<\/li>\n<li>IMMO WM (EV) \u2013 12 MONTHS<\/li>\n<li>IMMO Yuejin \u2013 12 MONTHS<\/li>\n<li>IMMO ZEDRIV \u2013 12 MONTHS<\/li>\n<li>IMMO ZOTYE \u2013 12 MONTHS<\/li>\n<li>IMMO ZX Auto \u2013 12 MONTHS<\/li>\n<\/ul>\n<\/details>\n<details>\n<summary>\ud83c\udfcd Motocykle<\/summary>\n<ul class=\"x-list\">\n<li>MT BMW \u2013 12 MONTHS<\/li>\n<li>MT DEMO \u2013 12 MONTHS<\/li>\n<li>MT Ducati \u2013 12 MONTHS<\/li>\n<li>MT Harley-Davidson \u2013 12 MONTHS<\/li>\n<li>MT HONDA \u2013 12 MONTHS<\/li>\n<li>MT Indian \u2013 12 MONTHS<\/li>\n<li>MT KAWASAKI \u2013 12 MONTHS<\/li>\n<li>MT POLARIS \u2013 12 MONTHS<\/li>\n<li>MT SUZUKI \u2013 12 MONTHS<\/li>\n<li>MT VICTORY \u2013 12 MONTHS<\/li>\n<li>MT YAMAHA \u2013 12 MONTHS<\/li>\n<\/ul>\n<\/details>\n<\/div>\n<\/div>\n<style>\n.xdiag-included { margin-top: 10px; }<br \/>.xdiag-included .dropdown-toggle{<br \/>  background:#d0021b;color:#fff;border:none;padding:12px 16px;width:100%;<br \/>  text-align:left;font-weight:700;border-radius:6px;cursor:pointer<br \/>}<br \/>.xdiag-included .dropdown-content {<br \/>  display:none;margin-top:8px;padding:10px;background:#f9f9f9;border:1px solid #ddd;border-radius:8px<br \/>}<br \/>.xdiag-included.active .dropdown-content{display:block}<br \/>.xdiag-included details {<br \/>  border:1px solid #e6e6e6;background:#fff;border-radius:8px;margin:8px 0<br \/>}<br \/>.xdiag-included summary {<br \/>  cursor:pointer;padding:10px 12px;font-weight:600;list-style:none<br \/>}<br \/>.xdiag-included summary::-webkit-details-marker{display:none}<br \/>.xdiag-included details[open] summary {<br \/>  border-bottom:1px solid #eee;background:#fafafa;<br \/>  border-top-left-radius:8px;border-top-right-radius:8px<br \/>}<br \/>.xdiag-included .x-list {padding:10px 14px;columns:1;column-gap:24px}<br \/>.xdiag-included .x-list li {break-inside:avoid;margin:2px 0}<br \/>@media (min-width: 900px){<br \/>  .xdiag-included .x-list{columns:2}<br \/>}<br \/>@media (min-width: 1300px){<br \/>  .xdiag-included .x-list{columns:3}<br \/>}<br \/>.xdiag-included .x-list.tall{max-height:360px;overflow:auto}<br \/><\/style>\n<p><script>\ndocument.addEventListener('DOMContentLoaded', function(){\n  const root = document.querySelector('.xdiag-included');\n  if(!root) return;\n  const toggle = root.querySelector('.dropdown-toggle');\n  toggle.addEventListener('click', ()=> root.classList.toggle('active'));\n});\n<\/script><\/p>","protected":false},"excerpt":{"rendered":"<p class=\" translation-block\">1. Pobierz program Xdiag (kompatybilny wy\u0142\u0105cznie z urz\u0105dzeniami Android) z <a target=\"_blank\" rel=\"noopener\">tego linku<\/a>.<br>\n\n2. Przed dokonaniem jakiejkolwiek p\u0142atno\u015bci prosimy o podanie numeru seryjnego (SN) urz\u0105dzenia.<br>\n\n3. Zaloguj si\u0119 do wcze\u015bniej zainstalowanego programu Xdiag.<br>\n\n4. Niezw\u0142ocznie prze\u015blemy dane logowania oraz has\u0142o przypisane do Twojej SN.<br>\n\n5. Nast\u0119pnie przetestuj funkcj\u0119 EOBD w programie Xdiag. Je\u015bli wszystko dzia\u0142a poprawnie, mo\u017cesz z\u0142o\u017cy\u0107 zam\u00f3wienie. Rozpoczniemy aktywacj\u0119 oprogramowania dla Twojej SN.<\/p>","protected":false},"featured_media":5228,"template":"","meta":{"_seopress_robots_primary_cat":"22","_seopress_titles_title":"Xdiag: 1 year subscription for Cars \/ Ev \/ Immo","_seopress_titles_desc":"Get a full year of access to comprehensive diagnostic capabilities for cars with our exclusive subscription for cars!","_seopress_robots_index":"","_kad_blocks_custom_css":"","_kad_blocks_head_custom_js":"","_kad_blocks_body_custom_js":"","_kad_blocks_footer_custom_js":"","_kad_post_transparent":"default","_kad_post_title":"","_kad_post_layout":"default","_kad_post_sidebar_id":"","_kad_post_content_style":"default","_kad_post_vertical_padding":"default","_kad_post_feature":"","_kad_post_feature_position":"","_kad_post_header":false,"_kad_post_footer":false,"iawp_total_views":5973},"product_cat":[26,22],"product_tag":[],"class_list":{"0":"post-20","1":"product","2":"type-product","3":"status-publish","4":"has-post-thumbnail","6":"product_cat-xdiag","7":"product_cat-subscriptions","9":"first","10":"instock","11":"featured","12":"virtual","13":"sold-individually","14":"purchasable","15":"product-type-simple","16":"entry","17":"content-bg","18":"loop-entry"},"exclude_global_add_ons":[],"addons":[],"taxonomy_info":{"product_cat":[{"value":26,"label":"xdiag"},{"value":22,"label":"Xdiag subscriptions"}]},"featured_image_src_large":["https:\/\/xdiag.org\/wp-content\/uploads\/2025\/09\/Xdiag_Subscription_passenger_cars.jpg",600,600,false],"author_info":[],"comment_info":"","_links":{"self":[{"href":"https:\/\/xdiag.org\/pl\/wp-json\/wp\/v2\/product\/20","targetHints":{"allow":["GET"]}}],"collection":[{"href":"https:\/\/xdiag.org\/pl\/wp-json\/wp\/v2\/product"}],"about":[{"href":"https:\/\/xdiag.org\/pl\/wp-json\/wp\/v2\/types\/product"}],"wp:featuredmedia":[{"embeddable":true,"href":"https:\/\/xdiag.org\/pl\/wp-json\/wp\/v2\/media\/5228"}],"wp:attachment":[{"href":"https:\/\/xdiag.org\/pl\/wp-json\/wp\/v2\/media?parent=20"}],"wp:term":[{"taxonomy":"product_cat","embeddable":true,"href":"https:\/\/xdiag.org\/pl\/wp-json\/wp\/v2\/product_cat?post=20"},{"taxonomy":"product_tag","embeddable":true,"href":"https:\/\/xdiag.org\/pl\/wp-json\/wp\/v2\/product_tag?post=20"}],"curies":[{"name":"wp","href":"https:\/\/api.w.org\/{rel}","templated":true}]}}