{"id":3405,"date":"2025-05-07T09:08:34","date_gmt":"2025-05-07T07:08:34","guid":{"rendered":"https:\/\/xdiag.org\/?post_type=product&#038;p=3405"},"modified":"2026-01-09T15:44:48","modified_gmt":"2026-01-09T14:44:48","slug":"hayes-pro-1-year-subscription","status":"publish","type":"product","link":"https:\/\/xdiag.org\/pl\/product\/hayes-pro-1-year-subscription\/","title":{"rendered":"Roczna subskrypcja online Haynes Pro"},"content":{"rendered":"<p>Otw\u00f3rz dost\u0119p do profesjonalnych napraw i konserwacji pojazd\u00f3w dzi\u0119ki HaynesPro \u2013 kompleksowej bazie danych technicznych dla samochod\u00f3w osobowych, elektrycznych, ci\u0119\u017carowych i przyczep. W cenie 75 \u20ac to pot\u0119\u017cne narz\u0119dzie dostarcza majsterkowiczom, mechanikom i operatorom flot wszystko, czego potrzebuj\u0105 do skutecznej i dok\u0142adnej diagnostyki, napraw i konserwacji pojazd\u00f3w.<\/p>\n<p>Dlaczego wybra\u0107 HaynesPro?<\/p>\n<p class=\" translation-block\">In-Depth Engine Data: Access detailed engine specifications, including performance metrics, diagnostic trouble codes (DTCs), and maintenance requirements, ensuring precise engine repairs and optimizations.<br>\r\nStep-by-Step Repair Instructions: Follow clear, manufacturer-approved repair guides with detailed procedures for everything from brake systems to tire replacements, making complex repairs manageable for all skill levels.<br>\r\nComprehensive Electrical Schematics: Troubleshoot and resolve electrical issues with ease using high-quality wiring diagrams for engine management, ABS, ESP, air conditioning, and more. Includes component-specific diagrams for rapid diagnostics.<br>\r\nInjector and Fuel System Details: Gain precise data on injector specifications, fuel system diagnostics, and maintenance procedures to keep your vehicle running smoothly.<br>\r\nOEM-Approved Information: Rely on up-to-date, manufacturer-sourced data covering a wide range of vehicle makes and models, including the latest hybrid and electric vehicle (EV) information.<br>\r\nAdditional Features: Benefit from service schedules, torque settings, technical drawings, and adjustment data (e.g., idle speed, NOx emissions). The cloud-based platform ensures accessibility on desktops, tablets, or smartphones, perfect for busy workshops or on-the-go repairs.<br>\r\nTrailer and Axle Information: Unique to HaynesPro, access specialized data for truck-trailer combinations, including axle maintenance and component identification, ensuring complete vehicle coverage.<br>\r\nWho Is It For?<\/p>\n<p>HaynesPro zosta\u0142o stworzone dla profesjonalist\u00f3w motoryzacyjnych, mechanik\u00f3w hobbyst\u00f3w oraz operator\u00f3w flot, kt\u00f3rzy potrzebuj\u0105 niezawodnego, natychmiastowego dost\u0119pu do danych technicznych. Niezale\u017cnie od tego, czy wykonujesz rutynow\u0105 konserwacj\u0119, diagnozujesz skomplikowane usterki elektryczne czy serwisujesz pojazdy ci\u0119\u017carowe, HaynesPro usprawnia proces, oszcz\u0119dza czas i ogranicza liczb\u0119 b\u0142\u0119d\u00f3w.<\/p>\n<p>Dlaczego warto<\/p>\n<p>Dzi\u0119ki regularnym aktualizacjom i przyjaznemu interfejsowi HaynesPro oferuje niezr\u00f3wnan\u0105 warto\u015b\u0107 za 75 \u20ac. Jego Vehicle Electronic Smart Assistant (VESA\u2122) usprawnia diagnostyk\u0119, prowadz\u0105c do precyzyjnych rozwi\u0105za\u0144 problem\u00f3w z systemami elektronicznymi. Od kod\u00f3w usterek po czasy napraw \u2013 ta platforma typu \u201ewszystko w jednym\u201d pozwala wykonywa\u0107 ka\u017cde zadanie z pe\u0142n\u0105 pewno\u015bci\u0105.<\/p>\n<p>Podnie\u015b jako\u015b\u0107 swoich napraw dzi\u0119ki HaynesPro \u2013 najlepszemu \u017ar\u00f3d\u0142u informacji o obs\u0142udze samochod\u00f3w osobowych, elektrycznych, ci\u0119\u017carowych i przyczep.<\/p>\n<p>&nbsp;<\/p>\n<p data-start=\"156\" data-end=\"179\">\u26a0\ufe0f <strong data-start=\"159\" data-end=\"179\">IMPORTANT NOTICE<\/strong><\/p>\n<p data-start=\"181\" data-end=\"354\">Each purchased license is strictly bound to a single device (hardware ID).<br data-start=\"255\" data-end=\"258\" \/>If multiple licenses are purchased, each license must be activated on its own individual device.<\/p>\n<p data-start=\"356\" data-end=\"464\">By completing your purchase, you confirm that you understand and agree to the one-license-per-device policy.<\/p>","protected":false},"excerpt":{"rendered":"<p>HaynesPro dla samochod\u00f3w osobowych, ci\u0119\u017carowych i przyczep \u2013 kompleksowe dane dotycz\u0105ce napraw i konserwacji.<\/p>\n<ul>\n<li>Specyfikacje i diagnostyka silnika<\/li>\n<li>Instrukcje napraw krok po kroku<\/li>\n<li>Szczeg\u00f3\u0142owe schematy elektryczne<\/li>\n<li>Dane wtryskiwaczy i harmonogramy konserwacji<\/li>\n<li>Informacje techniczne zatwierdzone przez OEM<\/li>\n<\/ul>","protected":false},"featured_media":5220,"template":"","meta":{"_seopress_robots_primary_cat":"none","_seopress_titles_title":"HaynesPRO 1 year online subscription | XDIAG","_seopress_titles_desc":"HaynesPro: Automotive repair software for passenger cars, electrical cars, trucks, and trailers. Engine diagnostics, wiring diagrams, repair guides..","_seopress_robots_index":"","_kad_blocks_custom_css":"","_kad_blocks_head_custom_js":"","_kad_blocks_body_custom_js":"","_kad_blocks_footer_custom_js":"","_kad_post_transparent":"default","_kad_post_title":"","_kad_post_layout":"default","_kad_post_sidebar_id":"","_kad_post_content_style":"default","_kad_post_vertical_padding":"default","_kad_post_feature":"","_kad_post_feature_position":"","_kad_post_header":false,"_kad_post_footer":false,"iawp_total_views":9172},"product_cat":[22],"product_tag":[],"class_list":{"0":"post-3405","1":"product","2":"type-product","3":"status-publish","4":"has-post-thumbnail","6":"product_cat-subscriptions","8":"first","9":"instock","10":"featured","11":"sold-individually","12":"shipping-taxable","13":"purchasable","14":"product-type-variable","15":"has-default-attributes","16":"entry","17":"content-bg","18":"loop-entry"},"exclude_global_add_ons":[],"addons":[],"taxonomy_info":{"product_cat":[{"value":22,"label":"Xdiag subscriptions"}]},"featured_image_src_large":["https:\/\/xdiag.org\/wp-content\/uploads\/2025\/09\/Xdiag_haynes_1.jpeg",600,600,false],"author_info":[],"comment_info":"","_links":{"self":[{"href":"https:\/\/xdiag.org\/pl\/wp-json\/wp\/v2\/product\/3405","targetHints":{"allow":["GET"]}}],"collection":[{"href":"https:\/\/xdiag.org\/pl\/wp-json\/wp\/v2\/product"}],"about":[{"href":"https:\/\/xdiag.org\/pl\/wp-json\/wp\/v2\/types\/product"}],"wp:featuredmedia":[{"embeddable":true,"href":"https:\/\/xdiag.org\/pl\/wp-json\/wp\/v2\/media\/5220"}],"wp:attachment":[{"href":"https:\/\/xdiag.org\/pl\/wp-json\/wp\/v2\/media?parent=3405"}],"wp:term":[{"taxonomy":"product_cat","embeddable":true,"href":"https:\/\/xdiag.org\/pl\/wp-json\/wp\/v2\/product_cat?post=3405"},{"taxonomy":"product_tag","embeddable":true,"href":"https:\/\/xdiag.org\/pl\/wp-json\/wp\/v2\/product_tag?post=3405"}],"curies":[{"name":"wp","href":"https:\/\/api.w.org\/{rel}","templated":true}]}}