{"id":3682,"date":"2025-08-17T18:12:11","date_gmt":"2025-08-17T16:12:11","guid":{"rendered":"https:\/\/xdiag.org\/?post_type=product&#038;p=3682"},"modified":"2025-09-28T16:59:11","modified_gmt":"2025-09-28T14:59:11","slug":"professional-xdiag-probe-flashing-service","status":"publish","type":"product","link":"https:\/\/xdiag.org\/pl\/product\/professional-xdiag-probe-flashing-service\/","title":{"rendered":"Profesjonalna us\u0142uga flashowania sondy XDIAG"},"content":{"rendered":"<p data-start=\"291\" data-end=\"546\" class=\" translation-block\">Nasza profesjonalna us\u0142uga flashowania programuje sond\u0119 diagnostyczn\u0105 (dongle) tak, aby dzia\u0142a\u0142a <strong data-start=\"373\" data-end=\"399\">wy\u0142\u0105cznie z XDIAG<\/strong>. Proces ten zapewnia pe\u0142n\u0105 kompatybilno\u015b\u0107 z aplikacj\u0105 i platform\u0105 XDIAG, gwarantuj\u0105c stabilne dzia\u0142anie oraz d\u0142ugoterminowe wsparcie.<\/p>\n<h3 data-start=\"548\" data-end=\"586\">Funkcje flashowania i programowania<\/h3>\n<ul data-start=\"587\" data-end=\"996\">\n<li data-start=\"587\" data-end=\"698\">\n<p data-start=\"589\" data-end=\"698\" class=\" translation-block\"><strong data-start=\"589\" data-end=\"622\">Flash kompatybilno\u015bci XDIAG:<\/strong> Przeprogramowanie sondy do bezpo\u015bredniej pracy z oficjaln\u0105 platform\u0105 XDIAG.<\/p>\n<\/li>\n<li data-start=\"699\" data-end=\"786\">\n<p data-start=\"701\" data-end=\"786\" class=\" translation-block\"><strong data-start=\"701\" data-end=\"723\">Odzyskiwanie firmware\u2019u:<\/strong> Przywracanie uszkodzonego lub nieprawid\u0142owo dzia\u0142aj\u0105cego firmware\u2019u w celu zapewnienia stabilnej pracy.<\/p>\n<\/li>\n<li data-start=\"787\" data-end=\"874\">\n<p data-start=\"789\" data-end=\"874\" class=\" translation-block\"><strong data-start=\"789\" data-end=\"816\">Instalacja pliku startowego:<\/strong> Zastosowanie prawid\u0142owych plik\u00f3w startowych wymaganych do aktywacji XDIAG.<\/p>\n<\/li>\n<li data-start=\"875\" data-end=\"996\">\n<p data-start=\"877\" data-end=\"996\" class=\" translation-block\"><strong data-start=\"877\" data-end=\"894\">Usuwanie b\u0142\u0119d\u00f3w:<\/strong> Rozwi\u0105zywanie problem\u00f3w z nieudan\u0105 aktywacj\u0105, b\u0142\u0119dami po\u0142\u0105czenia lub niestabilnym dzia\u0142aniem spowodowanym nieprawid\u0142owym firmware\u2019em.<\/p>\n<\/li>\n<\/ul>\n<h3 data-start=\"998\" data-end=\"1027\">Korzy\u015bci z naszej us\u0142ugi<\/h3>\n<ul data-start=\"1028\" data-end=\"1466\">\n<li data-start=\"1028\" data-end=\"1124\">\n<p data-start=\"1030\" data-end=\"1124\" class=\" translation-block\"><strong data-start=\"1030\" data-end=\"1059\">Gwarantowane wsparcie XDIAG:<\/strong> Po flashowaniu sonda dzia\u0142a bezproblemowo z aplikacj\u0105 XDIAG.<\/p>\n<\/li>\n<li data-start=\"1125\" data-end=\"1202\">\n<p data-start=\"1127\" data-end=\"1202\" class=\" translation-block\"><strong data-start=\"1127\" data-end=\"1153\">Profesjonalna obs\u0142uga:<\/strong> Bezpieczne flashowanie przy u\u017cyciu sprawdzonych narz\u0119dzi i plik\u00f3w.<\/p>\n<\/li>\n<li data-start=\"1203\" data-end=\"1284\">\n<p data-start=\"1205\" data-end=\"1284\" class=\" translation-block\"><strong data-start=\"1205\" data-end=\"1232\">Najnowsze stabilne firmware:<\/strong> Zaktualizowane do najnowszej wersji obs\u0142ugiwanej przez XDIAG.<\/p>\n<\/li>\n<li data-start=\"1285\" data-end=\"1372\">\n<p data-start=\"1287\" data-end=\"1372\" class=\" translation-block\"><strong data-start=\"1287\" data-end=\"1306\">Bezpieczna procedura:<\/strong> Proces o niskim ryzyku z wbudowan\u0105 ochron\u0105 przed uszkodzeniem sondy.<\/p>\n<\/li>\n<li data-start=\"1373\" data-end=\"1466\">\n<p data-start=\"1375\" data-end=\"1466\" class=\" translation-block\"><strong data-start=\"1375\" data-end=\"1395\">Raport z flashowania:<\/strong> Potwierdzenie pomy\u015blnego programowania oraz zastosowanej wersji firmware\u2019u.<\/p>\n<\/li>\n<\/ul>\n<h3 data-start=\"1468\" data-end=\"1497\">Dlaczego warto wybra\u0107 nasz\u0105 us\u0142ug\u0119?<\/h3>\n<ul data-start=\"1498\" data-end=\"1670\">\n<li data-start=\"1498\" data-end=\"1563\">\n<p data-start=\"1500\" data-end=\"1563\">Specjalistyczna wiedza na temat sond opartych na Launch oraz systemu XDIAG.<\/p>\n<\/li>\n<li data-start=\"1564\" data-end=\"1605\">\n<p data-start=\"1566\" data-end=\"1605\">Fast turnaround and reliable results.<\/p>\n<\/li>\n<li data-start=\"1606\" data-end=\"1670\">\n<p data-start=\"1608\" data-end=\"1670\">D\u0142ugoterminowa stabilno\u015b\u0107 i gwarantowana kompatybilno\u015b\u0107 z XDIAG.<\/p>\n<\/li>\n<\/ul>\n<p class=\" translation-block\"><strong data-start=\"164\" data-end=\"190\">Wa\u017cne informacje:<\/strong><br data-start=\"190\" data-end=\"193\">Po zako\u0144czeniu zakupu automatycznie otrzymasz wiadomo\u015b\u0107 e-mail z instrukcjami oraz adresem, na kt\u00f3ry nale\u017cy wys\u0142a\u0107 sond\u0119\/dongle OBD. Po otrzymaniu urz\u0105dzenia sflashujemy je tak, aby dzia\u0142a\u0142o <strong data-start=\"398\" data-end=\"424\">wy\u0142\u0105cznie z XDIAG<\/strong>, a nast\u0119pnie niezw\u0142ocznie ode\u015blemy.<\/p>","protected":false},"excerpt":{"rendered":"<p class=\" translation-block\">Przeprogramowujemy Twoj\u0105 sond\u0119\/dongle, aby dzia\u0142a\u0142a <strong data-start=\"278\" data-end=\"304\">wy\u0142\u0105cznie z XDIAG<\/strong>. Us\u0142uga obejmuje odzyskiwanie firmware\u2019u, instalacj\u0119 pliku startowego oraz pe\u0142n\u0105 kompatybilno\u015b\u0107 z oficjaln\u0105 platform\u0105 XDIAG.<\/p>","protected":false},"featured_media":5217,"template":"","meta":{"_seopress_robots_primary_cat":"26","_seopress_titles_title":"Professional XDIAG probe flashing service \u2013 reprogram your dongle to work exclusively with XDIAG","_seopress_titles_desc":"Professional XDIAG probe flashing service \u2013 reprogram your dongle to work exclusively with XDIAG. Secure, reliable, and fully compatible.","_seopress_robots_index":"","_kad_blocks_custom_css":"","_kad_blocks_head_custom_js":"","_kad_blocks_body_custom_js":"","_kad_blocks_footer_custom_js":"","_kad_post_transparent":"default","_kad_post_title":"","_kad_post_layout":"default","_kad_post_sidebar_id":"","_kad_post_content_style":"default","_kad_post_vertical_padding":"default","_kad_post_feature":"","_kad_post_feature_position":"","_kad_post_header":false,"_kad_post_footer":false,"iawp_total_views":518},"product_cat":[26],"product_tag":[],"class_list":{"0":"post-3682","1":"product","2":"type-product","3":"status-publish","4":"has-post-thumbnail","6":"product_cat-xdiag","7":"product_shipping_class-shipping","9":"first","10":"instock","11":"shipping-taxable","12":"purchasable","13":"product-type-simple","14":"entry","15":"content-bg","16":"loop-entry"},"exclude_global_add_ons":[],"addons":[],"taxonomy_info":{"product_cat":[{"value":26,"label":"xdiag"}]},"featured_image_src_large":["https:\/\/xdiag.org\/wp-content\/uploads\/2025\/09\/Xdiag_flash_with_boots.jpeg",600,600,false],"author_info":[],"comment_info":"","_links":{"self":[{"href":"https:\/\/xdiag.org\/pl\/wp-json\/wp\/v2\/product\/3682","targetHints":{"allow":["GET"]}}],"collection":[{"href":"https:\/\/xdiag.org\/pl\/wp-json\/wp\/v2\/product"}],"about":[{"href":"https:\/\/xdiag.org\/pl\/wp-json\/wp\/v2\/types\/product"}],"wp:featuredmedia":[{"embeddable":true,"href":"https:\/\/xdiag.org\/pl\/wp-json\/wp\/v2\/media\/5217"}],"wp:attachment":[{"href":"https:\/\/xdiag.org\/pl\/wp-json\/wp\/v2\/media?parent=3682"}],"wp:term":[{"taxonomy":"product_cat","embeddable":true,"href":"https:\/\/xdiag.org\/pl\/wp-json\/wp\/v2\/product_cat?post=3682"},{"taxonomy":"product_tag","embeddable":true,"href":"https:\/\/xdiag.org\/pl\/wp-json\/wp\/v2\/product_tag?post=3682"}],"curies":[{"name":"wp","href":"https:\/\/api.w.org\/{rel}","templated":true}]}}