{"id":3812,"date":"2025-08-30T10:25:38","date_gmt":"2025-08-30T08:25:38","guid":{"rendered":"https:\/\/xdiag.org\/?post_type=product&#038;p=3812"},"modified":"2025-09-28T16:56:05","modified_gmt":"2025-09-28T14:56:05","slug":"password-reset-account-recovery-software-xdiag-devices","status":"publish","type":"product","link":"https:\/\/xdiag.org\/pl\/product\/password-reset-account-recovery-software-xdiag-devices\/","title":{"rendered":"Oprogramowanie do resetowania has\u0142a i odzyskiwania konta dla urz\u0105dze\u0144 XDiag"},"content":{"rendered":"<p data-start=\"195\" data-end=\"323\" class=\" translation-block\"><strong data-start=\"195\" data-end=\"234\">Can\u2019t log in to your XDiag account?<\/strong><br data-start=\"234\" data-end=\"237\">Niezale\u017cnie od tego, czy zapomnia\u0142e\u015b has\u0142a, czy utraci\u0142e\u015b dost\u0119p do istniej\u0105cego logowania, mo\u017cemy pom\u00f3c.<\/p>\n<p data-start=\"325\" data-end=\"349\">\u2705 <strong data-start=\"327\" data-end=\"347\">Co jest zawarte:<\/strong><\/p>\n<ul data-start=\"350\" data-end=\"531\">\n<li data-start=\"350\" data-end=\"414\">\n<p data-start=\"352\" data-end=\"414\">Weryfikacja numeru seryjnego urz\u0105dzenia oraz statusu konta<\/p>\n<\/li>\n<li data-start=\"415\" data-end=\"485\">\n<p data-start=\"417\" data-end=\"485\">Reset has\u0142a lub odzyskanie istniej\u0105cego konta (je\u015bli jest dost\u0119pne)<\/p>\n<\/li>\n<li data-start=\"486\" data-end=\"531\">\n<p data-start=\"488\" data-end=\"531\">Instrukcje krok po kroku, jak zalogowa\u0107 si\u0119 ponownie<\/p>\n<\/li>\n<\/ul>\n<p data-start=\"533\" data-end=\"564\">\ud83d\udca1 <strong data-start=\"536\" data-end=\"562\">Wa\u017cne informacje:<\/strong><\/p>\n<ul data-start=\"565\" data-end=\"787\">\n<li data-start=\"565\" data-end=\"660\">\n<p data-start=\"567\" data-end=\"660\">Po zakupie prosimy o przes\u0142anie numeru seryjnego urz\u0105dzenia oraz adresu e-mail \/ loginu do konta (je\u015bli jest znany).<\/p>\n<\/li>\n<li data-start=\"661\" data-end=\"712\">\n<p data-start=\"663\" data-end=\"712\">Us\u0142uga jest zazwyczaj realizowana w ci\u0105gu kilku godzin.<\/p>\n<\/li>\n<li data-start=\"713\" data-end=\"787\">\n<p data-start=\"715\" data-end=\"787\">\ud83d\udce7 <strong data-start=\"718\" data-end=\"785\">Jest to us\u0142uga cyfrowa \u2013 \u017caden fizyczny produkt nie zostanie wys\u0142any.<\/strong><\/p>\n<\/li>\n<\/ul>\n<p data-start=\"789\" data-end=\"919\">\u26a0\ufe0f <strong data-start=\"792\" data-end=\"801\">Uwaga:<\/strong> Ten produkt nie obejmuje odnowienia licencji ani nowej aktywacji. Jest przeznaczony wy\u0142\u0105cznie do resetowania has\u0142a lub odzyskiwania konta.<\/p>","protected":false},"excerpt":{"rendered":"<p class=\" translation-block\">Nie pami\u0119tasz has\u0142a lub nie mo\u017cesz uzyska\u0107 dost\u0119pu do swojego konta XDiag?<br data-start=\"595\" data-end=\"598\">Zam\u00f3w t\u0119 us\u0142ug\u0119, a my zresetujemy Twoje has\u0142o lub odzyskamy istniej\u0105ce konto.<\/p>","protected":false},"featured_media":5219,"template":"","meta":{"_seopress_robots_primary_cat":"none","_seopress_titles_title":"Password Reset & Account Recovery \u2013 Launch \/ XDiag","_seopress_titles_desc":"Forgot your password or can\u2019t access your Launch, XDiag account? Get our password reset and account recovery service \u2013 quick and reliable support.","_seopress_robots_index":"","_kad_blocks_custom_css":"","_kad_blocks_head_custom_js":"","_kad_blocks_body_custom_js":"","_kad_blocks_footer_custom_js":"","_kad_post_transparent":"default","_kad_post_title":"","_kad_post_layout":"default","_kad_post_sidebar_id":"","_kad_post_content_style":"default","_kad_post_vertical_padding":"default","_kad_post_feature":"","_kad_post_feature_position":"","_kad_post_header":false,"_kad_post_footer":false,"iawp_total_views":309},"product_cat":[32],"product_tag":[],"class_list":{"0":"post-3812","1":"product","2":"type-product","3":"status-publish","4":"has-post-thumbnail","6":"product_cat-digital-services","7":"product_shipping_class-shipping","9":"first","10":"instock","11":"virtual","12":"purchasable","13":"product-type-simple","14":"entry","15":"content-bg","16":"loop-entry"},"exclude_global_add_ons":false,"addons":[{"name":"Numer seryjny urz\u0105dzenia","type":"custom_text","position":0,"required":true,"title_format":"label","default":"","description_enable":false,"description":"","placeholder_enable":false,"placeholder":"","display":"select","restrictions_type":"only_numbers","adjust_price":false,"price":"","price_type":"flat_fee","restrictions":true,"min":"12","max":"12","options":[],"id":1756552004}],"taxonomy_info":{"product_cat":[{"value":32,"label":"Digital Services"}]},"featured_image_src_large":["https:\/\/xdiag.org\/wp-content\/uploads\/2025\/09\/Xdiag_password_rest.jpeg",600,600,false],"author_info":[],"comment_info":"","_links":{"self":[{"href":"https:\/\/xdiag.org\/pl\/wp-json\/wp\/v2\/product\/3812","targetHints":{"allow":["GET"]}}],"collection":[{"href":"https:\/\/xdiag.org\/pl\/wp-json\/wp\/v2\/product"}],"about":[{"href":"https:\/\/xdiag.org\/pl\/wp-json\/wp\/v2\/types\/product"}],"wp:featuredmedia":[{"embeddable":true,"href":"https:\/\/xdiag.org\/pl\/wp-json\/wp\/v2\/media\/5219"}],"wp:attachment":[{"href":"https:\/\/xdiag.org\/pl\/wp-json\/wp\/v2\/media?parent=3812"}],"wp:term":[{"taxonomy":"product_cat","embeddable":true,"href":"https:\/\/xdiag.org\/pl\/wp-json\/wp\/v2\/product_cat?post=3812"},{"taxonomy":"product_tag","embeddable":true,"href":"https:\/\/xdiag.org\/pl\/wp-json\/wp\/v2\/product_tag?post=3812"}],"curies":[{"name":"wp","href":"https:\/\/api.w.org\/{rel}","templated":true}]}}