{"id":448,"date":"2023-10-03T08:29:24","date_gmt":"2023-10-03T06:29:24","guid":{"rendered":"http:\/\/xdiag.org\/?post_type=product&#038;p=448"},"modified":"2026-04-25T10:23:29","modified_gmt":"2026-04-25T08:23:29","slug":"thinkcar-thinkdiag-2-obd","status":"publish","type":"product","link":"https:\/\/xdiag.org\/pl\/product\/thinkcar-thinkdiag-2-obd\/","title":{"rendered":"THINKCAR ThinkDiag 2 CAN-FD dwukierunkowy skaner diagnostyczny OBD2"},"content":{"rendered":"<p data-start=\"182\" data-end=\"510\" class=\" translation-block\">The <strong data-start=\"186\" data-end=\"201\">ThinkDiag 2<\/strong> to kompaktowe, a jednocze\u015bnie wydajne z\u0142\u0105cze diagnostyczne OBD2 Bluetooth, zaprojektowane z my\u015bl\u0105 o pe\u0142nej kompatybilno\u015bci z <strong data-start=\"306\" data-end=\"324\">oprogramowaniem Xdiag<\/strong>. Obs\u0142uga nowoczesnych protoko\u0142\u00f3w, takich jak <strong data-start=\"368\" data-end=\"378\">CAN-FD<\/strong>, stabilna <strong data-start=\"387\" data-end=\"417\">\u0142\u0105czno\u015b\u0107 Bluetooth 5.0<\/strong> oraz solidna konstrukcja zapewniaj\u0105 diagnostyk\u0119 na poziomie profesjonalnym w przeno\u015bnej formie.<\/p>\n<p data-start=\"512\" data-end=\"1089\">\ud83d\udd34 <strong data-start=\"515\" data-end=\"539\">Kompatybilno\u015b\u0107 CAN-FD<\/strong> \u2013 Umo\u017cliwia wydajn\u0105 komunikacj\u0119 danych w pojazdach nowej generacji.<br data-start=\"607\" data-end=\"610\" \/>\ud83d\udd34 <strong data-start=\"613\" data-end=\"640\">Bluetooth 5.0 w trybie podw\u00f3jnym<\/strong> \u2013 Zapewnia szybk\u0105, stabiln\u0105 i niezawodn\u0105 \u0142\u0105czno\u015b\u0107 bezprzewodow\u0105.<br data-start=\"698\" data-end=\"701\" \/>\ud83d\udd34 <strong data-start=\"704\" data-end=\"729\">Podw\u00f3jne diody sygnalizacyjne<\/strong> \u2013 Dwustronne wska\u017aniki zapewniaj\u0105 wyra\u017an\u0105 widoczno\u015b\u0107 stanu podczas pracy.<br data-start=\"805\" data-end=\"808\" \/>\ud83d\udd34 <strong data-start=\"811\" data-end=\"839\">W zestawie kabel danych OBD2<\/strong> \u2013 Kabel o d\u0142ugo\u015bci 0,65 m umo\u017cliwia elastyczne i wygodne u\u017cytkowanie diagnostyczne.<br data-start=\"900\" data-end=\"903\" \/>\ud83d\udd34 <strong data-start=\"906\" data-end=\"932\">Wy\u0142\u0105cznie dla serwera Xdiag<\/strong> \u2013 W pe\u0142ni zoptymalizowane pod k\u0105tem stabilnej pracy na platformie Xdiag.<br data-start=\"994\" data-end=\"997\" \/>\ud83d\udd34 <strong data-start=\"1000\" data-end=\"1019\">Wytrzyma\u0142a obudowa<\/strong> \u2013 Wykonane z ABS+PC z gumow\u0105 os\u0142on\u0105 TPU dla d\u0142ugotrwa\u0142ej niezawodno\u015bci.<\/p>\n<h3 data-start=\"1096\" data-end=\"1126\">Specyfikacje techniczne<\/h3>\n<ul data-start=\"1128\" data-end=\"1517\">\n<li data-start=\"1128\" data-end=\"1207\">\n<p data-start=\"1130\" data-end=\"1207\" class=\" translation-block\"><strong data-start=\"1130\" data-end=\"1155\">Kompatybilno\u015b\u0107 systemu:<\/strong> Urz\u0105dzenia z Androidem (7\u201313, Android 14 tylko 32-bitowy)<\/p>\n<\/li>\n<li data-start=\"1208\" data-end=\"1246\">\n<p data-start=\"1210\" data-end=\"1246\" class=\" translation-block\"><strong data-start=\"1210\" data-end=\"1224\">Bluetooth:<\/strong> 5.0 BLE i tryb podw\u00f3jny<\/p>\n<\/li>\n<li data-start=\"1247\" data-end=\"1281\">\n<p data-start=\"1249\" data-end=\"1281\" class=\" translation-block\"><strong data-start=\"1249\" data-end=\"1274\">Interfejs diagnostyczny:<\/strong> DB15<\/p>\n<\/li>\n<li data-start=\"1282\" data-end=\"1310\">\n<p data-start=\"1284\" data-end=\"1310\" class=\" translation-block\"><strong data-start=\"1284\" data-end=\"1304\">Napi\u0119cie robocze:<\/strong> 12V<\/p>\n<\/li>\n<li data-start=\"1311\" data-end=\"1353\">\n<p data-start=\"1313\" data-end=\"1353\" class=\" translation-block\"><strong data-start=\"1313\" data-end=\"1339\">Temperatura pracy:<\/strong> -10 \u2103 do 50 \u2103<\/p>\n<\/li>\n<li data-start=\"1354\" data-end=\"1394\">\n<p data-start=\"1356\" data-end=\"1394\" class=\" translation-block\"><strong data-start=\"1356\" data-end=\"1380\">Temperatura przechowywania:<\/strong> -20 \u2103 do 60 \u2103<\/p>\n<\/li>\n<li data-start=\"1395\" data-end=\"1433\">\n<p data-start=\"1397\" data-end=\"1433\" class=\" translation-block\"><strong data-start=\"1397\" data-end=\"1412\">Wymiary:<\/strong> 120,5 \u00d7 65 \u00d7 29 mm<\/p>\n<\/li>\n<li data-start=\"1434\" data-end=\"1468\">\n<p data-start=\"1436\" data-end=\"1468\" class=\" translation-block\"><strong data-start=\"1436\" data-end=\"1455\">Materia\u0142 obudowy:<\/strong> ABS+PC+TPU<\/p>\n<\/li>\n<li data-start=\"1469\" data-end=\"1517\">\n<p data-start=\"1471\" data-end=\"1517\" class=\" translation-block\"><strong data-start=\"1471\" data-end=\"1488\">D\u0142ugo\u015b\u0107 kabla:<\/strong> Kabel OBD2 o d\u0142ugo\u015bci 0,65 m w zestawie<\/p>\n<\/li>\n<\/ul>\n<p data-start=\"1524\" data-end=\"1768\">\u2705 <strong data-start=\"1526\" data-end=\"1539\">In short:<\/strong> The <strong data-start=\"1544\" data-end=\"1559\">ThinkDiag 2<\/strong> is an advanced OBD2 Bluetooth connector for <strong data-start=\"1604\" data-end=\"1619\">Xdiag users<\/strong>, delivering professional diagnostics, CAN-FD protocol support, and durable design \u2013 making it a reliable tool for workshops and enthusiasts alike.<\/p>","protected":false},"excerpt":{"rendered":"<p class=\" translation-block\">The <strong data-start=\"95\" data-end=\"110\">ThinkDiag 2<\/strong> to profesjonalne z\u0142\u0105cze diagnostyczne OBD2 Bluetooth, obs\u0142uguj\u0105ce <strong data-start=\"181\" data-end=\"200\">protok\u00f3\u0142 CAN-FD<\/strong> dla pojazd\u00f3w nowej generacji. Dzi\u0119ki <strong data-start=\"235\" data-end=\"252\" data-is-only-node=\"\">Bluetooth 5.0<\/strong>, dwustronnym diodom sygnalizacyjnym oraz do\u0142\u0105czonemu kablowi danych OBD2 zapewnia stabilne dzia\u0142anie i pracuje wy\u0142\u0105cznie na <strong data-start=\"379\" data-end=\"395\">serwerze Xdiag<\/strong>.<\/p>","protected":false},"featured_media":5183,"template":"","meta":{"_seopress_robots_primary_cat":"21","_seopress_titles_title":"Elevate Your Diagnostic Capabilities - THINKDIAG2: CAN-FD","_seopress_titles_desc":"Elevate Your Diagnostic Experience with THINKDIAG 2, Featuring CAN-FD Protocol Support and Bluetooth 5.0, Exclusively Operating on the Xdiag Server.","_seopress_robots_index":"","_kad_blocks_custom_css":"","_kad_blocks_head_custom_js":"","_kad_blocks_body_custom_js":"","_kad_blocks_footer_custom_js":"","_kad_post_transparent":"default","_kad_post_title":"","_kad_post_layout":"default","_kad_post_sidebar_id":"","_kad_post_content_style":"default","_kad_post_vertical_padding":"default","_kad_post_feature":"","_kad_post_feature_position":"","_kad_post_header":false,"_kad_post_footer":false,"iawp_total_views":924},"product_cat":[21,26],"product_tag":[],"class_list":{"0":"post-448","1":"product","2":"type-product","3":"status-publish","4":"has-post-thumbnail","6":"product_cat-connectors","7":"product_cat-xdiag","8":"pa_pc-obd-connector-a","10":"first","11":"instock","12":"shipping-taxable","13":"purchasable","14":"product-type-simple","15":"entry","16":"content-bg","17":"loop-entry"},"exclude_global_add_ons":[],"addons":[],"taxonomy_info":{"product_cat":[{"value":21,"label":"Connectors"},{"value":26,"label":"xdiag"}],"pa_pc-obd-connector":[{"value":34,"label":"a"}]},"featured_image_src_large":["https:\/\/xdiag.org\/wp-content\/uploads\/2025\/09\/Xdiag_ThinkDiag_2_1.jpg",600,600,false],"author_info":[],"comment_info":"","_links":{"self":[{"href":"https:\/\/xdiag.org\/pl\/wp-json\/wp\/v2\/product\/448","targetHints":{"allow":["GET"]}}],"collection":[{"href":"https:\/\/xdiag.org\/pl\/wp-json\/wp\/v2\/product"}],"about":[{"href":"https:\/\/xdiag.org\/pl\/wp-json\/wp\/v2\/types\/product"}],"wp:featuredmedia":[{"embeddable":true,"href":"https:\/\/xdiag.org\/pl\/wp-json\/wp\/v2\/media\/5183"}],"wp:attachment":[{"href":"https:\/\/xdiag.org\/pl\/wp-json\/wp\/v2\/media?parent=448"}],"wp:term":[{"taxonomy":"product_cat","embeddable":true,"href":"https:\/\/xdiag.org\/pl\/wp-json\/wp\/v2\/product_cat?post=448"},{"taxonomy":"product_tag","embeddable":true,"href":"https:\/\/xdiag.org\/pl\/wp-json\/wp\/v2\/product_tag?post=448"}],"curies":[{"name":"wp","href":"https:\/\/api.w.org\/{rel}","templated":true}]}}