{"id":449,"date":"2023-10-03T08:30:03","date_gmt":"2023-10-03T06:30:03","guid":{"rendered":"http:\/\/xdiag.org\/?post_type=product&#038;p=449"},"modified":"2026-02-15T21:12:01","modified_gmt":"2026-02-15T20:12:01","slug":"kingbolen-ediag-plus-canfd-protocol-ecu-coding-and-diagnostic-tool","status":"publish","type":"product","link":"https:\/\/xdiag.org\/pl\/product\/kingbolen-ediag-plus-canfd-protocol-ecu-coding-and-diagnostic-tool\/","title":{"rendered":"KINGBOLEN Ediag Plus narz\u0119dzie do diagnostyki i kodowania ECU z protoko\u0142em CANFD"},"content":{"rendered":"<h1 data-start=\"167\" data-end=\"239\">Kingbolen Ediag Plus \u2013 Kompaktowy z\u0142\u0105cze OBD2 Bluetooth do Xdiag<\/h1>\n<p data-start=\"241\" data-end=\"619\" class=\" translation-block\"><strong data-start=\"245\" data-end=\"269\">Kingbolen Ediag Plus<\/strong> to profesjonalne z\u0142\u0105cze diagnostyczne OBD2 Bluetooth, stworzone jako niezawodny klon ThinkDiag 2 i w pe\u0142ni kompatybilne z <strong data-start=\"401\" data-end=\"428\">Xdiag software platform<\/strong>. Oferuje zaawansowane funkcje, takie jak sterowanie dwukierunkowe, kodowanie ECU, obs\u0142uga protoko\u0142u CAN-FD oraz liczne resety serwisowe, stanowi\u0105c wydajne i ekonomiczne rozwi\u0105zanie diagnostyczne.<\/p>\n<h2 data-start=\"626\" data-end=\"652\">\ud83c\udf1f Najwa\u017cniejsze cechy produktu<\/h2>\n<p data-start=\"653\" data-end=\"1500\">\u2705 <strong data-start=\"655\" data-end=\"694\">Profesjonalny adapter OBD2 Bluetooth<\/strong> \u2013 Kompaktowa konstrukcja, \u0142atwy w u\u017cyciu w ka\u017cdym warsztacie<br data-start=\"740\" data-end=\"743\" \/>\u2705 <strong data-start=\"745\" data-end=\"768\">Kompatybilno\u015b\u0107 z Xdiag<\/strong> \u2013 W pe\u0142ni przetestowany i zoptymalizowany do pracy z oprogramowaniem Xdiag<br data-start=\"825\" data-end=\"828\" \/>\u2705 <strong data-start=\"830\" data-end=\"851\">Stabilne po\u0142\u0105czenie<\/strong> \u2013 Bluetooth 5.0\/5.1 w trybie podw\u00f3jnym dla szybkiej i niezawodnej komunikacji<br data-start=\"917\" data-end=\"920\" \/>\u2705 <strong data-start=\"922\" data-end=\"940\">Wytrzyma\u0142a obudowa<\/strong> \u2013 Wykonany z ABS+PC+TPU dla wysokiej trwa\u0142o\u015bci, z lampkami sygnalizacyjnymi<br data-start=\"1001\" data-end=\"1004\" \/>\u2705 <strong data-start=\"1006\" data-end=\"1024\">Wygodne u\u017cytkowanie<\/strong> \u2013 Zawiera kabel OBD2 o d\u0142ugo\u015bci 0,65 m dla lepszej elastyczno\u015bci<br data-start=\"1076\" data-end=\"1079\" \/>\u2705 <strong data-start=\"1081\" data-end=\"1099\">Obs\u0142uga CAN-FD<\/strong> \u2013 Dzia\u0142a z najnowszymi pojazdami GM (2020+) oraz platformami nowej generacji<br data-start=\"1161\" data-end=\"1164\" \/>\u2705 <strong data-start=\"1166\" data-end=\"1188\">Zaawansowane funkcje<\/strong> \u2013 Reset oleju, regeneracja DPF, kodowanie wtryskiwaczy, adaptacja baterii i wi\u0119cej (w zale\u017cno\u015bci od modelu pojazdu)<br data-start=\"1292\" data-end=\"1295\" \/>\u2705 <strong data-start=\"1297\" data-end=\"1336\">Sterowanie dwukierunkowe i kodowanie ECU<\/strong> \u2013 Wykonuje testy aktywne, adaptacje i kodowanie modu\u0142\u00f3w<br data-start=\"1391\" data-end=\"1394\" \/>\u2705 <strong data-start=\"1396\" data-end=\"1413\">Szerokie pokrycie<\/strong> \u2013 Obs\u0142uguje samochody osobowe, pojazdy elektryczne, hybrydy i pojazdy ci\u0119\u017ckie z pakietami Xdiag<\/p>\n<h2 data-start=\"1507\" data-end=\"1539\">Specyfikacje techniczne<\/h2>\n<ul data-start=\"1540\" data-end=\"1794\">\n<li data-start=\"1540\" data-end=\"1583\">\n<p data-start=\"1542\" data-end=\"1583\">Po\u0142\u0105czenie: Bluetooth 5.0\/5.1 tryb podw\u00f3jny<\/p>\n<\/li>\n<li data-start=\"1584\" data-end=\"1640\">\n<p data-start=\"1586\" data-end=\"1640\">Obs\u0142ugiwane systemy operacyjne: Android 7\u201313, Android 14 (tylko 32-bitowy)<\/p>\n<\/li>\n<li data-start=\"1641\" data-end=\"1712\">\n<p data-start=\"1643\" data-end=\"1712\">Protoko\u0142y: ISO9141, KWP2000, J1850 VPW, J1850 PWM, CAN, UDS, CAN-FD<\/p>\n<\/li>\n<li data-start=\"1713\" data-end=\"1769\">\n<p data-start=\"1715\" data-end=\"1769\">Materia\u0142 obudowy: ABS + PC + TPU z diodami LED<\/p>\n<\/li>\n<li data-start=\"1770\" data-end=\"1794\">\n<p data-start=\"1772\" data-end=\"1794\">D\u0142ugo\u015b\u0107 kabla: 0,65 m<\/p>\n<\/li>\n<\/ul>\n<h2 data-start=\"1801\" data-end=\"1825\">\u26a0\ufe0f Wa\u017cna informacja<\/h2>\n<p data-start=\"1826\" data-end=\"2000\">This connector does <strong data-start=\"1846\" data-end=\"1887\">not include Xdiag software or license<\/strong>.<br data-start=\"1888\" data-end=\"1891\" \/>\ud83d\udc49 You can choose and purchase your desired <strong data-start=\"1935\" data-end=\"1998\">Xdiag software package separately here: [<a href=\"https:\/\/xdiag.org\/xdiag-buy-subscription\/\">Buy Xdiag Package<\/a>]<\/strong><\/p>\n<h2 data-start=\"2007\" data-end=\"2031\">\ud83d\udce6 Zawarto\u015b\u0107 opakowania<\/h2>\n<p data-start=\"2032\" data-end=\"2129\">\u2714\ufe0f 1x Z\u0142\u0105cze OBD2 Bluetooth Kingbolen Ediag Plus<br data-start=\"2083\" data-end=\"2086\" \/>\u2714\ufe0f 1x Kabel OBD2 (0,65 m)<br data-start=\"2111\" data-end=\"2114\" \/>\u2714\ufe0f Instrukcja obs\u0142ugi<\/p>\n<h2 data-start=\"2136\" data-end=\"2176\">\ud83d\udca1 Dlaczego warto wybra\u0107 Kingbolen Ediag Plus?<\/h2>\n<ul data-start=\"2177\" data-end=\"2493\">\n<li data-start=\"2177\" data-end=\"2249\">\n<p data-start=\"2179\" data-end=\"2249\">Klon ThinkDiag 2 \u2013 ta sama funkcjonalno\u015b\u0107 w bardziej przyst\u0119pnej cenie<\/p>\n<\/li>\n<li data-start=\"2250\" data-end=\"2301\">\n<p data-start=\"2252\" data-end=\"2301\">W 100 % przetestowany z oprogramowaniem Xdiag przed wysy\u0142k\u0105<\/p>\n<\/li>\n<li data-start=\"2302\" data-end=\"2356\">\n<p data-start=\"2304\" data-end=\"2356\">Diagnostyka klasy profesjonalnej z obs\u0142ug\u0105 CAN-FD<\/p>\n<\/li>\n<li data-start=\"2357\" data-end=\"2439\">\n<p data-start=\"2359\" data-end=\"2439\">Kompatybilny z pakietami oprogramowania dla samochod\u00f3w osobowych, pojazd\u00f3w elektrycznych, hybrydowych i ci\u0119\u017ckich poprzez Xdiag<\/p>\n<\/li>\n<li data-start=\"2440\" data-end=\"2493\">\n<p data-start=\"2442\" data-end=\"2493\">Kompaktowy, wytrzyma\u0142y i gotowy do codziennego u\u017cytku w warsztacie<\/p>\n<\/li>\n<\/ul>\n<p data-start=\"2500\" data-end=\"2725\">\u2705 In short, the <strong data-start=\"2516\" data-end=\"2540\">Kingbolen Ediag Plus<\/strong> is a cost-effective alternative to the ThinkDiag 2, offering full <strong data-start=\"2607\" data-end=\"2630\">Xdiag compatibility<\/strong>, stable Bluetooth performance, and advanced diagnostic features in a compact OBD2 connector.<\/p>","protected":false},"excerpt":{"rendered":"<p class=\" translation-block\"><strong data-start=\"141\" data-end=\"165\">Kingbolen Ediag Plus<\/strong> to kompaktowe z\u0142\u0105cze diagnostyczne OBD2 Bluetooth, w pe\u0142ni kompatybilne z <strong data-start=\"238\" data-end=\"256\">Xdiag software<\/strong>. Obs\u0142uguje CAN-FD, sterowanie dwukierunkowe, kodowanie ECU oraz liczne resetowania serwisowe, oferuj\u0105c diagnostyk\u0119 na poziomie profesjonalnym w przyst\u0119pnej cenie. Przetestowany z Xdiag pod k\u0105tem stabilno\u015bci i niezawodno\u015bci, ten adapter idealnie nadaje si\u0119 do samochod\u00f3w, pojazd\u00f3w elektrycznych, hybrydowych i ci\u0119\u017ckich pojazd\u00f3w.<\/p>","protected":false},"featured_media":5150,"template":"","meta":{"_seopress_robots_primary_cat":"21","_seopress_titles_title":"KINGBOLEN Ediag Plus OBD2 Advanced Diagnostics Scanner","_seopress_titles_desc":"KINGBOLEN Ediag Plus: A Distinctive Automotive OBD2 Scanner Providing Exclusive CAN-FD Protocol Compatibility and Post-2020 GM Vehicle Support.","_seopress_robots_index":"","_kad_blocks_custom_css":"","_kad_blocks_head_custom_js":"","_kad_blocks_body_custom_js":"","_kad_blocks_footer_custom_js":"","_kad_post_transparent":"default","_kad_post_title":"","_kad_post_layout":"default","_kad_post_sidebar_id":"","_kad_post_content_style":"default","_kad_post_vertical_padding":"default","_kad_post_feature":"","_kad_post_feature_position":"","_kad_post_header":false,"_kad_post_footer":false,"iawp_total_views":962},"product_cat":[21,26],"product_tag":[],"class_list":{"0":"post-449","1":"product","2":"type-product","3":"status-publish","4":"has-post-thumbnail","6":"product_cat-connectors","7":"product_cat-xdiag","9":"first","10":"instock","11":"shipping-taxable","12":"purchasable","13":"product-type-simple","14":"entry","15":"content-bg","16":"loop-entry"},"exclude_global_add_ons":[],"addons":[],"taxonomy_info":{"product_cat":[{"value":21,"label":"Connectors"},{"value":26,"label":"xdiag"}]},"featured_image_src_large":["https:\/\/xdiag.org\/wp-content\/uploads\/2025\/09\/Xdiag_Ediag_Plus_1.jpg",600,600,false],"author_info":[],"comment_info":"","_links":{"self":[{"href":"https:\/\/xdiag.org\/pl\/wp-json\/wp\/v2\/product\/449","targetHints":{"allow":["GET"]}}],"collection":[{"href":"https:\/\/xdiag.org\/pl\/wp-json\/wp\/v2\/product"}],"about":[{"href":"https:\/\/xdiag.org\/pl\/wp-json\/wp\/v2\/types\/product"}],"wp:featuredmedia":[{"embeddable":true,"href":"https:\/\/xdiag.org\/pl\/wp-json\/wp\/v2\/media\/5150"}],"wp:attachment":[{"href":"https:\/\/xdiag.org\/pl\/wp-json\/wp\/v2\/media?parent=449"}],"wp:term":[{"taxonomy":"product_cat","embeddable":true,"href":"https:\/\/xdiag.org\/pl\/wp-json\/wp\/v2\/product_cat?post=449"},{"taxonomy":"product_tag","embeddable":true,"href":"https:\/\/xdiag.org\/pl\/wp-json\/wp\/v2\/product_tag?post=449"}],"curies":[{"name":"wp","href":"https:\/\/api.w.org\/{rel}","templated":true}]}}