{"id":5231,"date":"2025-09-28T18:41:33","date_gmt":"2025-09-28T16:41:33","guid":{"rendered":"https:\/\/xdiag.org\/?post_type=product&#038;p=5231"},"modified":"2025-11-15T18:03:52","modified_gmt":"2025-11-15T17:03:52","slug":"launch-doip-obd2-16-pin-adapter-cable","status":"publish","type":"product","link":"https:\/\/xdiag.org\/pl\/product\/launch-doip-obd2-16-pin-adapter-cable\/","title":{"rendered":"Launch DOIP OBD2 16 Pin Adapter Cable \u2013 Kompatybilny z DBScar VII"},"content":{"rendered":"<p data-start=\"200\" data-end=\"572\" class=\" translation-block\"><strong data-start=\"204\" data-end=\"231\">DOIP OBD2 Adapter Cable<\/strong> to akcesorium klasy profesjonalnej, stworzone do odblokowania zaawansowanej diagnostyki w pojazdach korzystaj\u0105cych ze standardu <strong data-start=\"325\" data-end=\"370\">DOIP (Diagnostics over Internet Protocol)<\/strong>.<br data-start=\"380\" data-end=\"383\">Zaprojektowany specjalnie do wsp\u00f3\u0142pracy ze z\u0142\u0105czami <strong data-start=\"418\" data-end=\"432\">DBScar VII<\/strong> oraz <strong data-start=\"437\" data-end=\"452\">ThinkDiag 2<\/strong>, gwarantuje stabiln\u0105 prac\u0119, szybk\u0105 komunikacj\u0119 i d\u0142ugotrwa\u0142\u0105 trwa\u0142o\u015b\u0107 w warunkach warsztatowych.<\/p>\n<h2 data-start=\"579\" data-end=\"603\">\u00a0Cechy produktu<\/h2>\n<p data-start=\"605\" data-end=\"888\">\u26ab W pe\u0142ni kompatybilny z <strong data-start=\"629\" data-end=\"643\">DBScar VII<\/strong> i <strong data-start=\"648\" data-end=\"663\">ThinkDiag 2<\/strong><br data-start=\"663\" data-end=\"666\" \/>\ud83d\udd34 Umo\u017cliwia diagnostyk\u0119 pojazd\u00f3w wymagaj\u0105cych <strong data-start=\"715\" data-end=\"732\">protok\u00f3\u0142 DOIP<\/strong><br data-start=\"732\" data-end=\"735\" \/>\u26ab Niezawodne po\u0142\u0105czenie OBD2 16-pin typu plug &amp; play<br data-start=\"780\" data-end=\"783\" \/>\ud83d\udd34 Przetestowane i zweryfikowane na <strong data-start=\"813\" data-end=\"831\">platforma Xdiag<\/strong><br data-start=\"831\" data-end=\"834\" \/>\u26ab Wykonany z wzmocnionych materia\u0142\u00f3w do intensywnego u\u017cytkowania<\/p>\n<h2 data-start=\"895\" data-end=\"919\">\u00a0Dlaczego DOIP ma znaczenie<\/h2>\n<p data-start=\"921\" data-end=\"1229\" class=\" translation-block\"><strong data-start=\"921\" data-end=\"966\">DOIP (Diagnostics over Internet Protocol)<\/strong> to najnowszy standard diagnostyczny w bran\u017cy motoryzacyjnej. W przeciwie\u0144stwie do tradycyjnych magistrali CAN, DOIP wykorzystuje Ethernet, oferuj\u0105c znacznie wi\u0119ksz\u0105 przepustowo\u015b\u0107 i szybsz\u0105 transmisj\u0119 danych. Czyni to go niezb\u0119dnym dla nowoczesnych pojazd\u00f3w z zaawansowanymi ECU i funkcjami.<\/p>\n<p data-start=\"1231\" data-end=\"1589\">\u26ab <strong data-start=\"1233\" data-end=\"1261\">Komunikacja o wysokiej pr\u0119dko\u015bci<\/strong> \u2013 Szybszy transfer danych w por\u00f3wnaniu do CAN.<br data-start=\"1301\" data-end=\"1304\" \/>\ud83d\udd34 <strong data-start=\"1307\" data-end=\"1332\">Wsparcie marek premium<\/strong> \u2013 Wymagane przez marki takie jak <strong data-start=\"1362\" data-end=\"1414\">BMW, Mercedes-Benz, Volvo, JLR, Porsche, VW\/Audi<\/strong>.<br data-start=\"1415\" data-end=\"1418\" \/>\u26ab <strong data-start=\"1420\" data-end=\"1439\">Zaawansowane kodowanie<\/strong> \u2013 Umo\u017cliwia programowanie ECU, aktualizacje oprogramowania oraz kodowanie online.<br data-start=\"1503\" data-end=\"1506\" \/>\ud83d\udd34 <strong data-start=\"1509\" data-end=\"1525\">Gotowy na przysz\u0142o\u015b\u0107<\/strong> \u2013 Zaprojektowane dla platform pojazd\u00f3w elektrycznych i hybrydowych o wysokich wymaganiach dotycz\u0105cych danych.<\/p>\n<h2 data-start=\"1596\" data-end=\"1620\">Zawarto\u015b\u0107 opakowania<\/h2>\n<p data-start=\"1622\" data-end=\"1651\">1 \u00d7 Kabel adaptera DOIP OBD2<\/p>\n<p data-start=\"1658\" data-end=\"1845\">\u2705 The <strong data-start=\"1664\" data-end=\"1691\">DOIP OBD2 Adapter Cable<\/strong> is an essential add-on for any workshop using Xdiag with DBScar VII or ThinkDiag 2, ensuring full compatibility with the latest vehicles and protocols.<\/p>","protected":false},"excerpt":{"rendered":"<p data-start=\"1680\" data-end=\"1985\" class=\" translation-block\"><strong data-start=\"1684\" data-end=\"1717\">Xdiag DOIP OBD2 Adapter Cable<\/strong> umo\u017cliwia diagnostyk\u0119 pojazd\u00f3w wykorzystuj\u0105cych protok\u00f3\u0142 DOIP, w tym BMW, Mercedes, Volvo, Porsche, JLR oraz VW\/Audi. Zaprojektowany do DBScar VII i ThinkDiag 2, zapewnia szybk\u0105 komunikacj\u0119 Ethernet, niezawodne kodowanie oraz kompatybilno\u015b\u0107 gotow\u0105 na przysz\u0142o\u015b\u0107 dla pojazd\u00f3w elektrycznych i hybrydowych.<\/p>\n<p>&nbsp;<\/p>","protected":false},"featured_media":5164,"template":"","meta":{"_seopress_robots_primary_cat":"24","_seopress_titles_title":"Xdiag DOIP OBD2 Adapter Cable \u2013 Supports BMW, Mercedes, Porsche, Volvo, JLR, VW\/Audi","_seopress_titles_desc":"Xdiag DOIP OBD2 Adapter Cable \u2013 designed for DBScar VII and ThinkDiag 2 connectors. Supports BMW, Mercedes, Volvo, Porsche, JLR, VW\/Audi with DOIP protocol for high-speed diagnostics, ECU coding, and online programming.","_seopress_robots_index":"","_kad_blocks_custom_css":"","_kad_blocks_head_custom_js":"","_kad_blocks_body_custom_js":"","_kad_blocks_footer_custom_js":"","_kad_post_transparent":"default","_kad_post_title":"","_kad_post_layout":"default","_kad_post_sidebar_id":"","_kad_post_content_style":"default","_kad_post_vertical_padding":"default","_kad_post_feature":"","_kad_post_feature_position":"","_kad_post_header":false,"_kad_post_footer":false,"iawp_total_views":287},"product_cat":[24,26],"product_tag":[40,39,47,42,41],"class_list":{"0":"post-5231","1":"product","2":"type-product","3":"status-publish","4":"has-post-thumbnail","6":"product_cat-cables","7":"product_cat-xdiag","8":"product_tag-dbscar-7","9":"product_tag-doip","10":"product_tag-doip-cable","11":"product_tag-obd2","12":"product_tag-xdiag-pro","14":"first","15":"instock","16":"shipping-taxable","17":"purchasable","18":"product-type-simple","19":"entry","20":"content-bg","21":"loop-entry"},"exclude_global_add_ons":[],"addons":[],"taxonomy_info":{"product_cat":[{"value":24,"label":"Cables"},{"value":26,"label":"xdiag"}],"product_tag":[{"value":40,"label":"DBSCAR 7"},{"value":39,"label":"DOIP"},{"value":47,"label":"doip cable"},{"value":42,"label":"OBD2"},{"value":41,"label":"XDIAG PRO"}]},"featured_image_src_large":["https:\/\/xdiag.org\/wp-content\/uploads\/2025\/09\/Launch_DOIP_Connector_3.jpg",600,600,false],"author_info":[],"comment_info":"","_links":{"self":[{"href":"https:\/\/xdiag.org\/pl\/wp-json\/wp\/v2\/product\/5231","targetHints":{"allow":["GET"]}}],"collection":[{"href":"https:\/\/xdiag.org\/pl\/wp-json\/wp\/v2\/product"}],"about":[{"href":"https:\/\/xdiag.org\/pl\/wp-json\/wp\/v2\/types\/product"}],"wp:featuredmedia":[{"embeddable":true,"href":"https:\/\/xdiag.org\/pl\/wp-json\/wp\/v2\/media\/5164"}],"wp:attachment":[{"href":"https:\/\/xdiag.org\/pl\/wp-json\/wp\/v2\/media?parent=5231"}],"wp:term":[{"taxonomy":"product_cat","embeddable":true,"href":"https:\/\/xdiag.org\/pl\/wp-json\/wp\/v2\/product_cat?post=5231"},{"taxonomy":"product_tag","embeddable":true,"href":"https:\/\/xdiag.org\/pl\/wp-json\/wp\/v2\/product_tag?post=5231"}],"curies":[{"name":"wp","href":"https:\/\/api.w.org\/{rel}","templated":true}]}}