{"id":5232,"date":"2025-09-28T18:53:27","date_gmt":"2025-09-28T16:53:27","guid":{"rendered":"https:\/\/xdiag.org\/?post_type=product&#038;p=5232"},"modified":"2026-03-17T14:41:52","modified_gmt":"2026-03-17T13:41:52","slug":"launch-obd2-dbscar-1","status":"publish","type":"product","link":"https:\/\/xdiag.org\/pl\/product\/launch-obd2-dbscar-1\/","title":{"rendered":"Obd2 Dbscar 1 X431"},"content":{"rendered":"<p data-start=\"176\" data-end=\"449\" class=\" translation-block\">The <strong data-start=\"180\" data-end=\"210\">DBScar 1 Bluetooth Adapter<\/strong> to kompaktowe i profesjonalne z\u0142\u0105cze OBD2 opracowane przez firm\u0119 Launch, w pe\u0142ni kompatybilne z <strong data-start=\"303\" data-end=\"321\">Xdiag platform<\/strong>. Bezproblemowo \u0142\u0105czy si\u0119 z tabletami i smartfonami z systemem Android, zapewniaj\u0105c stabiln\u0105 diagnostyk\u0119, przesy\u0142 danych na \u017cywo oraz dost\u0119p do ECU.<\/p>\n<p data-start=\"451\" data-end=\"886\">\u26ab <strong data-start=\"453\" data-end=\"479\">\u0141\u0105czno\u015b\u0107 Bluetooth<\/strong> \u2013 Wyposa\u017cony w <strong data-start=\"496\" data-end=\"513\">Bluetooth 4.2<\/strong>, oferuj\u0105c szybkie parowanie, stabilne po\u0142\u0105czenie i niskie zu\u017cycie energii.<br data-start=\"584\" data-end=\"587\" \/>\ud83d\udd34 <strong data-start=\"590\" data-end=\"607\">Tylko sprz\u0119t<\/strong> \u2013 Zawiera wy\u0142\u0105cznie adapter; licencja Xdiag jest kupowana oddzielnie.<br data-start=\"675\" data-end=\"678\" \/>\u26ab <strong data-start=\"680\" data-end=\"710\">Wst\u0119pnie przetestowane pod k\u0105tem niezawodno\u015bci<\/strong> \u2013 Ka\u017cdy DBScar 1 jest testowany przed wysy\u0142k\u0105, aby zapewni\u0107 bezb\u0142\u0119dn\u0105 komunikacj\u0119.<br data-start=\"787\" data-end=\"790\" \/>\ud83d\udd34 <strong data-start=\"793\" data-end=\"817\">Konstrukcja przystosowana do warsztatu<\/strong> \u2013 Wytrzyma\u0142a obudowa zaprojektowana do codziennego u\u017cytku w wymagaj\u0105cych warunkach.<\/p>\n<h2 data-start=\"893\" data-end=\"938\">\u00a0Obs\u0142ugiwane protoko\u0142y i dlaczego s\u0105 wa\u017cne<\/h2>\n<p data-start=\"940\" data-end=\"1073\" class=\" translation-block\">DBScar 1 obs\u0142uguje wszystkie niezb\u0119dne <strong data-start=\"976\" data-end=\"994\">OBD2 protocols<\/strong>, zapewniaj\u0105c szerok\u0105 kompatybilno\u015b\u0107 z samochodami osobowymi i lekkimi pojazdami u\u017cytkowymi na ca\u0142ym \u015bwiecie:<\/p>\n<p data-start=\"1075\" data-end=\"1648\">\u26ab <strong data-start=\"1077\" data-end=\"1090\">ISO9141-2<\/strong> \u2013 Powszechny w starszych pojazdach europejskich i azjatyckich; u\u017cywany do komunikacji z ECU.<br data-start=\"1161\" data-end=\"1164\" \/>\ud83d\udd34 <strong data-start=\"1167\" data-end=\"1189\">KWP2000 (ISO14230)<\/strong> \u2013 Szeroko stosowany w pojazdach z lat 2000; obs\u0142uguje zaawansowan\u0105 diagnostyk\u0119 ECU.<br data-start=\"1257\" data-end=\"1260\" \/>\u26ab <strong data-start=\"1262\" data-end=\"1279\">SAE J1850 VPW<\/strong> \u2013 Przeznaczony g\u0142\u00f3wnie dla pojazd\u00f3w GM na rynku ameryka\u0144skim.<br data-start=\"1325\" data-end=\"1328\" \/>\ud83d\udd34 <strong data-start=\"1331\" data-end=\"1348\">SAE J1850 PWM<\/strong> \u2013 Stosowany w pojazdach marki Ford, zw\u0142aszcza w Ameryce P\u00f3\u0142nocnej.<br data-start=\"1402\" data-end=\"1405\" \/>\u26ab <strong data-start=\"1407\" data-end=\"1425\">CAN (ISO15765)<\/strong> \u2013 Standard we wszystkich pojazdach wyprodukowanych po 2008 roku; diagnostyka wysokiej pr\u0119dko\u015bci i komunikacja z ECU.<br data-start=\"1512\" data-end=\"1515\" \/>\ud83d\udd34 <strong data-start=\"1518\" data-end=\"1555\">UDS (Unified Diagnostic Services)<\/strong> \u2013 Nowoczesny protok\u00f3\u0142 u\u017cywany przez VW, Audi, BMW, Mercedes i wiele innych marek do zaawansowanych funkcji.<\/p>\n<p data-start=\"1650\" data-end=\"1787\" class=\" translation-block\">Te protoko\u0142y zapewniaj\u0105, \u017ce DBScar 1 dzia\u0142a w <strong data-start=\"1704\" data-end=\"1746\">European, American, and Asian vehicles<\/strong>, obejmuj\u0105c miliony modeli na ca\u0142ym \u015bwiecie.<\/p>\n<h2 data-start=\"1794\" data-end=\"1835\">Cechy i specyfikacja produktu<\/h2>\n<p data-start=\"1837\" data-end=\"2220\">\u26ab <strong data-start=\"1839\" data-end=\"1853\">Po\u0142\u0105czenie<\/strong> \u2013 Z\u0142\u0105cze OBD2 16-pin z Micro USB do aktualizacji.<br data-start=\"1900\" data-end=\"1903\" \/>\ud83d\udd34 <strong data-start=\"1906\" data-end=\"1923\">Kompatybilno\u015b\u0107<\/strong> \u2013 Android 7\u201313 oraz Android 14 (wy\u0142\u0105cznie systemy 32-bitowe).<br data-start=\"1977\" data-end=\"1980\" \/>\u26ab <strong data-start=\"1982\" data-end=\"1998\">Zasilanie<\/strong> \u2013 Napi\u0119cie robocze 9\u201315 V.<br data-start=\"2026\" data-end=\"2029\" \/>\ud83d\udd34 <strong data-start=\"2032\" data-end=\"2051\">Working Current<\/strong> \u2013 &lt; 30 mA (niskie zu\u017cycie energii).<br data-start=\"2086\" data-end=\"2089\" \/>\u26ab <strong data-start=\"2091\" data-end=\"2109\">Operating Temp<\/strong> \u2013 \u201310 \u00b0C to 55 \u00b0C.<br data-start=\"2128\" data-end=\"2131\" \/>\ud83d\udd34 <strong data-start=\"2134\" data-end=\"2150\">Storage Temp<\/strong> \u2013 \u201320 \u00b0C to 70 \u00b0C.<br data-start=\"2169\" data-end=\"2172\" \/>\u26ab <strong data-start=\"2174\" data-end=\"2194\">Firmware Updates<\/strong> \u2013 Przez Bluetooth lub USB.<\/p>\n<h2 data-start=\"2227\" data-end=\"2251\">Wa\u017cna informacja<\/h2>\n<p data-start=\"2253\" data-end=\"2405\">This adapter does <strong data-start=\"2271\" data-end=\"2278\">not<\/strong> include Xdiag software or license.<br data-start=\"2313\" data-end=\"2316\" \/>\ud83d\udc49 You can purchase your desired <strong data-start=\"2349\" data-end=\"2366\">Xdiag package<\/strong> separately here: [<a href=\"https:\/\/xdiag.org\/xdiag-buy-subscription\/\">Buy Xdiag Package<\/a>]<\/p>\n<hr data-start=\"2407\" data-end=\"2410\" \/>\n<h2 data-start=\"2412\" data-end=\"2427\">\u2705 W skr\u00f3cie<\/h2>\n<p data-start=\"2429\" data-end=\"2741\" class=\" translation-block\">The <strong data-start=\"2433\" data-end=\"2463\">DBScar 1 Bluetooth Adapter<\/strong> to ekonomiczne i sprawdzone rozwi\u0105zanie OBD2. Dzi\u0119ki <strong data-start=\"2515\" data-end=\"2532\">Bluetooth 4.2<\/strong>, pe\u0142nej obs\u0142udze <strong data-start=\"2551\" data-end=\"2600\">ISO9141, KWP2000, J1850 VPW\/PWM, CAN, and UDS<\/strong> oraz bezproblemowej integracji z <strong data-start=\"2636\" data-end=\"2654\">Xdiag platform<\/strong>, jest to idealny wyb\u00f3r dla warsztat\u00f3w i zaawansowanych u\u017cytkownik\u00f3w poszukuj\u0105cych niezawodnej diagnostyki.<\/p>","protected":false},"excerpt":{"rendered":"<p class=\" translation-block\">The <strong data-start=\"170\" data-end=\"200\">DBScar 1 Bluetooth Adapter<\/strong> to kompaktowe i niezawodne z\u0142\u0105cze OBD2 zaprojektowane dla <strong data-start=\"259\" data-end=\"277\">Xdiag platform<\/strong>. Dzi\u0119ki <strong data-start=\"284\" data-end=\"301\">Bluetooth 4.2<\/strong> oraz obs\u0142udze g\u0142\u00f3wnych protoko\u0142\u00f3w diagnostycznych (ISO9141, KWP2000, J1850 VPW\/PWM, CAN, UDS) zapewnia stabiln\u0105 komunikacj\u0119, szerokie pokrycie pojazd\u00f3w i wydajno\u015b\u0107 klasy profesjonalnej.<\/p>","protected":false},"featured_media":5157,"template":"","meta":{"_seopress_robots_primary_cat":"21","_seopress_titles_title":"DBScar 1 Bluetooth OBD2 Adapter for Xdiag \u2013 Full Protocol Support, Stable Connection","_seopress_titles_desc":"DBScar 1 Bluetooth Adapter for Xdiag \u2013 a compact OBD2 connector with Bluetooth 4.2 and full protocol support (ISO9141, KWP2000, J1850, CAN, UDS). Ideal for workshops and advanced users. Reliable, tested, and ready for professional diagnostics.","_seopress_robots_index":"","_kad_blocks_custom_css":"","_kad_blocks_head_custom_js":"","_kad_blocks_body_custom_js":"","_kad_blocks_footer_custom_js":"","_kad_post_transparent":"default","_kad_post_title":"","_kad_post_layout":"default","_kad_post_sidebar_id":"","_kad_post_content_style":"default","_kad_post_vertical_padding":"default","_kad_post_feature":"","_kad_post_feature_position":"","_kad_post_header":false,"_kad_post_footer":false,"iawp_total_views":546},"product_cat":[21,26],"product_tag":[48,49,50,42,52],"class_list":{"0":"post-5232","1":"product","2":"type-product","3":"status-publish","4":"has-post-thumbnail","6":"product_cat-connectors","7":"product_cat-xdiag","8":"product_tag-dbscar","9":"product_tag-dbscar-1","10":"product_tag-launch-x431","11":"product_tag-obd2","12":"product_tag-xdiag-obd","14":"first","15":"instock","16":"shipping-taxable","17":"purchasable","18":"product-type-simple","19":"entry","20":"content-bg","21":"loop-entry"},"exclude_global_add_ons":[],"addons":[],"taxonomy_info":{"product_cat":[{"value":21,"label":"Connectors"},{"value":26,"label":"xdiag"}],"product_tag":[{"value":48,"label":"Dbscar"},{"value":49,"label":"Dbscar 1"},{"value":50,"label":"Launch X431"},{"value":42,"label":"OBD2"},{"value":52,"label":"Xdiag obd"}]},"featured_image_src_large":["https:\/\/xdiag.org\/wp-content\/uploads\/2025\/09\/Launch_Dbscar_1_2.jpg",600,600,false],"author_info":[],"comment_info":"","_links":{"self":[{"href":"https:\/\/xdiag.org\/pl\/wp-json\/wp\/v2\/product\/5232","targetHints":{"allow":["GET"]}}],"collection":[{"href":"https:\/\/xdiag.org\/pl\/wp-json\/wp\/v2\/product"}],"about":[{"href":"https:\/\/xdiag.org\/pl\/wp-json\/wp\/v2\/types\/product"}],"wp:featuredmedia":[{"embeddable":true,"href":"https:\/\/xdiag.org\/pl\/wp-json\/wp\/v2\/media\/5157"}],"wp:attachment":[{"href":"https:\/\/xdiag.org\/pl\/wp-json\/wp\/v2\/media?parent=5232"}],"wp:term":[{"taxonomy":"product_cat","embeddable":true,"href":"https:\/\/xdiag.org\/pl\/wp-json\/wp\/v2\/product_cat?post=5232"},{"taxonomy":"product_tag","embeddable":true,"href":"https:\/\/xdiag.org\/pl\/wp-json\/wp\/v2\/product_tag?post=5232"}],"curies":[{"name":"wp","href":"https:\/\/api.w.org\/{rel}","templated":true}]}}