{"id":956,"date":"2023-10-10T16:52:50","date_gmt":"2023-10-10T14:52:50","guid":{"rendered":"http:\/\/xdiag.org\/?post_type=product&#038;p=956"},"modified":"2026-04-20T00:25:33","modified_gmt":"2026-04-19T22:25:33","slug":"xdiag-x431-adapter-obd2-connector","status":"publish","type":"product","link":"https:\/\/xdiag.org\/pl\/product\/xdiag-x431-adapter-obd2-connector\/","title":{"rendered":"Adapter do ci\u0119\u017car\u00f3wek ci\u0119\u017ckich do z\u0142\u0105cza OBD2"},"content":{"rendered":"<p data-start=\"126\" data-end=\"418\" class=\" translation-block\"><strong data-start=\"130\" data-end=\"165\">24V to 12V Diagnostic Converter<\/strong> to profesjonalne narz\u0119dzie dla warsztat\u00f3w pracuj\u0105cych z ci\u0119\u017car\u00f3wkami, autobusami, pickupami i innymi pojazdami 24V. Bezpiecznie konwertuje napi\u0119cie i dostosowuje protoko\u0142y komunikacyjne, umo\u017cliwiaj\u0105c <img role=\"img\" class=\"emoji\" alt=\"\ud83d\udd34\" src=\"https:\/\/s.w.org\/images\/core\/emoji\/17.0.2\/svg\/1f534.svg\"> narz\u0119dziom diagnostycznym OBD2 (12V) bezproblemowe pod\u0142\u0105czanie i prac\u0119 w systemach 24V.<\/p>\n<p>\ud83d\udd34 <strong>Konwersja napi\u0119cia dla interfejsu diagnostycznego<\/strong> \u2013 Konwertuje systemy pojazd\u00f3w 24V na 12V, umo\u017cliwiaj\u0105c bezpieczne u\u017cycie sprz\u0119tu diagnostycznego.<\/p>\n<p>\ud83d\udd34 <strong data-start=\"555\" data-end=\"592\">Konwersja protoko\u0142u komunikacyjnego<\/strong> \u2013 Konwertuje ci\u0119\u017car\u00f3wki 24V <strong data-start=\"616\" data-end=\"626\">K-Line<\/strong> konwertuj\u0105c komunikacj\u0119 na 12V K-Line, zapewniaj\u0105c p\u0142ynn\u0105 diagnostyk\u0119.<\/p>\n<p data-start=\"690\" data-end=\"818\">\ud83d\udd34 <strong data-start=\"693\" data-end=\"721\">Wska\u017anik napi\u0119cia wej\u015bciowego<\/strong> \u2013 Ekran wyra\u017anie wy\u015bwietla <em data-start=\"752\" data-end=\"763\">wej\u015bcie 24V<\/em> z podniesionym przyciskiem prze\u0142\u0105cznika dla natychmiastowego rozpoznania.<\/p>\n<p data-start=\"820\" data-end=\"941\">\ud83d\udd34 <strong data-start=\"823\" data-end=\"852\">Wska\u017anik napi\u0119cia wyj\u015bciowego<\/strong> \u2013 Pokazuje <em data-start=\"861\" data-end=\"873\">wyj\u015bcie 12V<\/em> z wci\u015bni\u0119tym przyciskiem prze\u0142\u0105cznika, aby potwierdzi\u0107 aktywn\u0105 konwersj\u0119.<\/p>\n<p data-start=\"943\" data-end=\"1074\"><strong data-start=\"946\" data-end=\"980\">\ud83d\udd34Wska\u017anik stanu komunikacji<\/strong> \u2013 Dioda kontrolna pokazuje stan komunikacji w czasie rzeczywistym mi\u0119dzy pojazdem a narz\u0119dziem diagnostycznym.<\/p>\n<h3 data-start=\"1081\" data-end=\"1113\">Dlaczego warto wybra\u0107 ten konwerter?<\/h3>\n<p data-start=\"1115\" data-end=\"1393\">\ud83d\udd34 Rozszerza kompatybilno\u015b\u0107 narz\u0119dzi OBD2 na <strong data-start=\"1153\" data-end=\"1169\">pojazdy 24V<\/strong><br data-start=\"1169\" data-end=\"1172\" \/>\ud83d\udd34 Gwarantuje <strong data-start=\"1186\" data-end=\"1224\">bezpieczn\u0105 i stabiln\u0105 konwersj\u0119 napi\u0119cia<\/strong><br data-start=\"1224\" data-end=\"1227\" \/>\ud83d\udd34 Zapewnia <strong data-start=\"1239\" data-end=\"1266\">czytelne wska\u017aniki wizualne<\/strong> dla wej\u015bcia, wyj\u015bcia i komunikacji<br data-start=\"1303\" data-end=\"1306\" \/>\ud83d\udd34 Idealny dla profesjonalnych warsztat\u00f3w obs\u0142uguj\u0105cych <strong data-start=\"1351\" data-end=\"1391\">samochody, pickupy i ci\u0119\u017car\u00f3wki du\u017cej \u0142adowno\u015bci<\/strong><\/p>\n<p data-start=\"1400\" data-end=\"1621\" class=\" translation-block\"><strong data-start=\"1402\" data-end=\"1415\">In short:<\/strong> <strong data-start=\"1420\" data-end=\"1455\">24V to 12V Diagnostic Converter<\/strong> to niezb\u0119dne akcesorium dla technik\u00f3w, kt\u00f3rzy potrzebuj\u0105 niezawodnej diagnostyki na <strong data-start=\"1535\" data-end=\"1558\">12V and 24V systems<\/strong>, zapewniaj\u0105c bezpiecze\u0144stwo, kompatybilno\u015b\u0107 i bezb\u0142\u0119dn\u0105 komunikacj\u0119.<\/p>","protected":false},"excerpt":{"rendered":"<p class=\" translation-block\"><strong data-start=\"95\" data-end=\"146\">Godiag GT106 Heavy Truck Power Module Converter<\/strong> bezpiecznie konwertuje systemy 24V w ci\u0119\u017car\u00f3wkach oraz komunikacj\u0119 K-Line na 12V, umo\u017cliwiaj\u0105c korzystanie ze sprz\u0119tu diagnostycznego w pojazdach ci\u0119\u017ckich bez ryzyka uszkodzenia narz\u0119dzi diagnostycznych 12V.<\/p>","protected":false},"featured_media":5153,"template":"","meta":{"_seopress_robots_primary_cat":"25","_seopress_titles_title":"Godiag GT106 Heavy Truck Power Module Converter","_seopress_titles_desc":"Discover the Godiag GT106 Heavy Truck Power Module Converter in seamlessly converting a truck's 24v K-Line communication protocol to a 12v K-Line.","_seopress_robots_index":"","_kad_blocks_custom_css":"","_kad_blocks_head_custom_js":"","_kad_blocks_body_custom_js":"","_kad_blocks_footer_custom_js":"","_kad_post_transparent":"default","_kad_post_title":"","_kad_post_layout":"default","_kad_post_sidebar_id":"","_kad_post_content_style":"default","_kad_post_vertical_padding":"default","_kad_post_feature":"","_kad_post_feature_position":"","_kad_post_header":false,"_kad_post_footer":false,"iawp_total_views":265},"product_cat":[25,26],"product_tag":[],"class_list":{"0":"post-956","1":"product","2":"type-product","3":"status-publish","4":"has-post-thumbnail","6":"product_cat-adapters","7":"product_cat-xdiag","9":"first","10":"instock","11":"shipping-taxable","12":"purchasable","13":"product-type-simple","14":"entry","15":"content-bg","16":"loop-entry"},"exclude_global_add_ons":[],"addons":[],"taxonomy_info":{"product_cat":[{"value":25,"label":"Adapters"},{"value":26,"label":"xdiag"}]},"featured_image_src_large":["https:\/\/xdiag.org\/wp-content\/uploads\/2025\/09\/Xdiag_Godiag-GT106_Plus_1.jpg",600,600,false],"author_info":[],"comment_info":"","_links":{"self":[{"href":"https:\/\/xdiag.org\/pl\/wp-json\/wp\/v2\/product\/956","targetHints":{"allow":["GET"]}}],"collection":[{"href":"https:\/\/xdiag.org\/pl\/wp-json\/wp\/v2\/product"}],"about":[{"href":"https:\/\/xdiag.org\/pl\/wp-json\/wp\/v2\/types\/product"}],"wp:featuredmedia":[{"embeddable":true,"href":"https:\/\/xdiag.org\/pl\/wp-json\/wp\/v2\/media\/5153"}],"wp:attachment":[{"href":"https:\/\/xdiag.org\/pl\/wp-json\/wp\/v2\/media?parent=956"}],"wp:term":[{"taxonomy":"product_cat","embeddable":true,"href":"https:\/\/xdiag.org\/pl\/wp-json\/wp\/v2\/product_cat?post=956"},{"taxonomy":"product_tag","embeddable":true,"href":"https:\/\/xdiag.org\/pl\/wp-json\/wp\/v2\/product_tag?post=956"}],"curies":[{"name":"wp","href":"https:\/\/api.w.org\/{rel}","templated":true}]}}