{"id":957,"date":"2023-10-10T16:54:26","date_gmt":"2023-10-10T14:54:26","guid":{"rendered":"http:\/\/xdiag.org\/?post_type=product&#038;p=957"},"modified":"2026-03-17T14:41:54","modified_gmt":"2026-03-17T13:41:54","slug":"launch-diagnostic-extender-connector","status":"publish","type":"product","link":"https:\/\/xdiag.org\/pl\/product\/launch-diagnostic-extender-connector\/","title":{"rendered":"Przed\u0142u\u017cacz OBDII Launch, pe\u0142ne z\u0142\u0105cze OBD 16-pin m\u0119skie\u2013\u017ce\u0144skie, diagnostyczny kabel przed\u0142u\u017caj\u0105cy do samochod\u00f3w, kompatybilny z ELM327 OBD2 (36 cm \/ 14,2 cala)"},"content":{"rendered":"<h1 data-start=\"171\" data-end=\"237\">Przed\u0142u\u017cacz OBDII 16-pin \u2013 Praktyczne i trwa\u0142e rozwi\u0105zanie<\/h1>\n<p data-start=\"239\" data-end=\"571\">Przed\u0142u\u017cacz OBDII 16-pin zosta\u0142 zaprojektowany w celu ochrony oryginalnego portu OBD2 w poje\u017adzie oraz zwi\u0119kszenia wygody diagnostyki. Dzi\u0119ki p\u0142askiej konstrukcji ta\u015bmowej i elastycznemu wykonaniu umo\u017cliwia umieszczenie adaptera diagnostycznego dok\u0142adnie tam, gdzie jest potrzebny, zapobiegaj\u0105c ci\u0105g\u0142ym napr\u0119\u017ceniom i zu\u017cyciu fabrycznego z\u0142\u0105cza pojazdu.<\/p>\n<h2 data-start=\"573\" data-end=\"593\">\ud83c\udf1f Kluczowe cechy<\/h2>\n<p data-start=\"594\" data-end=\"1230\">\u2705 <strong data-start=\"596\" data-end=\"626\">Protects Your Vehicle Port<\/strong> \u2013 Reduces wear and tear on the OBD2 connector and on the connected diagnostic device<br data-start=\"711\" data-end=\"714\" \/>\u2705 <strong data-start=\"716\" data-end=\"731\">Easy Access<\/strong> \u2013 Available in 36 cm and 60 cm lengths for easier reach to hidden or hard-to-access connectors<br data-start=\"826\" data-end=\"829\" \/>\u2705 <strong data-start=\"831\" data-end=\"858\">Universal Compatibility<\/strong> \u2013 Works with all 16-pin OBD2 devices, fully supporting standard OBD2 protocols including CAN bus<br data-start=\"955\" data-end=\"958\" \/>\u2705 <strong data-start=\"960\" data-end=\"982\">Flexible &amp; Durable<\/strong> \u2013 High-quality PTU material ensures long-lasting durability while maintaining flexibility<br data-start=\"1072\" data-end=\"1075\" \/>\u2705 <strong data-start=\"1077\" data-end=\"1093\">Smart Design<\/strong> \u2013 Flat ribbon structure saves space and allows easy cable routing; male and female connectors are color-coded for quick identification<\/p>\n<h2 data-start=\"1232\" data-end=\"1254\">\ud83d\udd27 Specyfikacje<\/h2>\n<p data-start=\"1255\" data-end=\"1577\" class=\" translation-block\">Typ z\u0142\u0105cza: Standardowe OBDII 16-pin (m\u0119skie\u2013\u017ce\u0144skie)<br data-start=\"1309\" data-end=\"1312\">D\u0142ugo\u015b\u0107 kabla: 36 cm \/ 60 cm (w zale\u017cno\u015bci od modelu)<br data-start=\"1360\" data-end=\"1363\">Materia\u0142: Wysokiej jako\u015bci elastyczna konstrukcja ta\u015bmowa z PTU<br data-start=\"1412\" data-end=\"1415\">Kompatybilno\u015b\u0107: Dzia\u0142a ze wszystkimi skanerami i adapterami diagnostycznymi OBD2 (w tym DBScar 5\/7, Ediag+, ThinkDiag 2, SmartLink C 2.0, urz\u0105dzeniami kompatybilnymi z Xdiag itd.)<\/p>\n<h2 data-start=\"1579\" data-end=\"1605\">\ud83d\udce6 Zawarto\u015b\u0107 zestawu<\/h2>\n<p data-start=\"1606\" data-end=\"1642\">\u2714\ufe0f 1x Przed\u0142u\u017cacz OBDII 16-pin<\/p>\n<p data-start=\"1644\" data-end=\"1859\">\u2705 Kr\u00f3tko m\u00f3wi\u0105c, przed\u0142u\u017cacz OBDII 16-pin to idealne akcesorium do ka\u017cdego zestawu diagnostycznego, kt\u00f3re chroni port OBD2, poprawia dost\u0119pno\u015b\u0107 i zapewnia d\u0142ugoterminow\u0105 niezawodno\u015b\u0107 z ka\u017cdym narz\u0119dziem diagnostycznym OBD2.<\/p>\n<p>&nbsp;<\/p>","protected":false},"excerpt":{"rendered":"<p>Kabel ten s\u0142u\u017cy do po\u0142\u0105czenia portu OBD2 pojazdu z Launch X431 V, V+ lub 5C PRO. Jest przeznaczony g\u0142\u00f3wnie jako przed\u0142u\u017cenie i nie jest wymagany do standardowych procedur operacyjnych.<\/p>\n<p>&nbsp;<\/p>","protected":false},"featured_media":5141,"template":"","meta":{"_seopress_robots_primary_cat":"24","_seopress_titles_title":"Enhance Connectivity with the Launch X431 Extension Cable","_seopress_titles_desc":"Maximize Diagnostic Efficiency with the Extension Cable Engineered for Seamless Connection between Your Vehicle's OBD2 Port and Launch X431 V, V+, or 5C PRO.","_seopress_robots_index":"","_kad_blocks_custom_css":"","_kad_blocks_head_custom_js":"","_kad_blocks_body_custom_js":"","_kad_blocks_footer_custom_js":"","_kad_post_transparent":"default","_kad_post_title":"","_kad_post_layout":"default","_kad_post_sidebar_id":"","_kad_post_content_style":"default","_kad_post_vertical_padding":"default","_kad_post_feature":"","_kad_post_feature_position":"","_kad_post_header":false,"_kad_post_footer":false,"iawp_total_views":52},"product_cat":[24,26],"product_tag":[],"class_list":{"0":"post-957","1":"product","2":"type-product","3":"status-publish","4":"has-post-thumbnail","6":"product_cat-cables","7":"product_cat-xdiag","9":"first","10":"instock","11":"shipping-taxable","12":"purchasable","13":"product-type-simple","14":"entry","15":"content-bg","16":"loop-entry"},"exclude_global_add_ons":[],"addons":[],"taxonomy_info":{"product_cat":[{"value":24,"label":"Cables"},{"value":26,"label":"xdiag"}]},"featured_image_src_large":["https:\/\/xdiag.org\/wp-content\/uploads\/2025\/09\/Xdiag_16pin_to_16pin_OB2_cable_1.jpg",600,600,false],"author_info":[],"comment_info":"","_links":{"self":[{"href":"https:\/\/xdiag.org\/pl\/wp-json\/wp\/v2\/product\/957","targetHints":{"allow":["GET"]}}],"collection":[{"href":"https:\/\/xdiag.org\/pl\/wp-json\/wp\/v2\/product"}],"about":[{"href":"https:\/\/xdiag.org\/pl\/wp-json\/wp\/v2\/types\/product"}],"wp:featuredmedia":[{"embeddable":true,"href":"https:\/\/xdiag.org\/pl\/wp-json\/wp\/v2\/media\/5141"}],"wp:attachment":[{"href":"https:\/\/xdiag.org\/pl\/wp-json\/wp\/v2\/media?parent=957"}],"wp:term":[{"taxonomy":"product_cat","embeddable":true,"href":"https:\/\/xdiag.org\/pl\/wp-json\/wp\/v2\/product_cat?post=957"},{"taxonomy":"product_tag","embeddable":true,"href":"https:\/\/xdiag.org\/pl\/wp-json\/wp\/v2\/product_tag?post=957"}],"curies":[{"name":"wp","href":"https:\/\/api.w.org\/{rel}","templated":true}]}}