{"id":958,"date":"2023-10-10T17:04:05","date_gmt":"2023-10-10T15:04:05","guid":{"rendered":"http:\/\/xdiag.org\/?post_type=product&#038;p=958"},"modified":"2025-10-11T10:44:23","modified_gmt":"2025-10-11T08:44:23","slug":"launch-x-431-tire-pressure-detector","status":"publish","type":"product","link":"https:\/\/xdiag.org\/pl\/product\/launch-x-431-tire-pressure-detector\/","title":{"rendered":"Launch X431 TSGUN TPMS Tire Pressure Detector \u2013 Narz\u0119dzie diagnostyczne TPMS do aktywacji, uczenia i programowania czujnik\u00f3w, kompatybilne z X431 V \/ V+ \/ PRO3S+ \/ PAD V \/ PAD II"},"content":{"rendered":"<p data-start=\"214\" data-end=\"540\" class=\" translation-block\">The <strong data-start=\"218\" data-end=\"233\">Xdiag TSGUN<\/strong> to profesjonalne, r\u0119czne narz\u0119dzie TPMS (system monitorowania ci\u015bnienia w oponach), zaprojektowane do bezproblemowej integracji z urz\u0105dzeniami diagnostycznymi obs\u0142uguj\u0105cymi oprogramowanie Xdiag. Kompaktowe, przeno\u015bne i wydajne, zapewnia pe\u0142n\u0105 diagnostyk\u0119 TPMS, aktywacj\u0119 czujnik\u00f3w, programowanie oraz uczenie \u2013 wszystko w jednym urz\u0105dzeniu.<\/p>\n<p data-start=\"542\" data-end=\"641\">\ud83d\udd34 <strong data-start=\"545\" data-end=\"571\">Kolorowy wy\u015bwietlacz 1,77 cala<\/strong> \u2013 Jasny i czytelny wy\u015bwietlacz zapewniaj\u0105cy \u0142atwy odczyt podczas diagnostyki.<\/p>\n<p data-start=\"643\" data-end=\"740\">\ud83d\udd34 <strong data-start=\"646\" data-end=\"672\">Dane o oponach w czasie rzeczywistym<\/strong> \u2013 Natychmiast odczytuje ci\u015bnienie w oponach, temperatur\u0119 oraz stan baterii.<\/p>\n<p data-start=\"742\" data-end=\"843\">\ud83d\udd34 <strong data-start=\"745\" data-end=\"771\">Diagnostyka usterek TPMS<\/strong> \u2013 Precyzyjnie wykrywa i usuwa kody usterek ci\u015bnienia w oponach (DTC).<\/p>\n<p data-start=\"845\" data-end=\"955\">\ud83d\udd34 <strong data-start=\"848\" data-end=\"880\">Aktywacja i parowanie czujnik\u00f3w<\/strong> \u2013 Aktywuje i paruje czujniki na cz\u0119stotliwo\u015bciach 315 MHz oraz 433 MHz.<\/p>\n<p data-start=\"957\" data-end=\"1059\">\ud83d\udd34 <strong data-start=\"960\" data-end=\"986\">Zarz\u0105dzanie danymi czujnik\u00f3w<\/strong> \u2013 Szybko odczytuje, kopiuje i zapisuje identyfikatory czujnik\u00f3w dla efektywnej obs\u0142ugi.<\/p>\n<p data-start=\"1061\" data-end=\"1173\">\ud83d\udd34 <strong data-start=\"1064\" data-end=\"1096\">Nieograniczone programowanie czujnik\u00f3w<\/strong> \u2013 Programuje dedykowane czujniki bez ogranicze\u0144 liczby cykli przeprogramowania.<\/p>\n<p data-start=\"1175\" data-end=\"1287\">\ud83d\udd34 <strong data-start=\"1178\" data-end=\"1212\">Wbudowane instrukcje uczenia<\/strong> \u2013 Upraszcza procedury uczenia czujnik\u00f3w TPMS dzi\u0119ki instrukcjom krok po kroku.<\/p>\n<p data-start=\"1289\" data-end=\"1379\">\ud83d\udd34 <strong data-start=\"1292\" data-end=\"1322\">Szeroki zakres obs\u0142ugi pojazd\u00f3w<\/strong> \u2013 Obs\u0142uguje do 98 % pojazd\u00f3w na ca\u0142ym \u015bwiecie wyposa\u017conych w system TPMS.<\/p>\n<hr data-start=\"1381\" data-end=\"1384\" \/>\n<h3 data-start=\"1386\" data-end=\"1409\">Tryby programowania<\/h3>\n<ul data-start=\"1411\" data-end=\"1709\">\n<li data-start=\"1411\" data-end=\"1471\">\n<p data-start=\"1413\" data-end=\"1471\"><strong data-start=\"1413\" data-end=\"1428\">Automatyczne tworzenie<\/strong> \u2013 Automatycznie generuje nowe identyfikatory czujnik\u00f3w.<\/p>\n<\/li>\n<li data-start=\"1472\" data-end=\"1538\">\n<p data-start=\"1474\" data-end=\"1538\"><strong data-start=\"1474\" data-end=\"1490\">Manual Input<\/strong> \u2013 Enter original or alternative IDs manually.<\/p>\n<\/li>\n<li data-start=\"1539\" data-end=\"1626\">\n<p data-start=\"1541\" data-end=\"1626\"><strong data-start=\"1541\" data-end=\"1556\">Kopiowanie przez OBD<\/strong> \u2013 Pobiera identyfikator czujnika bezpo\u015brednio z ECU za pomoc\u0105 po\u0142\u0105czenia OBD.<\/p>\n<\/li>\n<li data-start=\"1627\" data-end=\"1709\">\n<p data-start=\"1629\" data-end=\"1709\"><strong data-start=\"1629\" data-end=\"1651\">Kopiowanie przez aktywacj\u0119<\/strong> \u2013 Aktywuje oryginalne czujniki przed skopiowaniem ich danych.<\/p>\n<\/li>\n<\/ul>\n<hr data-start=\"1711\" data-end=\"1714\" \/>\n<h3 data-start=\"1716\" data-end=\"1735\">Kompatybilno\u015b\u0107<\/h3>\n<p data-start=\"1737\" data-end=\"1925\" class=\" translation-block\">The <strong data-start=\"1741\" data-end=\"1756\">Xdiag TSGUN<\/strong> zosta\u0142 zaprojektowany do wsp\u00f3\u0142pracy z urz\u0105dzeniami diagnostycznymi dzia\u0142aj\u0105cymi na <strong data-start=\"1809\" data-end=\"1827\">Xdiag software<\/strong>.<br data-start=\"1828\" data-end=\"1831\">\nObs\u0142uguje czujniki TPMS kompatybilne z Xdiag (315\/433 MHz), kt\u00f3re nale\u017cy zakupi\u0107 oddzielnie.<\/p>\n<hr data-start=\"1927\" data-end=\"1930\" \/>\n<h3 data-start=\"1932\" data-end=\"1961\">Dlaczego warto wybra\u0107 Xdiag TSGUN?<\/h3>\n<p data-start=\"1963\" data-end=\"2221\">\ud83d\udd34 Przeno\u015bna konstrukcja przyjazna dla warsztat\u00f3w<br data-start=\"2003\" data-end=\"2006\" \/>\ud83d\udd34 Pe\u0142na diagnostyka TPMS \u2013 od odczytu po programowanie<br data-start=\"2059\" data-end=\"2062\" \/>\ud83d\udd34 Obs\u0142uguje cz\u0119stotliwo\u015bci 315 i 433 MHz<br data-start=\"2099\" data-end=\"2102\" \/>\ud83d\udd34 Szeroki globalny zakres obs\u0142ugi pojazd\u00f3w (samochody osobowe, SUV-y, lekkie pojazdy dostawcze)<br data-start=\"2160\" data-end=\"2163\" \/>\ud83d\udd34 Przetestowane i zweryfikowane pod k\u0105tem stabilnej pracy z Xdiag<\/p>\n<hr data-start=\"2223\" data-end=\"2226\" \/>\n<p data-start=\"2228\" data-end=\"2482\">\u2705 <strong data-start=\"2230\" data-end=\"2243\">In short:<\/strong> The <strong data-start=\"2248\" data-end=\"2263\">Xdiag TSGUN<\/strong> is an essential tool for workshops and professionals looking to streamline TPMS service. From diagnosing faults to programming and learning new sensors, it offers a reliable, cost-effective, and time-saving solution.<\/p>","protected":false},"excerpt":{"rendered":"<p class=\" translation-block\">The <strong data-start=\"95\" data-end=\"110\">Xdiag TSGUN<\/strong> to profesjonalny modu\u0142 TPMS, kt\u00f3ry \u0142\u0105czy aktywacj\u0119, odczyt, programowanie i uczenie czujnik\u00f3w w jednym urz\u0105dzeniu. Kompaktowy, przeno\u015bny i ekonomiczny \u2013 odczytuje kluczowe dane opon, takie jak ci\u015bnienie i temperatura, oraz p\u0142ynnie rozszerza mo\u017cliwo\u015bci diagnostyczne narz\u0119dzi Xdiag.<\/p>","protected":false},"featured_media":5177,"template":"","meta":{"_seopress_robots_primary_cat":"23","_seopress_titles_title":"TPMS & X-431 TSGUN Advanced Module for Tire Data Managing","_seopress_titles_desc":"The X-431 TSGUN: A Robust TPMS Module Seamlessly Integrating Sensor Functionalities and Tire Data Gathering. Delivering Portability, Cost-Efficiency, and More.","_seopress_robots_index":"","_kad_blocks_custom_css":"","_kad_blocks_head_custom_js":"","_kad_blocks_body_custom_js":"","_kad_blocks_footer_custom_js":"","_kad_post_transparent":"default","_kad_post_title":"","_kad_post_layout":"default","_kad_post_sidebar_id":"","_kad_post_content_style":"default","_kad_post_vertical_padding":"default","_kad_post_feature":"","_kad_post_feature_position":"","_kad_post_header":false,"_kad_post_footer":false,"iawp_total_views":186},"product_cat":[25,21,26],"product_tag":[],"class_list":{"0":"post-958","1":"product","2":"type-product","3":"status-publish","4":"has-post-thumbnail","6":"product_cat-adapters","7":"product_cat-connectors","8":"product_cat-xdiag","10":"first","11":"instock","12":"shipping-taxable","13":"purchasable","14":"product-type-simple","15":"entry","16":"content-bg","17":"loop-entry"},"exclude_global_add_ons":[],"addons":[],"taxonomy_info":{"product_cat":[{"value":25,"label":"Adapters"},{"value":21,"label":"Connectors"},{"value":26,"label":"xdiag"}]},"featured_image_src_large":["https:\/\/xdiag.org\/wp-content\/uploads\/2025\/09\/Xdiag_Launch_X431_TPMS_1.jpg",600,600,false],"author_info":[],"comment_info":"","_links":{"self":[{"href":"https:\/\/xdiag.org\/pl\/wp-json\/wp\/v2\/product\/958","targetHints":{"allow":["GET"]}}],"collection":[{"href":"https:\/\/xdiag.org\/pl\/wp-json\/wp\/v2\/product"}],"about":[{"href":"https:\/\/xdiag.org\/pl\/wp-json\/wp\/v2\/types\/product"}],"wp:featuredmedia":[{"embeddable":true,"href":"https:\/\/xdiag.org\/pl\/wp-json\/wp\/v2\/media\/5177"}],"wp:attachment":[{"href":"https:\/\/xdiag.org\/pl\/wp-json\/wp\/v2\/media?parent=958"}],"wp:term":[{"taxonomy":"product_cat","embeddable":true,"href":"https:\/\/xdiag.org\/pl\/wp-json\/wp\/v2\/product_cat?post=958"},{"taxonomy":"product_tag","embeddable":true,"href":"https:\/\/xdiag.org\/pl\/wp-json\/wp\/v2\/product_tag?post=958"}],"curies":[{"name":"wp","href":"https:\/\/api.w.org\/{rel}","templated":true}]}}