{"id":4843,"date":"2025-09-16T16:27:16","date_gmt":"2025-09-16T14:27:16","guid":{"rendered":"https:\/\/xdiag.org\/?page_id=4843"},"modified":"2025-09-16T16:57:21","modified_gmt":"2025-09-16T14:57:21","slug":"complete-guide-to-flashing-the-dbscar-5-adapter-to-x-diag-pro","status":"publish","type":"page","link":"https:\/\/xdiag.org\/pt\/xdiag-tips\/complete-guide-to-flashing-the-dbscar-5-adapter-to-x-diag-pro\/","title":{"rendered":"Guia completo para fazer o flash do adaptador DBScar 5 para X-Diag Pro"},"content":{"rendered":"<style>.kb-row-layout-id4843_4f0419-b7 > .kt-row-column-wrap{align-content:start;}:where(.kb-row-layout-id4843_4f0419-b7 > .kt-row-column-wrap) > .wp-block-kadence-column{justify-content:start;}.kb-row-layout-id4843_4f0419-b7 > .kt-row-column-wrap{column-gap:var(--global-kb-gap-md, 2rem);row-gap:var(--global-kb-gap-md, 2rem);max-width:800px;margin-left:auto;margin-right:auto;padding-top:var(--global-kb-spacing-sm, 1.5rem);padding-bottom:var(--global-kb-spacing-sm, 1.5rem);grid-template-columns:minmax(0, 1fr);}.kb-row-layout-id4843_4f0419-b7 > .kt-row-layout-overlay{opacity:0.30;}@media all and (max-width: 1024px){.kb-row-layout-id4843_4f0419-b7 > .kt-row-column-wrap{grid-template-columns:minmax(0, 1fr);}}@media all and (max-width: 767px){.kb-row-layout-id4843_4f0419-b7 > .kt-row-column-wrap{grid-template-columns:minmax(0, 1fr);}}<\/style><div class=\"kb-row-layout-wrap kb-row-layout-id4843_4f0419-b7 alignfull wp-block-kadence-rowlayout\"><div class=\"kt-row-column-wrap kt-has-1-columns kt-row-layout-equal kt-tab-layout-inherit kt-mobile-layout-row kt-row-valign-top\">\n<style>.kadence-column4843_e3ec31-09 > .kt-inside-inner-col,.kadence-column4843_e3ec31-09 > .kt-inside-inner-col:before{border-top-left-radius:0px;border-top-right-radius:0px;border-bottom-right-radius:0px;border-bottom-left-radius:0px;}.kadence-column4843_e3ec31-09 > .kt-inside-inner-col{column-gap:var(--global-kb-gap-sm, 1rem);}.kadence-column4843_e3ec31-09 > .kt-inside-inner-col{flex-direction:column;}.kadence-column4843_e3ec31-09 > .kt-inside-inner-col > .aligncenter{width:100%;}.kadence-column4843_e3ec31-09 > .kt-inside-inner-col:before{opacity:0.3;}.kadence-column4843_e3ec31-09{position:relative;}@media all and (max-width: 1024px){.kadence-column4843_e3ec31-09 > .kt-inside-inner-col{flex-direction:column;justify-content:center;}}@media all and (max-width: 767px){.kadence-column4843_e3ec31-09 > .kt-inside-inner-col{flex-direction:column;justify-content:center;}}<\/style>\n<div class=\"wp-block-kadence-column kadence-column4843_e3ec31-09\"><div class=\"kt-inside-inner-col\"><style>.wp-block-kadence-advancedheading.kt-adv-heading4843_08e0aa-b6, .wp-block-kadence-advancedheading.kt-adv-heading4843_08e0aa-b6[data-kb-block=\"kb-adv-heading4843_08e0aa-b6\"]{font-style:normal;}.wp-block-kadence-advancedheading.kt-adv-heading4843_08e0aa-b6 mark.kt-highlight, .wp-block-kadence-advancedheading.kt-adv-heading4843_08e0aa-b6[data-kb-block=\"kb-adv-heading4843_08e0aa-b6\"] mark.kt-highlight{font-style:normal;color:#f76a0c;-webkit-box-decoration-break:clone;box-decoration-break:clone;}.wp-block-kadence-advancedheading.kt-adv-heading4843_08e0aa-b6 img.kb-inline-image, .wp-block-kadence-advancedheading.kt-adv-heading4843_08e0aa-b6[data-kb-block=\"kb-adv-heading4843_08e0aa-b6\"] img.kb-inline-image{width:150px;vertical-align:baseline;padding-top:0px;padding-right:0px;padding-bottom:0px;padding-left:0px;}<\/style>\n<h1 class=\"kt-adv-heading4843_08e0aa-b6 wp-block-kadence-advancedheading\" data-kb-block=\"kb-adv-heading4843_08e0aa-b6\">Guia completo para fazer o flash do adaptador DBScar 5 para X-Diag Pro<\/h1>\n\n<p>Ao contr\u00e1rio do DBScar 7, o DBScar 5 normalmente pode ser gravado diretamente por meio de um aplicativo m\u00f3vel. No entanto, para vers\u00f5es avan\u00e7adas de firmware ou determinados reparos, pode ser necess\u00e1ria uma conex\u00e3o f\u00edsica a um programador. Este guia cobre todo o procedimento \u2014 desde a abertura da carca\u00e7a, a conex\u00e3o ao programador, at\u00e9 a grava\u00e7\u00e3o final e a verifica\u00e7\u00e3o do funcionamento.<\/p>\n\n<p><strong>Abertura da carca\u00e7a<\/strong><\/p>\n\n<p>A carca\u00e7a do DBScar 5 \u00e9 de pl\u00e1stico e \u00e9 mantida unida por pequenos clipes. Para abri-la, utilize uma ferramenta pl\u00e1stica fina de alavanca ou uma ferramenta de abertura de celulares. N\u00e3o utilize uma chave de fenda pontiaguda, pois pode deixar marcas ou quebrar o pl\u00e1stico. Se o adaptador possuir uma capa protetora de borracha, remova-a primeiro. Em seguida, localize as jun\u00e7\u00f5es e os clipes ao longo do centro da carca\u00e7a e insira cuidadosamente a ferramenta entre as partes superior e inferior. Trabalhe lentamente ao redor da carca\u00e7a at\u00e9 que todos os clipes sejam liberados. Ap\u00f3s a abertura, voc\u00ea ver\u00e1 a placa de circuito impresso (PCB) com o microcontrolador e os pontos de teste para programa\u00e7\u00e3o.<\/p>\n\n<style>.kb-image4843_a4993e-9b.kb-image-is-ratio-size, .kb-image4843_a4993e-9b .kb-image-is-ratio-size{max-width:787px;width:100%;}.wp-block-kadence-column > .kt-inside-inner-col > .kb-image4843_a4993e-9b.kb-image-is-ratio-size, .wp-block-kadence-column > .kt-inside-inner-col > .kb-image4843_a4993e-9b .kb-image-is-ratio-size{align-self:unset;}.kb-image4843_a4993e-9b{max-width:787px;}.image-is-svg.kb-image4843_a4993e-9b{-webkit-flex:0 1 100%;flex:0 1 100%;}.image-is-svg.kb-image4843_a4993e-9b img{width:100%;}.kb-image4843_a4993e-9b .kb-image-has-overlay:after{opacity:0.3;}<\/style>\n<figure class=\"wp-block-kadence-image kb-image4843_a4993e-9b size-large\"><img loading=\"lazy\" decoding=\"async\" width=\"1024\" height=\"640\" src=\"https:\/\/xdiag.org\/wp-content\/uploads\/2025\/09\/awifjaiowfjawiojfawf-1024x640.png\" alt=\"\" class=\"kb-img wp-image-4839\" srcset=\"https:\/\/xdiag.org\/wp-content\/uploads\/2025\/09\/awifjaiowfjawiojfawf-1024x640.png 1024w, https:\/\/xdiag.org\/wp-content\/uploads\/2025\/09\/awifjaiowfjawiojfawf-300x188.png 300w, https:\/\/xdiag.org\/wp-content\/uploads\/2025\/09\/awifjaiowfjawiojfawf-768x480.png 768w, https:\/\/xdiag.org\/wp-content\/uploads\/2025\/09\/awifjaiowfjawiojfawf.png 1430w\" sizes=\"auto, (max-width: 1024px) 100vw, 1024px\" \/><\/figure>\n\n<p><strong>Conex\u00e3o ao programador<\/strong><\/p>\n\n<p>Na PCB do DBScar 5 existem pontos de conex\u00e3o para programadores ST-LINK V2 ou J-Link. Normalmente eles s\u00e3o identificados ou apresentados como pequenos pads redondos. Quatro pinos principais devem ser conectados: GND, 3,3 V, SWDIO e SWCLK.<\/p>\n\n<p>Conecte os fios do programador pino a pino:<\/p>\n\n<p>GND \u2192 GND<\/p>\n\n<p>3.3V \u2192 3.3V<\/p>\n\n<p>SWDIO \u2192 SWDIO<\/p>\n\n<p>SWCLK \u2192 SWCLK<\/p>\n\n<p>Se estiver usando um ferro de solda, solde fios finos nesses pads. Caso n\u00e3o tenha um, podem ser usados pequenos clipes tipo jacar\u00e9 ou pinos, mas garanta uma conex\u00e3o est\u00e1vel durante a grava\u00e7\u00e3o. Antes de conectar, verifique cuidadosamente toda a fia\u00e7\u00e3o \u2014 conex\u00f5es incorretas podem danificar o microcontrolador.<\/p>\n\n<p>Se estiver usando um ferro de solda, solde fios finos nesses pads. Caso n\u00e3o tenha um, podem ser usados pequenos clipes tipo jacar\u00e9 ou pinos, mas garanta uma conex\u00e3o est\u00e1vel durante a grava\u00e7\u00e3o. Antes de conectar, verifique cuidadosamente toda a fia\u00e7\u00e3o \u2014 conex\u00f5es incorretas podem danificar o microcontrolador.<\/p>\n\n<p><strong>Grava\u00e7\u00e3o do firmware<\/strong><\/p>\n\n<p>Ap\u00f3s o adaptador estar conectado ao programador, conecte o ST-LINK V2 \u00e0 porta USB do computador e inicie o software STM32 ST-LINK Utility. O software deve reconhecer imediatamente o microcontrolador. No aplicativo, selecione \u201cProgram\u201d ou \u201cLoad File\u201d e escolha o arquivo de firmware para o DBScar 5 (certifique-se de que seja o arquivo correto para este modelo, no formato .bin). Clique em \u201cStart\u201d e aguarde a conclus\u00e3o do processo. N\u00e3o desconecte os cabos, n\u00e3o mova os fios e n\u00e3o desligue o computador. A grava\u00e7\u00e3o normalmente leva menos de um minuto, e uma mensagem de sucesso aparecer\u00e1 ao final.<\/p>\n\n<style>.kb-image4843_5b90aa-85 .kb-image-has-overlay:after{opacity:0.3;}<\/style>\n<figure class=\"wp-block-kadence-image kb-image4843_5b90aa-85 size-large\"><img loading=\"lazy\" decoding=\"async\" width=\"1024\" height=\"640\" src=\"https:\/\/xdiag.org\/wp-content\/uploads\/2025\/09\/awfioajwfioawjfawf-1024x640.png\" alt=\"\" class=\"kb-img wp-image-4840\" srcset=\"https:\/\/xdiag.org\/wp-content\/uploads\/2025\/09\/awfioajwfioawjfawf-1024x640.png 1024w, https:\/\/xdiag.org\/wp-content\/uploads\/2025\/09\/awfioajwfioawjfawf-300x188.png 300w, https:\/\/xdiag.org\/wp-content\/uploads\/2025\/09\/awfioajwfioawjfawf-768x480.png 768w, https:\/\/xdiag.org\/wp-content\/uploads\/2025\/09\/awfioajwfioawjfawf.png 1430w\" sizes=\"auto, (max-width: 1024px) 100vw, 1024px\" \/><\/figure>\n\n<p><strong>Fechamento da carca\u00e7a e verifica\u00e7\u00e3o<\/strong><\/p>\n\n<p>Desconecte os fios do programador e limpe qualquer res\u00edduo de solda, se houver. Coloque cuidadosamente a PCB de volta na carca\u00e7a e feche-a at\u00e9 que todos os clipes se encaixem corretamente.<\/p>\n\n<p>Agora insira o DBScar 5 na porta OBD do ve\u00edculo e abra o aplicativo X-Diag PRO no seu telefone. Fa\u00e7a login, ative o Bluetooth e conecte o adaptador. Se for solicitado um c\u00f3digo, normalmente \u00e9 1234 ou 0000. Depois que o adaptador for reconhecido no aplicativo, execute um diagn\u00f3stico no ve\u00edculo para garantir que tudo esteja funcionando corretamente.<\/p>\n\n<p><strong>Solu\u00e7\u00e3o de problemas<\/strong><\/p>\n\n<ul class=\"wp-block-list\"><li>Se o programador n\u00e3o detectar o microcontrolador, verifique as conex\u00f5es e a alimenta\u00e7\u00e3o el\u00e9trica.<\/li>\n\n<li>Se a grava\u00e7\u00e3o for interrompida no meio do processo, tente novamente desde o in\u00edcio.<\/li>\n\n<li>Adapt\u00f6r flashlamadan sonra yan\u0131t vermiyorsa, en yayg\u0131n neden yanl\u0131\u015f firmware\u2019dir. Do\u011fru dosya ile yeniden flashlay\u0131n.<\/li>\n\n<li>Se o Bluetooth n\u00e3o conectar, exclua o pareamento antigo nas configura\u00e7\u00f5es do telefone e fa\u00e7a o pareamento novamente.<\/li><\/ul>\n\n<p>Resumo: O DBScar 5 \u00e9 aberto com uma ferramenta pl\u00e1stica de alavanca, conectado ao ST-LINK V2 por meio da interface SWD, o firmware \u00e9 carregado usando o STM32 ST-LINK Utility e, em seguida, o adaptador \u00e9 remontado e utilizado com o X-Diag PRO.<\/p><\/div><\/div>\n<\/div><\/div><p><\/p>","protected":false},"excerpt":{"rendered":"<p>COMPLETE GUIDE TO FLASHING THE DBSCAR 5 ADAPTER TO X-DIAG PRO Unlike the DBScar 7, the DBScar 5 can usually be flashed directly through a phone application. However, for advanced firmware versions or certain repairs, physical connection to a programmer may be required. This guide covers the full procedure\u2014from opening the housing, connecting to a&#8230;<\/p>","protected":false},"author":1,"featured_media":0,"parent":4849,"menu_order":0,"comment_status":"closed","ping_status":"closed","template":"","meta":{"_seopress_robots_primary_cat":"","_seopress_titles_title":"Guide on how to flash Dbscar5 adapter to x-diag pro | XDIAG","_seopress_titles_desc":"How to flash dbscar5 adapter to x-diag pro!","_seopress_robots_index":"","_kad_blocks_custom_css":"","_kad_blocks_head_custom_js":"","_kad_blocks_body_custom_js":"","_kad_blocks_footer_custom_js":"","_kad_post_transparent":"","_kad_post_title":"","_kad_post_layout":"","_kad_post_sidebar_id":"","_kad_post_content_style":"","_kad_post_vertical_padding":"","_kad_post_feature":"","_kad_post_feature_position":"","_kad_post_header":false,"_kad_post_footer":false,"iawp_total_views":487,"footnotes":""},"class_list":["post-4843","page","type-page","status-publish","hentry"],"taxonomy_info":[],"featured_image_src_large":false,"author_info":{"display_name":"xpro5","author_link":"https:\/\/xdiag.org\/pt\/author\/xpro5\/"},"comment_info":0,"_links":{"self":[{"href":"https:\/\/xdiag.org\/pt\/wp-json\/wp\/v2\/pages\/4843","targetHints":{"allow":["GET"]}}],"collection":[{"href":"https:\/\/xdiag.org\/pt\/wp-json\/wp\/v2\/pages"}],"about":[{"href":"https:\/\/xdiag.org\/pt\/wp-json\/wp\/v2\/types\/page"}],"author":[{"embeddable":true,"href":"https:\/\/xdiag.org\/pt\/wp-json\/wp\/v2\/users\/1"}],"replies":[{"embeddable":true,"href":"https:\/\/xdiag.org\/pt\/wp-json\/wp\/v2\/comments?post=4843"}],"version-history":[{"count":5,"href":"https:\/\/xdiag.org\/pt\/wp-json\/wp\/v2\/pages\/4843\/revisions"}],"predecessor-version":[{"id":4894,"href":"https:\/\/xdiag.org\/pt\/wp-json\/wp\/v2\/pages\/4843\/revisions\/4894"}],"up":[{"embeddable":true,"href":"https:\/\/xdiag.org\/pt\/wp-json\/wp\/v2\/pages\/4849"}],"wp:attachment":[{"href":"https:\/\/xdiag.org\/pt\/wp-json\/wp\/v2\/media?parent=4843"}],"curies":[{"name":"wp","href":"https:\/\/api.w.org\/{rel}","templated":true}]}}