{"id":1409,"date":"2023-10-13T23:06:07","date_gmt":"2023-10-13T21:06:07","guid":{"rendered":"http:\/\/xdiag.org\/?post_type=product&#038;p=1409"},"modified":"2025-09-28T11:10:11","modified_gmt":"2025-09-28T09:10:11","slug":"launch-x431-bst360-bluetooth-battery-tester","status":"publish","type":"product","link":"https:\/\/xdiag.org\/pt\/product\/launch-x431-bst360-bluetooth-battery-tester\/","title":{"rendered":"Testador de bateria Bluetooth Launch X431 BST360 \u2013 compat\u00edvel com todos os dispositivos Launch e Xdiag"},"content":{"rendered":"<h1 data-start=\"168\" data-end=\"227\">Xdiag BST360 \u2013 Testador de bateria Bluetooth profissional<\/h1>\n<p data-start=\"229\" data-end=\"571\">O Xdiag BST360 \u00e9 uma ferramenta profissional de diagn\u00f3stico de baterias, projetada para testes e an\u00e1lises precisas de baterias automotivas de 6V e 12V. Compacto, sem fio e f\u00e1cil de usar, conecta-se via Bluetooth a dispositivos Android e iOS ou diretamente a tablets Xdiag, oferecendo aos t\u00e9cnicos uma forma r\u00e1pida e confi\u00e1vel de avaliar os sistemas de bateria e carregamento.<\/p>\n<h2 data-start=\"573\" data-end=\"603\">Testes de bateria e sistema<\/h2>\n<p data-start=\"604\" data-end=\"1100\">\ud83d\udd34 Teste de sa\u00fade da bateria \u2013 Verifica\u00e7\u00e3o da corrente de partida a frio (CCA), estado de sa\u00fade (SOH), estado de carga (SOC) e condi\u00e7\u00e3o geral da bateria<br data-start=\"736\" data-end=\"739\" \/>\ud83d\udd34 Teste do sistema de partida inteligente \u2013 An\u00e1lise da tens\u00e3o e da corrente do motor de arranque para garantir partidas confi\u00e1veis do motor<br data-start=\"842\" data-end=\"845\" \/>\ud83d\udd34 Teste de sa\u00fade do carregamento \u2013 Avalia\u00e7\u00e3o da sa\u00edda do alternador, do estado do diodo retificador, da corrente e da tens\u00e3o de carga para um desempenho preciso do sistema de carregamento<br data-start=\"992\" data-end=\"995\" \/>\ud83d\udd34 Teste de baterias descarregadas \u2013 Teste de baterias fracas ou quase descarregadas sem a necessidade de recarga completa<\/p>\n<h2 data-start=\"1102\" data-end=\"1122\">Principais caracter\u00edsticas<\/h2>\n<p data-start=\"1123\" data-end=\"1773\">\u2705 Bluetooth Connectivity \u2013 Automatic wireless connection with smartphones and Xdiag diagnostic tablets<br data-start=\"1225\" data-end=\"1228\" \/>\u2705 Multi-Battery Standards \u2013 Supports CCA, DIN, IEC, EN, SAE, GB, JIS, BCI and other global standards<br data-start=\"1328\" data-end=\"1331\" \/>\u2705 Universal Battery Types \u2013 Works with Flooded, AGM, GEL, EFP and other lead-acid batteries<br data-start=\"1422\" data-end=\"1425\" \/>\u2705 Fast &amp; Safe \u2013 Generates results in just 3 seconds with no heat, sparks or risk of damage<br data-start=\"1515\" data-end=\"1518\" \/>\u2705 Reverse Polarity Protection \u2013 Keeps both vehicle and tester safe from incorrect connections<br data-start=\"1611\" data-end=\"1614\" \/>\u2705 Detailed Reports \u2013 Automatic report generation with easy Bluetooth sharing<br data-start=\"1690\" data-end=\"1693\" \/>\u2705 Multi-Language Support \u2013 Perfect for international workshops and technicians<\/p>\n<h2 data-start=\"1775\" data-end=\"1807\">Especifica\u00e7\u00f5es t\u00e9cnicas<\/h2>\n<p data-start=\"1808\" data-end=\"2145\" class=\" translation-block\">Voltage Range: 6V\u201316V<br data-start=\"1829\" data-end=\"1832\">\nSupported Batteries: Baterias chumbo-\u00e1cido de 6V \/ 12V (convencionais, GEL, AGM, EFP)<br data-start=\"1896\" data-end=\"1899\">\nTest Functions: Teste de condi\u00e7\u00e3o, teste de partida, teste de carga, detec\u00e7\u00e3o de ondula\u00e7\u00e3o, SOH, SOC<br data-start=\"1979\" data-end=\"1982\">\nConnectivity: Bluetooth (iOS \/ Android \/ tablets Xdiag)<br data-start=\"2037\" data-end=\"2040\">\nSafety: Prote\u00e7\u00e3o contra polaridade reversa, sem fa\u00edscas, sem aquecimento<br data-start=\"2094\" data-end=\"2097\">\nSize: Design compacto port\u00e1til para uso m\u00f3vel<\/p>\n<h2 data-start=\"2147\" data-end=\"2173\">\ud83d\udce6 Itens inclusos no pacote<\/h2>\n<p data-start=\"2174\" data-end=\"2251\">\u2714\ufe0f BST360 Battery Tester<br data-start=\"2198\" data-end=\"2201\" \/>\u2714\ufe0f Quick start manual<br data-start=\"2222\" data-end=\"2225\" \/>\u2714\ufe0f Bluetooth setup guide<\/p>\n<p data-start=\"2253\" data-end=\"2478\">\u2705 Em resumo, o Xdiag BST360 \u00e9 um testador de baterias Bluetooth profissional que oferece diagn\u00f3sticos r\u00e1pidos, seguros e precisos para baterias automotivas e sistemas de carregamento, tornando-se uma ferramenta essencial para qualquer oficina moderna.<\/p>\n<p>&nbsp;<\/p>\n<p>&nbsp;<\/p>","protected":false},"excerpt":{"rendered":"<p class=\" translation-block\">O Launch X431 <strong>BST360 analisador de bateria com garras<\/strong> \u00e9 uma ferramenta confi\u00e1vel para avaliar o desempenho de baterias de 12V com classifica\u00e7\u00e3o de at\u00e9 2000CCA. Projetado tanto para t\u00e9cnicos quanto para usu\u00e1rios em movimento, o BST360 garante seguran\u00e7a durante o uso gra\u00e7as \u00e0s suas propriedades anti-aquecimento e aos mecanismos de seguran\u00e7a integrados que reduzem o risco de fa\u00edscas el\u00e9tricas ao diagnosticar sistemas el\u00e9tricos.<\/p>\n<p>&nbsp;<\/p>\n<p>&nbsp;<\/p>\n<p>&nbsp;<\/p>","protected":false},"featured_media":5156,"template":"","meta":{"_seopress_robots_primary_cat":"26","_seopress_titles_title":"Battery Performance with Launch X431 Battery Analyzer","_seopress_titles_desc":"The Launch X431 BST360 Battery Test Clip Analyzer offers reliable testing for 12V batteries up to 2000CCA. Built-in safety mechanisms.","_seopress_robots_index":"","_kad_blocks_custom_css":"","_kad_blocks_head_custom_js":"","_kad_blocks_body_custom_js":"","_kad_blocks_footer_custom_js":"","_kad_post_transparent":"default","_kad_post_title":"","_kad_post_layout":"default","_kad_post_sidebar_id":"","_kad_post_content_style":"default","_kad_post_vertical_padding":"default","_kad_post_feature":"","_kad_post_feature_position":"","_kad_post_header":false,"_kad_post_footer":false,"iawp_total_views":172},"product_cat":[26],"product_tag":[],"class_list":{"0":"post-1409","1":"product","2":"type-product","3":"status-publish","4":"has-post-thumbnail","6":"product_cat-xdiag","8":"first","9":"instock","10":"shipping-taxable","11":"purchasable","12":"product-type-simple","13":"entry","14":"content-bg","15":"loop-entry"},"exclude_global_add_ons":[],"addons":[],"taxonomy_info":{"product_cat":[{"value":26,"label":"xdiag"}]},"featured_image_src_large":["https:\/\/xdiag.org\/wp-content\/uploads\/2025\/09\/Xdiag_Launch_BST_360_1.jpg",600,600,false],"author_info":[],"comment_info":"","_links":{"self":[{"href":"https:\/\/xdiag.org\/pt\/wp-json\/wp\/v2\/product\/1409","targetHints":{"allow":["GET"]}}],"collection":[{"href":"https:\/\/xdiag.org\/pt\/wp-json\/wp\/v2\/product"}],"about":[{"href":"https:\/\/xdiag.org\/pt\/wp-json\/wp\/v2\/types\/product"}],"wp:featuredmedia":[{"embeddable":true,"href":"https:\/\/xdiag.org\/pt\/wp-json\/wp\/v2\/media\/5156"}],"wp:attachment":[{"href":"https:\/\/xdiag.org\/pt\/wp-json\/wp\/v2\/media?parent=1409"}],"wp:term":[{"taxonomy":"product_cat","embeddable":true,"href":"https:\/\/xdiag.org\/pt\/wp-json\/wp\/v2\/product_cat?post=1409"},{"taxonomy":"product_tag","embeddable":true,"href":"https:\/\/xdiag.org\/pt\/wp-json\/wp\/v2\/product_tag?post=1409"}],"curies":[{"name":"wp","href":"https:\/\/api.w.org\/{rel}","templated":true}]}}