{"id":3682,"date":"2025-08-17T18:12:11","date_gmt":"2025-08-17T16:12:11","guid":{"rendered":"https:\/\/xdiag.org\/?post_type=product&#038;p=3682"},"modified":"2025-09-28T16:59:11","modified_gmt":"2025-09-28T14:59:11","slug":"professional-xdiag-probe-flashing-service","status":"publish","type":"product","link":"https:\/\/xdiag.org\/pt\/product\/professional-xdiag-probe-flashing-service\/","title":{"rendered":"Servi\u00e7o profissional de flash da sonda XDIAG"},"content":{"rendered":"<p data-start=\"291\" data-end=\"546\" class=\" translation-block\">Nosso servi\u00e7o profissional de flash programa sua sonda de diagn\u00f3stico (dongle) para funcionar <strong data-start=\"373\" data-end=\"399\">exclusivamente com o XDIAG<\/strong>. Esse processo garante total compatibilidade com o aplicativo e a plataforma XDIAG, proporcionando opera\u00e7\u00e3o est\u00e1vel e suporte de longo prazo.<\/p>\n<h3 data-start=\"548\" data-end=\"586\">Fun\u00e7\u00f5es de flash e programa\u00e7\u00e3o<\/h3>\n<ul data-start=\"587\" data-end=\"996\">\n<li data-start=\"587\" data-end=\"698\">\n<p data-start=\"589\" data-end=\"698\" class=\" translation-block\"><strong data-start=\"589\" data-end=\"622\">Flash de compatibilidade XDIAG:<\/strong> Reprograma\u00e7\u00e3o da sonda para operar diretamente com a plataforma oficial XDIAG.<\/p>\n<\/li>\n<li data-start=\"699\" data-end=\"786\">\n<p data-start=\"701\" data-end=\"786\" class=\" translation-block\"><strong data-start=\"701\" data-end=\"723\">Recupera\u00e7\u00e3o de firmware:<\/strong> Restaura\u00e7\u00e3o de firmware corrompido ou com falhas para uso est\u00e1vel.<\/p>\n<\/li>\n<li data-start=\"787\" data-end=\"874\">\n<p data-start=\"789\" data-end=\"874\" class=\" translation-block\"><strong data-start=\"789\" data-end=\"816\">Instala\u00e7\u00e3o do arquivo de boot:<\/strong> Aplica\u00e7\u00e3o dos arquivos de boot corretos necess\u00e1rios para a ativa\u00e7\u00e3o do XDIAG.<\/p>\n<\/li>\n<li data-start=\"875\" data-end=\"996\">\n<p data-start=\"877\" data-end=\"996\" class=\" translation-block\"><strong data-start=\"877\" data-end=\"894\">Corre\u00e7\u00e3o de erros:<\/strong> Resolu\u00e7\u00e3o de falhas de ativa\u00e7\u00e3o, erros de conex\u00e3o ou desempenho inst\u00e1vel causados por firmware incorreto.<\/p>\n<\/li>\n<\/ul>\n<h3 data-start=\"998\" data-end=\"1027\">Benef\u00edcios do nosso servi\u00e7o<\/h3>\n<ul data-start=\"1028\" data-end=\"1466\">\n<li data-start=\"1028\" data-end=\"1124\">\n<p data-start=\"1030\" data-end=\"1124\" class=\" translation-block\"><strong data-start=\"1030\" data-end=\"1059\">Suporte XDIAG garantido:<\/strong> Ap\u00f3s o flash, a sonda funciona perfeitamente com o aplicativo XDIAG.<\/p>\n<\/li>\n<li data-start=\"1125\" data-end=\"1202\">\n<p data-start=\"1127\" data-end=\"1202\" class=\" translation-block\"><strong data-start=\"1127\" data-end=\"1153\">Manuseio profissional:<\/strong> Flash seguro com ferramentas e arquivos verificados.<\/p>\n<\/li>\n<li data-start=\"1203\" data-end=\"1284\">\n<p data-start=\"1205\" data-end=\"1284\" class=\" translation-block\"><strong data-start=\"1205\" data-end=\"1232\">Firmware est\u00e1vel mais recente:<\/strong> Atualizado para a vers\u00e3o mais nova suportada pelo XDIAG.<\/p>\n<\/li>\n<li data-start=\"1285\" data-end=\"1372\">\n<p data-start=\"1287\" data-end=\"1372\" class=\" translation-block\"><strong data-start=\"1287\" data-end=\"1306\">Procedimento seguro:<\/strong> Processo de baixo risco com prote\u00e7\u00e3o integrada contra danos \u00e0 sonda.<\/p>\n<\/li>\n<li data-start=\"1373\" data-end=\"1466\">\n<p data-start=\"1375\" data-end=\"1466\" class=\" translation-block\"><strong data-start=\"1375\" data-end=\"1395\">Relat\u00f3rio de flash:<\/strong> Confirma\u00e7\u00e3o da programa\u00e7\u00e3o bem-sucedida e da vers\u00e3o de firmware aplicada.<\/p>\n<\/li>\n<\/ul>\n<h3 data-start=\"1468\" data-end=\"1497\">Por que escolher nosso servi\u00e7o?<\/h3>\n<ul data-start=\"1498\" data-end=\"1670\">\n<li data-start=\"1498\" data-end=\"1563\">\n<p data-start=\"1500\" data-end=\"1563\">Conhecimento especializado em sondas baseadas em Launch e no sistema XDIAG.<\/p>\n<\/li>\n<li data-start=\"1564\" data-end=\"1605\">\n<p data-start=\"1566\" data-end=\"1605\">Fast turnaround and reliable results.<\/p>\n<\/li>\n<li data-start=\"1606\" data-end=\"1670\">\n<p data-start=\"1608\" data-end=\"1670\">Estabilidade de longo prazo e compatibilidade garantida com o XDIAG.<\/p>\n<\/li>\n<\/ul>\n<p class=\" translation-block\"><strong data-start=\"164\" data-end=\"190\">Informa\u00e7\u00f5es importantes:<\/strong><br data-start=\"190\" data-end=\"193\">Ap\u00f3s a conclus\u00e3o da compra, voc\u00ea receber\u00e1 automaticamente um e-mail com as instru\u00e7\u00f5es e o endere\u00e7o para onde deve enviar sua sonda\/dongle OBD. Assim que recebermos o dispositivo, iremos program\u00e1-lo para funcionar <strong data-start=\"398\" data-end=\"424\">exclusivamente com o XDIAG<\/strong> e devolv\u00ea-lo prontamente.<\/p>","protected":false},"excerpt":{"rendered":"<p class=\" translation-block\">Reprogramamos sua sonda\/dongle para funcionar <strong data-start=\"278\" data-end=\"304\">exclusivamente com o XDIAG<\/strong>. Inclui recupera\u00e7\u00e3o de firmware, instala\u00e7\u00e3o do arquivo de boot e total compatibilidade com a plataforma oficial XDIAG.<\/p>","protected":false},"featured_media":5217,"template":"","meta":{"_seopress_robots_primary_cat":"26","_seopress_titles_title":"Professional XDIAG probe flashing service \u2013 reprogram your dongle to work exclusively with XDIAG","_seopress_titles_desc":"Professional XDIAG probe flashing service \u2013 reprogram your dongle to work exclusively with XDIAG. Secure, reliable, and fully compatible.","_seopress_robots_index":"","_kad_blocks_custom_css":"","_kad_blocks_head_custom_js":"","_kad_blocks_body_custom_js":"","_kad_blocks_footer_custom_js":"","_kad_post_transparent":"default","_kad_post_title":"","_kad_post_layout":"default","_kad_post_sidebar_id":"","_kad_post_content_style":"default","_kad_post_vertical_padding":"default","_kad_post_feature":"","_kad_post_feature_position":"","_kad_post_header":false,"_kad_post_footer":false,"iawp_total_views":527},"product_cat":[26],"product_tag":[],"class_list":{"0":"post-3682","1":"product","2":"type-product","3":"status-publish","4":"has-post-thumbnail","6":"product_cat-xdiag","7":"product_shipping_class-shipping","9":"first","10":"instock","11":"shipping-taxable","12":"purchasable","13":"product-type-simple","14":"entry","15":"content-bg","16":"loop-entry"},"exclude_global_add_ons":[],"addons":[],"taxonomy_info":{"product_cat":[{"value":26,"label":"xdiag"}]},"featured_image_src_large":["https:\/\/xdiag.org\/wp-content\/uploads\/2025\/09\/Xdiag_flash_with_boots.jpeg",600,600,false],"author_info":[],"comment_info":"","_links":{"self":[{"href":"https:\/\/xdiag.org\/pt\/wp-json\/wp\/v2\/product\/3682","targetHints":{"allow":["GET"]}}],"collection":[{"href":"https:\/\/xdiag.org\/pt\/wp-json\/wp\/v2\/product"}],"about":[{"href":"https:\/\/xdiag.org\/pt\/wp-json\/wp\/v2\/types\/product"}],"wp:featuredmedia":[{"embeddable":true,"href":"https:\/\/xdiag.org\/pt\/wp-json\/wp\/v2\/media\/5217"}],"wp:attachment":[{"href":"https:\/\/xdiag.org\/pt\/wp-json\/wp\/v2\/media?parent=3682"}],"wp:term":[{"taxonomy":"product_cat","embeddable":true,"href":"https:\/\/xdiag.org\/pt\/wp-json\/wp\/v2\/product_cat?post=3682"},{"taxonomy":"product_tag","embeddable":true,"href":"https:\/\/xdiag.org\/pt\/wp-json\/wp\/v2\/product_tag?post=3682"}],"curies":[{"name":"wp","href":"https:\/\/api.w.org\/{rel}","templated":true}]}}