{"id":448,"date":"2023-10-03T08:29:24","date_gmt":"2023-10-03T06:29:24","guid":{"rendered":"http:\/\/xdiag.org\/?post_type=product&#038;p=448"},"modified":"2026-04-25T10:23:29","modified_gmt":"2026-04-25T08:23:29","slug":"thinkcar-thinkdiag-2-obd","status":"publish","type":"product","link":"https:\/\/xdiag.org\/pt\/product\/thinkcar-thinkdiag-2-obd\/","title":{"rendered":"THINKCAR ThinkDiag 2 CAN-FD scanner OBD2 bidirecional"},"content":{"rendered":"<p data-start=\"182\" data-end=\"510\" class=\" translation-block\">The <strong data-start=\"186\" data-end=\"201\">ThinkDiag 2<\/strong> \u00e9 um conector de diagn\u00f3stico OBD2 Bluetooth compacto, por\u00e9m potente, desenvolvido para compatibilidade total com o <strong data-start=\"306\" data-end=\"324\">software Xdiag<\/strong>. Com suporte a protocolos modernos como <strong data-start=\"368\" data-end=\"378\">CAN-FD<\/strong>, <strong data-start=\"387\" data-end=\"417\">conectividade Bluetooth 5.0 est\u00e1vel<\/strong> e constru\u00e7\u00e3o dur\u00e1vel, garante diagn\u00f3sticos de n\u00edvel profissional em um design port\u00e1til.<\/p>\n<p data-start=\"512\" data-end=\"1089\">\ud83d\udd34 <strong data-start=\"515\" data-end=\"539\">Compatibilidade CAN-FD<\/strong> \u2013 Permite comunica\u00e7\u00e3o de dados eficiente para ve\u00edculos de nova gera\u00e7\u00e3o.<br data-start=\"607\" data-end=\"610\" \/>\ud83d\udd34 <strong data-start=\"613\" data-end=\"640\">Bluetooth 5.0 modo duplo<\/strong> \u2013 Garante uma conex\u00e3o sem fio r\u00e1pida, est\u00e1vel e confi\u00e1vel.<br data-start=\"698\" data-end=\"701\" \/>\ud83d\udd34 <strong data-start=\"704\" data-end=\"729\">Luzes indicadoras duplas<\/strong> \u2013 Indicadores em ambos os lados proporcionam visualiza\u00e7\u00e3o clara do status durante a opera\u00e7\u00e3o.<br data-start=\"805\" data-end=\"808\" \/>\ud83d\udd34 <strong data-start=\"811\" data-end=\"839\">Cabo de dados OBD2 inclu\u00eddo<\/strong> \u2013 O cabo de 0,65 m permite um uso diagn\u00f3stico flex\u00edvel e conveniente.<br data-start=\"900\" data-end=\"903\" \/>\ud83d\udd34 <strong data-start=\"906\" data-end=\"932\">Exclusivo do servidor Xdiag<\/strong> \u2013 Totalmente otimizado para opera\u00e7\u00e3o est\u00e1vel na plataforma Xdiag.<br data-start=\"994\" data-end=\"997\" \/>\ud83d\udd34 <strong data-start=\"1000\" data-end=\"1019\">Carca\u00e7a dur\u00e1vel<\/strong> \u2013 Constru\u00eddo com ABS+PC e revestimento em borracha TPU para confiabilidade duradoura.<\/p>\n<h3 data-start=\"1096\" data-end=\"1126\">Especifica\u00e7\u00f5es t\u00e9cnicas<\/h3>\n<ul data-start=\"1128\" data-end=\"1517\">\n<li data-start=\"1128\" data-end=\"1207\">\n<p data-start=\"1130\" data-end=\"1207\" class=\" translation-block\"><strong data-start=\"1130\" data-end=\"1155\">Compatibilidade do sistema:<\/strong> Dispositivos Android (7\u201313, Android 14 apenas 32 bits)<\/p>\n<\/li>\n<li data-start=\"1208\" data-end=\"1246\">\n<p data-start=\"1210\" data-end=\"1246\" class=\" translation-block\"><strong data-start=\"1210\" data-end=\"1224\">Bluetooth:<\/strong> 5.0 BLE e modo duplo<\/p>\n<\/li>\n<li data-start=\"1247\" data-end=\"1281\">\n<p data-start=\"1249\" data-end=\"1281\" class=\" translation-block\"><strong data-start=\"1249\" data-end=\"1274\">Interface de diagn\u00f3stico:<\/strong> DB15<\/p>\n<\/li>\n<li data-start=\"1282\" data-end=\"1310\">\n<p data-start=\"1284\" data-end=\"1310\" class=\" translation-block\"><strong data-start=\"1284\" data-end=\"1304\">Tens\u00e3o de opera\u00e7\u00e3o:<\/strong> 12V<\/p>\n<\/li>\n<li data-start=\"1311\" data-end=\"1353\">\n<p data-start=\"1313\" data-end=\"1353\" class=\" translation-block\"><strong data-start=\"1313\" data-end=\"1339\">Temperatura de opera\u00e7\u00e3o:<\/strong> -10 \u2103 a 50 \u2103<\/p>\n<\/li>\n<li data-start=\"1354\" data-end=\"1394\">\n<p data-start=\"1356\" data-end=\"1394\" class=\" translation-block\"><strong data-start=\"1356\" data-end=\"1380\">Temperatura de armazenamento:<\/strong> -20 \u2103 a 60 \u2103<\/p>\n<\/li>\n<li data-start=\"1395\" data-end=\"1433\">\n<p data-start=\"1397\" data-end=\"1433\" class=\" translation-block\"><strong data-start=\"1397\" data-end=\"1412\">Dimens\u00f5es:<\/strong> 120,5 \u00d7 65 \u00d7 29 mm<\/p>\n<\/li>\n<li data-start=\"1434\" data-end=\"1468\">\n<p data-start=\"1436\" data-end=\"1468\" class=\" translation-block\"><strong data-start=\"1436\" data-end=\"1455\">Material da carca\u00e7a:<\/strong> ABS+PC+TPU<\/p>\n<\/li>\n<li data-start=\"1469\" data-end=\"1517\">\n<p data-start=\"1471\" data-end=\"1517\" class=\" translation-block\"><strong data-start=\"1471\" data-end=\"1488\">Comprimento do cabo:<\/strong> Cabo OBD2 de 0,65 m inclu\u00eddo<\/p>\n<\/li>\n<\/ul>\n<p data-start=\"1524\" data-end=\"1768\">\u2705 <strong data-start=\"1526\" data-end=\"1539\">In short:<\/strong> The <strong data-start=\"1544\" data-end=\"1559\">ThinkDiag 2<\/strong> is an advanced OBD2 Bluetooth connector for <strong data-start=\"1604\" data-end=\"1619\">Xdiag users<\/strong>, delivering professional diagnostics, CAN-FD protocol support, and durable design \u2013 making it a reliable tool for workshops and enthusiasts alike.<\/p>","protected":false},"excerpt":{"rendered":"<p class=\" translation-block\">The <strong data-start=\"95\" data-end=\"110\">ThinkDiag 2<\/strong> \u00e9 um conector de diagn\u00f3stico OBD2 Bluetooth profissional, com suporte ao <strong data-start=\"181\" data-end=\"200\">protocolo CAN-FD<\/strong> para ve\u00edculos de nova gera\u00e7\u00e3o. Com <strong data-start=\"235\" data-end=\"252\" data-is-only-node=\"\">Bluetooth 5.0<\/strong>, luzes indicadoras em ambos os lados e cabo de dados OBD2 inclu\u00eddo, oferece desempenho est\u00e1vel e opera exclusivamente no <strong data-start=\"379\" data-end=\"395\">servidor Xdiag<\/strong>.<\/p>","protected":false},"featured_media":5183,"template":"","meta":{"_seopress_robots_primary_cat":"21","_seopress_titles_title":"Elevate Your Diagnostic Capabilities - THINKDIAG2: CAN-FD","_seopress_titles_desc":"Elevate Your Diagnostic Experience with THINKDIAG 2, Featuring CAN-FD Protocol Support and Bluetooth 5.0, Exclusively Operating on the Xdiag Server.","_seopress_robots_index":"","_kad_blocks_custom_css":"","_kad_blocks_head_custom_js":"","_kad_blocks_body_custom_js":"","_kad_blocks_footer_custom_js":"","_kad_post_transparent":"default","_kad_post_title":"","_kad_post_layout":"default","_kad_post_sidebar_id":"","_kad_post_content_style":"default","_kad_post_vertical_padding":"default","_kad_post_feature":"","_kad_post_feature_position":"","_kad_post_header":false,"_kad_post_footer":false,"iawp_total_views":931},"product_cat":[21,26],"product_tag":[],"class_list":{"0":"post-448","1":"product","2":"type-product","3":"status-publish","4":"has-post-thumbnail","6":"product_cat-connectors","7":"product_cat-xdiag","8":"pa_pc-obd-connector-a","10":"first","11":"instock","12":"shipping-taxable","13":"purchasable","14":"product-type-simple","15":"entry","16":"content-bg","17":"loop-entry"},"exclude_global_add_ons":[],"addons":[],"taxonomy_info":{"product_cat":[{"value":21,"label":"Connectors"},{"value":26,"label":"xdiag"}],"pa_pc-obd-connector":[{"value":34,"label":"a"}]},"featured_image_src_large":["https:\/\/xdiag.org\/wp-content\/uploads\/2025\/09\/Xdiag_ThinkDiag_2_1.jpg",600,600,false],"author_info":[],"comment_info":"","_links":{"self":[{"href":"https:\/\/xdiag.org\/pt\/wp-json\/wp\/v2\/product\/448","targetHints":{"allow":["GET"]}}],"collection":[{"href":"https:\/\/xdiag.org\/pt\/wp-json\/wp\/v2\/product"}],"about":[{"href":"https:\/\/xdiag.org\/pt\/wp-json\/wp\/v2\/types\/product"}],"wp:featuredmedia":[{"embeddable":true,"href":"https:\/\/xdiag.org\/pt\/wp-json\/wp\/v2\/media\/5183"}],"wp:attachment":[{"href":"https:\/\/xdiag.org\/pt\/wp-json\/wp\/v2\/media?parent=448"}],"wp:term":[{"taxonomy":"product_cat","embeddable":true,"href":"https:\/\/xdiag.org\/pt\/wp-json\/wp\/v2\/product_cat?post=448"},{"taxonomy":"product_tag","embeddable":true,"href":"https:\/\/xdiag.org\/pt\/wp-json\/wp\/v2\/product_tag?post=448"}],"curies":[{"name":"wp","href":"https:\/\/api.w.org\/{rel}","templated":true}]}}